{"id":1776,"date":"2024-10-10T18:20:01","date_gmt":"2024-10-10T10:20:01","guid":{"rendered":"https:\/\/www.trugemtech.com\/?page_id=1776"},"modified":"2025-08-08T10:56:27","modified_gmt":"2025-08-08T02:56:27","slug":"camara-de-vision-nocturna-4k-3","status":"publish","type":"page","link":"https:\/\/www.trugemtech.com\/es\/camara-de-vision-nocturna-4k-3\/","title":{"rendered":"C\u00e1mara de visi\u00f3n nocturna 4K a todo color Ultranc-DK-50"},"content":{"rendered":"<div class=\"wp-block-columns alignwide has-nv-light-bg-background-color has-background is-layout-flex wp-container-core-columns-is-layout-fe847a89 wp-block-columns-is-layout-flex\" style=\"border-radius:30px;padding-top:var(--wp--preset--spacing--50);padding-right:var(--wp--preset--spacing--50);padding-bottom:var(--wp--preset--spacing--50);padding-left:var(--wp--preset--spacing--50)\">\n<div class=\"wp-block-column is-layout-flow wp-block-column-is-layout-flow\">\n<p style=\"font-size:18px\"><strong>La c\u00e1mara de visi\u00f3n nocturna 4K a todo color TruGem Ultranc-DK-50 est\u00e1 dise\u00f1ada para competir con la c\u00e1mara de red 4K de ultra alta sensibilidad SNC-VB770 de Sony, y sus par\u00e1metros pueden rivalizar con los de la SNC-VB770, ofreciendo un rendimiento de mayor coste.<\/strong>. <strong>Sobresale en la captura de im\u00e1genes claras y de alta resoluci\u00f3n, incluso cuando los niveles de luz caen por debajo de 0,0001 lux. El algoritmo de mejora de la imagen con poca luz y de suplemento de luz inteligente de la c\u00e1mara funcionan a la perfecci\u00f3n, proporcionando im\u00e1genes n\u00edtidas incluso en los entornos m\u00e1s oscuros sin la ayuda de iluminadores o luz suplementaria. <\/strong><\/p>\n\n\n\n<p style=\"font-size:18px\"><strong>La Ultranc-DK-50 cuenta con una resoluci\u00f3n 4K de 9MP (4096\u00d72160 a 25fps), impulsada por un avanzado sensor de imagen de gran formato y fotograma completo. Esta sofisticada tecnolog\u00eda captura cada detalle en colores vibrantes, proporcionando una claridad y precisi\u00f3n superiores, lo que resulta esencial para las necesidades de vigilancia cr\u00edticas. Incluso en la oscuridad m\u00e1s absoluta, la Ultranc-DK-50 garantiza im\u00e1genes fiables a todo color las 24 horas del d\u00eda, sin necesidad de iluminaci\u00f3n adicional.<\/strong><\/p>\n\n\n\n<p style=\"font-size:18px\"><strong>Sus s\u00f3lidas caracter\u00edsticas hacen de esta c\u00e1mara de visi\u00f3n nocturna 4K la elecci\u00f3n perfecta para cualquiera que busque una c\u00e1mara de visi\u00f3n nocturna de gama alta con un rendimiento excelente tanto de d\u00eda como de noche. <\/strong><\/p>\n\n\n\n<p style=\"font-size:18px\"><\/p>\n<\/div>\n\n\n\n<div class=\"wp-block-column is-vertically-aligned-center is-layout-flow wp-block-column-is-layout-flow\">\n<figure class=\"wp-block-image size-full is-resized is-style-default wp-duotone-unset-1\"><img decoding=\"async\" src=\"https:\/\/www.trugemtech.com\/wp-content\/uploads\/2024\/09\/Ultranc-DK-1.png\" alt=\"C\u00e1mara de visi\u00f3n nocturna TruGem 4K Full Color Ultra\" class=\"wp-image-1632\" style=\"object-fit:cover;width:581px;height:580px\"\/><\/figure>\n\n\n\n<div class=\"wp-block-buttons bounce is-content-justification-center is-layout-flex wp-container-core-buttons-is-layout-16018d1d wp-block-buttons-is-layout-flex\">\n<div class=\"wp-block-button is-style-primary\"><a class=\"wp-block-button__link wp-element-button\" href=\"https:\/\/www.trugemtech.com\/es\/pongase-en-contacto-con\/\">CONTACTAR<\/a><\/div>\n<\/div>\n<\/div>\n<\/div>\n\n\n\n<div id=\"wp-block-themeisle-blocks-tabs-b59e5e82\" class=\"wp-block-themeisle-blocks-tabs  is-style-boxed\"><div class=\"wp-block-themeisle-blocks-tabs__content\">\n<div data-title=\"<strong&gt;Key Features<\/strong&gt;\" class=\"wp-block-themeisle-blocks-tabs-item\"><div class=\"wp-block-themeisle-blocks-tabs-item__header\" tabindex=\"0\"><strong>Caracter\u00edsticas principales<\/strong><\/div><div class=\"wp-block-themeisle-blocks-tabs-item__content\">\n<ul class=\"wp-block-list\">\n<li>Cuadro completo<\/li>\n\n\n\n<li>Alta calidad de imagen Resoluci\u00f3n de 9 MP<\/li>\n\n\n\n<li>24\/7 Im\u00e1genes a todo color de alta calidad con resoluci\u00f3n 4K<\/li>\n\n\n\n<li>Im\u00e1genes n\u00edtidas a contraluz <\/li>\n\n\n\n<li>Hardware y software Tecnolog\u00eda WDR 2 en 1<\/li>\n\n\n\n<li>Mejora de la imagen con poca luz y algoritmo inteligente de suplemento de luz.<\/li>\n\n\n\n<li>No necesita luz suplementaria (Iluminador) Entorno de luz ultra baja<\/li>\n<\/ul>\n<\/div><\/div>\n\n\n\n<div data-title=\"<strong&gt;Specification<\/strong&gt;\" class=\"wp-block-themeisle-blocks-tabs-item\"><div class=\"wp-block-themeisle-blocks-tabs-item__header\" tabindex=\"0\"><strong>Especificaci\u00f3n<\/strong><\/div><div class=\"wp-block-themeisle-blocks-tabs-item__content\">\n<figure class=\"wp-block-table\"><table class=\"has-border-color has-nv-site-bg-border-color has-fixed-layout\" style=\"border-width:10px\"><tbody><tr><td colspan=\"2\"><strong>Especificaci\u00f3n<\/strong><\/td><td><strong>Ultranc-DK-50<\/strong><\/td><\/tr><tr><td rowspan=\"3\"><strong>C\u00e1mara<\/strong><\/td><td>Sensor de imagen<\/td><td>Sensor CMOS de 4\/3<\/td><\/tr><tr><td>Min. Iluminaci\u00f3n<\/td><td>Color: 0,0001lux<\/td><\/tr><tr><td>Gama<\/td><td>300 metros<\/td><\/tr><tr><td rowspan=\"4\"><strong>Lente<\/strong><\/td><td>Distancia focal<\/td><td>50 mm<\/td><\/tr><tr><td>Tipo<\/td><td>&nbsp;Lente de focal fija<\/td><\/tr><tr><td>Apertura<\/td><td>f\/16~f\/0,95<\/td><\/tr><tr><td>Montura del objetivo<\/td><td>Objetivo manual externo, compatible con montura E y M43<\/td><\/tr><tr><td rowspan=\"4\"><strong>V\u00eddeo<\/strong><strong>&nbsp;<\/strong><\/td><td>Formato de codificaci\u00f3n<\/td><td>H.264,H.265<\/td><\/tr><tr><td>Resoluci\u00f3n<\/td><td>4096*2160, 3840*2160, 1920*1080<\/td><\/tr><tr><td>Frecuencia de imagen<\/td><td>25fps<\/td><\/tr><tr><td>Ajuste de la imagen<\/td><td>Saturaci\u00f3n, brillo, contraste, balance de blancos, ganancia, ajustables a trav\u00e9s del software cliente<\/td><\/tr><tr><td rowspan=\"5\"><strong>Interfaz<\/strong><\/td><td>Interfaz de red<\/td><td>2 * puerto ethernet autoadaptable RJ45 10 M\/100 M<\/td><\/tr><tr><td>Interfaz de comunicaci\u00f3n<\/td><td>2*RS485<\/td><\/tr><tr><td>Entrada<\/td><td>2 se\u00f1ales de disparo externas<\/td><\/tr><tr><td>Salida<\/td><td>Control de flash s\u00edncrono de 2 canales<\/td><\/tr><tr><td>Salida de control<\/td><td>Se\u00f1al de salida por rel\u00e9<\/td><\/tr><tr><td rowspan=\"6\"><strong>Otros<\/strong><strong>Par\u00e1metros<\/strong><strong>&nbsp;<\/strong><\/td><td>Almacenamiento<\/td><td>Soporta tarjeta TF, hasta 256 GB<\/td><\/tr><tr><td>Protocolo<\/td><td>TCP\/IP,HTTP,DHCP,DNS,RTP\/RTSP,FTP, GB\/T28281<\/td><\/tr><tr><td>Condiciones de funcionamiento<\/td><td>-30 \u00b0C a 70 \u00b0C. Humedad inferior a 90% (sin condensaci\u00f3n)<\/td><\/tr><tr><td>Fuente de alimentaci\u00f3n<\/td><td>DC12V\u00b120%<\/td><\/tr><tr><td>Potencia&nbsp;<\/td><td>6W<\/td><\/tr><tr><td>Dimensi\u00f3n<\/td><td>54cm*46,9cm*17,7cm<\/td><\/tr><\/tbody><\/table><\/figure>\n<\/div><\/div>\n\n\n\n<div data-title=\"<strong&gt;Application<\/strong&gt;\" class=\"wp-block-themeisle-blocks-tabs-item\"><div class=\"wp-block-themeisle-blocks-tabs-item__header\" tabindex=\"0\"><strong>Aplicaci\u00f3n<\/strong><\/div><div class=\"wp-block-themeisle-blocks-tabs-item__content\">\n<p>Sus s\u00f3lidas caracter\u00edsticas la convierten en la elecci\u00f3n perfecta para cualquiera que busque una c\u00e1mara de visi\u00f3n nocturna de gama alta con un excelente rendimiento tanto de d\u00eda como de noche. Esta c\u00e1mara es ideal para zonas en las que la visibilidad nocturna es crucial, como:<\/p>\n\n\n\n<ul class=\"wp-block-list\">\n<li>Per\u00edmetro<\/li>\n\n\n\n<li>Aeropuerto<\/li>\n\n\n\n<li>Utilidad<\/li>\n\n\n\n<li>Aplicaci\u00f3n de la ley<\/li>\n\n\n\n<li>Patrulla fronteriza<\/li>\n\n\n\n<li>Defensa costera<\/li>\n\n\n\n<li>Miner\u00eda<\/li>\n\n\n\n<li>Puerto<\/li>\n\n\n\n<li>Petr\u00f3leo y gas<\/li>\n\n\n\n<li>Estaci\u00f3n<\/li>\n<\/ul>\n<\/div><\/div>\n<\/div><\/div>\n\n\n\n<p><\/p>\n\n\n\n<div class=\"wp-block-cover alignfull\" style=\"min-height:300px;aspect-ratio:unset;\"><span aria-hidden=\"true\" class=\"wp-block-cover__background has-neve-link-color-background-color has-background-dim-100 has-background-dim\"><\/span><div class=\"wp-block-cover__inner-container is-layout-flow wp-block-cover-is-layout-flow\">\n<div class=\"wp-block-columns is-layout-flex wp-container-core-columns-is-layout-9d6595d7 wp-block-columns-is-layout-flex\">\n<div class=\"wp-block-column is-layout-flow wp-block-column-is-layout-flow\"><\/div>\n<\/div>\n\n\n\n<div class=\"wp-block-columns is-layout-flex wp-container-core-columns-is-layout-9d6595d7 wp-block-columns-is-layout-flex\">\n<div class=\"wp-block-column is-layout-flow wp-block-column-is-layout-flow\" style=\"flex-basis:20%\"><\/div>\n\n\n\n<div class=\"wp-block-column is-layout-flow wp-block-column-is-layout-flow\" style=\"flex-basis:60%\">\n<div class=\"wp-block-group\"><div class=\"wp-block-group__inner-container is-layout-constrained wp-block-group-is-layout-constrained\">\n<h3 class=\"wp-block-heading has-text-align-center has-nv-text-dark-bg-color has-text-color\" id=\"h-discover-the-power-of-aiot-explore-our-solutions\">Descubra el poder de AIoT, Explore nuestras soluciones.<\/h3>\n\n\n\n<p class=\"has-text-align-center has-nv-text-dark-bg-color has-text-color has-link-color wp-elements-9eb90f3981bd21a2233971736814b7fd\">Empieza con TruGem y experimenta el mejor servicio al cliente.<\/p>\n\n\n\n<div class=\"wp-block-buttons is-horizontal is-content-justification-center is-layout-flex wp-container-core-buttons-is-layout-499968f5 wp-block-buttons-is-layout-flex\">\n<div class=\"wp-block-button is-style-primary o-typing-delay-200ms\"><a class=\"wp-block-button__link has-neve-link-color-color has-text-color has-background has-link-color wp-element-button\" href=\"https:\/\/www.trugemtech.com\/es\/pongase-en-contacto-con\/\" style=\"border-radius:30px;background-color:#ffffff\"><o-anim-typing>Comenzar<\/o-anim-typing><\/a><\/div>\n<\/div>\n<\/div><\/div>\n\n\n\n<div class=\"wp-block-columns is-layout-flex wp-container-core-columns-is-layout-9d6595d7 wp-block-columns-is-layout-flex\">\n<div class=\"wp-block-column is-layout-flow wp-block-column-is-layout-flow\"><\/div>\n<\/div>\n<\/div>\n\n\n\n<div class=\"wp-block-column is-layout-flow wp-block-column-is-layout-flow\" style=\"flex-basis:20%\"><\/div>\n<\/div>\n<\/div><\/div>","protected":false},"excerpt":{"rendered":"<p>TruGem Full Color 4K Night Vision Camera Ultranc-DK-50 is designed to compete with SNC-VB770 Ultra High Sensitivity 4K Network Camera by Sony, and its parameters can rival those of SNC-VB770, offering a higher cost performance. It excels at capturing clear, high-resolution images even when light levels drop below 0.0001 lux. The camera&#8217;s low-light image enhancement&hellip;&nbsp;<a href=\"https:\/\/www.trugemtech.com\/es\/camara-de-vision-nocturna-4k-3\/\" class=\"\" rel=\"bookmark\">Leer m\u00e1s \"<span class=\"screen-reader-text\">C\u00e1mara de visi\u00f3n nocturna 4K a todo color Ultranc-DK-50<\/span><\/a><\/p>","protected":false},"author":1,"featured_media":0,"parent":0,"menu_order":0,"comment_status":"closed","ping_status":"closed","template":"","meta":{"neve_meta_sidebar":"","neve_meta_container":"","neve_meta_enable_content_width":"","neve_meta_content_width":0,"neve_meta_title_alignment":"","neve_meta_author_avatar":"","neve_post_elements_order":"","neve_meta_disable_header":"","neve_meta_disable_footer":"","neve_meta_disable_title":"","_themeisle_gutenberg_block_has_review":false,"_ti_tpc_template_sync":false,"_ti_tpc_template_id":"","footnotes":""},"class_list":["post-1776","page","type-page","status-publish","hentry"],"yoast_head":"<!-- This site is optimized with the Yoast SEO Premium plugin v23.6 (Yoast SEO v23.8) - https:\/\/yoast.com\/wordpress\/plugins\/seo\/ -->\n<title>Full Color 4K Night Vision Camera Ultranc-DK-50<\/title>\n<meta name=\"description\" content=\"TruGem Full Color 4K Night Vision Camera Ultranc-DK-50, captures clear 9MP high-resolution images, designed for ultra-low light conditions\" \/>\n<meta name=\"robots\" content=\"index, follow, max-snippet:-1, max-image-preview:large, max-video-preview:-1\" \/>\n<link rel=\"canonical\" href=\"https:\/\/www.trugemtech.com\/es\/camara-de-vision-nocturna-4k-3\/\" \/>\n<meta property=\"og:locale\" content=\"es_ES\" \/>\n<meta property=\"og:type\" content=\"article\" \/>\n<meta property=\"og:title\" content=\"Full Color 4K Night Vision Camera Ultranc-DK-50\" \/>\n<meta property=\"og:description\" content=\"TruGem Full Color 4K Night Vision Camera Ultranc-DK-50, captures clear 9MP high-resolution images, designed for ultra-low light conditions\" \/>\n<meta property=\"og:url\" content=\"https:\/\/www.trugemtech.com\/es\/camara-de-vision-nocturna-4k-3\/\" \/>\n<meta property=\"og:site_name\" content=\"IoT Solutions- AIoT-Vehicle Gateway - Edge Computing Gateway\" \/>\n<meta property=\"article:publisher\" content=\"https:\/\/www.facebook.com\/TruGemTech\" \/>\n<meta property=\"article:modified_time\" content=\"2025-08-08T02:56:27+00:00\" \/>\n<meta property=\"og:image\" content=\"https:\/\/www.trugemtech.com\/wp-content\/uploads\/2024\/09\/Ultranc-DK-1-e1730772469578.png\" \/>\n\t<meta property=\"og:image:width\" content=\"861\" \/>\n\t<meta property=\"og:image:height\" content=\"861\" \/>\n\t<meta property=\"og:image:type\" content=\"image\/png\" \/>\n<meta name=\"twitter:card\" content=\"summary_large_image\" \/>\n<meta name=\"twitter:label1\" content=\"Tiempo de lectura\" \/>\n\t<meta name=\"twitter:data1\" content=\"2 minutos\" \/>\n<script type=\"application\/ld+json\" class=\"yoast-schema-graph\">{\"@context\":\"https:\/\/schema.org\",\"@graph\":[{\"@type\":\"WebPage\",\"@id\":\"https:\/\/www.trugemtech.com\/4k-night-vision-camera\/\",\"url\":\"https:\/\/www.trugemtech.com\/4k-night-vision-camera\/\",\"name\":\"Full Color 4K Night Vision Camera Ultranc-DK-50\",\"isPartOf\":{\"@id\":\"https:\/\/www.trugemtech.com\/#website\"},\"primaryImageOfPage\":{\"@id\":\"https:\/\/www.trugemtech.com\/4k-night-vision-camera\/#primaryimage\"},\"image\":{\"@id\":\"https:\/\/www.trugemtech.com\/4k-night-vision-camera\/#primaryimage\"},\"thumbnailUrl\":\"https:\/\/www.trugemtech.com\/wp-content\/uploads\/2024\/09\/Ultranc-DK-1.png\",\"datePublished\":\"2024-10-10T10:20:01+00:00\",\"dateModified\":\"2025-08-08T02:56:27+00:00\",\"description\":\"TruGem Full Color 4K Night Vision Camera Ultranc-DK-50, captures clear 9MP high-resolution images, designed for ultra-low light conditions\",\"breadcrumb\":{\"@id\":\"https:\/\/www.trugemtech.com\/4k-night-vision-camera\/#breadcrumb\"},\"inLanguage\":\"es\",\"potentialAction\":[{\"@type\":\"ReadAction\",\"target\":[\"https:\/\/www.trugemtech.com\/4k-night-vision-camera\/\"]}]},{\"@type\":\"ImageObject\",\"inLanguage\":\"es\",\"@id\":\"https:\/\/www.trugemtech.com\/4k-night-vision-camera\/#primaryimage\",\"url\":\"https:\/\/www.trugemtech.com\/wp-content\/uploads\/2024\/09\/Ultranc-DK-1.png\",\"contentUrl\":\"https:\/\/www.trugemtech.com\/wp-content\/uploads\/2024\/09\/Ultranc-DK-1.png\"},{\"@type\":\"BreadcrumbList\",\"@id\":\"https:\/\/www.trugemtech.com\/4k-night-vision-camera\/#breadcrumb\",\"itemListElement\":[{\"@type\":\"ListItem\",\"position\":1,\"name\":\"Home\",\"item\":\"https:\/\/www.trugemtech.com\/\"},{\"@type\":\"ListItem\",\"position\":2,\"name\":\"Full Color 4K Night Vision Camera Ultranc-DK-50\"}]},{\"@type\":\"WebSite\",\"@id\":\"https:\/\/www.trugemtech.com\/#website\",\"url\":\"https:\/\/www.trugemtech.com\/\",\"name\":\"IoT Solutions- Vehicle Gateway - IoT Gateway - Industrial Router\",\"description\":\"Empower Digital Transformation\",\"alternateName\":\"IoT Solutions- AIoT - Vehicle Gateway - Edge Computing Gateway\",\"potentialAction\":[{\"@type\":\"SearchAction\",\"target\":{\"@type\":\"EntryPoint\",\"urlTemplate\":\"https:\/\/www.trugemtech.com\/?s={search_term_string}\"},\"query-input\":{\"@type\":\"PropertyValueSpecification\",\"valueRequired\":true,\"valueName\":\"search_term_string\"}}],\"inLanguage\":\"es\"}]}<\/script>\n<!-- \/ Yoast SEO Premium plugin. -->","yoast_head_json":{"title":"C\u00e1mara de visi\u00f3n nocturna 4K a todo color Ultranc-DK-50","description":"C\u00e1mara de visi\u00f3n nocturna 4K a todo color TruGem Ultranc-DK-50, captura im\u00e1genes n\u00edtidas de alta resoluci\u00f3n de 9MP, dise\u00f1ada para condiciones de luz ultra baja","robots":{"index":"index","follow":"follow","max-snippet":"max-snippet:-1","max-image-preview":"max-image-preview:large","max-video-preview":"max-video-preview:-1"},"canonical":"https:\/\/www.trugemtech.com\/es\/camara-de-vision-nocturna-4k-3\/","og_locale":"es_ES","og_type":"article","og_title":"Full Color 4K Night Vision Camera Ultranc-DK-50","og_description":"TruGem Full Color 4K Night Vision Camera Ultranc-DK-50, captures clear 9MP high-resolution images, designed for ultra-low light conditions","og_url":"https:\/\/www.trugemtech.com\/es\/camara-de-vision-nocturna-4k-3\/","og_site_name":"IoT Solutions- AIoT-Vehicle Gateway - Edge Computing Gateway","article_publisher":"https:\/\/www.facebook.com\/TruGemTech","article_modified_time":"2025-08-08T02:56:27+00:00","og_image":[{"width":861,"height":861,"url":"https:\/\/www.trugemtech.com\/wp-content\/uploads\/2024\/09\/Ultranc-DK-1-e1730772469578.png","type":"image\/png"}],"twitter_card":"summary_large_image","twitter_misc":{"Tiempo de lectura":"2 minutos"},"schema":{"@context":"https:\/\/schema.org","@graph":[{"@type":"WebPage","@id":"https:\/\/www.trugemtech.com\/4k-night-vision-camera\/","url":"https:\/\/www.trugemtech.com\/4k-night-vision-camera\/","name":"C\u00e1mara de visi\u00f3n nocturna 4K a todo color Ultranc-DK-50","isPartOf":{"@id":"https:\/\/www.trugemtech.com\/#website"},"primaryImageOfPage":{"@id":"https:\/\/www.trugemtech.com\/4k-night-vision-camera\/#primaryimage"},"image":{"@id":"https:\/\/www.trugemtech.com\/4k-night-vision-camera\/#primaryimage"},"thumbnailUrl":"https:\/\/www.trugemtech.com\/wp-content\/uploads\/2024\/09\/Ultranc-DK-1.png","datePublished":"2024-10-10T10:20:01+00:00","dateModified":"2025-08-08T02:56:27+00:00","description":"C\u00e1mara de visi\u00f3n nocturna 4K a todo color TruGem Ultranc-DK-50, captura im\u00e1genes n\u00edtidas de alta resoluci\u00f3n de 9MP, dise\u00f1ada para condiciones de luz ultra baja","breadcrumb":{"@id":"https:\/\/www.trugemtech.com\/4k-night-vision-camera\/#breadcrumb"},"inLanguage":"es","potentialAction":[{"@type":"ReadAction","target":["https:\/\/www.trugemtech.com\/4k-night-vision-camera\/"]}]},{"@type":"ImageObject","inLanguage":"es","@id":"https:\/\/www.trugemtech.com\/4k-night-vision-camera\/#primaryimage","url":"https:\/\/www.trugemtech.com\/wp-content\/uploads\/2024\/09\/Ultranc-DK-1.png","contentUrl":"https:\/\/www.trugemtech.com\/wp-content\/uploads\/2024\/09\/Ultranc-DK-1.png"},{"@type":"BreadcrumbList","@id":"https:\/\/www.trugemtech.com\/4k-night-vision-camera\/#breadcrumb","itemListElement":[{"@type":"ListItem","position":1,"name":"Home","item":"https:\/\/www.trugemtech.com\/"},{"@type":"ListItem","position":2,"name":"Full Color 4K Night Vision Camera Ultranc-DK-50"}]},{"@type":"WebSite","@id":"https:\/\/www.trugemtech.com\/#website","url":"https:\/\/www.trugemtech.com\/","name":"Soluciones IoT - Pasarela para veh\u00edculos - Pasarela IoT - Router industrial","description":"Potenciar la transformaci\u00f3n digital","alternateName":"IoT Solutions- AIoT - Vehicle Gateway - Edge Computing Gateway","potentialAction":[{"@type":"SearchAction","target":{"@type":"EntryPoint","urlTemplate":"https:\/\/www.trugemtech.com\/?s={search_term_string}"},"query-input":{"@type":"PropertyValueSpecification","valueRequired":true,"valueName":"search_term_string"}}],"inLanguage":"es"}]}},"_links":{"self":[{"href":"https:\/\/www.trugemtech.com\/es\/wp-json\/wp\/v2\/pages\/1776","targetHints":{"allow":["GET"]}}],"collection":[{"href":"https:\/\/www.trugemtech.com\/es\/wp-json\/wp\/v2\/pages"}],"about":[{"href":"https:\/\/www.trugemtech.com\/es\/wp-json\/wp\/v2\/types\/page"}],"author":[{"embeddable":true,"href":"https:\/\/www.trugemtech.com\/es\/wp-json\/wp\/v2\/users\/1"}],"replies":[{"embeddable":true,"href":"https:\/\/www.trugemtech.com\/es\/wp-json\/wp\/v2\/comments?post=1776"}],"version-history":[{"count":3,"href":"https:\/\/www.trugemtech.com\/es\/wp-json\/wp\/v2\/pages\/1776\/revisions"}],"predecessor-version":[{"id":3578,"href":"https:\/\/www.trugemtech.com\/es\/wp-json\/wp\/v2\/pages\/1776\/revisions\/3578"}],"wp:attachment":[{"href":"https:\/\/www.trugemtech.com\/es\/wp-json\/wp\/v2\/media?parent=1776"}],"curies":[{"name":"wp","href":"https:\/\/api.w.org\/{rel}","templated":true}]}}