{"id":1819,"date":"2024-10-15T14:06:08","date_gmt":"2024-10-15T06:06:08","guid":{"rendered":"https:\/\/www.trugemtech.com\/?page_id=1819"},"modified":"2024-11-18T11:26:45","modified_gmt":"2024-11-18T03:26:45","slug":"hagase-socio","status":"publish","type":"page","link":"https:\/\/www.trugemtech.com\/es\/hagase-socio\/","title":{"rendered":"H\u00e1gase socio"},"content":{"rendered":"<div class=\"wp-block-cover alignfull is-light\"><span aria-hidden=\"true\" class=\"wp-block-cover__background has-background-dim\" style=\"background-color:#cfc8c9\"><\/span><img fetchpriority=\"high\" decoding=\"async\" width=\"1920\" height=\"1282\" class=\"wp-block-cover__image-background wp-image-1805\" alt=\"\" src=\"https:\/\/www.trugemtech.com\/wp-content\/uploads\/2024\/10\/AIwBCAAQAhgAILuXm9oFKKrNie0DMIAPOIIK.jpg\" data-object-fit=\"cover\" srcset=\"https:\/\/www.trugemtech.com\/wp-content\/uploads\/2024\/10\/AIwBCAAQAhgAILuXm9oFKKrNie0DMIAPOIIK.jpg 1920w, https:\/\/www.trugemtech.com\/wp-content\/uploads\/2024\/10\/AIwBCAAQAhgAILuXm9oFKKrNie0DMIAPOIIK-300x200.jpg 300w, https:\/\/www.trugemtech.com\/wp-content\/uploads\/2024\/10\/AIwBCAAQAhgAILuXm9oFKKrNie0DMIAPOIIK-1024x684.jpg 1024w, https:\/\/www.trugemtech.com\/wp-content\/uploads\/2024\/10\/AIwBCAAQAhgAILuXm9oFKKrNie0DMIAPOIIK-768x513.jpg 768w, https:\/\/www.trugemtech.com\/wp-content\/uploads\/2024\/10\/AIwBCAAQAhgAILuXm9oFKKrNie0DMIAPOIIK-1536x1026.jpg 1536w, https:\/\/www.trugemtech.com\/wp-content\/uploads\/2024\/10\/AIwBCAAQAhgAILuXm9oFKKrNie0DMIAPOIIK-930x620.jpg 930w\" sizes=\"(max-width: 1920px) 100vw, 1920px\" \/><div class=\"wp-block-cover__inner-container is-layout-constrained wp-block-cover-is-layout-constrained\">\n<p class=\"has-text-align-center has-neve-text-color-color has-text-color has-link-color has-large-font-size wp-elements-c1898652c0efa14f68f50c8d9bee7ec9\"><strong>H\u00e1gase socio<\/strong><\/p>\n\n\n\n<p class=\"has-text-align-center has-neve-text-color-color has-text-color has-link-color wp-elements-8a7ab60b0fedad563773b768a9ec0c85\" style=\"font-size:22px\"><strong>\u00danase a TruGem en su viaje de crecimiento<\/strong>y<\/p>\n<\/div><\/div>\n\n\n\n<div class=\"wp-block-columns has-border-color has-nv-light-bg-border-color is-layout-flex wp-container-core-columns-is-layout-a180a1d0 wp-block-columns-is-layout-flex\" style=\"border-width:5px;border-radius:25px;padding-top:var(--wp--preset--spacing--60);padding-right:var(--wp--preset--spacing--60);padding-bottom:var(--wp--preset--spacing--60);padding-left:var(--wp--preset--spacing--60)\">\n<div class=\"wp-block-column is-layout-flow wp-block-column-is-layout-flow\">\n<p class=\"has-text-align-center\" style=\"font-size:18px\">El programa de socios de TruGem ofrece una plataforma flexible y valiosa destinada a impulsar el crecimiento rentable de nuestros socios y distribuidores como integradores de sistemas, consultores tecnol\u00f3gicos, proveedores de soluciones IoT y AIoT, Proporcionamos un apoyo dedicado en todas las \u00e1reas de ventas, marketing y t\u00e9cnica, potenciando a los socios con nuestros conocimientos del sector y experiencia en IoT, AIoT y vigilancia de visi\u00f3n nocturna. A trav\u00e9s de este programa, los socios obtienen acceso a una amplia gama de productos y servicios, lo que les permite abordar eficazmente los retos y destacar en un mercado competitivo.<\/p>\n<\/div>\n<\/div>\n\n\n\n<div class=\"wp-block-cover alignwide\" style=\"padding-top:var(--wp--preset--spacing--40);padding-bottom:var(--wp--preset--spacing--40);min-height:600px;aspect-ratio:unset;\"><span aria-hidden=\"true\" class=\"wp-block-cover__background has-neve-link-color-background-color has-background-dim-100 has-background-dim\"><\/span><div class=\"wp-block-cover__inner-container is-layout-flow wp-block-cover-is-layout-flow\">\n<div style=\"height:31px\" aria-hidden=\"true\" class=\"wp-block-spacer\"><\/div>\n\n\n\n<h2 class=\"wp-block-heading has-text-align-center has-nv-site-bg-color has-text-color has-link-color wp-elements-5ffbfca3ef8d2a4454801eeeec6dc962\">\u00danase a nosotros como socio<\/h2>\n\n\n\n<div class=\"wp-block-group\"><div class=\"wp-block-group__inner-container is-layout-flow wp-block-group-is-layout-flow\">\n<div style=\"height:18px\" aria-hidden=\"true\" class=\"wp-block-spacer\"><\/div>\n\n\n\n<div id=\"wp-block-themeisle-blocks-form-12090a65\" class=\"wp-block-themeisle-blocks-form\" data-option-name=\"bf9b28ff82ce323187abc5d0feb0d8f07ecd8436_12090a65\"><form class=\"otter-form__container\" action=\"\">\n<div id=\"wp-block-themeisle-blocks-form-input-a077752b\" class=\"wp-block-themeisle-blocks-form-input\"><label for=\"wp-block-themeisle-blocks-form-input-a077752b-input\" class=\"otter-form-input-label\"><span class=\"otter-form-input-label__label\">Nombre completo<\/span><span class=\"required\">*<\/span><\/label><input type=\"text\" id=\"wp-block-themeisle-blocks-form-input-a077752b-input\" required class=\"otter-form-input\"\/><\/div>\n\n\n\n<div id=\"wp-block-themeisle-blocks-form-input-f09c2844\" class=\"wp-block-themeisle-blocks-form-input\"><label for=\"wp-block-themeisle-blocks-form-input-f09c2844-input\" class=\"otter-form-input-label\"><span class=\"otter-form-input-label__label\">Puesto<\/span><span class=\"required\">*<\/span><\/label><input type=\"text\" id=\"wp-block-themeisle-blocks-form-input-f09c2844-input\" required class=\"otter-form-input\"\/><\/div>\n\n\n\n<div id=\"wp-block-themeisle-blocks-form-input-c2146c5b\" class=\"wp-block-themeisle-blocks-form-input\"><label for=\"wp-block-themeisle-blocks-form-input-c2146c5b-input\" class=\"otter-form-input-label\"><span class=\"otter-form-input-label__label\">Correo electr\u00f3nico<\/span><span class=\"required\">*<\/span><\/label><input type=\"email\" id=\"wp-block-themeisle-blocks-form-input-c2146c5b-input\" required class=\"otter-form-input\"\/><\/div>\n\n\n<div class=\"protection\" aria-hidden=\"true\"><input type=\"hidden\" id=\"wp-block-themeisle-blocks-form-12090a65_nonce_field\" name=\"wp-block-themeisle-blocks-form-12090a65_nonce_field\" value=\"5d7cb88f0f\" \/><input type=\"hidden\" name=\"_wp_http_referer\" value=\"\/es\/wp-json\/wp\/v2\/pages\/1819\" \/><input class=\"o-anti-bot\" type=\"checkbox\"><\/div>\n\n\n<div id=\"wp-block-themeisle-blocks-form-textarea-03516a95\" class=\"wp-block-themeisle-blocks-form-input\"><label for=\"wp-block-themeisle-blocks-form-textarea-03516a95-input\" class=\"otter-form-input-label\"><span class=\"otter-form-input-label__label\">Tel\u00e9fono<\/span><span class=\"required\">*<\/span><\/label><input type=\"number\" id=\"wp-block-themeisle-blocks-form-textarea-03516a95-input\" required class=\"otter-form-input\"\/><\/div>\n\n\n\n<div id=\"wp-block-themeisle-blocks-form-input-920b9c67\" class=\"wp-block-themeisle-blocks-form-input\"><label for=\"wp-block-themeisle-blocks-form-input-920b9c67-input\" class=\"otter-form-input-label\"><span class=\"otter-form-input-label__label\">Pa\u00eds<\/span><span class=\"required\">*<\/span><\/label><input type=\"text\" id=\"wp-block-themeisle-blocks-form-input-920b9c67-input\" required class=\"otter-form-input\"\/><\/div>\n\n\n\n<div id=\"wp-block-themeisle-blocks-form-input-270293a7\" class=\"wp-block-themeisle-blocks-form-input\"><label for=\"wp-block-themeisle-blocks-form-input-270293a7-input\" class=\"otter-form-input-label\"><span class=\"otter-form-input-label__label\">Empresa<\/span><span class=\"required\">*<\/span><\/label><input type=\"text\" id=\"wp-block-themeisle-blocks-form-input-270293a7-input\" required class=\"otter-form-input\"\/><\/div>\n\n\n\n<div id=\"wp-block-themeisle-blocks-form-input-864ae812\" class=\"wp-block-themeisle-blocks-form-input\"><label for=\"wp-block-themeisle-blocks-form-input-864ae812-input\" class=\"otter-form-input-label\"><span class=\"otter-form-input-label__label\">Direcci\u00f3n<\/span><span class=\"required\">*<\/span><\/label><input type=\"text\" id=\"wp-block-themeisle-blocks-form-input-864ae812-input\" required class=\"otter-form-input\"\/><\/div>\n\n\n\n<div id=\"wp-block-themeisle-blocks-form-input-ad3549b4\" class=\"wp-block-themeisle-blocks-form-input\"><label for=\"wp-block-themeisle-blocks-form-input-ad3549b4-input\" class=\"otter-form-input-label\"><span class=\"otter-form-input-label__label\">Actividad principal<\/span><span class=\"required\">*<\/span><\/label><input type=\"text\" id=\"wp-block-themeisle-blocks-form-input-ad3549b4-input\" required class=\"otter-form-input\"\/><\/div>\n\n\n\n<div id=\"wp-block-themeisle-blocks-form-input-2a8af4f2\" class=\"wp-block-themeisle-blocks-form-input\"><label for=\"wp-block-themeisle-blocks-form-input-2a8af4f2-input\" class=\"otter-form-input-label\"><span class=\"otter-form-input-label__label\">Sitio web de la empresa<\/span><span class=\"required\">*<\/span><\/label><input type=\"text\" id=\"wp-block-themeisle-blocks-form-input-2a8af4f2-input\" required class=\"otter-form-input\"\/><\/div>\n\n\n\n<div id=\"wp-block-themeisle-blocks-form-input-6146c82c\" class=\"wp-block-themeisle-blocks-form-input\"><label for=\"wp-block-themeisle-blocks-form-input-6146c82c-input\" class=\"otter-form-input-label\"><span class=\"otter-form-input-label__label\">N\u00famero de empleados<\/span><span class=\"required\">*<\/span><\/label><input type=\"number\" id=\"wp-block-themeisle-blocks-form-input-6146c82c-input\" required class=\"otter-form-input\"\/><\/div>\n\n\n\n<div id=\"wp-block-themeisle-blocks-form-input-c66dcdfa\" class=\"wp-block-themeisle-blocks-form-input\"><label for=\"wp-block-themeisle-blocks-form-input-c66dcdfa-input\" class=\"otter-form-input-label\"><span class=\"otter-form-input-label__label\">Cu\u00e1les son los ingresos anuales de su organizaci\u00f3n<\/span><span class=\"required\">*<\/span><\/label><input type=\"number\" id=\"wp-block-themeisle-blocks-form-input-c66dcdfa-input\" required class=\"otter-form-input\"\/><\/div>\n\n\n\n<div id=\"wp-block-themeisle-blocks-form-input-414e8530\" class=\"wp-block-themeisle-blocks-form-input\"><label for=\"wp-block-themeisle-blocks-form-input-414e8530-input\" class=\"otter-form-input-label\"><span class=\"otter-form-input-label__label\">Enfoque vertical de la industria<\/span><span class=\"required\">*<\/span><\/label><input type=\"text\" id=\"wp-block-themeisle-blocks-form-input-414e8530-input\" required class=\"otter-form-input\"\/><\/div>\n\n\n\n<div id=\"wp-block-themeisle-blocks-form-input-bf118364\" class=\"wp-block-themeisle-blocks-form-input\"><label for=\"wp-block-themeisle-blocks-form-input-bf118364-input\" class=\"otter-form-input-label\"><span class=\"otter-form-input-label__label\">Inter\u00e9s del producto<\/span><span class=\"required\">*<\/span><\/label><input type=\"text\" id=\"wp-block-themeisle-blocks-form-input-bf118364-input\" required class=\"otter-form-input\"\/><\/div>\n\n\n\n<p class=\"has-extra-small-font-size\">Usted acepta recibir comunicaciones por correo electr\u00f3nico de nuestra parte al enviar este formulario y entiende que su informaci\u00f3n de contacto ser\u00e1 almacenada con nosotros.<\/p>\n<div class=\"wp-block-button o-center\"><button class=\"wp-block-button__link\" type=\"submit\">Enviar<\/button><\/div><input type=\"hidden\" name=\"trp-form-language\" value=\"es\"\/><\/form><\/div>\n\n\n\n<div style=\"height:40px\" aria-hidden=\"true\" class=\"wp-block-spacer\"><\/div>\n<\/div><\/div>\n<\/div><\/div>","protected":false},"excerpt":{"rendered":"<p>El programa de socios de TruGem ofrece una plataforma flexible y valiosa destinada a impulsar el crecimiento rentable de nuestros socios y distribuidores, como integradores de sistemas, consultores tecnol\u00f3gicos y proveedores de soluciones de IoT y AIoT. Proporcionamos un soporte dedicado en las \u00e1reas de ventas, marketing y t\u00e9cnica, y capacitamos a los socios con nuestros conocimientos y experiencia del sector en IoT, AIoT y vigilancia de visi\u00f3n nocturna.....&nbsp;<a href=\"https:\/\/www.trugemtech.com\/es\/hagase-socio\/\" class=\"\" rel=\"bookmark\">Leer m\u00e1s \"<span class=\"screen-reader-text\">H\u00e1gase socio<\/span><\/a><\/p>","protected":false},"author":1,"featured_media":0,"parent":0,"menu_order":0,"comment_status":"closed","ping_status":"closed","template":"","meta":{"neve_meta_sidebar":"","neve_meta_container":"","neve_meta_enable_content_width":"","neve_meta_content_width":0,"neve_meta_title_alignment":"","neve_meta_author_avatar":"","neve_post_elements_order":"","neve_meta_disable_header":"","neve_meta_disable_footer":"","neve_meta_disable_title":"","_themeisle_gutenberg_block_has_review":false,"_ti_tpc_template_sync":false,"_ti_tpc_template_id":"","footnotes":""},"class_list":["post-1819","page","type-page","status-publish","hentry"],"yoast_head":"<!-- This site is optimized with the Yoast SEO Premium plugin v23.6 (Yoast SEO v23.8) - https:\/\/yoast.com\/wordpress\/plugins\/seo\/ -->\n<title>Become a Partner-TruGem<\/title>\n<meta name=\"description\" content=\"TruGem Partner Program offers a flexible and valuable platform to partners and distributors like systems integrators, technology consultants, IoT and AIoT solution providers\" \/>\n<meta name=\"robots\" content=\"index, follow, max-snippet:-1, max-image-preview:large, max-video-preview:-1\" \/>\n<link rel=\"canonical\" href=\"https:\/\/www.trugemtech.com\/es\/hagase-socio\/\" \/>\n<meta property=\"og:locale\" content=\"es_ES\" \/>\n<meta property=\"og:type\" content=\"article\" \/>\n<meta property=\"og:title\" content=\"Become a Partner\" \/>\n<meta property=\"og:description\" content=\"TruGem Partner Program offers a flexible and valuable platform to partners and distributors like systems integrators, technology consultants, IoT and AIoT solution providers\" \/>\n<meta property=\"og:url\" content=\"https:\/\/www.trugemtech.com\/es\/hagase-socio\/\" \/>\n<meta property=\"og:site_name\" content=\"IoT Solutions- AIoT-Vehicle Gateway - Edge Computing Gateway\" \/>\n<meta property=\"article:publisher\" content=\"https:\/\/www.facebook.com\/TruGemTech\" \/>\n<meta property=\"article:modified_time\" content=\"2024-11-18T03:26:45+00:00\" \/>\n<meta property=\"og:image\" content=\"https:\/\/www.trugemtech.com\/wp-content\/uploads\/2024\/10\/AIwBCAAQAhgAILuXm9oFKKrNie0DMIAPOIIK.jpg\" \/>\n\t<meta property=\"og:image:width\" content=\"1920\" \/>\n\t<meta property=\"og:image:height\" content=\"1282\" \/>\n\t<meta property=\"og:image:type\" content=\"image\/jpeg\" \/>\n<meta name=\"twitter:card\" content=\"summary_large_image\" \/>\n<meta name=\"twitter:label1\" content=\"Tiempo de lectura\" \/>\n\t<meta name=\"twitter:data1\" content=\"1 minuto\" \/>\n<script type=\"application\/ld+json\" class=\"yoast-schema-graph\">{\"@context\":\"https:\/\/schema.org\",\"@graph\":[{\"@type\":\"WebPage\",\"@id\":\"https:\/\/www.trugemtech.com\/become-a-partner\/\",\"url\":\"https:\/\/www.trugemtech.com\/become-a-partner\/\",\"name\":\"Become a Partner-TruGem\",\"isPartOf\":{\"@id\":\"https:\/\/www.trugemtech.com\/#website\"},\"primaryImageOfPage\":{\"@id\":\"https:\/\/www.trugemtech.com\/become-a-partner\/#primaryimage\"},\"image\":{\"@id\":\"https:\/\/www.trugemtech.com\/become-a-partner\/#primaryimage\"},\"thumbnailUrl\":\"https:\/\/www.trugemtech.com\/wp-content\/uploads\/2024\/10\/AIwBCAAQAhgAILuXm9oFKKrNie0DMIAPOIIK.jpg\",\"datePublished\":\"2024-10-15T06:06:08+00:00\",\"dateModified\":\"2024-11-18T03:26:45+00:00\",\"description\":\"TruGem Partner Program offers a flexible and valuable platform to partners and distributors like systems integrators, technology consultants, IoT and AIoT solution providers\",\"breadcrumb\":{\"@id\":\"https:\/\/www.trugemtech.com\/become-a-partner\/#breadcrumb\"},\"inLanguage\":\"es\",\"potentialAction\":[{\"@type\":\"ReadAction\",\"target\":[\"https:\/\/www.trugemtech.com\/become-a-partner\/\"]}]},{\"@type\":\"ImageObject\",\"inLanguage\":\"es\",\"@id\":\"https:\/\/www.trugemtech.com\/become-a-partner\/#primaryimage\",\"url\":\"https:\/\/www.trugemtech.com\/wp-content\/uploads\/2024\/10\/AIwBCAAQAhgAILuXm9oFKKrNie0DMIAPOIIK.jpg\",\"contentUrl\":\"https:\/\/www.trugemtech.com\/wp-content\/uploads\/2024\/10\/AIwBCAAQAhgAILuXm9oFKKrNie0DMIAPOIIK.jpg\"},{\"@type\":\"BreadcrumbList\",\"@id\":\"https:\/\/www.trugemtech.com\/become-a-partner\/#breadcrumb\",\"itemListElement\":[{\"@type\":\"ListItem\",\"position\":1,\"name\":\"Home\",\"item\":\"https:\/\/www.trugemtech.com\/\"},{\"@type\":\"ListItem\",\"position\":2,\"name\":\"Become a Partner\"}]},{\"@type\":\"WebSite\",\"@id\":\"https:\/\/www.trugemtech.com\/#website\",\"url\":\"https:\/\/www.trugemtech.com\/\",\"name\":\"IoT Solutions- Vehicle Gateway - IoT Gateway - Industrial Router\",\"description\":\"Empower Digital Transformation\",\"alternateName\":\"IoT Solutions- AIoT - Vehicle Gateway - Edge Computing Gateway\",\"potentialAction\":[{\"@type\":\"SearchAction\",\"target\":{\"@type\":\"EntryPoint\",\"urlTemplate\":\"https:\/\/www.trugemtech.com\/?s={search_term_string}\"},\"query-input\":{\"@type\":\"PropertyValueSpecification\",\"valueRequired\":true,\"valueName\":\"search_term_string\"}}],\"inLanguage\":\"es\"}]}<\/script>\n<!-- \/ Yoast SEO Premium plugin. -->","yoast_head_json":{"title":"Convi\u00e9rtase en socio-TruGem","description":"El programa de socios de TruGem ofrece una plataforma flexible y valiosa a socios y distribuidores como integradores de sistemas, consultores tecnol\u00f3gicos, proveedores de soluciones IoT y AIoT","robots":{"index":"index","follow":"follow","max-snippet":"max-snippet:-1","max-image-preview":"max-image-preview:large","max-video-preview":"max-video-preview:-1"},"canonical":"https:\/\/www.trugemtech.com\/es\/hagase-socio\/","og_locale":"es_ES","og_type":"article","og_title":"Become a Partner","og_description":"TruGem Partner Program offers a flexible and valuable platform to partners and distributors like systems integrators, technology consultants, IoT and AIoT solution providers","og_url":"https:\/\/www.trugemtech.com\/es\/hagase-socio\/","og_site_name":"IoT Solutions- AIoT-Vehicle Gateway - Edge Computing Gateway","article_publisher":"https:\/\/www.facebook.com\/TruGemTech","article_modified_time":"2024-11-18T03:26:45+00:00","og_image":[{"width":1920,"height":1282,"url":"https:\/\/www.trugemtech.com\/wp-content\/uploads\/2024\/10\/AIwBCAAQAhgAILuXm9oFKKrNie0DMIAPOIIK.jpg","type":"image\/jpeg"}],"twitter_card":"summary_large_image","twitter_misc":{"Tiempo de lectura":"1 minuto"},"schema":{"@context":"https:\/\/schema.org","@graph":[{"@type":"WebPage","@id":"https:\/\/www.trugemtech.com\/become-a-partner\/","url":"https:\/\/www.trugemtech.com\/become-a-partner\/","name":"Convi\u00e9rtase en socio-TruGem","isPartOf":{"@id":"https:\/\/www.trugemtech.com\/#website"},"primaryImageOfPage":{"@id":"https:\/\/www.trugemtech.com\/become-a-partner\/#primaryimage"},"image":{"@id":"https:\/\/www.trugemtech.com\/become-a-partner\/#primaryimage"},"thumbnailUrl":"https:\/\/www.trugemtech.com\/wp-content\/uploads\/2024\/10\/AIwBCAAQAhgAILuXm9oFKKrNie0DMIAPOIIK.jpg","datePublished":"2024-10-15T06:06:08+00:00","dateModified":"2024-11-18T03:26:45+00:00","description":"El programa de socios de TruGem ofrece una plataforma flexible y valiosa a socios y distribuidores como integradores de sistemas, consultores tecnol\u00f3gicos, proveedores de soluciones IoT y AIoT","breadcrumb":{"@id":"https:\/\/www.trugemtech.com\/become-a-partner\/#breadcrumb"},"inLanguage":"es","potentialAction":[{"@type":"ReadAction","target":["https:\/\/www.trugemtech.com\/become-a-partner\/"]}]},{"@type":"ImageObject","inLanguage":"es","@id":"https:\/\/www.trugemtech.com\/become-a-partner\/#primaryimage","url":"https:\/\/www.trugemtech.com\/wp-content\/uploads\/2024\/10\/AIwBCAAQAhgAILuXm9oFKKrNie0DMIAPOIIK.jpg","contentUrl":"https:\/\/www.trugemtech.com\/wp-content\/uploads\/2024\/10\/AIwBCAAQAhgAILuXm9oFKKrNie0DMIAPOIIK.jpg"},{"@type":"BreadcrumbList","@id":"https:\/\/www.trugemtech.com\/become-a-partner\/#breadcrumb","itemListElement":[{"@type":"ListItem","position":1,"name":"Home","item":"https:\/\/www.trugemtech.com\/"},{"@type":"ListItem","position":2,"name":"Become a Partner"}]},{"@type":"WebSite","@id":"https:\/\/www.trugemtech.com\/#website","url":"https:\/\/www.trugemtech.com\/","name":"Soluciones IoT - Pasarela para veh\u00edculos - Pasarela IoT - Router industrial","description":"Potenciar la transformaci\u00f3n digital","alternateName":"IoT Solutions- AIoT - Vehicle Gateway - Edge Computing Gateway","potentialAction":[{"@type":"SearchAction","target":{"@type":"EntryPoint","urlTemplate":"https:\/\/www.trugemtech.com\/?s={search_term_string}"},"query-input":{"@type":"PropertyValueSpecification","valueRequired":true,"valueName":"search_term_string"}}],"inLanguage":"es"}]}},"_links":{"self":[{"href":"https:\/\/www.trugemtech.com\/es\/wp-json\/wp\/v2\/pages\/1819","targetHints":{"allow":["GET"]}}],"collection":[{"href":"https:\/\/www.trugemtech.com\/es\/wp-json\/wp\/v2\/pages"}],"about":[{"href":"https:\/\/www.trugemtech.com\/es\/wp-json\/wp\/v2\/types\/page"}],"author":[{"embeddable":true,"href":"https:\/\/www.trugemtech.com\/es\/wp-json\/wp\/v2\/users\/1"}],"replies":[{"embeddable":true,"href":"https:\/\/www.trugemtech.com\/es\/wp-json\/wp\/v2\/comments?post=1819"}],"version-history":[{"count":4,"href":"https:\/\/www.trugemtech.com\/es\/wp-json\/wp\/v2\/pages\/1819\/revisions"}],"predecessor-version":[{"id":2273,"href":"https:\/\/www.trugemtech.com\/es\/wp-json\/wp\/v2\/pages\/1819\/revisions\/2273"}],"wp:attachment":[{"href":"https:\/\/www.trugemtech.com\/es\/wp-json\/wp\/v2\/media?parent=1819"}],"curies":[{"name":"wp","href":"https:\/\/api.w.org\/{rel}","templated":true}]}}