{"id":1832,"date":"2024-10-16T11:33:41","date_gmt":"2024-10-16T03:33:41","guid":{"rendered":"https:\/\/www.trugemtech.com\/?page_id=1832"},"modified":"2025-08-08T18:39:21","modified_gmt":"2025-08-08T10:39:21","slug":"pasarela-iot-para-vehiculos","status":"publish","type":"page","link":"https:\/\/www.trugemtech.com\/es\/pasarela-iot-para-vehiculos\/","title":{"rendered":"Pasarela 5G IP67 IoT para veh\u00edculos N506-5R"},"content":{"rendered":"<div class=\"wp-block-columns alignwide has-nv-light-bg-background-color has-background is-layout-flex wp-container-core-columns-is-layout-fe847a89 wp-block-columns-is-layout-flex\" style=\"border-radius:30px;padding-top:var(--wp--preset--spacing--50);padding-right:var(--wp--preset--spacing--50);padding-bottom:var(--wp--preset--spacing--50);padding-left:var(--wp--preset--spacing--50)\">\n<div class=\"wp-block-column is-layout-flow wp-block-column-is-layout-flow\">\n<p style=\"font-size:18px\"><strong>TruGem 5G IP67 IoT <strong>Veh\u00edculo<\/strong><\/strong> <strong>La puerta de enlace N506-5R est\u00e1 dise\u00f1ada para aplicaciones en veh\u00edculos y est\u00e1 equipada con una carcasa resistente IP67 y requisitos antivibraci\u00f3n para adaptarse a diversas condiciones meteorol\u00f3gicas adversas y entornos dif\u00edciles.<\/strong><\/p>\n\n\n\n<p style=\"font-size:18px\"><strong>El dispositivo integra IoT, su puerto Ethernet M12, RS232\/485 y puertos USB pueden acceder a un gran n\u00famero de dispositivos IoT y sensores y ampliaciones, lo que permite la comunicaci\u00f3n entre dispositivos, la supervisi\u00f3n remota y el an\u00e1lisis y procesamiento en tiempo real de los datos recopilados.<\/strong><\/p>\n\n\n\n<p style=\"font-size:18px\"><strong>Adem\u00e1s, IoT <strong>Veh\u00edculo <\/strong>El Gateway N506-5R tambi\u00e9n integra la tecnolog\u00eda de posicionamiento de alta precisi\u00f3n GPS RTK, que mejora la precisi\u00f3n del posicionamiento hasta el nivel de cent\u00edmetros, y mejora el rendimiento en tiempo real al tiempo que garantiza la exactitud. As\u00ed, mejora enormemente la eficiencia de la industria automovil\u00edstica y las aplicaciones que requieren una gran precisi\u00f3n de posicionamiento, como la conducci\u00f3n aut\u00f3noma, la gesti\u00f3n de flotas, el transporte y la log\u00edstica.<\/strong><\/p>\n\n\n\n<p style=\"font-size:18px\"><\/p>\n\n\n\n<div class=\"wp-block-buttons bounce is-content-justification-center is-layout-flex wp-container-core-buttons-is-layout-16018d1d wp-block-buttons-is-layout-flex\">\n<div class=\"wp-block-button is-style-primary\"><a class=\"wp-block-button__link has-custom-font-size wp-element-button\" href=\"https:\/\/www.trugemtech.com\/es\/pongase-en-contacto-con\/\" style=\"font-size:20px\">CONTACTAR<\/a><\/div>\n<\/div>\n\n\n\n<p style=\"font-size:18px\"><\/p>\n<\/div>\n\n\n\n<div class=\"wp-block-column is-vertically-aligned-top is-layout-flow wp-block-column-is-layout-flow\"><div class=\"wp-block-image is-style-default wp-duotone-unset-1\">\n<figure class=\"aligncenter size-full is-resized\"><img fetchpriority=\"high\" decoding=\"async\" width=\"800\" height=\"800\" src=\"https:\/\/www.trugemtech.com\/wp-content\/uploads\/2024\/09\/\u8f66\u8f7d1.png\" alt=\"Pasarela IoT para veh\u00edculos N506-5RW\" class=\"wp-image-1054\" style=\"width:581px;height:auto\" srcset=\"https:\/\/www.trugemtech.com\/wp-content\/uploads\/2024\/09\/\u8f66\u8f7d1.png 800w, https:\/\/www.trugemtech.com\/wp-content\/uploads\/2024\/09\/\u8f66\u8f7d1-300x300.png 300w, https:\/\/www.trugemtech.com\/wp-content\/uploads\/2024\/09\/\u8f66\u8f7d1-150x150.png 150w, https:\/\/www.trugemtech.com\/wp-content\/uploads\/2024\/09\/\u8f66\u8f7d1-768x768.png 768w\" sizes=\"(max-width: 800px) 100vw, 800px\" \/><\/figure>\n<\/div><\/div>\n<\/div>\n\n\n\n<div id=\"wp-block-themeisle-blocks-tabs-09c21a82\" class=\"wp-block-themeisle-blocks-tabs  is-style-boxed\"><div class=\"wp-block-themeisle-blocks-tabs__content\">\n<div data-title=\"<strong&gt;Key Features<\/strong&gt;\" class=\"wp-block-themeisle-blocks-tabs-item\"><div class=\"wp-block-themeisle-blocks-tabs-item__header\" tabindex=\"0\"><strong>Caracter\u00edsticas principales<\/strong><\/div><div class=\"wp-block-themeisle-blocks-tabs-item__content\">\n<p><\/p>\n\n\n\n<ul class=\"wp-block-list\">\n<li>M12 Ethernet de 8 patillas+RS232\/RS485<\/li>\n\n\n\n<li>Conexiones celulares globales 5G\/4G\/3G<\/li>\n\n\n\n<li>Posicionamiento de alta precisi\u00f3n GPS RTK<\/li>\n\n\n\n<li>Conmutaci\u00f3n por error de doble SIM y watchdog integrado, el dispositivo se autodetecta y se recupera autom\u00e1ticamente de los fallos.<\/li>\n\n\n\n<li>IP67, para veh\u00edculos y entornos industriales dif\u00edciles<\/li>\n\n\n\n<li>Interfaz rica, se puede personalizar<\/li>\n\n\n\n<li>Acceso a m\u00faltiples sensores IoT<\/li>\n\n\n\n<li>Soporta Modbus RTU,Modbus TCP<em>,<\/em>Protocolos MQTT y HTTPS<\/li>\n\n\n\n<li>Plataforma de gesti\u00f3n TruGem, compatible con plataformas industriales en la nube<\/li>\n\n\n\n<li>Admite TR069 para actualizaci\u00f3n y gesti\u00f3n remotas.<\/li>\n\n\n\n<li>ACS de TruGem para la gesti\u00f3n de dispositivos&nbsp;<\/li>\n<\/ul>\n<\/div><\/div>\n\n\n\n<div data-title=\"<strong&gt;Specification<\/strong&gt;\" class=\"wp-block-themeisle-blocks-tabs-item\"><div class=\"wp-block-themeisle-blocks-tabs-item__header\" tabindex=\"0\"><strong>Especificaci\u00f3n<\/strong><\/div><div class=\"wp-block-themeisle-blocks-tabs-item__content\">\n<figure style=\"font-size:18px\" class=\"wp-block-table\"><table class=\"has-border-color has-nv-site-bg-border-color has-fixed-layout\" style=\"border-width:8px\"><tbody><tr><td colspan=\"2\"><strong>M\u00f3vil<\/strong><\/td><\/tr><tr><td><strong>Frecuencia<\/strong><strong>Bandas<\/strong><strong><\/strong><\/td><td><strong>SKU1&nbsp;<\/strong><br>5G NR:n1\/3\/5\/7\/8\/20\/28\/38\/40\/41\/66\/77\/78;<br>LTE-FDD: B1\/2\/3\/4\/5\/7\/8\/20\/28\/66;<br>LTE-TDD: B38\/40\/41;<br>WCDMA: B1\/2\/5\/8<br><br><strong>SKU2 <\/strong><br>5GNR:n1\/3\/5\/\/7\/8\/20\/28\/38\/40\/41\/75\/76\/77\/78<br>LTE FDD: B1\/3\/5\/7\/8\/20\/28\/32<br>LTE TDD: B38\/40\/41\/42\/43<br>WCDMA: B1\/5\/8<br>*Se pueden admitir m\u00e1s bandas con diferentes SKU<\/td><\/tr><tr><td colspan=\"2\" class=\"translation-block\"><strong>In<\/strong><strong>terfaces<\/strong><\/td><\/tr><tr><td><strong>Interfaz Ethernet<\/strong><\/td><td>1*10\/100\/1000 Mbps, M12-A 8-Pin\uff0cWAN\/LAN<\/td><\/tr><tr><td><strong>Interfaz serie<\/strong><\/td><td>1*RS232\/485\uff0cM12-A 4 patillas<\/td><\/tr><tr><td><strong>Interfaz de la consola<\/strong><\/td><td>1*USB\uff0c(incorporado)<\/td><\/tr><tr><td><strong>Conector de antena<\/strong><\/td><td>1*GNSS\uff0c4*5G\u30012*WIFI<\/td><\/tr><tr><td><strong>Ranura SIM<\/strong><\/td><td>2<\/td><\/tr><tr><td><strong>Ranura TF<\/strong><\/td><td>1 (integrado)<\/td><\/tr><tr><td colspan=\"2\"><strong>Potencia<\/strong><\/td><\/tr><tr><td><strong>Fuente de alimentaci\u00f3n<\/strong><\/td><td>CC 9-36 V<\/td><\/tr><tr><td><strong>Consumo<\/strong><\/td><td>\uff1c20W<\/td><\/tr><tr><td colspan=\"2\"><strong>WiFi<\/strong><\/td><\/tr><tr><td><strong>WIFI<\/strong><\/td><td>2.4GHzy5Ghz,IEEE 802.11b\/g\/n\/ac\uff0csoporta el acceso de 32 usuarios<\/td><\/tr><\/tbody><\/table><\/figure>\n\n\n\n<figure style=\"font-size:18px\" class=\"wp-block-table\"><table class=\"has-border-color has-nv-site-bg-border-color has-fixed-layout\" style=\"border-width:10px\"><tbody><tr><td colspan=\"2\"><strong>Otros<\/strong><\/td><\/tr><tr><td><strong>Hardware Watchdog<\/strong><\/td><td>Incorporado<\/td><\/tr><tr><td><strong>Sensor<\/strong><\/td><td>El sensor de temperatura integrado puede controlar la temperatura de funcionamiento de la placa base en tiempo real.<\/td><\/tr><tr><td><strong>GNSS<\/strong><\/td><td>S\u00ed, GPS\/GLONASS\/GALILEO\/BDS como opci\u00f3n<\/td><\/tr><tr><td colspan=\"2\"><strong>Caracter\u00edsticas mec\u00e1nicas<\/strong><\/td><\/tr><tr><td><strong>Grado de protecci\u00f3n<\/strong><\/td><td>IP67<\/td><\/tr><tr><td><strong>Vivienda<\/strong><\/td><td>Metal<\/td><\/tr><tr><td><strong>Instalaci\u00f3n<\/strong><\/td><td>Pared, poste, soporte<\/td><\/tr><tr><td><strong>Dimensi\u00f3n<\/strong><\/td><td>205mm*155mm*60mm<\/td><\/tr><tr><td colspan=\"2\"><strong>EMC<\/strong><\/td><\/tr><tr><td><strong>Est\u00e1tica<\/strong><\/td><td>EN61000-4-2, nivel 3<\/td><\/tr><tr><td><strong>Radiaci\u00f3n Campo el\u00e9ctrico<\/strong><\/td><td>EN61000-4-3, nivel 3<\/td><\/tr><tr><td><strong>Campo el\u00e9ctrico pulsado<\/strong><\/td><td>EN61000-4-4, nivel 3<\/td><\/tr><tr><td><strong>Sobretensi\u00f3n<\/strong><\/td><td>EN61000-4-5, nivel 3<\/td><\/tr><tr><td><strong>Inmunidad a perturbaciones conducidas<\/strong><\/td><td>EN61000-4-6 ,nivel 3<\/td><\/tr><tr><td><strong>Resistencia a las ondas de choque<\/strong><\/td><td>EN61000-4-12,nivel 3<\/td><\/tr><tr><td><strong>Potencia Frecuencia Campo magn\u00e9tico Resistencia<\/strong><\/td><td>EN61000-4-8, horizontal \/ vertical 400A\/m (&gt;nivel 2)<\/td><\/tr><tr><td colspan=\"2\"><strong>Temperatura y humedad ambiente<\/strong><\/td><\/tr><tr><td><strong>Temperatura de funcionamiento<\/strong><\/td><td>-30\u2103 ~ +70\u2103<\/td><\/tr><tr><td><strong>Humedad relativa<\/strong><\/td><td>10%~100%<\/td><\/tr><tr><td><strong>Temperatura de almacenamiento<\/strong><\/td><td>-45\u2103~ +85\u2103<\/td><\/tr><\/tbody><\/table><\/figure>\n\n\n\n<figure style=\"font-size:18px\" class=\"wp-block-table\"><table class=\"has-border-color has-nv-site-bg-border-color has-fixed-layout\" style=\"border-width:10px\"><tbody><tr><td colspan=\"2\"><strong>Red<\/strong><\/td><\/tr><tr><td><strong>WAN<\/strong><\/td><td>Soporta NAT, Router, Bridge, IP Pass through, etc.<\/td><\/tr><tr><td><strong>LAN<\/strong><\/td><td>Admite asignaci\u00f3n din\u00e1mica de direcciones IP y acceso con modo de direcci\u00f3n IP est\u00e1tica<\/td><\/tr><tr><td colspan=\"2\"><strong>Protocolo<\/strong><\/td><\/tr><tr><td><strong>Protocolo industrial<\/strong><\/td><td>Modbus RTU, Modbus TCP, MQTT, HTTPS, UDP, NTRIP, etc.Formato JSON<\/td><\/tr><tr><td colspan=\"2\"><strong>Securit<\/strong><strong>y<\/strong><\/td><\/tr><tr><td><strong>Usuario multinivel<\/strong><\/td><td>Derechos de gesti\u00f3n multinivel<\/td><\/tr><tr><td><strong>Seguridad de los datos<\/strong><\/td><td>Cortafuegos L2\/L3<\/td><\/tr><tr><td rowspan=\"4\"><strong>Cortafuegos<\/strong><\/td><td>Compatible con DMZ, Port Mirror y ALG\uff1b.<\/td><\/tr><tr><td>Admite la gesti\u00f3n de la configuraci\u00f3n del cortafuegos<\/td><\/tr><tr><td>Reenv\u00edo de puertos<\/td><\/tr><tr><td>Puerto flip-flop<\/td><\/tr><tr><td colspan=\"2\"><strong>Fiabilidad<\/strong><\/td><\/tr><tr><td><strong>Conmutaci\u00f3n por error<\/strong><\/td><td>DualSimFailover<\/td><\/tr><tr><td><strong>Wa<\/strong><strong>t<\/strong><strong>chdog<\/strong><\/td><td>El dispositivo ejecuta la autodetecci\u00f3n, se recupera autom\u00e1ticamente de las aver\u00edas<\/td><\/tr><tr><td colspan=\"2\"><strong>Gesti\u00f3n<\/strong><\/td><\/tr><tr><td><strong>Gesti\u00f3n remota<\/strong><\/td><td>TR069, Web<\/td><\/tr><tr><td><strong>Gesti\u00f3n del firmware<\/strong><\/td><td>Doble copia de seguridad del firmware<\/td><\/tr><tr><td><strong>Actualizaci\u00f3n remota<\/strong><\/td><td>TR069, HTTP\/HTTPS, FTP, Telnet, SSH, etc.<\/td><\/tr><tr><td><strong>Gesti\u00f3n de dispositivos<\/strong><\/td><td>ACS (Servidor de configuraci\u00f3n autom\u00e1tica) de TruGem Supervisi\u00f3n peri\u00f3dica: Los terminales pueden informar peri\u00f3dicamente de los par\u00e1metros seg\u00fan las instrucciones del servidor, incluye diversas prestaciones del terminal\uff08Tasa de datos en enlace descendente y ascendente, tasa de errores de paquetes DL (PER), MCS, modo MIMO, etc\uff09y par\u00e1metros de radiofrecuencia\uff08PCI, RSRP, RSRQ, SINR, potencia de transmisi\u00f3n, etc.\uff09.<\/td><\/tr><tr><td><strong>Registro<\/strong><\/td><td>SSH<\/td><\/tr><\/tbody><\/table><\/figure>\n<\/div><\/div>\n\n\n\n<div data-title=\"<strong&gt;Application<\/strong&gt;\" class=\"wp-block-themeisle-blocks-tabs-item\"><div class=\"wp-block-themeisle-blocks-tabs-item__header\" tabindex=\"0\"><strong>Aplicaci\u00f3n<\/strong><\/div><div class=\"wp-block-themeisle-blocks-tabs-item__content\">\n<p>La pasarela 5G IP67 IoT para veh\u00edculos N506-5R puede utilizarse ampliamente en la industria automovil\u00edstica y en diversos escenarios de aplicaci\u00f3n que requieran conectividad IoT y alta precisi\u00f3n de posicionamiento.<\/p>\n\n\n\n<ul class=\"wp-block-list\">\n<li>Veh\u00edculos aut\u00f3nomos<\/li>\n\n\n\n<li>Gesti\u00f3n de flotas<\/li>\n\n\n\n<li>Transporte y log\u00edstica<\/li>\n\n\n\n<li>Agricultura de precisi\u00f3n<\/li>\n\n\n\n<li>Aparcamiento inteligente<\/li>\n\n\n\n<li>Carga de mercanc\u00edas<\/li>\n\n\n\n<li>Vigilancia de carreteras<\/li>\n\n\n\n<li>Gesti\u00f3n del tr\u00e1fico<\/li>\n\n\n\n<li>Exploraci\u00f3n geol\u00f3gica<\/li>\n\n\n\n<li>Cartograf\u00eda de alta precisi\u00f3n<\/li>\n<\/ul>\n<\/div><\/div>\n<\/div><\/div>\n\n\n\n<div class=\"wp-block-cover alignfull\" style=\"min-height:300px;aspect-ratio:unset;\"><span aria-hidden=\"true\" class=\"wp-block-cover__background has-neve-link-color-background-color has-background-dim-100 has-background-dim\"><\/span><div class=\"wp-block-cover__inner-container is-layout-flow wp-block-cover-is-layout-flow\">\n<div class=\"wp-block-columns is-layout-flex wp-container-core-columns-is-layout-9d6595d7 wp-block-columns-is-layout-flex\">\n<div class=\"wp-block-column is-layout-flow wp-block-column-is-layout-flow\"><\/div>\n<\/div>\n\n\n\n<div class=\"wp-block-columns is-layout-flex wp-container-core-columns-is-layout-9d6595d7 wp-block-columns-is-layout-flex\">\n<div class=\"wp-block-column is-layout-flow wp-block-column-is-layout-flow\" style=\"flex-basis:20%\"><\/div>\n\n\n\n<div class=\"wp-block-column is-layout-flow wp-block-column-is-layout-flow\" style=\"flex-basis:60%\">\n<div class=\"wp-block-group\"><div class=\"wp-block-group__inner-container is-layout-constrained wp-block-group-is-layout-constrained\">\n<h3 class=\"wp-block-heading has-text-align-center has-nv-text-dark-bg-color has-text-color\" id=\"h-discover-the-power-of-iot-and-aiot-explore-our-solutions\">Descubra el poder de IoT y AIoT, Explore nuestras soluciones.<\/h3>\n\n\n\n<p class=\"has-text-align-center has-nv-text-dark-bg-color has-text-color has-link-color wp-elements-9eb90f3981bd21a2233971736814b7fd\">Empieza con TruGem y experimenta el mejor servicio al cliente.<\/p>\n\n\n\n<div class=\"wp-block-buttons is-horizontal is-content-justification-center is-layout-flex wp-container-core-buttons-is-layout-499968f5 wp-block-buttons-is-layout-flex\">\n<div class=\"wp-block-button is-style-primary o-typing-delay-200ms\"><a class=\"wp-block-button__link has-neve-link-color-color has-text-color has-background has-link-color wp-element-button\" href=\"https:\/\/www.trugemtech.com\/es\/pongase-en-contacto-con\/\" style=\"border-radius:30px;background-color:#ffffff\"><o-anim-typing>Comenzar<\/o-anim-typing><\/a><\/div>\n<\/div>\n<\/div><\/div>\n\n\n\n<div class=\"wp-block-columns is-layout-flex wp-container-core-columns-is-layout-9d6595d7 wp-block-columns-is-layout-flex\">\n<div class=\"wp-block-column is-layout-flow wp-block-column-is-layout-flow\"><\/div>\n<\/div>\n<\/div>\n\n\n\n<div class=\"wp-block-column is-layout-flow wp-block-column-is-layout-flow\" style=\"flex-basis:20%\"><\/div>\n<\/div>\n<\/div><\/div>","protected":false},"excerpt":{"rendered":"<p>TruGem 5G IP67 IoT Vehicle Gateway N506-5R est\u00e1 dise\u00f1ado para aplicaciones de veh\u00edculos y est\u00e1 equipado con una carcasa resistente IP67 y requisitos antivibraci\u00f3n para adaptarse a diversas condiciones clim\u00e1ticas adversas y entornos dif\u00edciles. El dispositivo integra IoT, su puerto Ethernet M12, RS232\/485 y puertos USB pueden acceder a un gran n\u00famero de dispositivos y sensores IoT y...&nbsp;<a href=\"https:\/\/www.trugemtech.com\/es\/pasarela-iot-para-vehiculos\/\" class=\"\" rel=\"bookmark\">Leer m\u00e1s \"<span class=\"screen-reader-text\">Pasarela 5G IP67 IoT para veh\u00edculos N506-5R<\/span><\/a><\/p>","protected":false},"author":1,"featured_media":0,"parent":0,"menu_order":0,"comment_status":"closed","ping_status":"closed","template":"","meta":{"neve_meta_sidebar":"","neve_meta_container":"","neve_meta_enable_content_width":"","neve_meta_content_width":0,"neve_meta_title_alignment":"","neve_meta_author_avatar":"","neve_post_elements_order":"","neve_meta_disable_header":"","neve_meta_disable_footer":"","neve_meta_disable_title":"","_themeisle_gutenberg_block_has_review":false,"_ti_tpc_template_sync":false,"_ti_tpc_template_id":"","footnotes":""},"class_list":["post-1832","page","type-page","status-publish","hentry"],"yoast_head":"<!-- This site is optimized with the Yoast SEO Premium plugin v23.6 (Yoast SEO v23.8) - https:\/\/yoast.com\/wordpress\/plugins\/seo\/ -->\n<title>5G IP67 IoT Vehicle Gateway N506-5R<\/title>\n<meta name=\"description\" content=\"5G IP67 IoT Vehicle Gateway N506-5R is designed for vehicle, build with IP67 Rugged housing, IoT and GPS RTK high-precision positioning\" \/>\n<meta name=\"robots\" content=\"index, follow, max-snippet:-1, max-image-preview:large, max-video-preview:-1\" \/>\n<link rel=\"canonical\" href=\"https:\/\/www.trugemtech.com\/es\/pasarela-iot-para-vehiculos\/\" \/>\n<meta property=\"og:locale\" content=\"es_ES\" \/>\n<meta property=\"og:type\" content=\"article\" \/>\n<meta property=\"og:title\" content=\"5G IP67 IoT Vehicle Gateway N506-5R\" \/>\n<meta property=\"og:description\" content=\"5G IP67 IoT Vehicle Gateway N506-5R is designed for vehicle, build with IP67 Rugged housing, IoT and GPS RTK high-precision positioning\" \/>\n<meta property=\"og:url\" content=\"https:\/\/www.trugemtech.com\/es\/pasarela-iot-para-vehiculos\/\" \/>\n<meta property=\"og:site_name\" content=\"IoT Solutions- AIoT-Vehicle Gateway - Edge Computing Gateway\" \/>\n<meta property=\"article:publisher\" content=\"https:\/\/www.facebook.com\/TruGemTech\" \/>\n<meta property=\"article:modified_time\" content=\"2025-08-08T10:39:21+00:00\" \/>\n<meta name=\"twitter:card\" content=\"summary_large_image\" \/>\n<meta name=\"twitter:label1\" content=\"Tiempo de lectura\" \/>\n\t<meta name=\"twitter:data1\" content=\"3 minutos\" \/>\n<script type=\"application\/ld+json\" class=\"yoast-schema-graph\">{\"@context\":\"https:\/\/schema.org\",\"@graph\":[{\"@type\":\"WebPage\",\"@id\":\"https:\/\/www.trugemtech.com\/iot-vehicle-gateway\/\",\"url\":\"https:\/\/www.trugemtech.com\/iot-vehicle-gateway\/\",\"name\":\"5G IP67 IoT Vehicle Gateway N506-5R\",\"isPartOf\":{\"@id\":\"https:\/\/www.trugemtech.com\/#website\"},\"datePublished\":\"2024-10-16T03:33:41+00:00\",\"dateModified\":\"2025-08-08T10:39:21+00:00\",\"description\":\"5G IP67 IoT Vehicle Gateway N506-5R is designed for vehicle, build with IP67 Rugged housing, IoT and GPS RTK high-precision positioning\",\"breadcrumb\":{\"@id\":\"https:\/\/www.trugemtech.com\/iot-vehicle-gateway\/#breadcrumb\"},\"inLanguage\":\"es\",\"potentialAction\":[{\"@type\":\"ReadAction\",\"target\":[\"https:\/\/www.trugemtech.com\/iot-vehicle-gateway\/\"]}]},{\"@type\":\"BreadcrumbList\",\"@id\":\"https:\/\/www.trugemtech.com\/iot-vehicle-gateway\/#breadcrumb\",\"itemListElement\":[{\"@type\":\"ListItem\",\"position\":1,\"name\":\"Home\",\"item\":\"https:\/\/www.trugemtech.com\/\"},{\"@type\":\"ListItem\",\"position\":2,\"name\":\"5G IP67 IoT Vehicle Gateway N506-5R\"}]},{\"@type\":\"WebSite\",\"@id\":\"https:\/\/www.trugemtech.com\/#website\",\"url\":\"https:\/\/www.trugemtech.com\/\",\"name\":\"IoT Solutions- Vehicle Gateway - IoT Gateway - Industrial Router\",\"description\":\"Empower Digital Transformation\",\"alternateName\":\"IoT Solutions- AIoT - Vehicle Gateway - Edge Computing Gateway\",\"potentialAction\":[{\"@type\":\"SearchAction\",\"target\":{\"@type\":\"EntryPoint\",\"urlTemplate\":\"https:\/\/www.trugemtech.com\/?s={search_term_string}\"},\"query-input\":{\"@type\":\"PropertyValueSpecification\",\"valueRequired\":true,\"valueName\":\"search_term_string\"}}],\"inLanguage\":\"es\"}]}<\/script>\n<!-- \/ Yoast SEO Premium plugin. -->","yoast_head_json":{"title":"Pasarela 5G IP67 IoT para veh\u00edculos N506-5R","description":"5G IP67 IoT Vehicle Gateway N506-5R est\u00e1 dise\u00f1ado para veh\u00edculos, construido con carcasa IP67 Rugged, IoT y GPS RTK de alta precisi\u00f3n de posicionamiento","robots":{"index":"index","follow":"follow","max-snippet":"max-snippet:-1","max-image-preview":"max-image-preview:large","max-video-preview":"max-video-preview:-1"},"canonical":"https:\/\/www.trugemtech.com\/es\/pasarela-iot-para-vehiculos\/","og_locale":"es_ES","og_type":"article","og_title":"5G IP67 IoT Vehicle Gateway N506-5R","og_description":"5G IP67 IoT Vehicle Gateway N506-5R is designed for vehicle, build with IP67 Rugged housing, IoT and GPS RTK high-precision positioning","og_url":"https:\/\/www.trugemtech.com\/es\/pasarela-iot-para-vehiculos\/","og_site_name":"IoT Solutions- AIoT-Vehicle Gateway - Edge Computing Gateway","article_publisher":"https:\/\/www.facebook.com\/TruGemTech","article_modified_time":"2025-08-08T10:39:21+00:00","twitter_card":"summary_large_image","twitter_misc":{"Tiempo de lectura":"3 minutos"},"schema":{"@context":"https:\/\/schema.org","@graph":[{"@type":"WebPage","@id":"https:\/\/www.trugemtech.com\/iot-vehicle-gateway\/","url":"https:\/\/www.trugemtech.com\/iot-vehicle-gateway\/","name":"Pasarela 5G IP67 IoT para veh\u00edculos N506-5R","isPartOf":{"@id":"https:\/\/www.trugemtech.com\/#website"},"datePublished":"2024-10-16T03:33:41+00:00","dateModified":"2025-08-08T10:39:21+00:00","description":"5G IP67 IoT Vehicle Gateway N506-5R est\u00e1 dise\u00f1ado para veh\u00edculos, construido con carcasa IP67 Rugged, IoT y GPS RTK de alta precisi\u00f3n de posicionamiento","breadcrumb":{"@id":"https:\/\/www.trugemtech.com\/iot-vehicle-gateway\/#breadcrumb"},"inLanguage":"es","potentialAction":[{"@type":"ReadAction","target":["https:\/\/www.trugemtech.com\/iot-vehicle-gateway\/"]}]},{"@type":"BreadcrumbList","@id":"https:\/\/www.trugemtech.com\/iot-vehicle-gateway\/#breadcrumb","itemListElement":[{"@type":"ListItem","position":1,"name":"Home","item":"https:\/\/www.trugemtech.com\/"},{"@type":"ListItem","position":2,"name":"5G IP67 IoT Vehicle Gateway N506-5R"}]},{"@type":"WebSite","@id":"https:\/\/www.trugemtech.com\/#website","url":"https:\/\/www.trugemtech.com\/","name":"Soluciones IoT - Pasarela para veh\u00edculos - Pasarela IoT - Router industrial","description":"Potenciar la transformaci\u00f3n digital","alternateName":"IoT Solutions- AIoT - Vehicle Gateway - Edge Computing Gateway","potentialAction":[{"@type":"SearchAction","target":{"@type":"EntryPoint","urlTemplate":"https:\/\/www.trugemtech.com\/?s={search_term_string}"},"query-input":{"@type":"PropertyValueSpecification","valueRequired":true,"valueName":"search_term_string"}}],"inLanguage":"es"}]}},"_links":{"self":[{"href":"https:\/\/www.trugemtech.com\/es\/wp-json\/wp\/v2\/pages\/1832","targetHints":{"allow":["GET"]}}],"collection":[{"href":"https:\/\/www.trugemtech.com\/es\/wp-json\/wp\/v2\/pages"}],"about":[{"href":"https:\/\/www.trugemtech.com\/es\/wp-json\/wp\/v2\/types\/page"}],"author":[{"embeddable":true,"href":"https:\/\/www.trugemtech.com\/es\/wp-json\/wp\/v2\/users\/1"}],"replies":[{"embeddable":true,"href":"https:\/\/www.trugemtech.com\/es\/wp-json\/wp\/v2\/comments?post=1832"}],"version-history":[{"count":4,"href":"https:\/\/www.trugemtech.com\/es\/wp-json\/wp\/v2\/pages\/1832\/revisions"}],"predecessor-version":[{"id":3592,"href":"https:\/\/www.trugemtech.com\/es\/wp-json\/wp\/v2\/pages\/1832\/revisions\/3592"}],"wp:attachment":[{"href":"https:\/\/www.trugemtech.com\/es\/wp-json\/wp\/v2\/media?parent=1832"}],"curies":[{"name":"wp","href":"https:\/\/api.w.org\/{rel}","templated":true}]}}