{"id":2580,"date":"2024-11-15T18:33:35","date_gmt":"2024-11-15T10:33:35","guid":{"rendered":"https:\/\/www.trugemtech.com\/?page_id=2580"},"modified":"2024-11-16T08:15:46","modified_gmt":"2024-11-16T00:15:46","slug":"gestion-de-flotas-gps","status":"publish","type":"page","link":"https:\/\/www.trugemtech.com\/es\/gestion-de-flotas-gps\/","title":{"rendered":"Gesti\u00f3n de flotas mineras por GPS"},"content":{"rendered":"<div class=\"wp-block-columns is-layout-flex wp-container-core-columns-is-layout-9d6595d7 wp-block-columns-is-layout-flex\">\n<div class=\"wp-block-column is-layout-flow wp-block-column-is-layout-flow\">\n<div class=\"wp-block-cover is-light\" style=\"min-height:398px;aspect-ratio:unset;\"><span aria-hidden=\"true\" class=\"wp-block-cover__background has-background-dim\" style=\"background-color:#938d91\"><\/span><img fetchpriority=\"high\" decoding=\"async\" width=\"2000\" height=\"1228\" class=\"wp-block-cover__image-background wp-image-2581\" alt=\"gesti\u00f3n de flotas gps\" src=\"https:\/\/www.trugemtech.com\/wp-content\/uploads\/2024\/11\/\u77ff\u5c71-3.jpeg\" data-object-fit=\"cover\" srcset=\"https:\/\/www.trugemtech.com\/wp-content\/uploads\/2024\/11\/\u77ff\u5c71-3.jpeg 2000w, https:\/\/www.trugemtech.com\/wp-content\/uploads\/2024\/11\/\u77ff\u5c71-3-300x184.jpeg 300w, https:\/\/www.trugemtech.com\/wp-content\/uploads\/2024\/11\/\u77ff\u5c71-3-1024x629.jpeg 1024w, https:\/\/www.trugemtech.com\/wp-content\/uploads\/2024\/11\/\u77ff\u5c71-3-768x472.jpeg 768w, https:\/\/www.trugemtech.com\/wp-content\/uploads\/2024\/11\/\u77ff\u5c71-3-1536x943.jpeg 1536w, https:\/\/www.trugemtech.com\/wp-content\/uploads\/2024\/11\/\u77ff\u5c71-3-18x12.jpeg 18w\" sizes=\"(max-width: 2000px) 100vw, 2000px\" \/><div class=\"wp-block-cover__inner-container is-layout-constrained wp-block-cover-is-layout-constrained\">\n<p class=\"has-text-align-center has-large-font-size\"><\/p>\n\n\n\n<div class=\"wp-block-columns is-layout-flex wp-container-core-columns-is-layout-9d6595d7 wp-block-columns-is-layout-flex\">\n<div class=\"wp-block-column is-layout-flow wp-block-column-is-layout-flow\" style=\"flex-basis:60%\"><\/div>\n\n\n\n<div class=\"wp-block-column is-layout-flow wp-block-column-is-layout-flow\" style=\"padding-right:var(--wp--preset--spacing--60);padding-left:var(--wp--preset--spacing--60);flex-basis:55%\">\n<p class=\"has-nv-site-bg-color has-text-color has-link-color wp-elements-d0e52204c02750f515155c509ff1ce5e\"><strong>Aprovechando la tecnolog\u00eda RTK, la pasarela AIoT-5G-NV06 para veh\u00edculos proporciona un posicionamiento de alta precisi\u00f3n, monitorizaci\u00f3n y estado en tiempo real, ofreciendo una visi\u00f3n m\u00e1s profunda y un rendimiento optimizado para la gesti\u00f3n de flotas por GPS. Su conectividad con varios perif\u00e9ricos del veh\u00edculo garantiza un proceso completo de recopilaci\u00f3n y an\u00e1lisis de datos para la toma de decisiones.<\/strong><\/p>\n<\/div>\n<\/div>\n<\/div><\/div>\n<\/div>\n<\/div>\n\n\n\n<div style=\"height:50px\" aria-hidden=\"true\" class=\"wp-block-spacer\"><\/div>\n\n\n\n<h2 class=\"wp-block-heading translation-block\" id=\"h-challenges\"><strong><strong>Desaf\u00edo<\/strong><\/strong>s<\/h2>\n\n\n\n<div class=\"wp-block-columns is-layout-flex wp-container-core-columns-is-layout-9d6595d7 wp-block-columns-is-layout-flex\">\n<div class=\"wp-block-column is-layout-flow wp-block-column-is-layout-flow\" style=\"flex-basis:100%\">\n<ul class=\"wp-block-list\">\n<li><strong>Recogida de informaci\u00f3n insuficiente<\/strong><\/li>\n<\/ul>\n\n\n\n<p>El actual sistema de gesti\u00f3n del transporte auxiliar minero adolece de una inadecuada recopilaci\u00f3n, procesamiento y an\u00e1lisis de datos. El resultado es una visibilidad limitada y unos procesos de toma de decisiones ineficaces.<\/p>\n\n\n\n<ul class=\"wp-block-list\">\n<li><strong>Barreras cr\u00edticas para la adquisici\u00f3n de datos<\/strong><\/li>\n<\/ul>\n\n\n\n<p>La mayor\u00eda de los veh\u00edculos de transporte auxiliar carecen de terminales a bordo, por lo que es imposible recopilar datos cruciales como la ubicaci\u00f3n del veh\u00edculo, la velocidad y la potencia restante. Esta ausencia de informaci\u00f3n vital afecta directamente a la eficacia del sistema de seguimiento de gesti\u00f3n de flotas<\/p>\n\n\n\n<ul class=\"wp-block-list\">\n<li><strong>Falta de an\u00e1lisis inteligente<\/strong><\/li>\n<\/ul>\n\n\n\n<p>En la actualidad, los expedidores deben verificar o calcular manualmente las posiciones actuales y el kilometraje de los veh\u00edculos de transporte auxiliares. Este proceso laborioso no solo consume un tiempo valioso, sino que tambi\u00e9n da lugar a disputas y errores, lo que complica el seguimiento en tiempo real de la flota.<\/p>\n\n\n\n<ul class=\"wp-block-list\">\n<li><strong>Infrautilizaci\u00f3n de la capacidad de los veh\u00edculos<\/strong><\/li>\n<\/ul>\n\n\n\n<p>Sin una verificaci\u00f3n oportuna del estado del veh\u00edculo y un sistema eficaz de veh\u00edculos compartidos, la capacidad de transporte de los veh\u00edculos permanece infrautilizada. Como consecuencia, a veces el veh\u00edculo va vac\u00edo, con lo que se desperdicia la capacidad de transporte del veh\u00edculo.<\/p>\n\n\n\n<ul class=\"wp-block-list\">\n<li><strong>Procesos no normalizados<\/strong><\/li>\n<\/ul>\n\n\n\n<p>El actual proceso de solicitud de veh\u00edculos carece de la suficiente previsi\u00f3n y normalizaci\u00f3n, lo que da lugar a frecuentes solicitudes de veh\u00edculos temporales. A menudo se producen conflictos de programaci\u00f3n que retrasan las operaciones cr\u00edticas.<\/p>\n<\/div>\n<\/div>\n\n\n\n<div class=\"wp-block-columns is-layout-flex wp-container-core-columns-is-layout-9d6595d7 wp-block-columns-is-layout-flex\">\n<div class=\"wp-block-column is-layout-flow wp-block-column-is-layout-flow\"><div class=\"wp-block-image\">\n<figure class=\"aligncenter size-large is-resized\"><img decoding=\"async\" width=\"1024\" height=\"683\" src=\"https:\/\/www.trugemtech.com\/wp-content\/uploads\/2024\/10\/mining-1024x683.jpg\" alt=\"miner\u00eda\" class=\"wp-image-2215\" style=\"width:auto;height:400px\" srcset=\"https:\/\/www.trugemtech.com\/wp-content\/uploads\/2024\/10\/mining-1024x683.jpg 1024w, https:\/\/www.trugemtech.com\/wp-content\/uploads\/2024\/10\/mining-300x200.jpg 300w, https:\/\/www.trugemtech.com\/wp-content\/uploads\/2024\/10\/mining-768x512.jpg 768w, https:\/\/www.trugemtech.com\/wp-content\/uploads\/2024\/10\/mining-1536x1024.jpg 1536w, https:\/\/www.trugemtech.com\/wp-content\/uploads\/2024\/10\/mining-930x620.jpg 930w, https:\/\/www.trugemtech.com\/wp-content\/uploads\/2024\/10\/mining.jpg 1920w\" sizes=\"(max-width: 1024px) 100vw, 1024px\" \/><\/figure>\n<\/div>\n\n\n<h2 class=\"wp-block-heading\" id=\"h-customer-requirements\">Requisitos del cliente<\/h2>\n\n\n\n<div class=\"wp-block-columns is-layout-flex wp-container-core-columns-is-layout-9d6595d7 wp-block-columns-is-layout-flex\">\n<div class=\"wp-block-column has-border-color has-neve-text-color-border-color has-nv-light-bg-background-color has-background is-layout-flow wp-block-column-is-layout-flow\" style=\"border-width:1px\">\n<hr class=\"wp-block-separator has-text-color has-neve-link-color-color has-alpha-channel-opacity has-neve-link-color-background-color has-background is-style-wide\"\/>\n\n\n\n<h3 class=\"wp-block-heading has-text-align-center has-medium-font-size\" id=\"h-digitalization\">Digitalizaci\u00f3n<\/h3>\n\n\n\n<p>El objetivo de la soluci\u00f3n de gesti\u00f3n de flotas por GPS es digitalizar las partes clave del sistema auxiliar de transporte, transformando los procesos empresariales y las actividades reales de transporte en formatos digitales eficientes.<\/p>\n<\/div>\n\n\n\n<div class=\"wp-block-column has-border-color has-neve-text-color-border-color has-nv-light-bg-background-color has-background is-layout-flow wp-block-column-is-layout-flow\" style=\"border-width:1px\">\n<hr class=\"wp-block-separator has-text-color has-neve-link-color-color has-alpha-channel-opacity has-neve-link-color-background-color has-background is-style-wide\"\/>\n\n\n\n<h3 class=\"wp-block-heading has-text-align-center has-medium-font-size\" id=\"h-real-time-monitoring-management\">Gesti\u00f3n de la supervisi\u00f3n en tiempo real<\/h3>\n\n\n\n<p>Permitir un control y seguimiento eficaces de flotas por GPS en tiempo real. nuestro objetivo es mejorar la programaci\u00f3n de veh\u00edculos, la planificaci\u00f3n de rutas, el control de se\u00f1ales de tr\u00e1fico y la asignaci\u00f3n de tareas, haci\u00e9ndolos m\u00e1s inteligentes y eficientes.<\/p>\n<\/div>\n\n\n\n<div class=\"wp-block-column has-border-color has-neve-text-color-border-color has-nv-light-bg-background-color has-background is-layout-flow wp-block-column-is-layout-flow\" style=\"border-width:1px\">\n<hr class=\"wp-block-separator has-text-color has-neve-link-color-color has-alpha-channel-opacity has-neve-link-color-background-color has-background is-style-wide\"\/>\n\n\n\n<h3 class=\"wp-block-heading has-text-align-center has-medium-font-size\" id=\"h-workforce-optimization\">Optimizaci\u00f3n de la mano de obra<\/h3>\n\n\n\n<p>La soluci\u00f3n de gesti\u00f3n de flotas por GPS pretende simplificar la naturaleza compleja y polivalente del sistema de transporte auxiliar minero, reduciendo las necesidades de personal y aumentando al mismo tiempo la eficacia y la seguridad.<\/p>\n<\/div>\n<\/div>\n<\/div>\n<\/div>\n\n\n\n<div style=\"height:50px\" aria-hidden=\"true\" class=\"wp-block-spacer\"><\/div>\n\n\n\n<div class=\"wp-block-columns is-layout-flex wp-container-core-columns-is-layout-9d6595d7 wp-block-columns-is-layout-flex\">\n<div class=\"wp-block-column is-layout-flow wp-block-column-is-layout-flow\">\n<h2 class=\"wp-block-heading\" id=\"h-solution\">Soluci\u00f3n<\/h2>\n\n\n\n<ul class=\"wp-block-list\">\n<li><strong>Gesti\u00f3n integral de elementos<\/strong><\/li>\n<\/ul>\n\n\n\n<p>Implantar una gesti\u00f3n completa del sistema de transporte auxiliar minero, que incluya personal, veh\u00edculos, materiales y se\u00f1ales de tr\u00e1fico, con el apoyo de un s\u00f3lido an\u00e1lisis de datos.<\/p>\n<\/div>\n<\/div>\n\n\n\n<ul class=\"wp-block-list\">\n<li><strong>Programaci\u00f3n inteligente de veh\u00edculos<\/strong><\/li>\n<\/ul>\n\n\n\n<p>El sistema de gesti\u00f3n de flotas por GPS permitir\u00e1 programar de forma inteligente los veh\u00edculos en funci\u00f3n de las condiciones en tiempo real de la explotaci\u00f3n minera, lo que mejorar\u00e1 la eficiencia del transporte y la utilizaci\u00f3n.<\/p>\n\n\n\n<ul class=\"wp-block-list\">\n<li><strong>Planificaci\u00f3n inteligente de rutas<\/strong><\/li>\n<\/ul>\n\n\n\n<p>Utilice las ventajas de la tecnolog\u00eda de posicionamiento de alta precisi\u00f3n GNSS RTK, combinada con la informaci\u00f3n de seguimiento en tiempo real de los veh\u00edculos y el an\u00e1lisis de big data, para crear rutas \u00f3ptimas para la flota.<\/p>\n\n\n\n<ul class=\"wp-block-list\">\n<li><strong>Gesti\u00f3n inteligente del comportamiento<\/strong><\/li>\n<\/ul>\n\n\n\n<p>Emplee la tecnolog\u00eda visual AI de TruGem dentro de la soluci\u00f3n 5G AIoT para una gesti\u00f3n integral del personal, los veh\u00edculos y los eventos, garantizando la seguridad y el cumplimiento.<\/p>\n\n\n\n<div style=\"height:50px\" aria-hidden=\"true\" class=\"wp-block-spacer\"><\/div>\n\n\n\n<div class=\"wp-block-columns is-layout-flex wp-container-core-columns-is-layout-9d6595d7 wp-block-columns-is-layout-flex\">\n<div class=\"wp-block-column is-layout-flow wp-block-column-is-layout-flow\">\n<h2 class=\"wp-block-heading\" id=\"h-benefits\">Beneficios<\/h2>\n\n\n\n<div class=\"wp-block-columns is-layout-flex wp-container-core-columns-is-layout-9d6595d7 wp-block-columns-is-layout-flex\">\n<div class=\"wp-block-column has-border-color has-neve-link-color-border-color has-nv-light-bg-background-color has-background is-layout-flow wp-block-column-is-layout-flow\" style=\"border-width:1px;border-radius:25px;padding-top:var(--wp--preset--spacing--40);padding-right:var(--wp--preset--spacing--40);padding-bottom:var(--wp--preset--spacing--40);padding-left:var(--wp--preset--spacing--40)\">\n<h3 class=\"wp-block-heading has-text-align-center\" id=\"h-intelligent-platform\">Plataforma inteligente<\/h3>\n\n\n\n<p>Integrar las funcionalidades de datos para lograr una interconectividad sin fisuras, mejorando las capacidades operativas generales.<\/p>\n<\/div>\n\n\n\n<div class=\"wp-block-column has-border-color has-neve-link-color-border-color has-nv-light-bg-background-color has-background is-layout-flow wp-block-column-is-layout-flow\" style=\"border-width:1px;border-radius:25px;padding-top:var(--wp--preset--spacing--40);padding-right:var(--wp--preset--spacing--40);padding-bottom:var(--wp--preset--spacing--40);padding-left:var(--wp--preset--spacing--40)\">\n<h3 class=\"wp-block-heading has-text-align-center\" id=\"h-optimized-operational-methods\">M\u00e9todos operativos optimizados<\/h3>\n\n\n\n<p>Perfeccionar las estrategias de asignaci\u00f3n de recursos para mejorar la eficacia operativa general, garantizando que todos los veh\u00edculos se utilicen eficazmente. <\/p>\n<\/div>\n<\/div>\n\n\n\n<div class=\"wp-block-columns is-layout-flex wp-container-core-columns-is-layout-9d6595d7 wp-block-columns-is-layout-flex\">\n<div class=\"wp-block-column has-border-color has-neve-link-color-border-color has-nv-light-bg-background-color has-background is-layout-flow wp-block-column-is-layout-flow\" style=\"border-width:1px;border-radius:25px;padding-top:var(--wp--preset--spacing--40);padding-right:var(--wp--preset--spacing--40);padding-bottom:var(--wp--preset--spacing--40);padding-left:var(--wp--preset--spacing--40)\">\n<h3 class=\"wp-block-heading has-text-align-center\" id=\"h-rich-transportation-management-features\">Funciones avanzadas de gesti\u00f3n del transporte<\/h3>\n\n\n\n<p>Mejore las capacidades de visualizaci\u00f3n de datos mediante el sistema auxiliar de gesti\u00f3n de flotas gps, que proporciona potentes y completas herramientas de an\u00e1lisis de datos.<\/p>\n<\/div>\n\n\n\n<div class=\"wp-block-column has-border-color has-neve-link-color-border-color has-nv-light-bg-background-color has-background is-layout-flow wp-block-column-is-layout-flow\" style=\"border-width:1px;border-radius:25px;padding-top:var(--wp--preset--spacing--40);padding-right:var(--wp--preset--spacing--40);padding-bottom:var(--wp--preset--spacing--40);padding-left:var(--wp--preset--spacing--40)\">\n<h3 class=\"wp-block-heading has-text-align-center\" id=\"h-efficiency-boost-through-smart-algorithms-0\">Aumento de la eficiencia mediante algoritmos inteligentes<\/h3>\n\n\n\n<p>Utilice diversos algoritmos inteligentes para optimizar la programaci\u00f3n de veh\u00edculos y agilizar los procesos, reduciendo considerablemente el tiempo y aumentando el rendimiento.<\/p>\n<\/div>\n<\/div>\n<\/div>\n<\/div>\n\n\n\n<h2 class=\"wp-block-heading\" id=\"h-products\">Productos<\/h2>\n\n\n\n<div class=\"wp-block-columns is-layout-flex wp-container-core-columns-is-layout-9d6595d7 wp-block-columns-is-layout-flex\">\n<div class=\"wp-block-column is-vertically-aligned-center is-layout-flow wp-block-column-is-layout-flow\" style=\"flex-basis:30%\"><div class=\"wp-block-image\">\n<figure class=\"aligncenter size-full\"><a href=\"https:\/\/www.trugemtech.com\/es\/pasarela-de-computacion-de-borde-ip67\/\"><img decoding=\"async\" width=\"800\" height=\"800\" src=\"https:\/\/www.trugemtech.com\/wp-content\/uploads\/2024\/09\/\u8f66\u8f7d2-2.png\" alt=\"Pasarela inform\u00e1tica TruGem AIoT-5G-NV06\" class=\"wp-image-1321\" srcset=\"https:\/\/www.trugemtech.com\/wp-content\/uploads\/2024\/09\/\u8f66\u8f7d2-2.png 800w, https:\/\/www.trugemtech.com\/wp-content\/uploads\/2024\/09\/\u8f66\u8f7d2-2-300x300.png 300w, https:\/\/www.trugemtech.com\/wp-content\/uploads\/2024\/09\/\u8f66\u8f7d2-2-150x150.png 150w, https:\/\/www.trugemtech.com\/wp-content\/uploads\/2024\/09\/\u8f66\u8f7d2-2-768x768.png 768w, https:\/\/www.trugemtech.com\/wp-content\/uploads\/2024\/09\/elementor\/thumbs\/2-2-qvyyzgwqg710npxxebqhysxgw4u1xfjf6pwen7zrew.png 500w, https:\/\/www.trugemtech.com\/wp-content\/uploads\/2024\/09\/elementor\/thumbs\/2-2-qvyyzgwq7f9qc4b6ijk9jl5sonzq72wa0czdexwbeo.png 480w, https:\/\/www.trugemtech.com\/wp-content\/uploads\/2024\/09\/elementor\/thumbs\/2-2-qvyyzgwpynig0iofmre14de4h75egq94u02c6nsveg.png 460w, https:\/\/www.trugemtech.com\/wp-content\/uploads\/2024\/09\/elementor\/thumbs\/2-2-qvyyzgwpu9msupv26vawwriadgq8ljxk8tltkir5ec.png 450w, https:\/\/www.trugemtech.com\/wp-content\/uploads\/2024\/09\/elementor\/thumbs\/2-2-qvyyzgwppvr5ox1oqz7sp5mg9qb2qdlznn5aydpfe8.png 440w\" sizes=\"(max-width: 800px) 100vw, 800px\" \/><\/a><\/figure>\n<\/div>\n\n\n<h3 class=\"wp-block-heading has-text-align-center ticss-8bd3e6a0\" id=\"h-aiot-5g-nv06\"><strong><a href=\"https:\/\/www.trugemtech.com\/es\/pasarela-de-computacion-de-borde-ip67\/\">AIoT-5G-NV06<\/a><\/strong><\/h3>\n<\/div>\n<\/div>\n\n\n\n<p><\/p>","protected":false},"excerpt":{"rendered":"<p>Retos El actual sistema de gesti\u00f3n del transporte auxiliar minero adolece de una recopilaci\u00f3n, procesamiento y an\u00e1lisis de datos inadecuados. El resultado es una visibilidad limitada y unos procesos de toma de decisiones ineficaces. La mayor\u00eda de los veh\u00edculos de transporte auxiliar carecen de terminales a bordo, lo que hace imposible recopilar datos cruciales como la ubicaci\u00f3n del veh\u00edculo, la velocidad y la potencia restante. Esta ausencia de informaci\u00f3n vital afecta directamente a la...&nbsp;<a href=\"https:\/\/www.trugemtech.com\/es\/gestion-de-flotas-gps\/\" class=\"\" rel=\"bookmark\">Leer m\u00e1s \"<span class=\"screen-reader-text\">Gesti\u00f3n de flotas mineras por GPS<\/span><\/a><\/p>","protected":false},"author":1,"featured_media":0,"parent":0,"menu_order":0,"comment_status":"closed","ping_status":"closed","template":"","meta":{"neve_meta_sidebar":"","neve_meta_container":"","neve_meta_enable_content_width":"","neve_meta_content_width":0,"neve_meta_title_alignment":"","neve_meta_author_avatar":"","neve_post_elements_order":"","neve_meta_disable_header":"","neve_meta_disable_footer":"","neve_meta_disable_title":"","_themeisle_gutenberg_block_has_review":false,"_ti_tpc_template_sync":false,"_ti_tpc_template_id":"","footnotes":""},"class_list":["post-2580","page","type-page","status-publish","hentry"],"yoast_head":"<!-- This site is optimized with the Yoast SEO Premium plugin v23.6 (Yoast SEO v23.8) - https:\/\/yoast.com\/wordpress\/plugins\/seo\/ -->\n<title>GPS Fleet Management of Mining<\/title>\n<meta name=\"description\" content=\"vehicle gateway IoT-5G-NV06 provides high precision positioning, real-time monitoring and status for gps fleet management.\" \/>\n<meta name=\"robots\" content=\"index, follow, max-snippet:-1, max-image-preview:large, max-video-preview:-1\" \/>\n<link rel=\"canonical\" href=\"https:\/\/www.trugemtech.com\/es\/gestion-de-flotas-gps\/\" \/>\n<meta property=\"og:locale\" content=\"es_ES\" \/>\n<meta property=\"og:type\" content=\"article\" \/>\n<meta property=\"og:title\" content=\"GPS Fleet Management of Mining\" \/>\n<meta property=\"og:description\" content=\"vehicle gateway IoT-5G-NV06 provides high precision positioning, real-time monitoring and status for gps fleet management.\" \/>\n<meta property=\"og:url\" content=\"https:\/\/www.trugemtech.com\/es\/gestion-de-flotas-gps\/\" \/>\n<meta property=\"og:site_name\" content=\"IoT Solutions- AIoT-Vehicle Gateway - Edge Computing Gateway\" \/>\n<meta property=\"article:publisher\" content=\"https:\/\/www.facebook.com\/TruGemTech\" \/>\n<meta property=\"article:modified_time\" content=\"2024-11-16T00:15:46+00:00\" \/>\n<meta property=\"og:image\" content=\"https:\/\/www.trugemtech.com\/wp-content\/uploads\/2024\/10\/mining-1024x683.jpg\" \/>\n<meta name=\"twitter:card\" content=\"summary_large_image\" \/>\n<meta name=\"twitter:label1\" content=\"Tiempo de lectura\" \/>\n\t<meta name=\"twitter:data1\" content=\"3 minutos\" \/>\n<script type=\"application\/ld+json\" class=\"yoast-schema-graph\">{\"@context\":\"https:\/\/schema.org\",\"@graph\":[{\"@type\":\"WebPage\",\"@id\":\"https:\/\/www.trugemtech.com\/gps-fleet-management\/\",\"url\":\"https:\/\/www.trugemtech.com\/gps-fleet-management\/\",\"name\":\"GPS Fleet Management of Mining\",\"isPartOf\":{\"@id\":\"https:\/\/www.trugemtech.com\/#website\"},\"primaryImageOfPage\":{\"@id\":\"https:\/\/www.trugemtech.com\/gps-fleet-management\/#primaryimage\"},\"image\":{\"@id\":\"https:\/\/www.trugemtech.com\/gps-fleet-management\/#primaryimage\"},\"thumbnailUrl\":\"https:\/\/www.trugemtech.com\/wp-content\/uploads\/2024\/10\/mining-1024x683.jpg\",\"datePublished\":\"2024-11-15T10:33:35+00:00\",\"dateModified\":\"2024-11-16T00:15:46+00:00\",\"description\":\"vehicle gateway IoT-5G-NV06 provides high precision positioning, real-time monitoring and status for gps fleet management.\",\"breadcrumb\":{\"@id\":\"https:\/\/www.trugemtech.com\/gps-fleet-management\/#breadcrumb\"},\"inLanguage\":\"es\",\"potentialAction\":[{\"@type\":\"ReadAction\",\"target\":[\"https:\/\/www.trugemtech.com\/gps-fleet-management\/\"]}]},{\"@type\":\"ImageObject\",\"inLanguage\":\"es\",\"@id\":\"https:\/\/www.trugemtech.com\/gps-fleet-management\/#primaryimage\",\"url\":\"https:\/\/www.trugemtech.com\/wp-content\/uploads\/2024\/10\/mining-1024x683.jpg\",\"contentUrl\":\"https:\/\/www.trugemtech.com\/wp-content\/uploads\/2024\/10\/mining-1024x683.jpg\"},{\"@type\":\"BreadcrumbList\",\"@id\":\"https:\/\/www.trugemtech.com\/gps-fleet-management\/#breadcrumb\",\"itemListElement\":[{\"@type\":\"ListItem\",\"position\":1,\"name\":\"Home\",\"item\":\"https:\/\/www.trugemtech.com\/\"},{\"@type\":\"ListItem\",\"position\":2,\"name\":\"GPS Fleet Management of Mining\"}]},{\"@type\":\"WebSite\",\"@id\":\"https:\/\/www.trugemtech.com\/#website\",\"url\":\"https:\/\/www.trugemtech.com\/\",\"name\":\"IoT Solutions- Vehicle Gateway - IoT Gateway - Industrial Router\",\"description\":\"Empower Digital Transformation\",\"alternateName\":\"IoT Solutions- AIoT - Vehicle Gateway - Edge Computing Gateway\",\"potentialAction\":[{\"@type\":\"SearchAction\",\"target\":{\"@type\":\"EntryPoint\",\"urlTemplate\":\"https:\/\/www.trugemtech.com\/?s={search_term_string}\"},\"query-input\":{\"@type\":\"PropertyValueSpecification\",\"valueRequired\":true,\"valueName\":\"search_term_string\"}}],\"inLanguage\":\"es\"}]}<\/script>\n<!-- \/ Yoast SEO Premium plugin. -->","yoast_head_json":{"title":"Gesti\u00f3n de flotas mineras por GPS","description":"La pasarela para veh\u00edculos IoT-5G-NV06 proporciona posicionamiento de alta precisi\u00f3n, monitorizaci\u00f3n en tiempo real y estado para la gesti\u00f3n de flotas gps.","robots":{"index":"index","follow":"follow","max-snippet":"max-snippet:-1","max-image-preview":"max-image-preview:large","max-video-preview":"max-video-preview:-1"},"canonical":"https:\/\/www.trugemtech.com\/es\/gestion-de-flotas-gps\/","og_locale":"es_ES","og_type":"article","og_title":"GPS Fleet Management of Mining","og_description":"vehicle gateway IoT-5G-NV06 provides high precision positioning, real-time monitoring and status for gps fleet management.","og_url":"https:\/\/www.trugemtech.com\/es\/gestion-de-flotas-gps\/","og_site_name":"IoT Solutions- AIoT-Vehicle Gateway - Edge Computing Gateway","article_publisher":"https:\/\/www.facebook.com\/TruGemTech","article_modified_time":"2024-11-16T00:15:46+00:00","og_image":[{"url":"https:\/\/www.trugemtech.com\/wp-content\/uploads\/2024\/10\/mining-1024x683.jpg"}],"twitter_card":"summary_large_image","twitter_misc":{"Tiempo de lectura":"3 minutos"},"schema":{"@context":"https:\/\/schema.org","@graph":[{"@type":"WebPage","@id":"https:\/\/www.trugemtech.com\/gps-fleet-management\/","url":"https:\/\/www.trugemtech.com\/gps-fleet-management\/","name":"Gesti\u00f3n de flotas mineras por GPS","isPartOf":{"@id":"https:\/\/www.trugemtech.com\/#website"},"primaryImageOfPage":{"@id":"https:\/\/www.trugemtech.com\/gps-fleet-management\/#primaryimage"},"image":{"@id":"https:\/\/www.trugemtech.com\/gps-fleet-management\/#primaryimage"},"thumbnailUrl":"https:\/\/www.trugemtech.com\/wp-content\/uploads\/2024\/10\/mining-1024x683.jpg","datePublished":"2024-11-15T10:33:35+00:00","dateModified":"2024-11-16T00:15:46+00:00","description":"La pasarela para veh\u00edculos IoT-5G-NV06 proporciona posicionamiento de alta precisi\u00f3n, monitorizaci\u00f3n en tiempo real y estado para la gesti\u00f3n de flotas gps.","breadcrumb":{"@id":"https:\/\/www.trugemtech.com\/gps-fleet-management\/#breadcrumb"},"inLanguage":"es","potentialAction":[{"@type":"ReadAction","target":["https:\/\/www.trugemtech.com\/gps-fleet-management\/"]}]},{"@type":"ImageObject","inLanguage":"es","@id":"https:\/\/www.trugemtech.com\/gps-fleet-management\/#primaryimage","url":"https:\/\/www.trugemtech.com\/wp-content\/uploads\/2024\/10\/mining-1024x683.jpg","contentUrl":"https:\/\/www.trugemtech.com\/wp-content\/uploads\/2024\/10\/mining-1024x683.jpg"},{"@type":"BreadcrumbList","@id":"https:\/\/www.trugemtech.com\/gps-fleet-management\/#breadcrumb","itemListElement":[{"@type":"ListItem","position":1,"name":"Home","item":"https:\/\/www.trugemtech.com\/"},{"@type":"ListItem","position":2,"name":"GPS Fleet Management of Mining"}]},{"@type":"WebSite","@id":"https:\/\/www.trugemtech.com\/#website","url":"https:\/\/www.trugemtech.com\/","name":"Soluciones IoT - Pasarela para veh\u00edculos - Pasarela IoT - Router industrial","description":"Potenciar la transformaci\u00f3n digital","alternateName":"IoT Solutions- AIoT - Vehicle Gateway - Edge Computing Gateway","potentialAction":[{"@type":"SearchAction","target":{"@type":"EntryPoint","urlTemplate":"https:\/\/www.trugemtech.com\/?s={search_term_string}"},"query-input":{"@type":"PropertyValueSpecification","valueRequired":true,"valueName":"search_term_string"}}],"inLanguage":"es"}]}},"_links":{"self":[{"href":"https:\/\/www.trugemtech.com\/es\/wp-json\/wp\/v2\/pages\/2580","targetHints":{"allow":["GET"]}}],"collection":[{"href":"https:\/\/www.trugemtech.com\/es\/wp-json\/wp\/v2\/pages"}],"about":[{"href":"https:\/\/www.trugemtech.com\/es\/wp-json\/wp\/v2\/types\/page"}],"author":[{"embeddable":true,"href":"https:\/\/www.trugemtech.com\/es\/wp-json\/wp\/v2\/users\/1"}],"replies":[{"embeddable":true,"href":"https:\/\/www.trugemtech.com\/es\/wp-json\/wp\/v2\/comments?post=2580"}],"version-history":[{"count":5,"href":"https:\/\/www.trugemtech.com\/es\/wp-json\/wp\/v2\/pages\/2580\/revisions"}],"predecessor-version":[{"id":2587,"href":"https:\/\/www.trugemtech.com\/es\/wp-json\/wp\/v2\/pages\/2580\/revisions\/2587"}],"wp:attachment":[{"href":"https:\/\/www.trugemtech.com\/es\/wp-json\/wp\/v2\/media?parent=2580"}],"curies":[{"name":"wp","href":"https:\/\/api.w.org\/{rel}","templated":true}]}}