{"id":2695,"date":"2024-11-27T16:15:07","date_gmt":"2024-11-27T08:15:07","guid":{"rendered":"https:\/\/www.trugemtech.com\/?page_id=2695"},"modified":"2024-11-27T16:15:09","modified_gmt":"2024-11-27T08:15:09","slug":"pasarela-de-posicionamiento-rtk-c505","status":"publish","type":"page","link":"https:\/\/www.trugemtech.com\/es\/pasarela-de-posicionamiento-rtk-c505\/","title":{"rendered":"Pasarela de posicionamiento 5G RTK C505-5RW"},"content":{"rendered":"\n<div class=\"wp-block-columns alignwide has-nv-light-bg-background-color has-background is-layout-flex wp-container-core-columns-is-layout-fe847a89 wp-block-columns-is-layout-flex\" style=\"border-radius:30px;padding-top:var(--wp--preset--spacing--50);padding-right:var(--wp--preset--spacing--50);padding-bottom:var(--wp--preset--spacing--50);padding-left:var(--wp--preset--spacing--50)\">\n<div class=\"wp-block-column is-layout-flow wp-block-column-is-layout-flow\">\n<p style=\"padding-top:var(--wp--preset--spacing--20);padding-bottom:var(--wp--preset--spacing--20);font-size:18px\"><strong>TruGem 5G <strong>RTK Positioning Gateway<\/strong> C505-5RW<\/strong> <strong>is designed to deliver unparalleled accuracy and performance in industrial environments. Equipped with <strong>Real-Time Kinematic (RTK)<\/strong> technology, it ensures centimeter-level <strong>geographical positioning<\/strong>, ideal for applications that demand high-precision tracking and monitoring.<\/strong><span data-lark-record-data=\"{&quot;rootId&quot;:&quot;UUCmdH948om5I7xCHtkc6M2tnne&quot;,&quot;text&quot;:{&quot;initialAttributedTexts&quot;:{&quot;text&quot;:{&quot;0&quot;:&quot;The integration of 5G ensures AIoT-5G-GW06 series providing ultra-fast data transfer speeds, low latency, and enhanced network capacity to meet the demands of today's data-intensive applications. It comes with an IP65-rated enclosure, making it resistant to dust and water, catering to the specific requirements of challenging environments.&quot;},&quot;attribs&quot;:{&quot;0&quot;:&quot;*0+9g&quot;}},&quot;apool&quot;:{&quot;numToAttrib&quot;:{&quot;0&quot;:[&quot;author&quot;,&quot;7268478414045052931&quot;]},&quot;nextNum&quot;:1}},&quot;type&quot;:&quot;text&quot;,&quot;referenceRecordMap&quot;:{},&quot;extra&quot;:{&quot;channel&quot;:&quot;saas&quot;,&quot;pasteRandomId&quot;:&quot;c4a4ba10-0d10-4162-8edd-34b0c03b7e44&quot;,&quot;mention_page_title&quot;:{},&quot;external_mention_url&quot;:{}},&quot;isKeepQuoteContainer&quot;:false,&quot;isFromCode&quot;:false,&quot;selection&quot;:[{&quot;id&quot;:408,&quot;type&quot;:&quot;text&quot;,&quot;selection&quot;:{&quot;start&quot;:0,&quot;end&quot;:340},&quot;recordId&quot;:&quot;Jzk7d3EAnozZtBxLRa7c6Hv7nud&quot;}],&quot;payloadMap&quot;:{},&quot;isCut&quot;:false}\" data-lark-record-format=\"docx\/text\" class=\"lark-record-clipboard\"><\/span><\/p>\n\n\n<div class=\"wp-block-image\">\n<figure class=\"aligncenter size-full is-resized\"><img fetchpriority=\"high\" decoding=\"async\" width=\"800\" height=\"800\" src=\"https:\/\/www.trugemtech.com\/wp-content\/uploads\/2024\/08\/C505-1.png\" alt=\"5G RTK Positioning Gateway C505-5RW\" class=\"wp-image-969\" style=\"width:auto;height:400px\" srcset=\"https:\/\/www.trugemtech.com\/wp-content\/uploads\/2024\/08\/C505-1.png 800w, https:\/\/www.trugemtech.com\/wp-content\/uploads\/2024\/08\/C505-1-300x300.png 300w, https:\/\/www.trugemtech.com\/wp-content\/uploads\/2024\/08\/C505-1-150x150.png 150w, https:\/\/www.trugemtech.com\/wp-content\/uploads\/2024\/08\/C505-1-768x768.png 768w\" sizes=\"(max-width: 800px) 100vw, 800px\" \/><\/figure>\n<\/div>\n\n\n<div class=\"wp-block-buttons bounce is-content-justification-center is-layout-flex wp-container-core-buttons-is-layout-16018d1d wp-block-buttons-is-layout-flex\">\n<div class=\"wp-block-button is-style-primary\"><a class=\"wp-block-button__link wp-element-button\" href=\"https:\/\/www.trugemtech.com\/contact\/\">cONTACT US<\/a><\/div>\n<\/div>\n<\/div>\n<\/div>\n\n\n\n<div style=\"height:50px\" aria-hidden=\"true\" class=\"wp-block-spacer\"><\/div>\n\n\n\n<div id=\"wp-block-themeisle-blocks-tabs-2f79f695\" class=\"wp-block-themeisle-blocks-tabs  is-style-boxed\"><div class=\"wp-block-themeisle-blocks-tabs__content\">\n<div data-title=\"<strong&gt;Features<\/strong&gt;\" class=\"wp-block-themeisle-blocks-tabs-item\"><div class=\"wp-block-themeisle-blocks-tabs-item__header\" tabindex=\"0\"><strong>Features<\/strong><\/div><div class=\"wp-block-themeisle-blocks-tabs-item__content\">\n<div id=\"wp-block-themeisle-blocks-timeline-5e6322df\" class=\"wp-block-themeisle-blocks-timeline\"><div class=\"o-timeline-root\">\n<div id=\"wp-block-themeisle-blocks-timeline-item-8492b678\" class=\"wp-block-themeisle-blocks-timeline-item\"><div class=\"o-timeline-container\"><div class=\"o-timeline-icon\"><i class=\"fas fa-map-marker-alt\"><\/i><\/div><div class=\"o-timeline-content\">\n<h2 class=\"wp-block-heading has-neve-link-color-color has-text-color has-link-color wp-elements-0935f2774b2452924fbdb78d419d114d\" id=\"h-high-precision-positioning\" style=\"font-size:25px\">High-Precision Positioning<\/h2>\n\n\n\n<p>The gateway integrates advanced GNSS RTK technology for real-time corrections, enabling real-time processing and precise location data. This makes it a cornerstone for remote site monitoring and industrial operations requiring precision.<\/p>\n<\/div><\/div><\/div>\n\n\n\n<div id=\"wp-block-themeisle-blocks-timeline-item-d176dd79\" class=\"wp-block-themeisle-blocks-timeline-item\"><div class=\"o-timeline-container\"><div class=\"o-timeline-icon\"><i class=\"fas fa-project-diagram\"><\/i><\/div><div class=\"o-timeline-content\">\n<h2 class=\"wp-block-heading has-neve-link-color-color has-text-color has-link-color wp-elements-8d7ab2a6a563727120041c376e7a3240\" id=\"h-edge-computing-and-automated-data-processing\" style=\"font-size:25px\">Edge Computing and Automated Data Processing<\/h2>\n\n\n\n<p>With built-in edge computing capabilities, the gateway supports automated data processing and analytical processing, minimizing latency while enhancing operational efficiency.<\/p>\n<\/div><\/div><\/div>\n\n\n\n<div id=\"wp-block-themeisle-blocks-timeline-item-84a4bd50\" class=\"wp-block-themeisle-blocks-timeline-item\"><div class=\"o-timeline-container\"><div class=\"o-timeline-icon\"><i class=\"fab fa-connectdevelop\"><\/i><\/div><div class=\"o-timeline-content\">\n<h2 class=\"wp-block-heading has-neve-link-color-color has-text-color has-link-color wp-elements-ed2b30cdf044fb735171513edb4eea59\" id=\"h-comprehensive-connectivity\" style=\"font-size:25px\">Comprehensive Connectivity<\/h2>\n\n\n\n<p>Supporting multiple interfaces like Ethernet, RS485, and USB, it ensures seamless integration as a remote management device for IoT systems. Reliable connectivity ensures smooth data capturing and transfer across platforms.<\/p>\n<\/div><\/div><\/div>\n\n\n\n<div id=\"wp-block-themeisle-blocks-timeline-item-f1a1808c\" class=\"wp-block-themeisle-blocks-timeline-item\"><div class=\"o-timeline-container\"><div class=\"o-timeline-icon\"><i class=\"fas fa-wrench\"><\/i><\/div><div class=\"o-timeline-content\">\n<h2 class=\"wp-block-heading has-neve-link-color-color has-text-color has-link-color wp-elements-c78a746bed03608a0ef434d456960933\" id=\"h-industrial-grade-design\" style=\"font-size:25px\">Industrial-Grade Design<\/h2>\n\n\n\n<p>Built for industrial reliability, supports wide temperature and voltage ranges, making it adaptable to diverse working environments. High EMC resistance ensures robust performance against electromagnetic interference.<\/p>\n<\/div><\/div><\/div>\n\n\n\n<div id=\"wp-block-themeisle-blocks-timeline-item-58fb7d58\" class=\"wp-block-themeisle-blocks-timeline-item\"><div class=\"o-timeline-container\"><div class=\"o-timeline-icon\"><i class=\"fas fa-tv\"><\/i><\/div><div class=\"o-timeline-content\">\n<h2 class=\"wp-block-heading has-neve-link-color-color has-text-color has-link-color wp-elements-a85494302844406ead9c061643c0b32d\" id=\"h-cloud-based-monitoring-for-seamless-operations\" style=\"font-size:25px\">Cloud-Based Monitoring for Seamless Operations<\/h2>\n\n\n\n<p>Harness the power of a cloud management platform for industrial remote monitoring, enabling real-time visibility of data from any location. This scalable solution ensures centralized control, streamlined decision-making, and efficient management of operational workflows.<\/p>\n<\/div><\/div><\/div>\n<\/div><\/div>\n<\/div><\/div>\n\n\n\n<div data-title=\"<strong&gt;Specification<\/strong&gt;\" class=\"wp-block-themeisle-blocks-tabs-item\"><div class=\"wp-block-themeisle-blocks-tabs-item__header\" tabindex=\"0\"><strong>Specification<\/strong><\/div><div class=\"wp-block-themeisle-blocks-tabs-item__content\">\n<figure class=\"wp-block-table is-style-regular\" style=\"font-size:18px\"><table class=\"has-border-color has-nv-site-bg-border-color has-fixed-layout\" style=\"border-width:10px\"><tbody><tr><td colspan=\"2\"><strong>Cellular<\/strong><\/td><\/tr><tr><td><strong>Frequency<\/strong><strong>Bands<\/strong><strong><\/strong><\/td><td><strong>SKU1&nbsp;<\/strong><br>5G NR:n1\/3\/5\/7\/8\/20\/28\/38\/40\/41\/66\/77\/78;<br>LTE-FDD: B1\/2\/3\/4\/5\/7\/8\/20\/28\/66;<br>LTE-TDD: B38\/40\/41;<br>WCDMA: B1\/2\/5\/8<br><br><strong>SKU2 <\/strong><br>5G&nbsp;NR:n1\/3\/5\/\/7\/8\/20\/28\/38\/40\/41\/75\/76\/77\/78<br>LTE FDD: B1\/3\/5\/7\/8\/20\/28\/32<br>LTE TDD: B38\/40\/41\/42\/43<br>WCDMA: B1\/5\/8<br>*more&nbsp;bands can be supported with different SKU<\/td><\/tr><tr><td colspan=\"2\"><strong>Interfaces<\/strong><\/td><\/tr><tr><td><strong>Ethernet Interface<\/strong><\/td><td>4*10\/100\/1000&nbsp;Mbps,&nbsp;(auto-sensing)4 LAN by default, can be configured as1 WAN + 3 LAN<\/td><\/tr><tr><td><strong>Serial Interface<\/strong><\/td><td>4*RS485<\/td><\/tr><tr><td><strong>USB<\/strong><strong><\/strong><strong>Interface<\/strong><\/td><td>1&nbsp;*Type-A\uff0cUSB2.0,&nbsp;for&nbsp;expansion<\/td><\/tr><tr><td><strong>Antenna Connector<\/strong><\/td><td>8 *SMA\uff0c(4*5G,2*WIFI,1*4G,1*GNSS)<\/td><\/tr><tr><td><strong>SIM Slot<\/strong><\/td><td>2*Mini SIM,&nbsp;Dual sim single standby<\/td><\/tr><tr><td><strong>TF Slot<\/strong><\/td><td>1,&nbsp;for&nbsp;expansion<\/td><\/tr><tr><td colspan=\"2\"><strong>Power<\/strong><\/td><\/tr><tr><td><strong>Power Supply<\/strong><\/td><td>DC 9-36V<\/td><\/tr><tr><td><strong>Consumption<\/strong><\/td><td>\uff1c20W<\/td><\/tr><tr><td colspan=\"2\"><strong>WiFi<\/strong><\/td><\/tr><tr><td><strong>WIFI<\/strong><\/td><td>2.4GHz&nbsp;and&nbsp;5Ghz,&nbsp;IEEE 802.11b\/g\/n\/ac\uff0csupports&nbsp;32 users access<\/td><\/tr><\/tbody><\/table><\/figure>\n\n\n\n<figure style=\"font-size:18px\" class=\"wp-block-table\"><table class=\"has-border-color has-nv-site-bg-border-color has-fixed-layout\" style=\"border-width:10px\"><tbody><tr><td colspan=\"2\"><strong>Others<\/strong><\/td><\/tr><tr><td><strong>Hardware Watchdog<\/strong><\/td><td>Built-in<\/td><\/tr><tr><td><strong>Sensor<\/strong><\/td><td>Built-in temperature sensor can monitor the working temperature of the motherboard in real time<\/td><\/tr><tr><td><strong>GNSS<\/strong><\/td><td>Optional<\/td><\/tr><tr><td colspan=\"2\"><strong>Mechanical characteristics<\/strong><\/td><\/tr><tr><td><strong>Protection Rating<\/strong><\/td><td>IP30<\/td><\/tr><tr><td><strong>Housing<\/strong><\/td><td>Metal<\/td><\/tr><tr><td><strong>Installation<\/strong><\/td><td>Panel,&nbsp;Din&nbsp;rail<\/td><\/tr><tr><td><strong>Dimension<\/strong><\/td><td>190mm*132mm*44<\/td><\/tr><tr><td colspan=\"2\"><strong>EMC<\/strong><\/td><\/tr><tr><td><strong>Static<\/strong><\/td><td>EN61000-4-2, level 3<\/td><\/tr><tr><td><strong>Radiation Electric Field<\/strong><\/td><td>EN61000-4-3, level 3<\/td><\/tr><tr><td><strong>Pulsed Electric Field<\/strong><\/td><td>EN61000-4-4, level 3<\/td><\/tr><tr><td><strong>Surge<\/strong><\/td><td>EN61000-4-5, level 3<\/td><\/tr><tr><td><strong>Conducted Disturbance Immunity<\/strong><\/td><td>EN61000-4-6 ,level 3<\/td><\/tr><tr><td><strong>Shock Wave Resistance<\/strong><\/td><td>EN61000-4-12,level 3<\/td><\/tr><tr><td><strong>Power Frequency Magnetic Field Resistance<\/strong><\/td><td>EN61000-4-8, horizontal \/ vertical 400A\/m (&gt;level 2)<\/td><\/tr><tr><td colspan=\"2\"><strong>Ambient Temperature And Humidity<\/strong><\/td><\/tr><tr><td><strong>Operating temperature<\/strong><\/td><td>-30\u2103 ~ +70\u2103<\/td><\/tr><tr><td><strong>Relative humidity<\/strong><\/td><td>10%~100%<\/td><\/tr><tr><td><strong>Storage temperature<\/strong><\/td><td>-45\u2103~ +85\u2103<\/td><\/tr><\/tbody><\/table><\/figure>\n\n\n\n<figure style=\"font-size:18px\" class=\"wp-block-table\"><table class=\"has-border-color has-nv-site-bg-border-color has-fixed-layout\" style=\"border-width:10px\"><tbody><tr><td colspan=\"2\"><strong>Network<\/strong><\/td><\/tr><tr><td><strong>WAN<\/strong><\/td><td>Supports NAT, Router, Bridge, IP Pass through etc.<\/td><\/tr><tr><td><strong>LAN<\/strong><\/td><td>Supports dynamic IP address allocation and access with static IP address mode<\/td><\/tr><tr><td colspan=\"2\"><strong>Protocol<\/strong><\/td><\/tr><tr><td><strong>Industrial Protocol<\/strong><\/td><td>Modbus RTU, Modbus TCP, MQTT, HTTPS,&nbsp;UDP,&nbsp;NTRIP etc.JSON format<\/td><\/tr><tr><td colspan=\"2\"><strong>Securit<\/strong><strong>y<\/strong><\/td><\/tr><tr><td><strong>Multilevel user<\/strong><\/td><td>Multi-level management rights<\/td><\/tr><tr><td><strong>Data security<\/strong><\/td><td>L2\/L3 Firewall<\/td><\/tr><tr><td rowspan=\"4\"><strong>Firewall<\/strong><\/td><td>Supports DMZ, Port Mirror and ALG\uff1b<\/td><\/tr><tr><td>Supports firewall configuration management<\/td><\/tr><tr><td>Port forwarding<\/td><\/tr><tr><td>Port flip-flop<\/td><\/tr><tr><td colspan=\"2\"><strong>Reliability<\/strong><\/td><\/tr><tr><td><strong>Failover<\/strong><\/td><td>Dual&nbsp;Sim&nbsp;Failover<\/td><\/tr><tr><td><strong>Wa<\/strong><strong>t<\/strong><strong>chdog<\/strong><\/td><td>Device runs self-detection, auto recovers from malfunctions<\/td><\/tr><tr><td colspan=\"2\"><strong>Management<\/strong><\/td><\/tr><tr><td><strong>Remote Management<\/strong><\/td><td>TR069, Web<\/td><\/tr><tr><td><strong>Firmware Management<\/strong><\/td><td>Dual firmware backup<\/td><\/tr><tr><td><strong>Remote upgrade<\/strong><\/td><td>TR069, HTTP\/HTTPS,&nbsp;FTP, Telnet, SSH, etc.<\/td><\/tr><tr><td><strong>Device Management<\/strong><\/td><td>TruGem\u2019s&nbsp;ACS (Auto-Configuration Server )Periodic monitoring: Terminals can report parameters periodically according to server instructions, includes various performance of the&nbsp;terminal\uff08Data&nbsp;rate in downlink and uplink, DL Packet Error Rate (PER), MCS, MIMO mode,&nbsp;etc\uff09and&nbsp;Radio-frequency&nbsp;parameter\uff08PCI, RSRP, RSRQ, SINR, Transmit power, etc.\uff09<\/td><\/tr><tr><td><strong>Log<\/strong><\/td><td>SSH<\/td><\/tr><\/tbody><\/table><\/figure>\n<\/div><\/div>\n\n\n\n<div data-title=\"<strong&gt;Application<\/strong&gt;\" class=\"wp-block-themeisle-blocks-tabs-item\"><div class=\"wp-block-themeisle-blocks-tabs-item__header\" tabindex=\"0\"><strong>Application<\/strong><\/div><div class=\"wp-block-themeisle-blocks-tabs-item__content\">\n<p>5G RTK Positioning Gateway C505-5RW revolutionizes precision tracking with unmatched connectivity, reliability, and real-time insights, redefining standards in industrial operations, which enable applications across multiple industries, such as:<\/p>\n\n\n\n<ul class=\"wp-block-list\">\n<li>Intelligent&nbsp;healthcare<\/li>\n\n\n\n<li>Smart&nbsp;grid<\/li>\n\n\n\n<li>Retail<\/li>\n\n\n\n<li>Smart&nbsp;manufacturing<\/li>\n\n\n\n<li>Smart&nbsp;energy<\/li>\n\n\n\n<li>Industrial&nbsp;automation<\/li>\n\n\n\n<li>Smart&nbsp;building<\/li>\n\n\n\n<li>Smart&nbsp;logistics<\/li>\n<\/ul>\n<\/div><\/div>\n<\/div><\/div>\n","protected":false},"excerpt":{"rendered":"<p>La pasarela de posicionamiento TruGem 5G RTK C505-5RW est\u00e1 dise\u00f1ada para ofrecer una precisi\u00f3n y un rendimiento inigualables en entornos industriales. Equipada con tecnolog\u00eda cinem\u00e1tica en tiempo real (RTK), garantiza un posicionamiento geogr\u00e1fico a nivel centim\u00e9trico, ideal para aplicaciones que exigen un seguimiento y una supervisi\u00f3n de alta precisi\u00f3n.<\/p>","protected":false},"author":1,"featured_media":0,"parent":0,"menu_order":0,"comment_status":"closed","ping_status":"closed","template":"","meta":{"neve_meta_sidebar":"","neve_meta_container":"","neve_meta_enable_content_width":"","neve_meta_content_width":0,"neve_meta_title_alignment":"","neve_meta_author_avatar":"","neve_post_elements_order":"","neve_meta_disable_header":"","neve_meta_disable_footer":"","neve_meta_disable_title":"","_themeisle_gutenberg_block_has_review":false,"_ti_tpc_template_sync":false,"_ti_tpc_template_id":"","footnotes":""},"class_list":["post-2695","page","type-page","status-publish","hentry"],"yoast_head":"<!-- This site is optimized with the Yoast SEO Premium plugin v23.6 (Yoast SEO v23.8) - https:\/\/yoast.com\/wordpress\/plugins\/seo\/ -->\n<title>5G RTK Positioning Gateway C505-5RW<\/title>\n<meta name=\"description\" content=\"5G RTK Positioning Gateway C505-5RW with RTK tech is designed to deliver unparalleled accuracy and performance in industrial environments\" \/>\n<meta name=\"robots\" content=\"index, follow, max-snippet:-1, max-image-preview:large, max-video-preview:-1\" \/>\n<link rel=\"canonical\" href=\"https:\/\/www.trugemtech.com\/es\/pasarela-de-posicionamiento-rtk-c505\/\" \/>\n<meta property=\"og:locale\" content=\"es_ES\" \/>\n<meta property=\"og:type\" content=\"article\" \/>\n<meta property=\"og:title\" content=\"5G RTK Positioning Gateway C505-5RW\" \/>\n<meta property=\"og:description\" content=\"5G RTK Positioning Gateway C505-5RW with RTK tech is designed to deliver unparalleled accuracy and performance in industrial environments\" \/>\n<meta property=\"og:url\" content=\"https:\/\/www.trugemtech.com\/es\/pasarela-de-posicionamiento-rtk-c505\/\" \/>\n<meta property=\"og:site_name\" content=\"IoT Solutions- AIoT-Vehicle Gateway - Edge Computing Gateway\" \/>\n<meta property=\"article:publisher\" content=\"https:\/\/www.facebook.com\/TruGemTech\" \/>\n<meta property=\"article:modified_time\" content=\"2024-11-27T08:15:09+00:00\" \/>\n<meta property=\"og:image\" content=\"https:\/\/www.trugemtech.com\/wp-content\/uploads\/2024\/08\/C505-1.png\" \/>\n\t<meta property=\"og:image:width\" content=\"800\" \/>\n\t<meta property=\"og:image:height\" content=\"800\" \/>\n\t<meta property=\"og:image:type\" content=\"image\/png\" \/>\n<meta name=\"twitter:card\" content=\"summary_large_image\" \/>\n<meta name=\"twitter:label1\" content=\"Tiempo de lectura\" \/>\n\t<meta name=\"twitter:data1\" content=\"3 minutos\" \/>\n<script type=\"application\/ld+json\" class=\"yoast-schema-graph\">{\"@context\":\"https:\/\/schema.org\",\"@graph\":[{\"@type\":\"WebPage\",\"@id\":\"https:\/\/www.trugemtech.com\/rtk-positioning-gateway-c505\/\",\"url\":\"https:\/\/www.trugemtech.com\/rtk-positioning-gateway-c505\/\",\"name\":\"5G RTK Positioning Gateway C505-5RW\",\"isPartOf\":{\"@id\":\"https:\/\/www.trugemtech.com\/#website\"},\"primaryImageOfPage\":{\"@id\":\"https:\/\/www.trugemtech.com\/rtk-positioning-gateway-c505\/#primaryimage\"},\"image\":{\"@id\":\"https:\/\/www.trugemtech.com\/rtk-positioning-gateway-c505\/#primaryimage\"},\"thumbnailUrl\":\"https:\/\/www.trugemtech.com\/wp-content\/uploads\/2024\/08\/C505-1.png\",\"datePublished\":\"2024-11-27T08:15:07+00:00\",\"dateModified\":\"2024-11-27T08:15:09+00:00\",\"description\":\"5G RTK Positioning Gateway C505-5RW with RTK tech is designed to deliver unparalleled accuracy and performance in industrial environments\",\"breadcrumb\":{\"@id\":\"https:\/\/www.trugemtech.com\/rtk-positioning-gateway-c505\/#breadcrumb\"},\"inLanguage\":\"es\",\"potentialAction\":[{\"@type\":\"ReadAction\",\"target\":[\"https:\/\/www.trugemtech.com\/rtk-positioning-gateway-c505\/\"]}]},{\"@type\":\"ImageObject\",\"inLanguage\":\"es\",\"@id\":\"https:\/\/www.trugemtech.com\/rtk-positioning-gateway-c505\/#primaryimage\",\"url\":\"https:\/\/www.trugemtech.com\/wp-content\/uploads\/2024\/08\/C505-1.png\",\"contentUrl\":\"https:\/\/www.trugemtech.com\/wp-content\/uploads\/2024\/08\/C505-1.png\"},{\"@type\":\"BreadcrumbList\",\"@id\":\"https:\/\/www.trugemtech.com\/rtk-positioning-gateway-c505\/#breadcrumb\",\"itemListElement\":[{\"@type\":\"ListItem\",\"position\":1,\"name\":\"Home\",\"item\":\"https:\/\/www.trugemtech.com\/\"},{\"@type\":\"ListItem\",\"position\":2,\"name\":\"5G RTK Positioning Gateway C505-5RW\"}]},{\"@type\":\"WebSite\",\"@id\":\"https:\/\/www.trugemtech.com\/#website\",\"url\":\"https:\/\/www.trugemtech.com\/\",\"name\":\"IoT Solutions- Vehicle Gateway - IoT Gateway - Industrial Router\",\"description\":\"Empower Digital Transformation\",\"alternateName\":\"IoT Solutions- AIoT - Vehicle Gateway - Edge Computing Gateway\",\"potentialAction\":[{\"@type\":\"SearchAction\",\"target\":{\"@type\":\"EntryPoint\",\"urlTemplate\":\"https:\/\/www.trugemtech.com\/?s={search_term_string}\"},\"query-input\":{\"@type\":\"PropertyValueSpecification\",\"valueRequired\":true,\"valueName\":\"search_term_string\"}}],\"inLanguage\":\"es\"}]}<\/script>\n<!-- \/ Yoast SEO Premium plugin. -->","yoast_head_json":{"title":"Pasarela de posicionamiento 5G RTK C505-5RW","description":"La pasarela de posicionamiento 5G RTK C505-5RW con tecnolog\u00eda RTK est\u00e1 dise\u00f1ada para ofrecer una precisi\u00f3n y un rendimiento inigualables en entornos industriales","robots":{"index":"index","follow":"follow","max-snippet":"max-snippet:-1","max-image-preview":"max-image-preview:large","max-video-preview":"max-video-preview:-1"},"canonical":"https:\/\/www.trugemtech.com\/es\/pasarela-de-posicionamiento-rtk-c505\/","og_locale":"es_ES","og_type":"article","og_title":"5G RTK Positioning Gateway C505-5RW","og_description":"5G RTK Positioning Gateway C505-5RW with RTK tech is designed to deliver unparalleled accuracy and performance in industrial environments","og_url":"https:\/\/www.trugemtech.com\/es\/pasarela-de-posicionamiento-rtk-c505\/","og_site_name":"IoT Solutions- AIoT-Vehicle Gateway - Edge Computing Gateway","article_publisher":"https:\/\/www.facebook.com\/TruGemTech","article_modified_time":"2024-11-27T08:15:09+00:00","og_image":[{"width":800,"height":800,"url":"https:\/\/www.trugemtech.com\/wp-content\/uploads\/2024\/08\/C505-1.png","type":"image\/png"}],"twitter_card":"summary_large_image","twitter_misc":{"Tiempo de lectura":"3 minutos"},"schema":{"@context":"https:\/\/schema.org","@graph":[{"@type":"WebPage","@id":"https:\/\/www.trugemtech.com\/rtk-positioning-gateway-c505\/","url":"https:\/\/www.trugemtech.com\/rtk-positioning-gateway-c505\/","name":"Pasarela de posicionamiento 5G RTK C505-5RW","isPartOf":{"@id":"https:\/\/www.trugemtech.com\/#website"},"primaryImageOfPage":{"@id":"https:\/\/www.trugemtech.com\/rtk-positioning-gateway-c505\/#primaryimage"},"image":{"@id":"https:\/\/www.trugemtech.com\/rtk-positioning-gateway-c505\/#primaryimage"},"thumbnailUrl":"https:\/\/www.trugemtech.com\/wp-content\/uploads\/2024\/08\/C505-1.png","datePublished":"2024-11-27T08:15:07+00:00","dateModified":"2024-11-27T08:15:09+00:00","description":"La pasarela de posicionamiento 5G RTK C505-5RW con tecnolog\u00eda RTK est\u00e1 dise\u00f1ada para ofrecer una precisi\u00f3n y un rendimiento inigualables en entornos industriales","breadcrumb":{"@id":"https:\/\/www.trugemtech.com\/rtk-positioning-gateway-c505\/#breadcrumb"},"inLanguage":"es","potentialAction":[{"@type":"ReadAction","target":["https:\/\/www.trugemtech.com\/rtk-positioning-gateway-c505\/"]}]},{"@type":"ImageObject","inLanguage":"es","@id":"https:\/\/www.trugemtech.com\/rtk-positioning-gateway-c505\/#primaryimage","url":"https:\/\/www.trugemtech.com\/wp-content\/uploads\/2024\/08\/C505-1.png","contentUrl":"https:\/\/www.trugemtech.com\/wp-content\/uploads\/2024\/08\/C505-1.png"},{"@type":"BreadcrumbList","@id":"https:\/\/www.trugemtech.com\/rtk-positioning-gateway-c505\/#breadcrumb","itemListElement":[{"@type":"ListItem","position":1,"name":"Home","item":"https:\/\/www.trugemtech.com\/"},{"@type":"ListItem","position":2,"name":"5G RTK Positioning Gateway C505-5RW"}]},{"@type":"WebSite","@id":"https:\/\/www.trugemtech.com\/#website","url":"https:\/\/www.trugemtech.com\/","name":"Soluciones IoT - Pasarela para veh\u00edculos - Pasarela IoT - Router industrial","description":"Potenciar la transformaci\u00f3n digital","alternateName":"IoT Solutions- AIoT - Vehicle Gateway - Edge Computing Gateway","potentialAction":[{"@type":"SearchAction","target":{"@type":"EntryPoint","urlTemplate":"https:\/\/www.trugemtech.com\/?s={search_term_string}"},"query-input":{"@type":"PropertyValueSpecification","valueRequired":true,"valueName":"search_term_string"}}],"inLanguage":"es"}]}},"_links":{"self":[{"href":"https:\/\/www.trugemtech.com\/es\/wp-json\/wp\/v2\/pages\/2695","targetHints":{"allow":["GET"]}}],"collection":[{"href":"https:\/\/www.trugemtech.com\/es\/wp-json\/wp\/v2\/pages"}],"about":[{"href":"https:\/\/www.trugemtech.com\/es\/wp-json\/wp\/v2\/types\/page"}],"author":[{"embeddable":true,"href":"https:\/\/www.trugemtech.com\/es\/wp-json\/wp\/v2\/users\/1"}],"replies":[{"embeddable":true,"href":"https:\/\/www.trugemtech.com\/es\/wp-json\/wp\/v2\/comments?post=2695"}],"version-history":[{"count":1,"href":"https:\/\/www.trugemtech.com\/es\/wp-json\/wp\/v2\/pages\/2695\/revisions"}],"predecessor-version":[{"id":2697,"href":"https:\/\/www.trugemtech.com\/es\/wp-json\/wp\/v2\/pages\/2695\/revisions\/2697"}],"wp:attachment":[{"href":"https:\/\/www.trugemtech.com\/es\/wp-json\/wp\/v2\/media?parent=2695"}],"curies":[{"name":"wp","href":"https:\/\/api.w.org\/{rel}","templated":true}]}}