{"id":3924,"date":"2026-03-03T17:26:12","date_gmt":"2026-03-03T09:26:12","guid":{"rendered":"https:\/\/www.trugemtech.com\/?page_id=3924"},"modified":"2026-03-03T17:26:13","modified_gmt":"2026-03-03T09:26:13","slug":"detector-de-senal-de-red-5g-jcy03","status":"publish","type":"page","link":"https:\/\/www.trugemtech.com\/es\/detector-de-senal-de-red-5g-jcy03\/","title":{"rendered":"Detector de se\u00f1al de red 5G JCY03"},"content":{"rendered":"<div class=\"wp-block-columns alignwide are-vertically-aligned-center is-layout-flex wp-container-core-columns-is-layout-9d6595d7 wp-block-columns-is-layout-flex\">\n<div class=\"wp-block-column is-vertically-aligned-center is-layout-flow wp-block-column-is-layout-flow\">\n<div class=\"wp-block-columns alignwide has-border-color has-nv-light-bg-border-color has-nv-site-bg-background-color has-background is-layout-flex wp-container-core-columns-is-layout-fe847a89 wp-block-columns-is-layout-flex\" style=\"border-radius:30px;padding-top:var(--wp--preset--spacing--50);padding-right:var(--wp--preset--spacing--50);padding-bottom:var(--wp--preset--spacing--50);padding-left:var(--wp--preset--spacing--50)\">\n<div class=\"wp-block-column is-layout-flow wp-block-column-is-layout-flow\">\n<p style=\"font-size:18px\">El detector de se\u00f1al de red 5G JCY03 es un dispositivo profesional de prueba de se\u00f1al dise\u00f1ado para escenarios de construcci\u00f3n y optimizaci\u00f3n de redes inal\u00e1mbricas. Admite tres modos de red: red p\u00fablica 5G NR, red 5G RedCap y la red privada inal\u00e1mbrica de 1,8 GHz de China, lo que permite una conmutaci\u00f3n flexible para satisfacer diversos requisitos de prueba en el campo.<\/p>\n\n\n\n<p style=\"font-size:18px\">Durante el despliegue de la red inal\u00e1mbrica, el JCY03 realiza detecci\u00f3n de se\u00f1al y pruebas de ruta en tiempo real, a la vez que registra y almacena las condiciones de la se\u00f1al en cada sitio de construcci\u00f3n. Estos registros de datos proporcionan una base s\u00f3lida para la planificaci\u00f3n posterior de la red, la optimizaci\u00f3n del rendimiento y la cobertura de las zonas sin se\u00f1al, lo que ayuda a los ingenieros a mejorar la calidad y la fiabilidad generales de la red.<\/p>\n\n\n\n<p style=\"font-size:18px\">Con almacenamiento interno, ranura para tarjeta TF y conectividad Bluetooth, el dispositivo funciona a la perfecci\u00f3n con una aplicaci\u00f3n de detecci\u00f3n de se\u00f1al para Android, lo que permite a los ingenieros visualizar datos, capturar capturas de pantalla, exportar resultados de pruebas o cargar datos a las plataformas en la nube de los clientes a trav\u00e9s de dispositivos m\u00f3viles. Gracias a la integraci\u00f3n del sistema de posicionamiento de alta precisi\u00f3n BeiDou, el JCY03 garantiza una ubicaci\u00f3n precisa, lo que hace que la construcci\u00f3n y optimizaci\u00f3n de redes inal\u00e1mbricas sean m\u00e1s eficientes, rastreables y basadas en datos.<\/p>\n\n\n\n<div class=\"wp-block-columns is-layout-flex wp-container-core-columns-is-layout-9d6595d7 wp-block-columns-is-layout-flex\">\n<div class=\"wp-block-column is-vertically-aligned-center is-layout-flow wp-block-column-is-layout-flow\"><div class=\"wp-block-image\">\n<figure class=\"aligncenter size-full is-resized\"><img decoding=\"async\" width=\"100\" height=\"156\" src=\"https:\/\/www.trugemtech.com\/wp-content\/uploads\/2026\/03\/5G-RedCap-Detector-JCY03-.png\" alt=\"Detector 5G RedCap JCY03\" class=\"wp-image-3927\" style=\"width:auto;height:200px\" srcset=\"https:\/\/www.trugemtech.com\/wp-content\/uploads\/2026\/03\/5G-RedCap-Detector-JCY03-.png 100w, https:\/\/www.trugemtech.com\/wp-content\/uploads\/2026\/03\/5G-RedCap-Detector-JCY03--8x12.png 8w\" sizes=\"(max-width: 100px) 100vw, 100px\" \/><\/figure>\n<\/div><\/div>\n\n\n\n<div class=\"wp-block-column is-vertically-aligned-center is-layout-flow wp-block-column-is-layout-flow\"><div class=\"wp-block-image\">\n<figure class=\"aligncenter size-full is-resized\"><img fetchpriority=\"high\" decoding=\"async\" width=\"418\" height=\"184\" src=\"https:\/\/www.trugemtech.com\/wp-content\/uploads\/2026\/03\/5G-Wireless-Signal-Dector.png\" alt=\"Detector de se\u00f1al inal\u00e1mbrica 5G\" class=\"wp-image-3928\" style=\"width:250px\" srcset=\"https:\/\/www.trugemtech.com\/wp-content\/uploads\/2026\/03\/5G-Wireless-Signal-Dector.png 418w, https:\/\/www.trugemtech.com\/wp-content\/uploads\/2026\/03\/5G-Wireless-Signal-Dector-300x132.png 300w, https:\/\/www.trugemtech.com\/wp-content\/uploads\/2026\/03\/5G-Wireless-Signal-Dector-18x8.png 18w\" sizes=\"(max-width: 418px) 100vw, 418px\" \/><\/figure>\n<\/div><\/div>\n<\/div>\n\n\n\n<div class=\"wp-block-buttons bounce is-content-justification-center is-layout-flex wp-container-core-buttons-is-layout-16018d1d wp-block-buttons-is-layout-flex\">\n<div class=\"wp-block-button is-style-primary\"><a class=\"wp-block-button__link wp-element-button\" href=\"https:\/\/www.trugemtech.com\/es\/pongase-en-contacto-con\/\">CONTACTAR<\/a><\/div>\n<\/div>\n<\/div>\n<\/div>\n<\/div>\n<\/div>\n\n\n\n<div id=\"wp-block-themeisle-blocks-tabs-f4e5dc5d\" class=\"wp-block-themeisle-blocks-tabs is-style-boxed is-align-left\"><div class=\"wp-block-themeisle-blocks-tabs__content\">\n<div data-title=\" <strong&gt;Key Features<\/strong&gt;\" class=\"wp-block-themeisle-blocks-tabs-item\"><div class=\"wp-block-themeisle-blocks-tabs-item__header\" tabindex=\"0\"> <strong>Caracter\u00edsticas principales<\/strong><\/div><div class=\"wp-block-themeisle-blocks-tabs-item__content\">\n<ul class=\"wp-block-list\">\n<li style=\"padding-top:var(--wp--preset--spacing--40);padding-right:var(--wp--preset--spacing--40);padding-bottom:var(--wp--preset--spacing--40);padding-left:var(--wp--preset--spacing--40);font-size:18px\">Personalizaci\u00f3n exclusiva, adaptada con precisi\u00f3n a los escenarios de construcci\u00f3n;<\/li>\n\n\n\n<li style=\"padding-top:var(--wp--preset--spacing--40);padding-right:var(--wp--preset--spacing--40);padding-bottom:var(--wp--preset--spacing--40);padding-left:var(--wp--preset--spacing--40);font-size:18px\">Totalmente compatible con tres modos, cubriendo las redes m\u00e1s comunes;<\/li>\n\n\n\n<li style=\"padding-top:var(--wp--preset--spacing--40);padding-right:var(--wp--preset--spacing--40);padding-bottom:var(--wp--preset--spacing--40);padding-left:var(--wp--preset--spacing--40);font-size:18px\">Gesti\u00f3n integral del ciclo de vida de los datos, que respalda la planificaci\u00f3n de la red el\u00e9ctrica;<\/li>\n\n\n\n<li style=\"padding-top:var(--wp--preset--spacing--40);padding-right:var(--wp--preset--spacing--40);padding-bottom:var(--wp--preset--spacing--40);padding-left:var(--wp--preset--spacing--40);font-size:18px\">Almacenamiento dual local y remoto, que garantiza la seguridad de los datos y evita su p\u00e9rdida.<\/li>\n\n\n\n<li style=\"padding-top:var(--wp--preset--spacing--40);padding-right:var(--wp--preset--spacing--40);padding-bottom:var(--wp--preset--spacing--40);padding-left:var(--wp--preset--spacing--40);font-size:18px\">Interacci\u00f3n de datos multimodo, con un funcionamiento flexible y pr\u00e1ctico;<\/li>\n\n\n\n<li style=\"padding-top:var(--wp--preset--spacing--40);padding-right:var(--wp--preset--spacing--40);padding-bottom:var(--wp--preset--spacing--40);padding-left:var(--wp--preset--spacing--40);font-size:18px\">Port\u00e1til y pr\u00e1ctico, adecuado para operaciones de ingenier\u00eda in situ;<\/li>\n<\/ul>\n<\/div><\/div>\n\n\n\n<div data-title=\"<strong&gt;Specification<\/strong&gt;\" class=\"wp-block-themeisle-blocks-tabs-item\"><div class=\"wp-block-themeisle-blocks-tabs-item__header\" tabindex=\"0\"><strong>Especificaci\u00f3n<\/strong><\/div><div class=\"wp-block-themeisle-blocks-tabs-item__content\">\n<figure class=\"wp-block-table\"><table class=\"has-border-color has-nv-site-bg-border-color has-fixed-layout\" style=\"border-width:5px\"><tbody><tr><td><strong>Normas t\u00e9cnicas<\/strong><\/td><td>3GPP R17 RedCap Sub-6 GHz TD-LTE: Versi\u00f3n 9 de 3GPP<\/td><\/tr><tr><td><strong>Frecuencia<\/strong> <strong>Bandas<\/strong><\/td><td>5G: N1\/N3\/N5\/N8\/N28A\/N41\/N78\/N79 LTE-FDD: Banda B1\/B3\/B5\/B8 LTE-TDD Banda B34\/B38\/B39\/B40\/B41\/B59\/62<\/td><\/tr><tr><td><strong>Ancho de banda<\/strong><\/td><td>3MHz\/5MHz\/10MHz\/15MHz\/20MHz<\/td><\/tr><tr><td><strong>Canal<\/strong><\/td><td>Admite la conmutaci\u00f3n de un solo canal entre la red p\u00fablica 5G, la red 5G Redcap y la red privada inal\u00e1mbrica de 1,8 G.<\/td><\/tr><tr><td><strong>Potencia m\u00e1xima de transmisi\u00f3n<\/strong><\/td><td>TD-LTE: 23 dBm \u00b1 2 dB<\/td><\/tr><tr><td><strong>Indicador<\/strong><\/td><td>Alimentaci\u00f3n\/Funcionamiento\/Bluetooth\/Inal\u00e1mbrico<\/td><\/tr><tr><td><strong>Precisi\u00f3n de posicionamiento<\/strong><\/td><td>Precisi\u00f3n de posicionamiento a nivel milim\u00e9trico (con el m\u00f3dulo de posicionamiento BeiDou)<\/td><\/tr><tr><td><strong>Bluetooth<\/strong><\/td><td>BLE 5.1<\/td><\/tr><tr><td><strong>Interfaz de antena externa<\/strong><\/td><td>4 interfaces SAM externas, 2 puertos 5G, 1 puerto BeiDou, 1 puerto Bluetooth.<\/td><\/tr><tr><td><strong>Tarjeta TF<\/strong><\/td><td>1 ranura, capacidad m\u00e1xima de 32 GB<\/td><\/tr><tr><td><strong>Puerto serie de depuraci\u00f3n<\/strong><\/td><td>Interfaz TIPO-C<\/td><\/tr><tr><td><strong>Tarjeta SIM&nbsp;<\/strong><\/td><td>Tarjeta SIM f\u00edsica: Admite 2 ranuras. La tarjeta 1 admite redes 5G y Redcap, la tarjeta 2 admite redes privadas inal\u00e1mbricas de 1.8G. Se pueden enviar instrucciones a trav\u00e9s de la aplicaci\u00f3n para cambiar de red.<\/td><\/tr><tr><td><strong>Pantalla<\/strong><\/td><td>Pantalla LCD TFT de 3,5 pulgadas, resoluci\u00f3n 240*320<\/td><\/tr><tr><td><strong>Temperatura de funcionamiento<\/strong><\/td><td>-30\u2103 ~ +70\u2103<\/td><\/tr><tr><td class=\"translation-block\"><strong>Humedad<\/strong> <strong>de<\/strong> <strong>funcionamiento<\/strong><\/td><td>5%~100% sin condensaci\u00f3n<\/td><\/tr><tr><td class=\"translation-block\"><strong>Temperatura<\/strong> <strong>de<\/strong> <strong>almacenamiento<\/strong><\/td><td>-45\u2103~ + 85\u2103<\/td><\/tr><tr><td><strong>Bater\u00eda<\/strong><\/td><td>3600 mAh<\/td><\/tr><tr><td><strong>Dimensi\u00f3n<\/strong><\/td><td>120 mm*82 mm*24 mm<\/td><\/tr><tr><td><strong>Peso<\/strong><\/td><td>350 g (sin antena)<\/td><\/tr><\/tbody><\/table><\/figure>\n<\/div><\/div>\n\n\n\n<div data-title=\"<strong&gt;Application<\/strong&gt;\" class=\"wp-block-themeisle-blocks-tabs-item\"><div class=\"wp-block-themeisle-blocks-tabs-item__header\" tabindex=\"0\"><strong>Aplicaci\u00f3n<\/strong><\/div><div class=\"wp-block-themeisle-blocks-tabs-item__content\">\n<p style=\"font-size:18px\">Detector de se\u00f1al de red 5G JCY03, admite detecci\u00f3n de tres modos 5G\/RedCap\/1.8G, posicionamiento a nivel milim\u00e9trico, almacenamiento local + carga a la aplicaci\u00f3n Bluetooth. Dise\u00f1ado espec\u00edficamente para sitios de construcci\u00f3n y optimizaci\u00f3n de red, que se puede utilizar para <\/p>\n\n\n\n<ul class=\"wp-block-list\">\n<li style=\"padding-top:var(--wp--preset--spacing--40);padding-right:var(--wp--preset--spacing--40);padding-bottom:var(--wp--preset--spacing--40);padding-left:var(--wp--preset--spacing--40);font-size:18px\">Red inteligente<\/li>\n\n\n\n<li style=\"padding-top:var(--wp--preset--spacing--40);padding-right:var(--wp--preset--spacing--40);padding-bottom:var(--wp--preset--spacing--40);padding-left:var(--wp--preset--spacing--40);font-size:18px\">Petr\u00f3leo y gas<\/li>\n\n\n\n<li style=\"padding-top:var(--wp--preset--spacing--40);padding-right:var(--wp--preset--spacing--40);padding-bottom:var(--wp--preset--spacing--40);padding-left:var(--wp--preset--spacing--40);font-size:18px\">Miner\u00eda<\/li>\n\n\n\n<li style=\"padding-top:var(--wp--preset--spacing--40);padding-right:var(--wp--preset--spacing--40);padding-bottom:var(--wp--preset--spacing--40);padding-left:var(--wp--preset--spacing--40);font-size:18px\">Transporte<\/li>\n\n\n\n<li style=\"padding-top:var(--wp--preset--spacing--40);padding-right:var(--wp--preset--spacing--40);padding-bottom:var(--wp--preset--spacing--40);padding-left:var(--wp--preset--spacing--40);font-size:18px\">Automatizaci\u00f3n industrial<\/li>\n\n\n\n<li style=\"padding-top:var(--wp--preset--spacing--40);padding-right:var(--wp--preset--spacing--40);padding-bottom:var(--wp--preset--spacing--40);padding-left:var(--wp--preset--spacing--40);font-size:18px\">Utilidad<\/li>\n\n\n\n<li style=\"padding-top:var(--wp--preset--spacing--40);padding-right:var(--wp--preset--spacing--40);padding-bottom:var(--wp--preset--spacing--40);padding-left:var(--wp--preset--spacing--40);font-size:18px\">Puerto inteligente<\/li>\n\n\n\n<li style=\"padding-top:var(--wp--preset--spacing--40);padding-right:var(--wp--preset--spacing--40);padding-bottom:var(--wp--preset--spacing--40);padding-left:var(--wp--preset--spacing--40);font-size:18px\">Telecom<\/li>\n<\/ul>\n<\/div><\/div>\n<\/div><\/div>\n\n\n\n<p><\/p>\n\n\n\n<div class=\"wp-block-cover alignfull\" style=\"min-height:300px;aspect-ratio:unset;\"><span aria-hidden=\"true\" class=\"wp-block-cover__background has-neve-link-color-background-color has-background-dim-100 has-background-dim\"><\/span><div class=\"wp-block-cover__inner-container is-layout-flow wp-block-cover-is-layout-flow\">\n<div class=\"wp-block-columns is-layout-flex wp-container-core-columns-is-layout-9d6595d7 wp-block-columns-is-layout-flex\">\n<div class=\"wp-block-column is-layout-flow wp-block-column-is-layout-flow\"><\/div>\n<\/div>\n\n\n\n<div class=\"wp-block-columns is-layout-flex wp-container-core-columns-is-layout-9d6595d7 wp-block-columns-is-layout-flex\">\n<div class=\"wp-block-column is-layout-flow wp-block-column-is-layout-flow\" style=\"flex-basis:20%\"><\/div>\n\n\n\n<div class=\"wp-block-column is-layout-flow wp-block-column-is-layout-flow\" style=\"flex-basis:60%\">\n<div class=\"wp-block-group\"><div class=\"wp-block-group__inner-container is-layout-constrained wp-block-group-is-layout-constrained\">\n<h3 class=\"wp-block-heading has-text-align-center has-nv-text-dark-bg-color has-text-color\" id=\"h-discover-the-power-of-iot-and-aiot-explore-our-solutions\">Descubra el poder de IoT y AIoT, Explore nuestras soluciones.<\/h3>\n\n\n\n<p class=\"has-text-align-center has-nv-text-dark-bg-color has-text-color has-link-color wp-elements-9eb90f3981bd21a2233971736814b7fd\">Empieza con TruGem y experimenta el mejor servicio al cliente.<\/p>\n\n\n\n<div class=\"wp-block-buttons is-horizontal is-content-justification-center is-layout-flex wp-container-core-buttons-is-layout-499968f5 wp-block-buttons-is-layout-flex\">\n<div class=\"wp-block-button is-style-primary o-typing-delay-200ms\"><a class=\"wp-block-button__link has-neve-link-color-color has-text-color has-background has-link-color wp-element-button\" href=\"https:\/\/www.trugemtech.com\/es\/pongase-en-contacto-con\/\" style=\"border-radius:30px;background-color:#ffffff\"><o-anim-typing>Comenzar<\/o-anim-typing><\/a><\/div>\n<\/div>\n<\/div><\/div>\n\n\n\n<div class=\"wp-block-columns is-layout-flex wp-container-core-columns-is-layout-9d6595d7 wp-block-columns-is-layout-flex\">\n<div class=\"wp-block-column is-layout-flow wp-block-column-is-layout-flow\"><\/div>\n<\/div>\n<\/div>\n\n\n\n<div class=\"wp-block-column is-layout-flow wp-block-column-is-layout-flow\" style=\"flex-basis:20%\"><\/div>\n<\/div>\n<\/div><\/div>","protected":false},"excerpt":{"rendered":"<p>El detector de se\u00f1al de red 5G JCY03 es un dispositivo profesional de prueba de se\u00f1al dise\u00f1ado para escenarios de construcci\u00f3n y optimizaci\u00f3n de redes inal\u00e1mbricas. Admite tres modos de red: red p\u00fablica 5G NR, red 5G RedCap y la red privada inal\u00e1mbrica de 1,8 GHz de China, lo que permite una conmutaci\u00f3n flexible para satisfacer diversos requisitos de prueba en el campo. Durante la red inal\u00e1mbrica\u2026&nbsp;<a href=\"https:\/\/www.trugemtech.com\/es\/detector-de-senal-de-red-5g-jcy03\/\" class=\"\" rel=\"bookmark\">Leer m\u00e1s \"<span class=\"screen-reader-text\">Detector de se\u00f1al de red 5G JCY03<\/span><\/a><\/p>","protected":false},"author":1,"featured_media":0,"parent":0,"menu_order":0,"comment_status":"closed","ping_status":"closed","template":"","meta":{"neve_meta_sidebar":"","neve_meta_container":"","neve_meta_enable_content_width":"","neve_meta_content_width":0,"neve_meta_title_alignment":"","neve_meta_author_avatar":"","neve_post_elements_order":"","neve_meta_disable_header":"","neve_meta_disable_footer":"","neve_meta_disable_title":"","_themeisle_gutenberg_block_has_review":false,"_ti_tpc_template_sync":false,"_ti_tpc_template_id":"","footnotes":""},"class_list":["post-3924","page","type-page","status-publish","hentry"],"yoast_head":"<!-- This site is optimized with the Yoast SEO Premium plugin v23.6 (Yoast SEO v23.8) - https:\/\/yoast.com\/wordpress\/plugins\/seo\/ -->\n<title>5G Network Signal Detector JCY03<\/title>\n<meta name=\"description\" content=\"5G Network Signal DetectorJCY03 delivers real-time signal detection and route testing to improve wireless network construction efficiency.\" \/>\n<meta name=\"robots\" content=\"index, follow, max-snippet:-1, max-image-preview:large, max-video-preview:-1\" \/>\n<link rel=\"canonical\" href=\"https:\/\/www.trugemtech.com\/es\/detector-de-senal-de-red-5g-jcy03\/\" \/>\n<meta property=\"og:locale\" content=\"es_ES\" \/>\n<meta property=\"og:type\" content=\"article\" \/>\n<meta property=\"og:title\" content=\"5G Network Signal Detector JCY03\" \/>\n<meta property=\"og:description\" content=\"5G Network Signal DetectorJCY03 delivers real-time signal detection and route testing to improve wireless network construction efficiency.\" \/>\n<meta property=\"og:url\" content=\"https:\/\/www.trugemtech.com\/es\/detector-de-senal-de-red-5g-jcy03\/\" \/>\n<meta property=\"og:site_name\" content=\"IoT Solutions- AIoT-Vehicle Gateway - Edge Computing Gateway\" \/>\n<meta property=\"article:publisher\" content=\"https:\/\/www.facebook.com\/TruGemTech\" \/>\n<meta property=\"article:modified_time\" content=\"2026-03-03T09:26:13+00:00\" \/>\n<meta property=\"og:image\" content=\"https:\/\/www.trugemtech.com\/wp-content\/uploads\/2026\/03\/5G-RedCap-Detector-JCY03-.png\" \/>\n\t<meta property=\"og:image:width\" content=\"100\" \/>\n\t<meta property=\"og:image:height\" content=\"156\" \/>\n\t<meta property=\"og:image:type\" content=\"image\/png\" \/>\n<meta name=\"twitter:card\" content=\"summary_large_image\" \/>\n<meta name=\"twitter:label1\" content=\"Tiempo de lectura\" \/>\n\t<meta name=\"twitter:data1\" content=\"3 minutos\" \/>\n<script type=\"application\/ld+json\" class=\"yoast-schema-graph\">{\"@context\":\"https:\/\/schema.org\",\"@graph\":[{\"@type\":\"WebPage\",\"@id\":\"https:\/\/www.trugemtech.com\/5g-network-signal-detector-jcy03\/\",\"url\":\"https:\/\/www.trugemtech.com\/5g-network-signal-detector-jcy03\/\",\"name\":\"5G Network Signal Detector JCY03\",\"isPartOf\":{\"@id\":\"https:\/\/www.trugemtech.com\/#website\"},\"primaryImageOfPage\":{\"@id\":\"https:\/\/www.trugemtech.com\/5g-network-signal-detector-jcy03\/#primaryimage\"},\"image\":{\"@id\":\"https:\/\/www.trugemtech.com\/5g-network-signal-detector-jcy03\/#primaryimage\"},\"thumbnailUrl\":\"https:\/\/www.trugemtech.com\/wp-content\/uploads\/2026\/03\/5G-RedCap-Detector-JCY03-.png\",\"datePublished\":\"2026-03-03T09:26:12+00:00\",\"dateModified\":\"2026-03-03T09:26:13+00:00\",\"description\":\"5G Network Signal DetectorJCY03 delivers real-time signal detection and route testing to improve wireless network construction efficiency.\",\"breadcrumb\":{\"@id\":\"https:\/\/www.trugemtech.com\/5g-network-signal-detector-jcy03\/#breadcrumb\"},\"inLanguage\":\"es\",\"potentialAction\":[{\"@type\":\"ReadAction\",\"target\":[\"https:\/\/www.trugemtech.com\/5g-network-signal-detector-jcy03\/\"]}]},{\"@type\":\"ImageObject\",\"inLanguage\":\"es\",\"@id\":\"https:\/\/www.trugemtech.com\/5g-network-signal-detector-jcy03\/#primaryimage\",\"url\":\"https:\/\/www.trugemtech.com\/wp-content\/uploads\/2026\/03\/5G-RedCap-Detector-JCY03-.png\",\"contentUrl\":\"https:\/\/www.trugemtech.com\/wp-content\/uploads\/2026\/03\/5G-RedCap-Detector-JCY03-.png\"},{\"@type\":\"BreadcrumbList\",\"@id\":\"https:\/\/www.trugemtech.com\/5g-network-signal-detector-jcy03\/#breadcrumb\",\"itemListElement\":[{\"@type\":\"ListItem\",\"position\":1,\"name\":\"Home\",\"item\":\"https:\/\/www.trugemtech.com\/\"},{\"@type\":\"ListItem\",\"position\":2,\"name\":\"5G Network Signal Detector JCY03\"}]},{\"@type\":\"WebSite\",\"@id\":\"https:\/\/www.trugemtech.com\/#website\",\"url\":\"https:\/\/www.trugemtech.com\/\",\"name\":\"IoT Solutions- Vehicle Gateway - IoT Gateway - Industrial Router\",\"description\":\"Empower Digital Transformation\",\"alternateName\":\"IoT Solutions- AIoT - Vehicle Gateway - Edge Computing Gateway\",\"potentialAction\":[{\"@type\":\"SearchAction\",\"target\":{\"@type\":\"EntryPoint\",\"urlTemplate\":\"https:\/\/www.trugemtech.com\/?s={search_term_string}\"},\"query-input\":{\"@type\":\"PropertyValueSpecification\",\"valueRequired\":true,\"valueName\":\"search_term_string\"}}],\"inLanguage\":\"es\"}]}<\/script>\n<!-- \/ Yoast SEO Premium plugin. -->","yoast_head_json":{"title":"Detector de se\u00f1al de red 5G JCY03","description":"El detector de se\u00f1al de red 5G JCY03 ofrece detecci\u00f3n de se\u00f1al en tiempo real y pruebas de ruta para mejorar la eficiencia en la construcci\u00f3n de redes inal\u00e1mbricas.","robots":{"index":"index","follow":"follow","max-snippet":"max-snippet:-1","max-image-preview":"max-image-preview:large","max-video-preview":"max-video-preview:-1"},"canonical":"https:\/\/www.trugemtech.com\/es\/detector-de-senal-de-red-5g-jcy03\/","og_locale":"es_ES","og_type":"article","og_title":"5G Network Signal Detector JCY03","og_description":"5G Network Signal DetectorJCY03 delivers real-time signal detection and route testing to improve wireless network construction efficiency.","og_url":"https:\/\/www.trugemtech.com\/es\/detector-de-senal-de-red-5g-jcy03\/","og_site_name":"IoT Solutions- AIoT-Vehicle Gateway - Edge Computing Gateway","article_publisher":"https:\/\/www.facebook.com\/TruGemTech","article_modified_time":"2026-03-03T09:26:13+00:00","og_image":[{"width":100,"height":156,"url":"https:\/\/www.trugemtech.com\/wp-content\/uploads\/2026\/03\/5G-RedCap-Detector-JCY03-.png","type":"image\/png"}],"twitter_card":"summary_large_image","twitter_misc":{"Tiempo de lectura":"3 minutos"},"schema":{"@context":"https:\/\/schema.org","@graph":[{"@type":"WebPage","@id":"https:\/\/www.trugemtech.com\/5g-network-signal-detector-jcy03\/","url":"https:\/\/www.trugemtech.com\/5g-network-signal-detector-jcy03\/","name":"Detector de se\u00f1al de red 5G JCY03","isPartOf":{"@id":"https:\/\/www.trugemtech.com\/#website"},"primaryImageOfPage":{"@id":"https:\/\/www.trugemtech.com\/5g-network-signal-detector-jcy03\/#primaryimage"},"image":{"@id":"https:\/\/www.trugemtech.com\/5g-network-signal-detector-jcy03\/#primaryimage"},"thumbnailUrl":"https:\/\/www.trugemtech.com\/wp-content\/uploads\/2026\/03\/5G-RedCap-Detector-JCY03-.png","datePublished":"2026-03-03T09:26:12+00:00","dateModified":"2026-03-03T09:26:13+00:00","description":"El detector de se\u00f1al de red 5G JCY03 ofrece detecci\u00f3n de se\u00f1al en tiempo real y pruebas de ruta para mejorar la eficiencia en la construcci\u00f3n de redes inal\u00e1mbricas.","breadcrumb":{"@id":"https:\/\/www.trugemtech.com\/5g-network-signal-detector-jcy03\/#breadcrumb"},"inLanguage":"es","potentialAction":[{"@type":"ReadAction","target":["https:\/\/www.trugemtech.com\/5g-network-signal-detector-jcy03\/"]}]},{"@type":"ImageObject","inLanguage":"es","@id":"https:\/\/www.trugemtech.com\/5g-network-signal-detector-jcy03\/#primaryimage","url":"https:\/\/www.trugemtech.com\/wp-content\/uploads\/2026\/03\/5G-RedCap-Detector-JCY03-.png","contentUrl":"https:\/\/www.trugemtech.com\/wp-content\/uploads\/2026\/03\/5G-RedCap-Detector-JCY03-.png"},{"@type":"BreadcrumbList","@id":"https:\/\/www.trugemtech.com\/5g-network-signal-detector-jcy03\/#breadcrumb","itemListElement":[{"@type":"ListItem","position":1,"name":"Home","item":"https:\/\/www.trugemtech.com\/"},{"@type":"ListItem","position":2,"name":"5G Network Signal Detector JCY03"}]},{"@type":"WebSite","@id":"https:\/\/www.trugemtech.com\/#website","url":"https:\/\/www.trugemtech.com\/","name":"Soluciones IoT - Pasarela para veh\u00edculos - Pasarela IoT - Router industrial","description":"Potenciar la transformaci\u00f3n digital","alternateName":"IoT Solutions- AIoT - Vehicle Gateway - Edge Computing Gateway","potentialAction":[{"@type":"SearchAction","target":{"@type":"EntryPoint","urlTemplate":"https:\/\/www.trugemtech.com\/?s={search_term_string}"},"query-input":{"@type":"PropertyValueSpecification","valueRequired":true,"valueName":"search_term_string"}}],"inLanguage":"es"}]}},"_links":{"self":[{"href":"https:\/\/www.trugemtech.com\/es\/wp-json\/wp\/v2\/pages\/3924","targetHints":{"allow":["GET"]}}],"collection":[{"href":"https:\/\/www.trugemtech.com\/es\/wp-json\/wp\/v2\/pages"}],"about":[{"href":"https:\/\/www.trugemtech.com\/es\/wp-json\/wp\/v2\/types\/page"}],"author":[{"embeddable":true,"href":"https:\/\/www.trugemtech.com\/es\/wp-json\/wp\/v2\/users\/1"}],"replies":[{"embeddable":true,"href":"https:\/\/www.trugemtech.com\/es\/wp-json\/wp\/v2\/comments?post=3924"}],"version-history":[{"count":1,"href":"https:\/\/www.trugemtech.com\/es\/wp-json\/wp\/v2\/pages\/3924\/revisions"}],"predecessor-version":[{"id":3930,"href":"https:\/\/www.trugemtech.com\/es\/wp-json\/wp\/v2\/pages\/3924\/revisions\/3930"}],"wp:attachment":[{"href":"https:\/\/www.trugemtech.com\/es\/wp-json\/wp\/v2\/media?parent=3924"}],"curies":[{"name":"wp","href":"https:\/\/api.w.org\/{rel}","templated":true}]}}