{"id":3995,"date":"2026-04-21T15:29:11","date_gmt":"2026-04-21T07:29:11","guid":{"rendered":"https:\/\/www.trugemtech.com\/"},"modified":"2026-04-21T15:29:11","modified_gmt":"2026-04-21T07:29:11","slug":"5g-dtu-device-c509","status":"publish","type":"page","link":"https:\/\/www.trugemtech.com\/es\/5g-dtu-device-c509\/","title":{"rendered":"5G DTU Device C509"},"content":{"rendered":"<div class=\"wp-block-columns alignwide has-nv-light-bg-background-color has-background is-layout-flex wp-container-core-columns-is-layout-fe847a89 wp-block-columns-is-layout-flex\" style=\"border-radius:30px;padding-top:var(--wp--preset--spacing--50);padding-right:var(--wp--preset--spacing--50);padding-bottom:var(--wp--preset--spacing--50);padding-left:var(--wp--preset--spacing--50)\">\n<div class=\"wp-block-column is-layout-flow wp-block-column-is-layout-flow\">\n<p style=\"padding-top:var(--wp--preset--spacing--20);padding-bottom:var(--wp--preset--spacing--20);font-size:18px\">TruGem 5G DTU Device C509 is designed to deliver reliable and secure data transmission for remote monitoring and industrial automation applications. With support for global 5G\/5G RedCap\/4G\/3G networks, it ensures stable connectivity across distributed and hard-to-reach sites.<\/p>\n\n\n\n<p>Equipped with RS232, RS485, and Ethernet interfaces, the DTU device enables seamless integration with various field equipment. It supports Modbus RTU\/TCP and IEC 101\/104 protocols, making it ideal for utility and industrial systems.<\/p>\n\n\n\n<p style=\"padding-top:var(--wp--preset--spacing--20);padding-bottom:var(--wp--preset--spacing--20);font-size:18px\">Featuring a dual watchdog mechanism and link detection, along with EMC Level 4 protection, the 5G DTU guarantees 24\/7 stable operation even in harsh environments. SIM and eSIM support further enhance deployment flexibility.<\/p>\n\n\n\n<p><\/p>\n\n\n<div class=\"wp-block-image\">\n<figure class=\"aligncenter size-full is-resized\"><img fetchpriority=\"high\" decoding=\"async\" width=\"1266\" height=\"949\" src=\"https:\/\/www.trugemtech.com\/wp-content\/uploads\/2026\/04\/DTU-C509.png\" alt=\"5G DTU C509\" class=\"wp-image-3979\" style=\"width:auto;height:300px\" srcset=\"https:\/\/www.trugemtech.com\/wp-content\/uploads\/2026\/04\/DTU-C509.png 1266w, https:\/\/www.trugemtech.com\/wp-content\/uploads\/2026\/04\/DTU-C509-300x225.png 300w, https:\/\/www.trugemtech.com\/wp-content\/uploads\/2026\/04\/DTU-C509-1024x768.png 1024w, https:\/\/www.trugemtech.com\/wp-content\/uploads\/2026\/04\/DTU-C509-768x576.png 768w, https:\/\/www.trugemtech.com\/wp-content\/uploads\/2026\/04\/DTU-C509-16x12.png 16w\" sizes=\"(max-width: 1266px) 100vw, 1266px\" \/><\/figure>\n<\/div>\n\n\n<div class=\"wp-block-buttons bounce is-content-justification-center is-layout-flex wp-container-core-buttons-is-layout-16018d1d wp-block-buttons-is-layout-flex\">\n<div class=\"wp-block-button is-style-primary\"><a class=\"wp-block-button__link wp-element-button\" href=\"https:\/\/www.trugemtech.com\/es\/pongase-en-contacto-con\/\">CONTACTAR<\/a><\/div>\n<\/div>\n<\/div>\n<\/div>\n\n\n\n<div id=\"wp-block-themeisle-blocks-tabs-6bebe916\" class=\"wp-block-themeisle-blocks-tabs  is-style-boxed\"><div class=\"wp-block-themeisle-blocks-tabs__content\">\n<div data-title=\"<strong&gt;Features<\/strong&gt;\" class=\"wp-block-themeisle-blocks-tabs-item\"><div class=\"wp-block-themeisle-blocks-tabs-item__header\" tabindex=\"0\"><strong>Caracter\u00edsticas<\/strong><\/div><div class=\"wp-block-themeisle-blocks-tabs-item__content\">\n<div class=\"wp-block-columns has-border-color has-neve-link-color-border-color is-layout-flex wp-container-core-columns-is-layout-14e777db wp-block-columns-is-layout-flex\" style=\"padding-right:var(--wp--preset--spacing--20);padding-left:var(--wp--preset--spacing--20)\">\n<div class=\"wp-block-column is-vertically-aligned-center is-layout-flow wp-block-column-is-layout-flow\">\n<h2 class=\"wp-block-heading\" id=\"h-reliable-multi-network-connectivity\" style=\"font-size:25px\">Conectividad fiable en m\u00faltiples redes<\/h2>\n\n\n\n<ul class=\"wp-block-list\">\n<li>Supports 5G \/ 5G RedCap \/ 4G \/ 3G for flexible deployment <\/li>\n\n\n\n<li>Ensures stable communication in remote and distributed sites <\/li>\n\n\n\n<li>SIM &amp; eSIM support for easy network management<\/li>\n<\/ul>\n<\/div>\n\n\n\n<div class=\"wp-block-column is-vertically-aligned-center is-layout-flow wp-block-column-is-layout-flow\" style=\"flex-basis:45%\"><div class=\"wp-block-image\">\n<figure class=\"aligncenter size-large\"><img decoding=\"async\" width=\"1024\" height=\"687\" src=\"https:\/\/www.trugemtech.com\/wp-content\/uploads\/2026\/04\/5G-1024x687.png\" alt=\"Conectividad 5G fiable para la monitorizaci\u00f3n remota.\" class=\"wp-image-3988\" srcset=\"https:\/\/www.trugemtech.com\/wp-content\/uploads\/2026\/04\/5G-1024x687.png 1024w, https:\/\/www.trugemtech.com\/wp-content\/uploads\/2026\/04\/5G-300x201.png 300w, https:\/\/www.trugemtech.com\/wp-content\/uploads\/2026\/04\/5G-768x515.png 768w, https:\/\/www.trugemtech.com\/wp-content\/uploads\/2026\/04\/5G-18x12.png 18w, https:\/\/www.trugemtech.com\/wp-content\/uploads\/2026\/04\/5G.png 1466w\" sizes=\"(max-width: 1024px) 100vw, 1024px\" \/><\/figure>\n<\/div><\/div>\n<\/div>\n\n\n\n<div class=\"wp-block-columns has-border-color has-neve-link-color-border-color is-layout-flex wp-container-core-columns-is-layout-14e777db wp-block-columns-is-layout-flex\" style=\"padding-right:var(--wp--preset--spacing--20);padding-left:var(--wp--preset--spacing--20)\">\n<div class=\"wp-block-column is-vertically-aligned-center is-layout-flow wp-block-column-is-layout-flow\" style=\"flex-basis:45%\"><div class=\"wp-block-image\">\n<figure class=\"aligncenter size-full is-resized\"><img decoding=\"async\" width=\"1282\" height=\"648\" src=\"https:\/\/www.trugemtech.com\/wp-content\/uploads\/2026\/04\/Rich-Interfaces-Protocol-Compatibility.png\" alt=\"Rich Interfaces &amp; Protocol Compatibility\" class=\"wp-image-4005\" style=\"width:auto;height:300px\" srcset=\"https:\/\/www.trugemtech.com\/wp-content\/uploads\/2026\/04\/Rich-Interfaces-Protocol-Compatibility.png 1282w, https:\/\/www.trugemtech.com\/wp-content\/uploads\/2026\/04\/Rich-Interfaces-Protocol-Compatibility-300x152.png 300w, https:\/\/www.trugemtech.com\/wp-content\/uploads\/2026\/04\/Rich-Interfaces-Protocol-Compatibility-1024x518.png 1024w, https:\/\/www.trugemtech.com\/wp-content\/uploads\/2026\/04\/Rich-Interfaces-Protocol-Compatibility-768x388.png 768w, https:\/\/www.trugemtech.com\/wp-content\/uploads\/2026\/04\/Rich-Interfaces-Protocol-Compatibility-18x9.png 18w\" sizes=\"(max-width: 1282px) 100vw, 1282px\" \/><\/figure>\n<\/div><\/div>\n\n\n\n<div class=\"wp-block-column is-vertically-aligned-center is-layout-flow wp-block-column-is-layout-flow\">\n<h2 class=\"wp-block-heading\" id=\"h-rich-interfaces-amp-protocol-compatibility\" style=\"font-size:25px\">Rich Interfaces &amp; Protocol Compatibility<\/h2>\n\n\n\n<ul style=\"font-size:16px\" class=\"wp-block-list\">\n<li>Equipped with RS232, RS485, and Ethernet interfaces <\/li>\n\n\n\n<li>Supports Modbus RTU \/ Modbus TCP \/ IEC 101 \/ IEC 104 <\/li>\n\n\n\n<li>Easy integration with industrial and utility systems<\/li>\n<\/ul>\n<\/div>\n<\/div>\n\n\n\n<div class=\"wp-block-columns has-border-color has-neve-link-color-border-color is-layout-flex wp-container-core-columns-is-layout-14e777db wp-block-columns-is-layout-flex\" style=\"padding-right:var(--wp--preset--spacing--20);padding-left:var(--wp--preset--spacing--20)\">\n<div class=\"wp-block-column is-vertically-aligned-center is-layout-flow wp-block-column-is-layout-flow\">\n<h2 class=\"wp-block-heading\" id=\"h-24-7-reliable-operation\" style=\"font-size:25px\">24\/7 Reliable Operation<\/h2>\n\n\n\n<ul class=\"wp-block-list\">\n<li>Dual watchdog design (hardware &amp; software) <\/li>\n\n\n\n<li>Link detection for automatic connection recovery <\/li>\n\n\n\n<li>Ensures continuous and reliable data transmission<\/li>\n<\/ul>\n<\/div>\n\n\n\n<div class=\"wp-block-column is-vertically-aligned-center is-layout-flow wp-block-column-is-layout-flow\" style=\"flex-basis:40%\"><div class=\"wp-block-image\">\n<figure class=\"aligncenter size-large is-resized\"><img loading=\"lazy\" decoding=\"async\" width=\"1024\" height=\"961\" src=\"https:\/\/www.trugemtech.com\/wp-content\/uploads\/2026\/04\/247-Monitoring-and-Operation--1024x961.jpg\" alt=\"24*7 Monitoring and Operation\" class=\"wp-image-3999\" style=\"width:auto;height:300px\" srcset=\"https:\/\/www.trugemtech.com\/wp-content\/uploads\/2026\/04\/247-Monitoring-and-Operation--1024x961.jpg 1024w, https:\/\/www.trugemtech.com\/wp-content\/uploads\/2026\/04\/247-Monitoring-and-Operation--300x282.jpg 300w, https:\/\/www.trugemtech.com\/wp-content\/uploads\/2026\/04\/247-Monitoring-and-Operation--768x721.jpg 768w, https:\/\/www.trugemtech.com\/wp-content\/uploads\/2026\/04\/247-Monitoring-and-Operation--13x12.jpg 13w, https:\/\/www.trugemtech.com\/wp-content\/uploads\/2026\/04\/247-Monitoring-and-Operation-.jpg 1146w\" sizes=\"(max-width: 1024px) 100vw, 1024px\" \/><\/figure>\n<\/div><\/div>\n<\/div>\n\n\n\n<div class=\"wp-block-columns has-border-color has-neve-link-color-border-color is-layout-flex wp-container-core-columns-is-layout-14e777db wp-block-columns-is-layout-flex\" style=\"padding-right:var(--wp--preset--spacing--20);padding-left:var(--wp--preset--spacing--20)\">\n<div class=\"wp-block-column is-vertically-aligned-center is-layout-flow wp-block-column-is-layout-flow\" style=\"flex-basis:45%\">\n<figure class=\"wp-block-image size-full\"><img loading=\"lazy\" decoding=\"async\" width=\"854\" height=\"494\" src=\"https:\/\/www.trugemtech.com\/wp-content\/uploads\/2026\/03\/solution-for-harsh-environments.png\" alt=\"soluci\u00f3n para entornos hostiles\" class=\"wp-image-3963\" srcset=\"https:\/\/www.trugemtech.com\/wp-content\/uploads\/2026\/03\/solution-for-harsh-environments.png 854w, https:\/\/www.trugemtech.com\/wp-content\/uploads\/2026\/03\/solution-for-harsh-environments-300x174.png 300w, https:\/\/www.trugemtech.com\/wp-content\/uploads\/2026\/03\/solution-for-harsh-environments-768x444.png 768w, https:\/\/www.trugemtech.com\/wp-content\/uploads\/2026\/03\/solution-for-harsh-environments-18x10.png 18w\" sizes=\"(max-width: 854px) 100vw, 854px\" \/><\/figure>\n<\/div>\n\n\n\n<div class=\"wp-block-column is-vertically-aligned-center is-layout-flow wp-block-column-is-layout-flow\">\n<h2 class=\"wp-block-heading\" id=\"h-industrial-grade-design-for-harsh-environments\" style=\"font-size:25px\">Industrial-Grade Design for Harsh Environments<\/h2>\n\n\n\n<ul class=\"wp-block-list\">\n<li>EMC Level 4 protection against strong interference <\/li>\n\n\n\n<li>5\u201316V wide voltage input for flexible power supply <\/li>\n\n\n\n<li>Designed for long-term operation in harsh environments<\/li>\n<\/ul>\n<\/div>\n<\/div>\n<\/div><\/div>\n\n\n\n<div data-title=\"<strong&gt;Specification<\/strong&gt;\" class=\"wp-block-themeisle-blocks-tabs-item\"><div class=\"wp-block-themeisle-blocks-tabs-item__header\" tabindex=\"0\"><strong>Especificaci\u00f3n<\/strong><\/div><div class=\"wp-block-themeisle-blocks-tabs-item__content\">\n<figure class=\"wp-block-table\"><table class=\"has-border-color has-nv-site-bg-border-color has-fixed-layout\" style=\"border-width:5px\"><tbody><tr><td><strong>Normas t\u00e9cnicas<\/strong><\/td><td>3GPP R17 RedCap TD-LTE\uff1a3GPP Release 9<\/td><\/tr><tr><td><strong>4G<\/strong><strong> <\/strong><strong>Red<\/strong><\/td><td>5G:N1\/N3\/N5\/N8\/N28\/N41\/N78\/N79 LTE-FDD\uff1aBand B1\/B3\/B5\/B8 LTE-TDD Band B34\/B38\/B39\/B40\/B41\/B59\/62 WAPI\uff1aax1200\uff0cWAPI6\uff08802.11ax\uff09\uff0c2.4\/5Ghz dual frequency<\/td><\/tr><tr><td><strong>Ancho de banda<\/strong><\/td><td>3MHz\/5MHz\/10MHz\/15MHz\/20MHz<\/td><\/tr><tr><td><strong>Communication Channel<\/strong><\/td><td>Supports single-channel switching between private wireless network and 4\/5G public network;<\/td><\/tr><tr><td><strong>Maximum transmit power<\/strong><\/td><td>TD-LTE\uff1a23dBm\u00b12dB<\/td><\/tr><tr><td><strong>I<\/strong><strong>ndicato<\/strong><strong>rs<\/strong><\/td><td>4<\/td><\/tr><tr><td><strong>External Interfaces<\/strong><\/td><td>1*RS232, 1*RS485, 1*1000M Ethernet, 1*power supply (2 pins)<\/td><\/tr><tr><td><strong>Ethernet<\/strong><strong> Puerto<\/strong><\/td><td>1*10\/100\/1000M adaptive Ethernet interface, configured as a LAN port by default, which can be used for web page access and configuration debugging.<\/td><\/tr><tr><td><strong>Debugging serial port<\/strong><\/td><td>1 channel, built-in TTL array<\/td><\/tr><tr><td><strong>SIM<\/strong><strong> <\/strong><strong>Card<\/strong><\/td><td>2*Physical SIM Card<\/td><\/tr><tr><td><strong>Soft SIM Card<\/strong><\/td><td>1*China 1.8GHz Private Wireless Network<\/td><\/tr><tr><td><strong>TF Card<\/strong><\/td><td>1 channel, supports NARI encrypted TF cards; can also be used for data expansion.<\/td><\/tr><tr><td><strong>&nbsp;<\/strong><strong>Power consumption<\/strong><\/td><td>\u22646W<\/td><\/tr><tr><td><strong>Antena<\/strong><\/td><td>4*SMA connector antenna, 2* WiFi, 1* BDS<\/td><\/tr><tr><td><strong>EMC<\/strong><\/td><td>Level 4<\/td><\/tr><tr><td><strong>Equipamiento <\/strong><strong>housing<\/strong><strong> <\/strong><strong>material<\/strong><\/td><td>Metal<\/td><\/tr><\/tbody><\/table><\/figure>\n<\/div><\/div>\n\n\n\n<div data-title=\"<strong&gt;Application<\/strong&gt;\" class=\"wp-block-themeisle-blocks-tabs-item\"><div class=\"wp-block-themeisle-blocks-tabs-item__header\" tabindex=\"0\"><strong>Aplicaci\u00f3n<\/strong><\/div><div class=\"wp-block-themeisle-blocks-tabs-item__content\">\n<p>The TruGem 5G DTU device C509 is designed for scenarios where continuous, reliable communication is critical, especially in remote, mobile, or emergency environments\uff0csuch as: <\/p>\n\n\n\n<ul class=\"wp-block-list\">\n<li>Energ\u00eda y servicios p\u00fablicos <\/li>\n\n\n\n<li>Water &amp; Wastewater Management <\/li>\n\n\n\n<li>Petr\u00f3leo y gas <\/li>\n\n\n\n<li>Industrial Automation &amp; Manufacturing <\/li>\n\n\n\n<li>Smart Grid &amp; Energy Management <\/li>\n\n\n\n<li>Vigilancia medioambiental <\/li>\n\n\n\n<li>Transportation &amp; Infrastructure Monitoring <\/li>\n\n\n\n<li>Agricultura inteligente <\/li>\n\n\n\n<li>Automatizaci\u00f3n de edificios<\/li>\n<\/ul>\n\n\n\n<p><\/p>\n<\/div><\/div>\n<\/div><\/div>\n\n\n\n<div style=\"height:30px\" aria-hidden=\"true\" class=\"wp-block-spacer\"><\/div>\n\n\n\n<div class=\"wp-block-cover alignfull\" style=\"min-height:300px;aspect-ratio:unset;\"><span aria-hidden=\"true\" class=\"wp-block-cover__background has-neve-link-color-background-color has-background-dim-100 has-background-dim\"><\/span><div class=\"wp-block-cover__inner-container is-layout-flow wp-block-cover-is-layout-flow\">\n<div class=\"wp-block-columns is-layout-flex wp-container-core-columns-is-layout-9d6595d7 wp-block-columns-is-layout-flex\">\n<div class=\"wp-block-column is-layout-flow wp-block-column-is-layout-flow\"><\/div>\n<\/div>\n\n\n\n<div class=\"wp-block-columns is-layout-flex wp-container-core-columns-is-layout-9d6595d7 wp-block-columns-is-layout-flex\">\n<div class=\"wp-block-column is-layout-flow wp-block-column-is-layout-flow\" style=\"flex-basis:20%\"><\/div>\n\n\n\n<div class=\"wp-block-column is-layout-flow wp-block-column-is-layout-flow\" style=\"flex-basis:60%\">\n<div class=\"wp-block-group\"><div class=\"wp-block-group__inner-container is-layout-constrained wp-block-group-is-layout-constrained\">\n<h3 class=\"wp-block-heading has-text-align-center has-nv-text-dark-bg-color has-text-color\" id=\"h-discover-the-power-of-iot-and-aiot-explore-our-solutions\">Descubra el poder de IoT y AIoT, Explore nuestras soluciones.<\/h3>\n\n\n\n<p class=\"has-text-align-center has-nv-text-dark-bg-color has-text-color has-link-color wp-elements-9eb90f3981bd21a2233971736814b7fd\">Empieza con TruGem y experimenta el mejor servicio al cliente.<\/p>\n\n\n\n<div class=\"wp-block-buttons is-horizontal is-content-justification-center is-layout-flex wp-container-core-buttons-is-layout-499968f5 wp-block-buttons-is-layout-flex\">\n<div class=\"wp-block-button is-style-primary o-typing-delay-200ms\"><a class=\"wp-block-button__link has-neve-link-color-color has-text-color has-background has-link-color wp-element-button\" href=\"https:\/\/www.trugemtech.com\/es\/pongase-en-contacto-con\/\" style=\"border-radius:30px;background-color:#ffffff\"><o-anim-typing>Comenzar<\/o-anim-typing><\/a><\/div>\n<\/div>\n<\/div><\/div>\n\n\n\n<div class=\"wp-block-columns is-layout-flex wp-container-core-columns-is-layout-9d6595d7 wp-block-columns-is-layout-flex\">\n<div class=\"wp-block-column is-layout-flow wp-block-column-is-layout-flow\"><\/div>\n<\/div>\n<\/div>\n\n\n\n<div class=\"wp-block-column is-layout-flow wp-block-column-is-layout-flow\" style=\"flex-basis:20%\"><\/div>\n<\/div>\n<\/div><\/div>\n\n\n\n<p><\/p>","protected":false},"excerpt":{"rendered":"<p>TruGem 5G DTU Device C509 is designed to deliver reliable and secure data transmission for remote monitoring and industrial automation applications. With support for global 5G\/5G RedCap\/4G\/3G networks, it ensures stable connectivity across distributed and hard-to-reach sites. Equipped with RS232, RS485, and Ethernet interfaces, the DTU device enables seamless integration with various field equipment. It&hellip;&nbsp;<a href=\"https:\/\/www.trugemtech.com\/es\/5g-dtu-device-c509\/\" class=\"\" rel=\"bookmark\">Leer m\u00e1s \"<span class=\"screen-reader-text\">5G DTU Device C509<\/span><\/a><\/p>","protected":false},"author":1,"featured_media":0,"parent":0,"menu_order":0,"comment_status":"closed","ping_status":"closed","template":"","meta":{"neve_meta_sidebar":"","neve_meta_container":"","neve_meta_enable_content_width":"","neve_meta_content_width":0,"neve_meta_title_alignment":"","neve_meta_author_avatar":"","neve_post_elements_order":"","neve_meta_disable_header":"","neve_meta_disable_footer":"","neve_meta_disable_title":"","_themeisle_gutenberg_block_has_review":false,"_ti_tpc_template_sync":false,"_ti_tpc_template_id":"","footnotes":""},"class_list":["post-3995","page","type-page","status-publish","hentry"],"yoast_head":"<!-- This site is optimized with the Yoast SEO Premium plugin v23.6 (Yoast SEO v23.8) - https:\/\/yoast.com\/wordpress\/plugins\/seo\/ -->\n<title>Vehicle Gateway | Edge Computing Gateway | RTK Equipment | AIoT Solution<\/title>\n<meta name=\"description\" content=\"TruGem is a global leader committed to delivering a diverse range of Vehicle Gateway, Edge Computing Gateway, RTK Equipment, 5G AIoT Solution to customers.\" \/>\n<meta name=\"robots\" content=\"index, follow, max-snippet:-1, max-image-preview:large, max-video-preview:-1\" \/>\n<link rel=\"canonical\" href=\"https:\/\/www.trugemtech.com\/es\/5g-dtu-device-c509\/\" \/>\n<meta property=\"og:locale\" content=\"es_ES\" \/>\n<meta property=\"og:type\" content=\"article\" \/>\n<meta property=\"og:title\" content=\"5G DTU Device C509\" \/>\n<meta property=\"og:description\" content=\"TruGem is a global leader committed to delivering a diverse range of Vehicle Gateway, Edge Computing Gateway, RTK Equipment, 5G AIoT Solution to customers.\" \/>\n<meta property=\"og:url\" content=\"https:\/\/www.trugemtech.com\/es\/5g-dtu-device-c509\/\" \/>\n<meta property=\"og:site_name\" content=\"IoT Solutions- AIoT-Vehicle Gateway - Edge Computing Gateway\" \/>\n<meta property=\"article:publisher\" content=\"https:\/\/www.facebook.com\/TruGemTech\" \/>\n<meta property=\"og:image\" content=\"https:\/\/www.trugemtech.com\/wp-content\/uploads\/2026\/04\/DTU-C509.png\" \/>\n\t<meta property=\"og:image:width\" content=\"1266\" \/>\n\t<meta property=\"og:image:height\" content=\"949\" \/>\n\t<meta property=\"og:image:type\" content=\"image\/png\" \/>\n<meta name=\"twitter:card\" content=\"summary_large_image\" \/>\n<meta name=\"twitter:label1\" content=\"Tiempo de lectura\" \/>\n\t<meta name=\"twitter:data1\" content=\"4 minutos\" \/>\n<script type=\"application\/ld+json\" class=\"yoast-schema-graph\">{\"@context\":\"https:\/\/schema.org\",\"@graph\":[{\"@type\":\"WebPage\",\"@id\":\"https:\/\/www.trugemtech.com\/5g-dtu-device-c509\/\",\"url\":\"https:\/\/www.trugemtech.com\/5g-dtu-device-c509\/\",\"name\":\"Vehicle Gateway | Edge Computing Gateway | RTK Equipment | AIoT Solution\",\"isPartOf\":{\"@id\":\"https:\/\/www.trugemtech.com\/#website\"},\"primaryImageOfPage\":{\"@id\":\"https:\/\/www.trugemtech.com\/5g-dtu-device-c509\/#primaryimage\"},\"image\":{\"@id\":\"https:\/\/www.trugemtech.com\/5g-dtu-device-c509\/#primaryimage\"},\"thumbnailUrl\":\"https:\/\/www.trugemtech.com\/wp-content\/uploads\/2026\/04\/DTU-C509.png\",\"datePublished\":\"2026-04-21T07:29:11+00:00\",\"dateModified\":\"2026-04-21T07:29:11+00:00\",\"description\":\"TruGem is a global leader committed to delivering a diverse range of Vehicle Gateway, Edge Computing Gateway, RTK Equipment, 5G AIoT Solution to customers.\",\"breadcrumb\":{\"@id\":\"https:\/\/www.trugemtech.com\/5g-dtu-device-c509\/#breadcrumb\"},\"inLanguage\":\"es\",\"potentialAction\":[{\"@type\":\"ReadAction\",\"target\":[\"https:\/\/www.trugemtech.com\/5g-dtu-device-c509\/\"]}]},{\"@type\":\"ImageObject\",\"inLanguage\":\"es\",\"@id\":\"https:\/\/www.trugemtech.com\/5g-dtu-device-c509\/#primaryimage\",\"url\":\"https:\/\/www.trugemtech.com\/wp-content\/uploads\/2026\/04\/DTU-C509.png\",\"contentUrl\":\"https:\/\/www.trugemtech.com\/wp-content\/uploads\/2026\/04\/DTU-C509.png\"},{\"@type\":\"BreadcrumbList\",\"@id\":\"https:\/\/www.trugemtech.com\/5g-dtu-device-c509\/#breadcrumb\",\"itemListElement\":[{\"@type\":\"ListItem\",\"position\":1,\"name\":\"Home\",\"item\":\"https:\/\/www.trugemtech.com\/\"},{\"@type\":\"ListItem\",\"position\":2,\"name\":\"5G DTU Device C509\"}]},{\"@type\":\"WebSite\",\"@id\":\"https:\/\/www.trugemtech.com\/#website\",\"url\":\"https:\/\/www.trugemtech.com\/\",\"name\":\"IoT Solutions- Vehicle Gateway - IoT Gateway - Industrial Router\",\"description\":\"Empower Digital Transformation\",\"alternateName\":\"IoT Solutions- AIoT - Vehicle Gateway - Edge Computing Gateway\",\"potentialAction\":[{\"@type\":\"SearchAction\",\"target\":{\"@type\":\"EntryPoint\",\"urlTemplate\":\"https:\/\/www.trugemtech.com\/?s={search_term_string}\"},\"query-input\":{\"@type\":\"PropertyValueSpecification\",\"valueRequired\":true,\"valueName\":\"search_term_string\"}}],\"inLanguage\":\"es\"}]}<\/script>\n<!-- \/ Yoast SEO Premium plugin. -->","yoast_head_json":{"title":"Pasarela de veh\u00edculos | Pasarela Edge Computing | Equipo RTK | Soluci\u00f3n AIoT","description":"TruGem es un l\u00edder mundial comprometido con el suministro a sus clientes de una amplia gama de pasarelas para veh\u00edculos, pasarelas Edge Computing, equipos RTK y soluciones 5G AIoT.","robots":{"index":"index","follow":"follow","max-snippet":"max-snippet:-1","max-image-preview":"max-image-preview:large","max-video-preview":"max-video-preview:-1"},"canonical":"https:\/\/www.trugemtech.com\/es\/5g-dtu-device-c509\/","og_locale":"es_ES","og_type":"article","og_title":"5G DTU Device C509","og_description":"TruGem is a global leader committed to delivering a diverse range of Vehicle Gateway, Edge Computing Gateway, RTK Equipment, 5G AIoT Solution to customers.","og_url":"https:\/\/www.trugemtech.com\/es\/5g-dtu-device-c509\/","og_site_name":"IoT Solutions- AIoT-Vehicle Gateway - Edge Computing Gateway","article_publisher":"https:\/\/www.facebook.com\/TruGemTech","og_image":[{"width":1266,"height":949,"url":"https:\/\/www.trugemtech.com\/wp-content\/uploads\/2026\/04\/DTU-C509.png","type":"image\/png"}],"twitter_card":"summary_large_image","twitter_misc":{"Tiempo de lectura":"4 minutos"},"schema":{"@context":"https:\/\/schema.org","@graph":[{"@type":"WebPage","@id":"https:\/\/www.trugemtech.com\/5g-dtu-device-c509\/","url":"https:\/\/www.trugemtech.com\/5g-dtu-device-c509\/","name":"Pasarela de veh\u00edculos | Pasarela Edge Computing | Equipo RTK | Soluci\u00f3n AIoT","isPartOf":{"@id":"https:\/\/www.trugemtech.com\/#website"},"primaryImageOfPage":{"@id":"https:\/\/www.trugemtech.com\/5g-dtu-device-c509\/#primaryimage"},"image":{"@id":"https:\/\/www.trugemtech.com\/5g-dtu-device-c509\/#primaryimage"},"thumbnailUrl":"https:\/\/www.trugemtech.com\/wp-content\/uploads\/2026\/04\/DTU-C509.png","datePublished":"2026-04-21T07:29:11+00:00","dateModified":"2026-04-21T07:29:11+00:00","description":"TruGem es un l\u00edder mundial comprometido con el suministro a sus clientes de una amplia gama de pasarelas para veh\u00edculos, pasarelas Edge Computing, equipos RTK y soluciones 5G AIoT.","breadcrumb":{"@id":"https:\/\/www.trugemtech.com\/5g-dtu-device-c509\/#breadcrumb"},"inLanguage":"es","potentialAction":[{"@type":"ReadAction","target":["https:\/\/www.trugemtech.com\/5g-dtu-device-c509\/"]}]},{"@type":"ImageObject","inLanguage":"es","@id":"https:\/\/www.trugemtech.com\/5g-dtu-device-c509\/#primaryimage","url":"https:\/\/www.trugemtech.com\/wp-content\/uploads\/2026\/04\/DTU-C509.png","contentUrl":"https:\/\/www.trugemtech.com\/wp-content\/uploads\/2026\/04\/DTU-C509.png"},{"@type":"BreadcrumbList","@id":"https:\/\/www.trugemtech.com\/5g-dtu-device-c509\/#breadcrumb","itemListElement":[{"@type":"ListItem","position":1,"name":"Home","item":"https:\/\/www.trugemtech.com\/"},{"@type":"ListItem","position":2,"name":"5G DTU Device C509"}]},{"@type":"WebSite","@id":"https:\/\/www.trugemtech.com\/#website","url":"https:\/\/www.trugemtech.com\/","name":"Soluciones IoT - Pasarela para veh\u00edculos - Pasarela IoT - Router industrial","description":"Potenciar la transformaci\u00f3n digital","alternateName":"IoT Solutions- AIoT - Vehicle Gateway - Edge Computing Gateway","potentialAction":[{"@type":"SearchAction","target":{"@type":"EntryPoint","urlTemplate":"https:\/\/www.trugemtech.com\/?s={search_term_string}"},"query-input":{"@type":"PropertyValueSpecification","valueRequired":true,"valueName":"search_term_string"}}],"inLanguage":"es"}]}},"_links":{"self":[{"href":"https:\/\/www.trugemtech.com\/es\/wp-json\/wp\/v2\/pages\/3995","targetHints":{"allow":["GET"]}}],"collection":[{"href":"https:\/\/www.trugemtech.com\/es\/wp-json\/wp\/v2\/pages"}],"about":[{"href":"https:\/\/www.trugemtech.com\/es\/wp-json\/wp\/v2\/types\/page"}],"author":[{"embeddable":true,"href":"https:\/\/www.trugemtech.com\/es\/wp-json\/wp\/v2\/users\/1"}],"replies":[{"embeddable":true,"href":"https:\/\/www.trugemtech.com\/es\/wp-json\/wp\/v2\/comments?post=3995"}],"version-history":[{"count":7,"href":"https:\/\/www.trugemtech.com\/es\/wp-json\/wp\/v2\/pages\/3995\/revisions"}],"predecessor-version":[{"id":4006,"href":"https:\/\/www.trugemtech.com\/es\/wp-json\/wp\/v2\/pages\/3995\/revisions\/4006"}],"wp:attachment":[{"href":"https:\/\/www.trugemtech.com\/es\/wp-json\/wp\/v2\/media?parent=3995"}],"curies":[{"name":"wp","href":"https:\/\/api.w.org\/{rel}","templated":true}]}}