{"id":1776,"date":"2024-10-10T18:20:01","date_gmt":"2024-10-10T10:20:01","guid":{"rendered":"https:\/\/www.trugemtech.com\/?page_id=1776"},"modified":"2025-08-08T10:56:27","modified_gmt":"2025-08-08T02:56:27","slug":"camera-de-vision-nocturne-4k","status":"publish","type":"page","link":"https:\/\/www.trugemtech.com\/fr\/camera-de-vision-nocturne-4k\/","title":{"rendered":"Cam\u00e9ra de vision nocturne 4K couleur Ultranc-DK-50"},"content":{"rendered":"<div class=\"wp-block-columns alignwide has-nv-light-bg-background-color has-background is-layout-flex wp-container-core-columns-is-layout-fe847a89 wp-block-columns-is-layout-flex\" style=\"border-radius:30px;padding-top:var(--wp--preset--spacing--50);padding-right:var(--wp--preset--spacing--50);padding-bottom:var(--wp--preset--spacing--50);padding-left:var(--wp--preset--spacing--50)\">\n<div class=\"wp-block-column is-layout-flow wp-block-column-is-layout-flow\">\n<p style=\"font-size:18px\"><strong>La cam\u00e9ra couleur 4K \u00e0 vision nocturne Ultranc-DK-50 de TruGem est con\u00e7ue pour concurrencer la cam\u00e9ra r\u00e9seau 4K \u00e0 ultra haute sensibilit\u00e9 SNC-VB770 de Sony, et ses param\u00e8tres peuvent rivaliser avec ceux de la SNC-VB770, tout en offrant un meilleur rapport qualit\u00e9-prix<\/strong>. <strong>Elle excelle dans la capture d'images claires et de haute r\u00e9solution, m\u00eame lorsque les niveaux de luminosit\u00e9 sont inf\u00e9rieurs \u00e0 0,0001 lux. L'am\u00e9lioration de l'image en basse lumi\u00e8re et l'algorithme intelligent de compl\u00e9ment de lumi\u00e8re de la cam\u00e9ra fonctionnent ensemble de mani\u00e8re transparente, fournissant des images claires m\u00eame dans les environnements les plus sombres sans l'aide d'illuminateurs ou de compl\u00e9ment de lumi\u00e8re. <\/strong><\/p>\n\n\n\n<p style=\"font-size:18px\"><strong>L'Ultranc-DK-50 offre une r\u00e9solution 4K de 9MP (4096\u00d72160 \u00e0 25fps), gr\u00e2ce \u00e0 un capteur d'image plein format avanc\u00e9. Cette technologie sophistiqu\u00e9e capture chaque d\u00e9tail dans des couleurs \u00e9clatantes, offrant une clart\u00e9 et une pr\u00e9cision sup\u00e9rieures, ce qui est essentiel pour les besoins de surveillance critiques. M\u00eame par nuit noire, l'Ultranc-DK-50 garantit une imagerie couleur fiable 24 heures sur 24, sans \u00e9clairage suppl\u00e9mentaire.<\/strong><\/p>\n\n\n\n<p style=\"font-size:18px\"><strong>Ses caract\u00e9ristiques robustes font de cette cam\u00e9ra de vision nocturne 4K le choix id\u00e9al pour tous ceux qui recherchent une cam\u00e9ra de vision nocturne haut de gamme offrant d'excellentes performances de jour comme de nuit. <\/strong><\/p>\n\n\n\n<p style=\"font-size:18px\"><\/p>\n<\/div>\n\n\n\n<div class=\"wp-block-column is-vertically-aligned-center is-layout-flow wp-block-column-is-layout-flow\">\n<figure class=\"wp-block-image size-full is-resized is-style-default wp-duotone-unset-1\"><img decoding=\"async\" src=\"https:\/\/www.trugemtech.com\/wp-content\/uploads\/2024\/09\/Ultranc-DK-1.png\" alt=\"Cam\u00e9ra de vision nocturne TruGem 4K Full Color Ultra\" class=\"wp-image-1632\" style=\"object-fit:cover;width:581px;height:580px\"\/><\/figure>\n\n\n\n<div class=\"wp-block-buttons bounce is-content-justification-center is-layout-flex wp-container-core-buttons-is-layout-16018d1d wp-block-buttons-is-layout-flex\">\n<div class=\"wp-block-button is-style-primary\"><a class=\"wp-block-button__link wp-element-button\" href=\"https:\/\/www.trugemtech.com\/fr\/contact\/\">cONTACT US<\/a><\/div>\n<\/div>\n<\/div>\n<\/div>\n\n\n\n<div id=\"wp-block-themeisle-blocks-tabs-b59e5e82\" class=\"wp-block-themeisle-blocks-tabs  is-style-boxed\"><div class=\"wp-block-themeisle-blocks-tabs__content\">\n<div data-title=\"<strong&gt;Key Features<\/strong&gt;\" class=\"wp-block-themeisle-blocks-tabs-item\"><div class=\"wp-block-themeisle-blocks-tabs-item__header\" tabindex=\"0\"><strong>Caract\u00e9ristiques principales<\/strong><\/div><div class=\"wp-block-themeisle-blocks-tabs-item__content\">\n<ul class=\"wp-block-list\">\n<li>Plein cadre<\/li>\n\n\n\n<li>Imagerie de haute qualit\u00e9 R\u00e9solution de 9 MP<\/li>\n\n\n\n<li>24\/7 Imagerie couleur de haute qualit\u00e9 avec r\u00e9solution 4K<\/li>\n\n\n\n<li>Imagerie claire en cas de fort contre-jour <\/li>\n\n\n\n<li>Mat\u00e9riel et logiciel Technologie WDR 2 en 1<\/li>\n\n\n\n<li>Am\u00e9lioration de l'image en cas de faible luminosit\u00e9 et algorithme intelligent de compl\u00e9ment de lumi\u00e8re.<\/li>\n\n\n\n<li>Pas besoin de compl\u00e9ment d'\u00e9clairage (illuminateur) environnement \u00e0 tr\u00e8s faible luminosit\u00e9<\/li>\n<\/ul>\n<\/div><\/div>\n\n\n\n<div data-title=\"<strong&gt;Specification<\/strong&gt;\" class=\"wp-block-themeisle-blocks-tabs-item\"><div class=\"wp-block-themeisle-blocks-tabs-item__header\" tabindex=\"0\"><strong>Sp\u00e9cifications<\/strong><\/div><div class=\"wp-block-themeisle-blocks-tabs-item__content\">\n<figure class=\"wp-block-table\"><table class=\"has-border-color has-nv-site-bg-border-color has-fixed-layout\" style=\"border-width:10px\"><tbody><tr><td colspan=\"2\"><strong>Sp\u00e9cifications<\/strong><\/td><td><strong>Ultranc-DK-50<\/strong><\/td><\/tr><tr><td rowspan=\"3\"><strong>Appareil photo<\/strong><\/td><td>Capteur d'image<\/td><td>Capteur CMOS 4\/3<\/td><\/tr><tr><td>Min. \u00c9clairage<\/td><td>Couleur : 0,0001lux<\/td><\/tr><tr><td>Gamme<\/td><td>300 m\u00e8tres<\/td><\/tr><tr><td rowspan=\"4\"><strong>Lentille<\/strong><\/td><td>Longueur focale<\/td><td>50 mm<\/td><\/tr><tr><td>Type<\/td><td>&nbsp;Objectif \u00e0 focale fixe<\/td><\/tr><tr><td>Ouverture<\/td><td>f\/16~f\/0,95<\/td><\/tr><tr><td>Monture d'objectif<\/td><td>Objectif manuel externe, compatible avec les montures E et M43<\/td><\/tr><tr><td rowspan=\"4\"><strong>Vid\u00e9o<\/strong><strong>&nbsp;<\/strong><\/td><td>Format d'encodage<\/td><td>H.264,H.265<\/td><\/tr><tr><td>R\u00e9solution<\/td><td>4096*2160, 3840*2160, 1920*1080<\/td><\/tr><tr><td>Taux de rafra\u00eechissement<\/td><td>25 images par seconde<\/td><\/tr><tr><td>R\u00e9glage de l'image<\/td><td>Saturation, luminosit\u00e9, contraste, balance des blancs, gain, r\u00e9glables via le logiciel client<\/td><\/tr><tr><td rowspan=\"5\"><strong>Interface<\/strong><\/td><td>Interface r\u00e9seau<\/td><td>2 * RJ45 10 M\/100 M port ethernet auto-adaptatif<\/td><\/tr><tr><td>Interface de communication<\/td><td>2*RS485<\/td><\/tr><tr><td>Entr\u00e9e<\/td><td>2 signaux de d\u00e9clenchement externes<\/td><\/tr><tr><td>Sortie<\/td><td>Contr\u00f4le du flash synchrone \u00e0 2 canaux<\/td><\/tr><tr><td>Sortie de contr\u00f4le<\/td><td>Signal de sortie par relais<\/td><\/tr><tr><td rowspan=\"6\"><strong>Autres<\/strong><strong>Param\u00e8tres<\/strong><strong>&nbsp;<\/strong><\/td><td>Stockage<\/td><td>Prise en charge de la carte TF, jusqu'\u00e0 256 Go<\/td><\/tr><tr><td>Protocole<\/td><td>TCP\/IP,HTTP,DHCP,DNS,RTP\/RTSP,FTP, GB\/T28281<\/td><\/tr><tr><td>Conditions de fonctionnement<\/td><td>De -30 \u00b0C \u00e0 70 \u00b0C. Humidit\u00e9 inf\u00e9rieure \u00e0 90% (sans condensation)<\/td><\/tr><tr><td>Alimentation \u00e9lectrique<\/td><td>DC12V\u00b120%<\/td><\/tr><tr><td>Puissance&nbsp;<\/td><td>6W<\/td><\/tr><tr><td>Dimension<\/td><td>54cm*46.9cm*17.7cm<\/td><\/tr><\/tbody><\/table><\/figure>\n<\/div><\/div>\n\n\n\n<div data-title=\"<strong&gt;Application<\/strong&gt;\" class=\"wp-block-themeisle-blocks-tabs-item\"><div class=\"wp-block-themeisle-blocks-tabs-item__header\" tabindex=\"0\"><strong>Application<\/strong><\/div><div class=\"wp-block-themeisle-blocks-tabs-item__content\">\n<p>Ses caract\u00e9ristiques robustes en font le choix id\u00e9al pour tous ceux qui recherchent une cam\u00e9ra de vision nocturne haut de gamme offrant d'excellentes performances de jour comme de nuit. Cette cam\u00e9ra est id\u00e9ale pour les zones o\u00f9 la visibilit\u00e9 nocturne est cruciale, telles que :<\/p>\n\n\n\n<ul class=\"wp-block-list\">\n<li>P\u00e9rim\u00e8tre<\/li>\n\n\n\n<li>A\u00e9roport<\/li>\n\n\n\n<li>Utilit\u00e9<\/li>\n\n\n\n<li>Application de la loi<\/li>\n\n\n\n<li>Patrouille frontali\u00e8re<\/li>\n\n\n\n<li>D\u00e9fense c\u00f4ti\u00e8re<\/li>\n\n\n\n<li>Exploitation mini\u00e8re<\/li>\n\n\n\n<li>Port<\/li>\n\n\n\n<li>P\u00e9trole et gaz<\/li>\n\n\n\n<li>Station<\/li>\n<\/ul>\n<\/div><\/div>\n<\/div><\/div>\n\n\n\n<p><\/p>\n\n\n\n<div class=\"wp-block-cover alignfull\" style=\"min-height:300px;aspect-ratio:unset;\"><span aria-hidden=\"true\" class=\"wp-block-cover__background has-neve-link-color-background-color has-background-dim-100 has-background-dim\"><\/span><div class=\"wp-block-cover__inner-container is-layout-flow wp-block-cover-is-layout-flow\">\n<div class=\"wp-block-columns is-layout-flex wp-container-core-columns-is-layout-9d6595d7 wp-block-columns-is-layout-flex\">\n<div class=\"wp-block-column is-layout-flow wp-block-column-is-layout-flow\"><\/div>\n<\/div>\n\n\n\n<div class=\"wp-block-columns is-layout-flex wp-container-core-columns-is-layout-9d6595d7 wp-block-columns-is-layout-flex\">\n<div class=\"wp-block-column is-layout-flow wp-block-column-is-layout-flow\" style=\"flex-basis:20%\"><\/div>\n\n\n\n<div class=\"wp-block-column is-layout-flow wp-block-column-is-layout-flow\" style=\"flex-basis:60%\">\n<div class=\"wp-block-group\"><div class=\"wp-block-group__inner-container is-layout-constrained wp-block-group-is-layout-constrained\">\n<h3 class=\"wp-block-heading has-text-align-center has-nv-text-dark-bg-color has-text-color\" id=\"h-discover-the-power-of-aiot-explore-our-solutions\">D\u00e9couvrez la puissance de l'AIoT, Explorez nos solutions.<\/h3>\n\n\n\n<p class=\"has-text-align-center has-nv-text-dark-bg-color has-text-color has-link-color wp-elements-9eb90f3981bd21a2233971736814b7fd\">Commencez avec TruGem et faites l'exp\u00e9rience du meilleur service \u00e0 la client\u00e8le.<\/p>\n\n\n\n<div class=\"wp-block-buttons is-horizontal is-content-justification-center is-layout-flex wp-container-core-buttons-is-layout-499968f5 wp-block-buttons-is-layout-flex\">\n<div class=\"wp-block-button is-style-primary o-typing-delay-200ms\"><a class=\"wp-block-button__link has-neve-link-color-color has-text-color has-background has-link-color wp-element-button\" href=\"https:\/\/www.trugemtech.com\/fr\/contact\/\" style=\"border-radius:30px;background-color:#ffffff\"><o-anim-typing>Commencer<\/o-anim-typing><\/a><\/div>\n<\/div>\n<\/div><\/div>\n\n\n\n<div class=\"wp-block-columns is-layout-flex wp-container-core-columns-is-layout-9d6595d7 wp-block-columns-is-layout-flex\">\n<div class=\"wp-block-column is-layout-flow wp-block-column-is-layout-flow\"><\/div>\n<\/div>\n<\/div>\n\n\n\n<div class=\"wp-block-column is-layout-flow wp-block-column-is-layout-flow\" style=\"flex-basis:20%\"><\/div>\n<\/div>\n<\/div><\/div>","protected":false},"excerpt":{"rendered":"<p>La cam\u00e9ra de vision nocturne 4K couleur Ultranc-DK-50 de TruGem est con\u00e7ue pour concurrencer la cam\u00e9ra r\u00e9seau 4K ultra haute sensibilit\u00e9 SNC-VB770 de Sony, et ses param\u00e8tres peuvent rivaliser avec ceux de la SNC-VB770, tout en offrant un meilleur rapport qualit\u00e9-prix. Elle excelle dans la capture d'images claires et haute r\u00e9solution, m\u00eame lorsque le niveau de luminosit\u00e9 est inf\u00e9rieur \u00e0 0,0001 lux. L'am\u00e9lioration de l'image en cas de faible luminosit\u00e9...&nbsp;<a href=\"https:\/\/www.trugemtech.com\/fr\/camera-de-vision-nocturne-4k\/\" class=\"\" rel=\"bookmark\">Lire la suite \"<span class=\"screen-reader-text\">Cam\u00e9ra de vision nocturne 4K couleur Ultranc-DK-50<\/span><\/a><\/p>","protected":false},"author":1,"featured_media":0,"parent":0,"menu_order":0,"comment_status":"closed","ping_status":"closed","template":"","meta":{"neve_meta_sidebar":"","neve_meta_container":"","neve_meta_enable_content_width":"","neve_meta_content_width":0,"neve_meta_title_alignment":"","neve_meta_author_avatar":"","neve_post_elements_order":"","neve_meta_disable_header":"","neve_meta_disable_footer":"","neve_meta_disable_title":"","_themeisle_gutenberg_block_has_review":false,"_ti_tpc_template_sync":false,"_ti_tpc_template_id":"","footnotes":""},"class_list":["post-1776","page","type-page","status-publish","hentry"],"yoast_head":"<!-- This site is optimized with the Yoast SEO Premium plugin v23.6 (Yoast SEO v23.8) - https:\/\/yoast.com\/wordpress\/plugins\/seo\/ -->\n<title>Full Color 4K Night Vision Camera Ultranc-DK-50<\/title>\n<meta name=\"description\" content=\"TruGem Full Color 4K Night Vision Camera Ultranc-DK-50, captures clear 9MP high-resolution images, designed for ultra-low light conditions\" \/>\n<meta name=\"robots\" content=\"index, follow, max-snippet:-1, max-image-preview:large, max-video-preview:-1\" \/>\n<link rel=\"canonical\" href=\"https:\/\/www.trugemtech.com\/fr\/camera-de-vision-nocturne-4k\/\" \/>\n<meta property=\"og:locale\" content=\"fr_FR\" \/>\n<meta property=\"og:type\" content=\"article\" \/>\n<meta property=\"og:title\" content=\"Full Color 4K Night Vision Camera Ultranc-DK-50\" \/>\n<meta property=\"og:description\" content=\"TruGem Full Color 4K Night Vision Camera Ultranc-DK-50, captures clear 9MP high-resolution images, designed for ultra-low light conditions\" \/>\n<meta property=\"og:url\" content=\"https:\/\/www.trugemtech.com\/fr\/camera-de-vision-nocturne-4k\/\" \/>\n<meta property=\"og:site_name\" content=\"IoT Solutions- AIoT-Vehicle Gateway - Edge Computing Gateway\" \/>\n<meta property=\"article:publisher\" content=\"https:\/\/www.facebook.com\/TruGemTech\" \/>\n<meta property=\"article:modified_time\" content=\"2025-08-08T02:56:27+00:00\" \/>\n<meta property=\"og:image\" content=\"https:\/\/www.trugemtech.com\/wp-content\/uploads\/2024\/09\/Ultranc-DK-1-e1730772469578.png\" \/>\n\t<meta property=\"og:image:width\" content=\"861\" \/>\n\t<meta property=\"og:image:height\" content=\"861\" \/>\n\t<meta property=\"og:image:type\" content=\"image\/png\" \/>\n<meta name=\"twitter:card\" content=\"summary_large_image\" \/>\n<meta name=\"twitter:label1\" content=\"Dur\u00e9e de lecture estim\u00e9e\" \/>\n\t<meta name=\"twitter:data1\" content=\"2 minutes\" \/>\n<script type=\"application\/ld+json\" class=\"yoast-schema-graph\">{\"@context\":\"https:\/\/schema.org\",\"@graph\":[{\"@type\":\"WebPage\",\"@id\":\"https:\/\/www.trugemtech.com\/4k-night-vision-camera\/\",\"url\":\"https:\/\/www.trugemtech.com\/4k-night-vision-camera\/\",\"name\":\"Full Color 4K Night Vision Camera Ultranc-DK-50\",\"isPartOf\":{\"@id\":\"https:\/\/www.trugemtech.com\/#website\"},\"primaryImageOfPage\":{\"@id\":\"https:\/\/www.trugemtech.com\/4k-night-vision-camera\/#primaryimage\"},\"image\":{\"@id\":\"https:\/\/www.trugemtech.com\/4k-night-vision-camera\/#primaryimage\"},\"thumbnailUrl\":\"https:\/\/www.trugemtech.com\/wp-content\/uploads\/2024\/09\/Ultranc-DK-1.png\",\"datePublished\":\"2024-10-10T10:20:01+00:00\",\"dateModified\":\"2025-08-08T02:56:27+00:00\",\"description\":\"TruGem Full Color 4K Night Vision Camera Ultranc-DK-50, captures clear 9MP high-resolution images, designed for ultra-low light conditions\",\"breadcrumb\":{\"@id\":\"https:\/\/www.trugemtech.com\/4k-night-vision-camera\/#breadcrumb\"},\"inLanguage\":\"fr-FR\",\"potentialAction\":[{\"@type\":\"ReadAction\",\"target\":[\"https:\/\/www.trugemtech.com\/4k-night-vision-camera\/\"]}]},{\"@type\":\"ImageObject\",\"inLanguage\":\"fr-FR\",\"@id\":\"https:\/\/www.trugemtech.com\/4k-night-vision-camera\/#primaryimage\",\"url\":\"https:\/\/www.trugemtech.com\/wp-content\/uploads\/2024\/09\/Ultranc-DK-1.png\",\"contentUrl\":\"https:\/\/www.trugemtech.com\/wp-content\/uploads\/2024\/09\/Ultranc-DK-1.png\"},{\"@type\":\"BreadcrumbList\",\"@id\":\"https:\/\/www.trugemtech.com\/4k-night-vision-camera\/#breadcrumb\",\"itemListElement\":[{\"@type\":\"ListItem\",\"position\":1,\"name\":\"Home\",\"item\":\"https:\/\/www.trugemtech.com\/\"},{\"@type\":\"ListItem\",\"position\":2,\"name\":\"Full Color 4K Night Vision Camera Ultranc-DK-50\"}]},{\"@type\":\"WebSite\",\"@id\":\"https:\/\/www.trugemtech.com\/#website\",\"url\":\"https:\/\/www.trugemtech.com\/\",\"name\":\"IoT Solutions- Vehicle Gateway - IoT Gateway - Industrial Router\",\"description\":\"Empower Digital Transformation\",\"alternateName\":\"IoT Solutions- AIoT - Vehicle Gateway - Edge Computing Gateway\",\"potentialAction\":[{\"@type\":\"SearchAction\",\"target\":{\"@type\":\"EntryPoint\",\"urlTemplate\":\"https:\/\/www.trugemtech.com\/?s={search_term_string}\"},\"query-input\":{\"@type\":\"PropertyValueSpecification\",\"valueRequired\":true,\"valueName\":\"search_term_string\"}}],\"inLanguage\":\"fr-FR\"}]}<\/script>\n<!-- \/ Yoast SEO Premium plugin. -->","yoast_head_json":{"title":"Cam\u00e9ra de vision nocturne 4K couleur Ultranc-DK-50","description":"TruGem Full Color 4K Night Vision Camera Ultranc-DK-50, capture des images claires en haute r\u00e9solution de 9MP, con\u00e7ues pour des conditions d'\u00e9clairage tr\u00e8s faibles.","robots":{"index":"index","follow":"follow","max-snippet":"max-snippet:-1","max-image-preview":"max-image-preview:large","max-video-preview":"max-video-preview:-1"},"canonical":"https:\/\/www.trugemtech.com\/fr\/camera-de-vision-nocturne-4k\/","og_locale":"fr_FR","og_type":"article","og_title":"Full Color 4K Night Vision Camera Ultranc-DK-50","og_description":"TruGem Full Color 4K Night Vision Camera Ultranc-DK-50, captures clear 9MP high-resolution images, designed for ultra-low light conditions","og_url":"https:\/\/www.trugemtech.com\/fr\/camera-de-vision-nocturne-4k\/","og_site_name":"IoT Solutions- AIoT-Vehicle Gateway - Edge Computing Gateway","article_publisher":"https:\/\/www.facebook.com\/TruGemTech","article_modified_time":"2025-08-08T02:56:27+00:00","og_image":[{"width":861,"height":861,"url":"https:\/\/www.trugemtech.com\/wp-content\/uploads\/2024\/09\/Ultranc-DK-1-e1730772469578.png","type":"image\/png"}],"twitter_card":"summary_large_image","twitter_misc":{"Dur\u00e9e de lecture estim\u00e9e":"2 minutes"},"schema":{"@context":"https:\/\/schema.org","@graph":[{"@type":"WebPage","@id":"https:\/\/www.trugemtech.com\/4k-night-vision-camera\/","url":"https:\/\/www.trugemtech.com\/4k-night-vision-camera\/","name":"Cam\u00e9ra de vision nocturne 4K couleur Ultranc-DK-50","isPartOf":{"@id":"https:\/\/www.trugemtech.com\/#website"},"primaryImageOfPage":{"@id":"https:\/\/www.trugemtech.com\/4k-night-vision-camera\/#primaryimage"},"image":{"@id":"https:\/\/www.trugemtech.com\/4k-night-vision-camera\/#primaryimage"},"thumbnailUrl":"https:\/\/www.trugemtech.com\/wp-content\/uploads\/2024\/09\/Ultranc-DK-1.png","datePublished":"2024-10-10T10:20:01+00:00","dateModified":"2025-08-08T02:56:27+00:00","description":"TruGem Full Color 4K Night Vision Camera Ultranc-DK-50, capture des images claires en haute r\u00e9solution de 9MP, con\u00e7ues pour des conditions d'\u00e9clairage tr\u00e8s faibles.","breadcrumb":{"@id":"https:\/\/www.trugemtech.com\/4k-night-vision-camera\/#breadcrumb"},"inLanguage":"fr-FR","potentialAction":[{"@type":"ReadAction","target":["https:\/\/www.trugemtech.com\/4k-night-vision-camera\/"]}]},{"@type":"ImageObject","inLanguage":"fr-FR","@id":"https:\/\/www.trugemtech.com\/4k-night-vision-camera\/#primaryimage","url":"https:\/\/www.trugemtech.com\/wp-content\/uploads\/2024\/09\/Ultranc-DK-1.png","contentUrl":"https:\/\/www.trugemtech.com\/wp-content\/uploads\/2024\/09\/Ultranc-DK-1.png"},{"@type":"BreadcrumbList","@id":"https:\/\/www.trugemtech.com\/4k-night-vision-camera\/#breadcrumb","itemListElement":[{"@type":"ListItem","position":1,"name":"Home","item":"https:\/\/www.trugemtech.com\/"},{"@type":"ListItem","position":2,"name":"Full Color 4K Night Vision Camera Ultranc-DK-50"}]},{"@type":"WebSite","@id":"https:\/\/www.trugemtech.com\/#website","url":"https:\/\/www.trugemtech.com\/","name":"Solutions IoT - Passerelle pour v\u00e9hicules - Passerelle IoT - Routeur industriel","description":"Favoriser la transformation num\u00e9rique","alternateName":"IoT Solutions- AIoT - Vehicle Gateway - Edge Computing Gateway","potentialAction":[{"@type":"SearchAction","target":{"@type":"EntryPoint","urlTemplate":"https:\/\/www.trugemtech.com\/?s={search_term_string}"},"query-input":{"@type":"PropertyValueSpecification","valueRequired":true,"valueName":"search_term_string"}}],"inLanguage":"fr-FR"}]}},"_links":{"self":[{"href":"https:\/\/www.trugemtech.com\/fr\/wp-json\/wp\/v2\/pages\/1776","targetHints":{"allow":["GET"]}}],"collection":[{"href":"https:\/\/www.trugemtech.com\/fr\/wp-json\/wp\/v2\/pages"}],"about":[{"href":"https:\/\/www.trugemtech.com\/fr\/wp-json\/wp\/v2\/types\/page"}],"author":[{"embeddable":true,"href":"https:\/\/www.trugemtech.com\/fr\/wp-json\/wp\/v2\/users\/1"}],"replies":[{"embeddable":true,"href":"https:\/\/www.trugemtech.com\/fr\/wp-json\/wp\/v2\/comments?post=1776"}],"version-history":[{"count":3,"href":"https:\/\/www.trugemtech.com\/fr\/wp-json\/wp\/v2\/pages\/1776\/revisions"}],"predecessor-version":[{"id":3578,"href":"https:\/\/www.trugemtech.com\/fr\/wp-json\/wp\/v2\/pages\/1776\/revisions\/3578"}],"wp:attachment":[{"href":"https:\/\/www.trugemtech.com\/fr\/wp-json\/wp\/v2\/media?parent=1776"}],"curies":[{"name":"wp","href":"https:\/\/api.w.org\/{rel}","templated":true}]}}