{"id":1784,"date":"2024-10-11T16:15:41","date_gmt":"2024-10-11T08:15:41","guid":{"rendered":"https:\/\/www.trugemtech.com\/?page_id=1784"},"modified":"2024-11-18T15:58:54","modified_gmt":"2024-11-18T07:58:54","slug":"camera-ptz","status":"publish","type":"page","link":"https:\/\/www.trugemtech.com\/fr\/camera-ptz\/","title":{"rendered":"Cam\u00e9ra PTZ couleur \u00e0 vision nocturne Ultra Ultranc-MY2"},"content":{"rendered":"\n<div class=\"wp-block-columns alignwide has-nv-light-bg-background-color has-background is-layout-flex wp-container-core-columns-is-layout-fe847a89 wp-block-columns-is-layout-flex\" style=\"border-radius:30px;padding-top:var(--wp--preset--spacing--50);padding-right:var(--wp--preset--spacing--50);padding-bottom:var(--wp--preset--spacing--50);padding-left:var(--wp--preset--spacing--50)\">\n<div class=\"wp-block-column is-layout-flow wp-block-column-is-layout-flow\">\n<p style=\"font-size:18px\"><strong>TruGem Full Color Ultra Night Vision PTZ Camera Ultranc-MY2,  with ultra sensitive image sensors(1\/1.2\u201cCMOS) , electrons multiply and noise control technology to ensure clear view of objects when illumination below 0.0002LUX@F1.5. <\/strong><span data-lark-record-data=\"{&quot;rootId&quot;:&quot;UUCmdH948om5I7xCHtkc6M2tnne&quot;,&quot;text&quot;:{&quot;initialAttributedTexts&quot;:{&quot;text&quot;:{&quot;0&quot;:&quot;Full Color Ultra Night Vision PTZ Camera Ultranc-MY2,  with ultra sensitive image sensors(1\/1.2\u201cCMOS) , electrons multiply and noise control technology to ensure clear view of objects when illumination below 0.0002LUX@F1.5. &quot;},&quot;attribs&quot;:{&quot;0&quot;:&quot;*0*1+68&quot;}},&quot;apool&quot;:{&quot;numToAttrib&quot;:{&quot;0&quot;:[&quot;author&quot;,&quot;7268478414045052931&quot;],&quot;1&quot;:[&quot;bold&quot;,&quot;true&quot;]},&quot;nextNum&quot;:2}},&quot;type&quot;:&quot;text&quot;,&quot;referenceRecordMap&quot;:{},&quot;extra&quot;:{&quot;channel&quot;:&quot;saas&quot;,&quot;pasteRandomId&quot;:&quot;dda99a2d-09b3-4ef9-8478-a7807ed46b35&quot;,&quot;mention_page_title&quot;:{},&quot;external_mention_url&quot;:{}},&quot;isKeepQuoteContainer&quot;:false,&quot;isFromCode&quot;:false,&quot;selection&quot;:[{&quot;id&quot;:1526,&quot;type&quot;:&quot;text&quot;,&quot;selection&quot;:{&quot;start&quot;:0,&quot;end&quot;:224},&quot;recordId&quot;:&quot;EW0VdwJCvoXiGtxKmCTcWVAxnHh&quot;}],&quot;payloadMap&quot;:{},&quot;isCut&quot;:false}\" data-lark-record-format=\"docx\/text\" class=\"lark-record-clipboard\"><\/span><\/p>\n\n\n\n<p style=\"font-size:18px\"><strong>In addition, the Ultranc-MY2 has a range of up to 5KM, which makes it possible to get high quality 24\/7 full color imaging in ultra low light and moonless environments within 5KM, without any illuminator or supplement of external light.<\/strong><span data-lark-record-data=\"{&quot;rootId&quot;:&quot;UUCmdH948om5I7xCHtkc6M2tnne&quot;,&quot;text&quot;:{&quot;initialAttributedTexts&quot;:{&quot;text&quot;:{&quot;0&quot;:&quot;In addition, the Ultranc-MY2 has a range of up to 5KM, which makes it possible to get high quality 24\/7 full color imaging in ultra low light and moonless environments within 5KM, without any illuminator or supplement of external light.&quot;},&quot;attribs&quot;:{&quot;0&quot;:&quot;*0*1+6k&quot;}},&quot;apool&quot;:{&quot;numToAttrib&quot;:{&quot;0&quot;:[&quot;author&quot;,&quot;7268478414045052931&quot;],&quot;1&quot;:[&quot;bold&quot;,&quot;true&quot;]},&quot;nextNum&quot;:2}},&quot;type&quot;:&quot;text&quot;,&quot;referenceRecordMap&quot;:{},&quot;extra&quot;:{&quot;channel&quot;:&quot;saas&quot;,&quot;pasteRandomId&quot;:&quot;b43aa5aa-a187-47a5-a9cb-b0ef7e837d22&quot;,&quot;mention_page_title&quot;:{},&quot;external_mention_url&quot;:{}},&quot;isKeepQuoteContainer&quot;:false,&quot;isFromCode&quot;:false,&quot;selection&quot;:[{&quot;id&quot;:1528,&quot;type&quot;:&quot;text&quot;,&quot;selection&quot;:{&quot;start&quot;:0,&quot;end&quot;:236},&quot;recordId&quot;:&quot;FjzOdFj3oohnqkxNyX5cU59gnUc&quot;}],&quot;payloadMap&quot;:{},&quot;isCut&quot;:false}\" data-lark-record-format=\"docx\/text\" class=\"lark-record-clipboard\"><\/span><\/p>\n\n\n\n<p style=\"font-size:18px\"><strong>The camera\u2019s 360\u00b0 panning, 105\u00b0 tilting,  and 55x optical zoom unlimited continuous rotation provide unmatched flexibility for covering vast areas and zooming in for detailed views when needed. With scanning modes like pattern, patrol, auto, and panorama, PTZ Camera Ultranc-MY2 adapts seamlessly to various security scenarios.  These features ensure that you can monitor any angle, capture any detail, and secure any moment with ease.<\/strong><span data-lark-record-data=\"{&quot;rootId&quot;:&quot;UUCmdH948om5I7xCHtkc6M2tnne&quot;,&quot;text&quot;:{&quot;initialAttributedTexts&quot;:{&quot;text&quot;:{&quot;0&quot;:&quot;The camera\u2019s 360\u00b0 panning, 105\u00b0 tilting,  and 56x optical zoom unlimited continuous rotation provide unmatched flexibility for covering vast areas and zooming in for detailed views when needed.     With scanning modes like pattern, patrol, auto, and panorama, the Ultranc-MY2 adapts seamlessly to various security scenarios.  These features ensure that you can monitor any angle, capture any detail, and secure any moment with ease.&quot;},&quot;attribs&quot;:{&quot;0&quot;:&quot;*0*1+c0&quot;}},&quot;apool&quot;:{&quot;numToAttrib&quot;:{&quot;0&quot;:[&quot;author&quot;,&quot;7268478414045052931&quot;],&quot;1&quot;:[&quot;bold&quot;,&quot;true&quot;]},&quot;nextNum&quot;:2}},&quot;type&quot;:&quot;text&quot;,&quot;referenceRecordMap&quot;:{},&quot;extra&quot;:{&quot;channel&quot;:&quot;saas&quot;,&quot;pasteRandomId&quot;:&quot;04d52be2-f7a2-400d-9440-5fe657058f4b&quot;,&quot;mention_page_title&quot;:{},&quot;external_mention_url&quot;:{}},&quot;isKeepQuoteContainer&quot;:false,&quot;isFromCode&quot;:false,&quot;selection&quot;:[{&quot;id&quot;:1524,&quot;type&quot;:&quot;text&quot;,&quot;selection&quot;:{&quot;start&quot;:0,&quot;end&quot;:432},&quot;recordId&quot;:&quot;Y0jYdzzxoohnQOxewIycVOLRnRc&quot;}],&quot;payloadMap&quot;:{},&quot;isCut&quot;:false}\" data-lark-record-format=\"docx\/text\" class=\"lark-record-clipboard\"><\/span><\/p>\n\n\n\n<p style=\"font-size:18px\"><\/p>\n<\/div>\n\n\n\n<div class=\"wp-block-column is-vertically-aligned-center is-layout-flow wp-block-column-is-layout-flow\"><div class=\"wp-block-image is-style-default wp-duotone-unset-1\">\n<figure class=\"aligncenter size-full is-resized\"><img fetchpriority=\"high\" decoding=\"async\" width=\"299\" height=\"407\" src=\"https:\/\/www.trugemtech.com\/wp-content\/uploads\/2024\/09\/Ultranc-MY2-e1725262676677.png\" alt=\"TruGem Full Color Ultra Night Vision PTZ Camera\" class=\"wp-image-1063\" style=\"aspect-ratio:0.6451612903225806;object-fit:cover;width:241px;height:auto\" srcset=\"https:\/\/www.trugemtech.com\/wp-content\/uploads\/2024\/09\/Ultranc-MY2-e1725262676677.png 299w, https:\/\/www.trugemtech.com\/wp-content\/uploads\/2024\/09\/Ultranc-MY2-e1725262676677-220x300.png 220w\" sizes=\"(max-width: 299px) 100vw, 299px\" \/><\/figure>\n<\/div>\n\n\n<div class=\"wp-block-buttons bounce is-content-justification-center is-layout-flex wp-container-core-buttons-is-layout-16018d1d wp-block-buttons-is-layout-flex\">\n<div class=\"wp-block-button is-style-primary\"><a class=\"wp-block-button__link wp-element-button\" href=\"https:\/\/www.trugemtech.com\/contact\/\">cONTACT US<\/a><\/div>\n<\/div>\n<\/div>\n<\/div>\n\n\n\n<div id=\"wp-block-themeisle-blocks-tabs-06a1ddbf\" class=\"wp-block-themeisle-blocks-tabs  is-style-boxed\"><div class=\"wp-block-themeisle-blocks-tabs__content\">\n<div data-title=\"<strong&gt;Key Features<\/strong&gt;\" class=\"wp-block-themeisle-blocks-tabs-item\"><div class=\"wp-block-themeisle-blocks-tabs-item__header\" tabindex=\"0\"><strong>Key Features<\/strong><\/div><div class=\"wp-block-themeisle-blocks-tabs-item__content\">\n<ul class=\"wp-block-list\">\n<li>Capture images within 5KM in ultra low-light environment with full color, without illuminator orsupplement of external source light.<\/li>\n\n\n\n<li>1\/1.2&#8243; Progressive Scan CMOS<\/li>\n\n\n\n<li>24\/7 high quality full color imaging<\/li>\n\n\n\n<li>Up to 1920 \u00d7 1080 resolution<\/li>\n\n\n\n<li>360\u00b0 panning, 105\u00b0 tilting<\/li>\n\n\n\n<li>55x optical zoom magnification.<\/li>\n\n\n\n<li>High quality imaging against strong backlight due to WDR technology.<\/li>\n\n\n\n<li>IP66 water proof for stable outdoor performance<\/li>\n<\/ul>\n\n\n\n<p><\/p>\n<\/div><\/div>\n\n\n\n<div data-title=\"<strong&gt;Specification<\/strong&gt;\" class=\"wp-block-themeisle-blocks-tabs-item\"><div class=\"wp-block-themeisle-blocks-tabs-item__header\" tabindex=\"0\"><strong>Specification<\/strong><\/div><div class=\"wp-block-themeisle-blocks-tabs-item__content\">\n<figure class=\"wp-block-table\"><table class=\"has-border-color has-nv-site-bg-border-color has-fixed-layout\" style=\"border-width:10px\"><tbody><tr><td colspan=\"2\"><strong>Specification<\/strong><\/td><td><strong>Ul<\/strong><strong>tranc-MY2<\/strong><strong><\/strong><\/td><\/tr><tr><td rowspan=\"2\"><strong>Camera<\/strong><\/td><td>Image&nbsp;Sensor<\/td><td>1\/1.2\u201d&nbsp;Progressive&nbsp;CMOS Sensor<\/td><\/tr><tr><td>Min.&nbsp;Illumination<\/td><td>Color:0.0002lux@(F1.5)<\/td><\/tr><tr><td rowspan=\"3\"><strong>Lens<\/strong><\/td><td>Focal Length<\/td><td>10mm-550mm(optional)<\/td><\/tr><tr><td>Type<\/td><td>Automatic&nbsp;zoom<\/td><\/tr><tr><td>Aperture<\/td><td>F1.5-F4.8<\/td><\/tr><tr><td rowspan=\"5\"><strong>Video<\/strong><\/td><td>Encoding&nbsp;Format<\/td><td>H.264,H.265<\/td><\/tr><tr><td>Resolution<\/td><td>1920 \u00d7 1080\/25fps<\/td><\/tr><tr><td>Frame&nbsp;Rate<\/td><td>25fps<\/td><\/tr><tr><td>General&nbsp;Functions<\/td><td>Heartbeat, password protection, hardware encryption, intelligent judgment of external photosensitive environment<\/td><\/tr><tr><td>Image&nbsp;Setting<\/td><td>Saturation,Brightness,Contrast,White Balance,Gain,adjustable via client software<\/td><\/tr><tr><td rowspan=\"3\"><strong>Interface<\/strong><\/td><td>NetworkInterface<\/td><td>2*&nbsp;RJ45 10M\/100M\/1000M&nbsp;self-adaptive&nbsp;ethernet&nbsp;port<\/td><\/tr><tr><td>TelecomInterface<\/td><td>1*RS485<\/td><\/tr><tr><td>OtherInterface<\/td><td>USBandHDMI.<\/td><\/tr><tr><td rowspan=\"8\"><strong>PTZ<\/strong><\/td><td>PowerSupply<\/td><td>AC24V\u00b120% ,50\/60Hz<\/td><\/tr><tr><td>Power<\/td><td>\u226480W<\/td><\/tr><tr><td>Movement Range<\/td><td>Panning0\u00b0~360\u00b0(Continuous rotation),Tilting-85\u00b0~20\u00b0<\/td><\/tr><tr><td>Movement&nbsp;Speed<\/td><td>Panning0\u00b0\uff5e9\u00b0\/S\uff0cTilting0\u00b0\uff5e5\u00b0\/S<\/td><\/tr><tr><td>Communication Control<\/td><td>RS-485\uff0cindustryV0.0,industryV1.0,&nbsp;Pelco-P,Pelco-D<\/td><\/tr><tr><td>Automatic&nbsp;Patrol<\/td><td>Upto10&nbsp;presetsforeach&nbsp;patrol.<\/td><\/tr><tr><td>Surveillance&nbsp;Position<\/td><td>1 preset position, 1 automatic&nbsp;patrol&nbsp;route, or 1 automatic scanning route can be&nbsp;setted<\/td><\/tr><tr><td>Presets<\/td><td>80<\/td><\/tr><\/tbody><\/table><\/figure>\n<\/div><\/div>\n\n\n\n<div data-title=\"<strong&gt;Application<\/strong&gt;\" class=\"wp-block-themeisle-blocks-tabs-item\"><div class=\"wp-block-themeisle-blocks-tabs-item__header\" tabindex=\"0\"><strong>Application<\/strong><\/div><div class=\"wp-block-themeisle-blocks-tabs-item__content\">\n<p>Its robust features make it the perfect choice for anyone seeking a top-of-the-line night vision PTZ camera that performs excellently both day and night. This camera is ideal for areas where night-time visibility is crucial, such as:<\/p>\n\n\n\n<ul class=\"wp-block-list\">\n<li>Perimeter<\/li>\n\n\n\n<li>Airport<\/li>\n\n\n\n<li>Utility<\/li>\n\n\n\n<li>Law Enforcement<\/li>\n\n\n\n<li>Border Patrol<\/li>\n\n\n\n<li>Coastal Defense<\/li>\n\n\n\n<li>Mining<\/li>\n\n\n\n<li>Harbor<\/li>\n\n\n\n<li>Oil &amp; Gas<\/li>\n\n\n\n<li>Station<\/li>\n<\/ul>\n<\/div><\/div>\n<\/div><\/div>\n\n\n\n<div class=\"wp-block-cover alignfull\" style=\"min-height:300px;aspect-ratio:unset;\"><span aria-hidden=\"true\" class=\"wp-block-cover__background has-neve-link-color-background-color has-background-dim-100 has-background-dim\"><\/span><div class=\"wp-block-cover__inner-container is-layout-flow wp-block-cover-is-layout-flow\">\n<div class=\"wp-block-columns is-layout-flex wp-container-core-columns-is-layout-9d6595d7 wp-block-columns-is-layout-flex\">\n<div class=\"wp-block-column is-layout-flow wp-block-column-is-layout-flow\"><\/div>\n<\/div>\n\n\n\n<div class=\"wp-block-columns is-layout-flex wp-container-core-columns-is-layout-9d6595d7 wp-block-columns-is-layout-flex\">\n<div class=\"wp-block-column is-layout-flow wp-block-column-is-layout-flow\" style=\"flex-basis:20%\"><\/div>\n\n\n\n<div class=\"wp-block-column is-layout-flow wp-block-column-is-layout-flow\" style=\"flex-basis:60%\">\n<div class=\"wp-block-group\"><div class=\"wp-block-group__inner-container is-layout-constrained wp-block-group-is-layout-constrained\">\n<h3 class=\"wp-block-heading has-text-align-center has-nv-text-dark-bg-color has-text-color\">Discover the power of AIoT, Explore our solutions.<\/h3>\n\n\n\n<p class=\"has-text-align-center has-nv-text-dark-bg-color has-text-color has-link-color wp-elements-9eb90f3981bd21a2233971736814b7fd\">Get started with TruGem and experience the best customer service.<\/p>\n\n\n\n<div class=\"wp-block-buttons is-horizontal is-content-justification-center is-layout-flex wp-container-core-buttons-is-layout-499968f5 wp-block-buttons-is-layout-flex\">\n<div class=\"wp-block-button is-style-primary o-typing-delay-200ms\"><a class=\"wp-block-button__link has-neve-link-color-color has-text-color has-background has-link-color wp-element-button\" href=\"https:\/\/www.trugemtech.com\/contact\/\" style=\"border-radius:30px;background-color:#ffffff\"><o-anim-typing>Get Started<\/o-anim-typing><\/a><\/div>\n<\/div>\n<\/div><\/div>\n\n\n\n<div class=\"wp-block-columns is-layout-flex wp-container-core-columns-is-layout-9d6595d7 wp-block-columns-is-layout-flex\">\n<div class=\"wp-block-column is-layout-flow wp-block-column-is-layout-flow\"><\/div>\n<\/div>\n<\/div>\n\n\n\n<div class=\"wp-block-column is-layout-flow wp-block-column-is-layout-flow\" style=\"flex-basis:20%\"><\/div>\n<\/div>\n<\/div><\/div>\n","protected":false},"excerpt":{"rendered":"<p>TruGem Full Color Ultra Night Vision PTZ Camera Ultranc-MY2, with ultra sensitive image sensors(1\/1.2\u201cCMOS) , electrons multiply and noise control technology to ensure clear view of objects when illumination below 0.0002LUX@F1.5. In addition, the Ultranc-MY2 has a range of up to 5KM, which makes it possible to get high quality 24\/7 full color imaging in&hellip;&nbsp;<a href=\"https:\/\/www.trugemtech.com\/fr\/camera-ptz\/\" class=\"\" rel=\"bookmark\">Lire la suite \"<span class=\"screen-reader-text\">Cam\u00e9ra PTZ couleur \u00e0 vision nocturne Ultra Ultranc-MY2<\/span><\/a><\/p>","protected":false},"author":1,"featured_media":0,"parent":0,"menu_order":0,"comment_status":"closed","ping_status":"closed","template":"","meta":{"neve_meta_sidebar":"","neve_meta_container":"","neve_meta_enable_content_width":"","neve_meta_content_width":0,"neve_meta_title_alignment":"","neve_meta_author_avatar":"","neve_post_elements_order":"","neve_meta_disable_header":"","neve_meta_disable_footer":"","neve_meta_disable_title":"","_themeisle_gutenberg_block_has_review":false,"_ti_tpc_template_sync":false,"_ti_tpc_template_id":"","footnotes":""},"class_list":["post-1784","page","type-page","status-publish","hentry"],"yoast_head":"<!-- This site is optimized with the Yoast SEO Premium plugin v23.6 (Yoast SEO v23.8) - https:\/\/yoast.com\/wordpress\/plugins\/seo\/ -->\n<title>Full Color Ultra Night Vision PTZ Camera Ultranc-MY2<\/title>\n<meta name=\"description\" content=\"Night Vision PTZ Camera Ultranc-MY2 with 1\/1.2\u201d CMOS image sensor and impressive 5KM range, delivers 24\/7 full color imaging at night\" \/>\n<meta name=\"robots\" content=\"index, follow, max-snippet:-1, max-image-preview:large, max-video-preview:-1\" \/>\n<link rel=\"canonical\" href=\"https:\/\/www.trugemtech.com\/fr\/camera-ptz\/\" \/>\n<meta property=\"og:locale\" content=\"fr_FR\" \/>\n<meta property=\"og:type\" content=\"article\" \/>\n<meta property=\"og:title\" content=\"Full Color Ultra Night Vision PTZ Camera Ultranc-MY2\" \/>\n<meta property=\"og:description\" content=\"Night Vision PTZ Camera Ultranc-MY2 with 1\/1.2\u201d CMOS image sensor and impressive 5KM range, delivers 24\/7 full color imaging at night\" \/>\n<meta property=\"og:url\" content=\"https:\/\/www.trugemtech.com\/fr\/camera-ptz\/\" \/>\n<meta property=\"og:site_name\" content=\"IoT Solutions- AIoT-Vehicle Gateway - Edge Computing Gateway\" \/>\n<meta property=\"article:publisher\" content=\"https:\/\/www.facebook.com\/TruGemTech\" \/>\n<meta property=\"article:modified_time\" content=\"2024-11-18T07:58:54+00:00\" \/>\n<meta property=\"og:image\" content=\"https:\/\/www.trugemtech.com\/wp-content\/uploads\/2024\/09\/Ultranc-MY2-e1725262676677.png\" \/>\n\t<meta property=\"og:image:width\" content=\"299\" \/>\n\t<meta property=\"og:image:height\" content=\"407\" \/>\n\t<meta property=\"og:image:type\" content=\"image\/png\" \/>\n<meta name=\"twitter:card\" content=\"summary_large_image\" \/>\n<meta name=\"twitter:label1\" content=\"Dur\u00e9e de lecture estim\u00e9e\" \/>\n\t<meta name=\"twitter:data1\" content=\"2 minutes\" \/>\n<script type=\"application\/ld+json\" class=\"yoast-schema-graph\">{\"@context\":\"https:\/\/schema.org\",\"@graph\":[{\"@type\":\"WebPage\",\"@id\":\"https:\/\/www.trugemtech.com\/ptz-camera\/\",\"url\":\"https:\/\/www.trugemtech.com\/ptz-camera\/\",\"name\":\"Full Color Ultra Night Vision PTZ Camera Ultranc-MY2\",\"isPartOf\":{\"@id\":\"https:\/\/www.trugemtech.com\/#website\"},\"primaryImageOfPage\":{\"@id\":\"https:\/\/www.trugemtech.com\/ptz-camera\/#primaryimage\"},\"image\":{\"@id\":\"https:\/\/www.trugemtech.com\/ptz-camera\/#primaryimage\"},\"thumbnailUrl\":\"https:\/\/www.trugemtech.com\/wp-content\/uploads\/2024\/09\/Ultranc-MY2-e1725262676677.png\",\"datePublished\":\"2024-10-11T08:15:41+00:00\",\"dateModified\":\"2024-11-18T07:58:54+00:00\",\"description\":\"Night Vision PTZ Camera Ultranc-MY2 with 1\/1.2\u201d CMOS image sensor and impressive 5KM range, delivers 24\/7 full color imaging at night\",\"breadcrumb\":{\"@id\":\"https:\/\/www.trugemtech.com\/ptz-camera\/#breadcrumb\"},\"inLanguage\":\"fr-FR\",\"potentialAction\":[{\"@type\":\"ReadAction\",\"target\":[\"https:\/\/www.trugemtech.com\/ptz-camera\/\"]}]},{\"@type\":\"ImageObject\",\"inLanguage\":\"fr-FR\",\"@id\":\"https:\/\/www.trugemtech.com\/ptz-camera\/#primaryimage\",\"url\":\"https:\/\/www.trugemtech.com\/wp-content\/uploads\/2024\/09\/Ultranc-MY2-e1725262676677.png\",\"contentUrl\":\"https:\/\/www.trugemtech.com\/wp-content\/uploads\/2024\/09\/Ultranc-MY2-e1725262676677.png\"},{\"@type\":\"BreadcrumbList\",\"@id\":\"https:\/\/www.trugemtech.com\/ptz-camera\/#breadcrumb\",\"itemListElement\":[{\"@type\":\"ListItem\",\"position\":1,\"name\":\"Home\",\"item\":\"https:\/\/www.trugemtech.com\/\"},{\"@type\":\"ListItem\",\"position\":2,\"name\":\"Full Color Ultra Night Vision PTZ Camera Ultranc-MY2\"}]},{\"@type\":\"WebSite\",\"@id\":\"https:\/\/www.trugemtech.com\/#website\",\"url\":\"https:\/\/www.trugemtech.com\/\",\"name\":\"IoT Solutions- Vehicle Gateway - IoT Gateway - Industrial Router\",\"description\":\"Empower Digital Transformation\",\"alternateName\":\"IoT Solutions- AIoT - Vehicle Gateway - Edge Computing Gateway\",\"potentialAction\":[{\"@type\":\"SearchAction\",\"target\":{\"@type\":\"EntryPoint\",\"urlTemplate\":\"https:\/\/www.trugemtech.com\/?s={search_term_string}\"},\"query-input\":{\"@type\":\"PropertyValueSpecification\",\"valueRequired\":true,\"valueName\":\"search_term_string\"}}],\"inLanguage\":\"fr-FR\"}]}<\/script>\n<!-- \/ Yoast SEO Premium plugin. -->","yoast_head_json":{"title":"Cam\u00e9ra PTZ couleur \u00e0 vision nocturne Ultra Ultranc-MY2","description":"Cam\u00e9ra PTZ \u00e0 vision nocturne Ultranc-MY2 avec capteur d'image CMOS 1\/1,2\" et une port\u00e9e impressionnante de 5 km, offrant une imagerie couleur 24\/7 la nuit.","robots":{"index":"index","follow":"follow","max-snippet":"max-snippet:-1","max-image-preview":"max-image-preview:large","max-video-preview":"max-video-preview:-1"},"canonical":"https:\/\/www.trugemtech.com\/fr\/camera-ptz\/","og_locale":"fr_FR","og_type":"article","og_title":"Full Color Ultra Night Vision PTZ Camera Ultranc-MY2","og_description":"Night Vision PTZ Camera Ultranc-MY2 with 1\/1.2\u201d CMOS image sensor and impressive 5KM range, delivers 24\/7 full color imaging at night","og_url":"https:\/\/www.trugemtech.com\/fr\/camera-ptz\/","og_site_name":"IoT Solutions- AIoT-Vehicle Gateway - Edge Computing Gateway","article_publisher":"https:\/\/www.facebook.com\/TruGemTech","article_modified_time":"2024-11-18T07:58:54+00:00","og_image":[{"width":299,"height":407,"url":"https:\/\/www.trugemtech.com\/wp-content\/uploads\/2024\/09\/Ultranc-MY2-e1725262676677.png","type":"image\/png"}],"twitter_card":"summary_large_image","twitter_misc":{"Dur\u00e9e de lecture estim\u00e9e":"2 minutes"},"schema":{"@context":"https:\/\/schema.org","@graph":[{"@type":"WebPage","@id":"https:\/\/www.trugemtech.com\/ptz-camera\/","url":"https:\/\/www.trugemtech.com\/ptz-camera\/","name":"Cam\u00e9ra PTZ couleur \u00e0 vision nocturne Ultra Ultranc-MY2","isPartOf":{"@id":"https:\/\/www.trugemtech.com\/#website"},"primaryImageOfPage":{"@id":"https:\/\/www.trugemtech.com\/ptz-camera\/#primaryimage"},"image":{"@id":"https:\/\/www.trugemtech.com\/ptz-camera\/#primaryimage"},"thumbnailUrl":"https:\/\/www.trugemtech.com\/wp-content\/uploads\/2024\/09\/Ultranc-MY2-e1725262676677.png","datePublished":"2024-10-11T08:15:41+00:00","dateModified":"2024-11-18T07:58:54+00:00","description":"Cam\u00e9ra PTZ \u00e0 vision nocturne Ultranc-MY2 avec capteur d'image CMOS 1\/1,2\" et une port\u00e9e impressionnante de 5 km, offrant une imagerie couleur 24\/7 la nuit.","breadcrumb":{"@id":"https:\/\/www.trugemtech.com\/ptz-camera\/#breadcrumb"},"inLanguage":"fr-FR","potentialAction":[{"@type":"ReadAction","target":["https:\/\/www.trugemtech.com\/ptz-camera\/"]}]},{"@type":"ImageObject","inLanguage":"fr-FR","@id":"https:\/\/www.trugemtech.com\/ptz-camera\/#primaryimage","url":"https:\/\/www.trugemtech.com\/wp-content\/uploads\/2024\/09\/Ultranc-MY2-e1725262676677.png","contentUrl":"https:\/\/www.trugemtech.com\/wp-content\/uploads\/2024\/09\/Ultranc-MY2-e1725262676677.png"},{"@type":"BreadcrumbList","@id":"https:\/\/www.trugemtech.com\/ptz-camera\/#breadcrumb","itemListElement":[{"@type":"ListItem","position":1,"name":"Home","item":"https:\/\/www.trugemtech.com\/"},{"@type":"ListItem","position":2,"name":"Full Color Ultra Night Vision PTZ Camera Ultranc-MY2"}]},{"@type":"WebSite","@id":"https:\/\/www.trugemtech.com\/#website","url":"https:\/\/www.trugemtech.com\/","name":"Solutions IoT - Passerelle pour v\u00e9hicules - Passerelle IoT - Routeur industriel","description":"Favoriser la transformation num\u00e9rique","alternateName":"IoT Solutions- AIoT - Vehicle Gateway - Edge Computing Gateway","potentialAction":[{"@type":"SearchAction","target":{"@type":"EntryPoint","urlTemplate":"https:\/\/www.trugemtech.com\/?s={search_term_string}"},"query-input":{"@type":"PropertyValueSpecification","valueRequired":true,"valueName":"search_term_string"}}],"inLanguage":"fr-FR"}]}},"_links":{"self":[{"href":"https:\/\/www.trugemtech.com\/fr\/wp-json\/wp\/v2\/pages\/1784","targetHints":{"allow":["GET"]}}],"collection":[{"href":"https:\/\/www.trugemtech.com\/fr\/wp-json\/wp\/v2\/pages"}],"about":[{"href":"https:\/\/www.trugemtech.com\/fr\/wp-json\/wp\/v2\/types\/page"}],"author":[{"embeddable":true,"href":"https:\/\/www.trugemtech.com\/fr\/wp-json\/wp\/v2\/users\/1"}],"replies":[{"embeddable":true,"href":"https:\/\/www.trugemtech.com\/fr\/wp-json\/wp\/v2\/comments?post=1784"}],"version-history":[{"count":1,"href":"https:\/\/www.trugemtech.com\/fr\/wp-json\/wp\/v2\/pages\/1784\/revisions"}],"predecessor-version":[{"id":1786,"href":"https:\/\/www.trugemtech.com\/fr\/wp-json\/wp\/v2\/pages\/1784\/revisions\/1786"}],"wp:attachment":[{"href":"https:\/\/www.trugemtech.com\/fr\/wp-json\/wp\/v2\/media?parent=1784"}],"curies":[{"name":"wp","href":"https:\/\/api.w.org\/{rel}","templated":true}]}}