{"id":1793,"date":"2024-10-12T14:06:32","date_gmt":"2024-10-12T06:06:32","guid":{"rendered":"https:\/\/www.trugemtech.com\/?page_id=1793"},"modified":"2025-08-08T18:38:53","modified_gmt":"2025-08-08T10:38:53","slug":"passerelle-iot-ip67","status":"publish","type":"page","link":"https:\/\/www.trugemtech.com\/fr\/passerelle-iot-ip67\/","title":{"rendered":"Passerelle IoT 5G IP67 N506-5GW"},"content":{"rendered":"<div class=\"wp-block-columns alignwide has-nv-light-bg-background-color has-background is-layout-flex wp-container-core-columns-is-layout-fe847a89 wp-block-columns-is-layout-flex\" style=\"border-radius:30px;padding-top:var(--wp--preset--spacing--50);padding-right:var(--wp--preset--spacing--50);padding-bottom:var(--wp--preset--spacing--50);padding-left:var(--wp--preset--spacing--50)\">\n<div class=\"wp-block-column is-layout-flow wp-block-column-is-layout-flow\">\n<p style=\"font-size:18px\"><strong>La passerelle 5G IP67 IoT Gateway N506-5GW est con\u00e7ue pour fonctionner dans des environnements ext\u00e9rieurs difficiles gr\u00e2ce \u00e0 un bo\u00eetier robuste conforme \u00e0 la norme IP67. <\/strong><\/p>\n\n\n\n<p style=\"font-size:18px\"><strong>Cette passerelle IoT IP67 est \u00e9quip\u00e9e de ports Ethernet M12, RS232 et RS485. Elle offre des options flexibles de connectivit\u00e9 de capteurs et d'appareils IoT et permet de t\u00e9l\u00e9charger des donn\u00e9es pour les traiter. Elle permet des analyses en temps r\u00e9el, ce qui est essentiel pour les applications de prise de d\u00e9cision rapide.<\/strong><\/p>\n\n\n\n<p style=\"font-size:18px\"><\/p>\n\n\n\n<div class=\"wp-block-buttons bounce is-content-justification-center is-layout-flex wp-container-core-buttons-is-layout-16018d1d wp-block-buttons-is-layout-flex\">\n<div class=\"wp-block-button is-style-primary\"><a class=\"wp-block-button__link has-custom-font-size wp-element-button\" href=\"https:\/\/www.trugemtech.com\/fr\/contact\/\" style=\"font-size:20px\">cONTACT US<\/a><\/div>\n<\/div>\n\n\n\n<p style=\"font-size:18px\"><\/p>\n<\/div>\n\n\n\n<div class=\"wp-block-column is-vertically-aligned-top is-layout-flow wp-block-column-is-layout-flow\"><div class=\"wp-block-image is-style-default wp-duotone-unset-1\">\n<figure class=\"aligncenter size-full is-resized\"><img fetchpriority=\"high\" decoding=\"async\" width=\"800\" height=\"800\" src=\"https:\/\/www.trugemtech.com\/wp-content\/uploads\/2024\/08\/NV06-1.png\" alt=\"TruGem 5G IP67 IoT Gateway N506-5GW\" class=\"wp-image-981\" style=\"width:581px;height:auto\" srcset=\"https:\/\/www.trugemtech.com\/wp-content\/uploads\/2024\/08\/NV06-1.png 800w, https:\/\/www.trugemtech.com\/wp-content\/uploads\/2024\/08\/NV06-1-300x300.png 300w, https:\/\/www.trugemtech.com\/wp-content\/uploads\/2024\/08\/NV06-1-150x150.png 150w, https:\/\/www.trugemtech.com\/wp-content\/uploads\/2024\/08\/NV06-1-768x768.png 768w\" sizes=\"(max-width: 800px) 100vw, 800px\" \/><\/figure>\n<\/div><\/div>\n<\/div>\n\n\n\n<div id=\"wp-block-themeisle-blocks-tabs-f6296bff\" class=\"wp-block-themeisle-blocks-tabs  is-style-boxed\"><div class=\"wp-block-themeisle-blocks-tabs__content\">\n<div data-title=\"<strong&gt;Key Features<\/strong&gt;\" class=\"wp-block-themeisle-blocks-tabs-item\"><div class=\"wp-block-themeisle-blocks-tabs-item__header\" tabindex=\"0\"><strong>Caract\u00e9ristiques principales<\/strong><\/div><div class=\"wp-block-themeisle-blocks-tabs-item__content\">\n<p><\/p>\n\n\n\n<ul class=\"wp-block-list\">\n<li>M12 8 broches Ethernet+RS232\/RS485<\/li>\n\n\n\n<li>Connexions cellulaires mondiales 5G\/4G\/3G<\/li>\n\n\n\n<li>Double basculement Sim et chien de garde int\u00e9gr\u00e9, l'appareil fonctionne en autod\u00e9tection et se r\u00e9tablit automatiquement en cas de d\u00e9faillance.<\/li>\n\n\n\n<li>IP67, pour les v\u00e9hicules et les environnements industriels difficiles<\/li>\n\n\n\n<li>Interface riche, personnalisation possible<\/li>\n\n\n\n<li>Acc\u00e8s \u00e0 de multiples capteurs IoT<\/li>\n\n\n\n<li>Prend en charge Modbus RTU, Modbus TCP<em>,<\/em>Protocoles MQTT et HTTPS<\/li>\n\n\n\n<li>La plateforme de gestion TruGem prend en charge les plateformes de cloud industriel<\/li>\n\n\n\n<li>Support TR069 pour la mise \u00e0 jour et la gestion \u00e0 distance.<\/li>\n\n\n\n<li>L'ACS de TruGem pour la gestion des appareils&nbsp;<\/li>\n<\/ul>\n<\/div><\/div>\n\n\n\n<div data-title=\"<strong&gt;Specification<\/strong&gt;\" class=\"wp-block-themeisle-blocks-tabs-item\"><div class=\"wp-block-themeisle-blocks-tabs-item__header\" tabindex=\"0\"><strong>Sp\u00e9cifications<\/strong><\/div><div class=\"wp-block-themeisle-blocks-tabs-item__content\">\n<figure style=\"font-size:18px\" class=\"wp-block-table\"><table class=\"has-border-color has-nv-site-bg-border-color has-fixed-layout\" style=\"border-width:8px\"><tbody><tr><td colspan=\"2\"><strong>Cellulaire<\/strong><\/td><\/tr><tr><td><strong>Fr\u00e9quence<\/strong><strong>Bandes<\/strong><strong><\/strong><\/td><td><strong>SKU1&nbsp;<\/strong><br>5G NR:n1\/3\/5\/7\/8\/20\/28\/38\/40\/41\/66\/77\/78;<br>LTE-FDD: B1\/2\/3\/4\/5\/7\/8\/20\/28\/66;<br>LTE-TDD : B38\/40\/41 ;<br>WCDMA : B1\/2\/5\/8<br><br><strong>SKU2 <\/strong><br>5GNR:n1\/3\/5\/\/7\/8\/20\/28\/38\/40\/41\/75\/76\/77\/78<br>LTE FDD : B1\/3\/5\/7\/8\/20\/28\/32<br>LTE TDD : B38\/40\/41\/42\/43<br>WCDMA : B1\/5\/8<br>*Plus de bandes peuvent \u00eatre prises en charge avec diff\u00e9rentes UGS<\/td><\/tr><tr><td colspan=\"2\" class=\"translation-block\"><strong>Dans<\/strong> <strong>les interfaces<\/strong><\/td><\/tr><tr><td><strong>Interface Ethernet<\/strong><\/td><td>1*10\/100\/1000 Mbps, M12-A 8-Pin\uff0cWAN\/LAN<\/td><\/tr><tr><td><strong>Interface s\u00e9rie<\/strong><\/td><td>1*RS232\/485\uff0cM12-A 4-Pin<\/td><\/tr><tr><td><strong>Interface de la console<\/strong><\/td><td>1*USB\uff0c(int\u00e9gr\u00e9)<\/td><\/tr><tr><td><strong>Connecteur d'antenne<\/strong><\/td><td>1*GNSS\uff0c4*5G\u30012*WIFI<\/td><\/tr><tr><td><strong>Fente SIM<\/strong><\/td><td>2<\/td><\/tr><tr><td><strong>Fente TF<\/strong><\/td><td>1 (int\u00e9gr\u00e9)<\/td><\/tr><tr><td colspan=\"2\"><strong>Puissance<\/strong><\/td><\/tr><tr><td><strong>Alimentation \u00e9lectrique<\/strong><\/td><td>DC 9-36V<\/td><\/tr><tr><td><strong>Consommation<\/strong><\/td><td>\uff1c20W<\/td><\/tr><tr><td colspan=\"2\"><strong>WiFi<\/strong><\/td><\/tr><tr><td><strong>WIFI<\/strong><\/td><td>2.4GHzet5Ghz,IEEE 802.11b\/g\/n\/ac\uff0csupporte l'acc\u00e8s de 32 utilisateurs<\/td><\/tr><\/tbody><\/table><\/figure>\n\n\n\n<figure style=\"font-size:18px\" class=\"wp-block-table\"><table class=\"has-border-color has-nv-site-bg-border-color has-fixed-layout\" style=\"border-width:10px\"><tbody><tr><td colspan=\"2\"><strong>Autres<\/strong><\/td><\/tr><tr><td><strong>Chien de garde mat\u00e9riel<\/strong><\/td><td>Int\u00e9gr\u00e9<\/td><\/tr><tr><td><strong>Capteur<\/strong><\/td><td>Le capteur de temp\u00e9rature int\u00e9gr\u00e9 permet de surveiller la temp\u00e9rature de fonctionnement de la carte m\u00e8re en temps r\u00e9el.<\/td><\/tr><tr><td><strong>GNSS<\/strong><\/td><td>Option<\/td><\/tr><tr><td colspan=\"2\"><strong>Caract\u00e9ristiques m\u00e9caniques<\/strong><\/td><\/tr><tr><td><strong>Indice de protection<\/strong><\/td><td>IP67<\/td><\/tr><tr><td><strong>Logement<\/strong><\/td><td>M\u00e9tal<\/td><\/tr><tr><td><strong>Installation<\/strong><\/td><td>Mur, poteau, support<\/td><\/tr><tr><td><strong>Dimension<\/strong><\/td><td>205mm*155mm*60mm<\/td><\/tr><tr><td colspan=\"2\"><strong>EMC<\/strong><\/td><\/tr><tr><td><strong>Statique<\/strong><\/td><td>EN61000-4-2, niveau 3<\/td><\/tr><tr><td><strong>Rayonnement Champ \u00e9lectrique<\/strong><\/td><td>EN61000-4-3, niveau 3<\/td><\/tr><tr><td><strong>Champ \u00e9lectrique puls\u00e9<\/strong><\/td><td>EN61000-4-4, niveau 3<\/td><\/tr><tr><td><strong>Surtension<\/strong><\/td><td>EN61000-4-5, niveau 3<\/td><\/tr><tr><td><strong>Immunit\u00e9 aux perturbations conduites<\/strong><\/td><td>EN61000-4-6 ,niveau 3<\/td><\/tr><tr><td><strong>R\u00e9sistance aux ondes de choc<\/strong><\/td><td>EN61000-4-12, niveau 3<\/td><\/tr><tr><td><strong>Puissance Fr\u00e9quence Champ magn\u00e9tique R\u00e9sistance<\/strong><\/td><td>EN61000-4-8, horizontal \/ vertical 400A\/m (&gt;niveau 2)<\/td><\/tr><tr><td colspan=\"2\"><strong>Temp\u00e9rature et humidit\u00e9 ambiantes<\/strong><\/td><\/tr><tr><td><strong>Temp\u00e9rature de fonctionnement<\/strong><\/td><td>-30\u2103 ~ +70\u2103<\/td><\/tr><tr><td><strong>Humidit\u00e9 relative<\/strong><\/td><td>10%~100%<\/td><\/tr><tr><td><strong>Temp\u00e9rature de stockage<\/strong><\/td><td>-45\u2103~ +85\u2103<\/td><\/tr><\/tbody><\/table><\/figure>\n\n\n\n<figure style=\"font-size:18px\" class=\"wp-block-table\"><table class=\"has-border-color has-nv-site-bg-border-color has-fixed-layout\" style=\"border-width:10px\"><tbody><tr><td colspan=\"2\"><strong>R\u00e9seau<\/strong><\/td><\/tr><tr><td><strong>WAN<\/strong><\/td><td>Prend en charge les fonctions NAT, routeur, pont, passage d'IP, etc.<\/td><\/tr><tr><td><strong>LAN<\/strong><\/td><td>Prise en charge de l'attribution dynamique d'adresses IP et de l'acc\u00e8s en mode d'adresse IP statique<\/td><\/tr><tr><td colspan=\"2\"><strong>Protocole<\/strong><\/td><\/tr><tr><td><strong>Protocole industriel<\/strong><\/td><td>Modbus RTU, Modbus TCP, MQTT, HTTPS, UDP, NTRIP, etc.<\/td><\/tr><tr><td colspan=\"2\"><strong>Securit<\/strong><strong>y<\/strong><\/td><\/tr><tr><td><strong>Utilisateur \u00e0 plusieurs niveaux<\/strong><\/td><td>Droits de gestion \u00e0 plusieurs niveaux<\/td><\/tr><tr><td><strong>S\u00e9curit\u00e9 des donn\u00e9es<\/strong><\/td><td>Pare-feu L2\/L3<\/td><\/tr><tr><td rowspan=\"4\"><strong>Pare-feu<\/strong><\/td><td>Supporte DMZ, Port Mirror et ALG\uff1b.<\/td><\/tr><tr><td>Prise en charge de la gestion de la configuration du pare-feu<\/td><\/tr><tr><td>Transfert de port<\/td><\/tr><tr><td>Bascule de port<\/td><\/tr><tr><td colspan=\"2\"><strong>Fiabilit\u00e9<\/strong><\/td><\/tr><tr><td><strong>Basculement<\/strong><\/td><td>DualSimFailover<\/td><\/tr><tr><td><strong>Wa<\/strong><strong>t<\/strong><strong>chdog<\/strong><\/td><td>L'appareil s'autod\u00e9tecte et se r\u00e9tablit automatiquement en cas de dysfonctionnement.<\/td><\/tr><tr><td colspan=\"2\"><strong>Gestion<\/strong><\/td><\/tr><tr><td><strong>Gestion \u00e0 distance<\/strong><\/td><td>TR069, Web<\/td><\/tr><tr><td><strong>Gestion des microprogrammes<\/strong><\/td><td>Double sauvegarde du micrologiciel<\/td><\/tr><tr><td><strong>Mise \u00e0 jour \u00e0 distance<\/strong><\/td><td>TR069, HTTP\/HTTPS, FTP, Telnet, SSH, etc.<\/td><\/tr><tr><td><strong>Gestion des appareils<\/strong><\/td><td>ACS (Auto-Configuration Server) de TruGem Surveillance p\u00e9riodique : Les terminaux peuvent rapporter des param\u00e8tres p\u00e9riodiquement selon les instructions du serveur, y compris diverses performances du terminal\uff08Data rate in downlink and uplink, DL Packet Error Rate (PER), MCS, MIMO mode, etc\uff09and Radio-frequency parameter\uff08PCI, RSRP, RSRQ, SINR, Transmit power, etc.\uff09<\/td><\/tr><tr><td><strong>Journal<\/strong><\/td><td>SSH<\/td><\/tr><\/tbody><\/table><\/figure>\n<\/div><\/div>\n\n\n\n<div data-title=\"<strong&gt;Application<\/strong&gt;\" class=\"wp-block-themeisle-blocks-tabs-item\"><div class=\"wp-block-themeisle-blocks-tabs-item__header\" tabindex=\"0\"><strong>Application<\/strong><\/div><div class=\"wp-block-themeisle-blocks-tabs-item__content\">\n<p>5G IP67 IoT Gateway N506-5GW, l'appareil puissant a une large gamme d'applications pour l'IoT, permettant les verticales industrielles suivantes :<\/p>\n\n\n\n<ul class=\"wp-block-list\">\n<li>Tourisme et h\u00f4tellerie<\/li>\n\n\n\n<li>Villes intelligentes<\/li>\n\n\n\n<li>Automatisation industrielle<\/li>\n\n\n\n<li>V\u00e9hicules autonomes<\/li>\n\n\n\n<li>Services de logistique et de livraison<\/li>\n\n\n\n<li>B\u00e2timent intelligent<\/li>\n\n\n\n<li>Gestion du parc automobile<\/li>\n\n\n\n<li>Gestion de l'\u00e9nergie<\/li>\n\n\n\n<li>R\u00e9ponse et gestion des catastrophes<\/li>\n\n\n\n<li>S\u00fbret\u00e9 et s\u00e9curit\u00e9<\/li>\n<\/ul>\n<\/div><\/div>\n<\/div><\/div>\n\n\n\n<p><\/p>\n\n\n\n<div class=\"wp-block-cover alignfull\" style=\"min-height:300px;aspect-ratio:unset;\"><span aria-hidden=\"true\" class=\"wp-block-cover__background has-neve-link-color-background-color has-background-dim-100 has-background-dim\"><\/span><div class=\"wp-block-cover__inner-container is-layout-flow wp-block-cover-is-layout-flow\">\n<div class=\"wp-block-columns is-layout-flex wp-container-core-columns-is-layout-9d6595d7 wp-block-columns-is-layout-flex\">\n<div class=\"wp-block-column is-layout-flow wp-block-column-is-layout-flow\"><\/div>\n<\/div>\n\n\n\n<div class=\"wp-block-columns is-layout-flex wp-container-core-columns-is-layout-9d6595d7 wp-block-columns-is-layout-flex\">\n<div class=\"wp-block-column is-layout-flow wp-block-column-is-layout-flow\" style=\"flex-basis:20%\"><\/div>\n\n\n\n<div class=\"wp-block-column is-layout-flow wp-block-column-is-layout-flow\" style=\"flex-basis:60%\">\n<div class=\"wp-block-group\"><div class=\"wp-block-group__inner-container is-layout-constrained wp-block-group-is-layout-constrained\">\n<h3 class=\"wp-block-heading has-text-align-center has-nv-text-dark-bg-color has-text-color\" id=\"h-discover-the-power-of-iot-and-aiot-explore-our-solutions\">D\u00e9couvrez la puissance de l'IoT et de l'AIoT, Explorez nos solutions.<\/h3>\n\n\n\n<p class=\"has-text-align-center has-nv-text-dark-bg-color has-text-color has-link-color wp-elements-9eb90f3981bd21a2233971736814b7fd\">Commencez avec TruGem et faites l'exp\u00e9rience du meilleur service \u00e0 la client\u00e8le.<\/p>\n\n\n\n<div class=\"wp-block-buttons is-horizontal is-content-justification-center is-layout-flex wp-container-core-buttons-is-layout-499968f5 wp-block-buttons-is-layout-flex\">\n<div class=\"wp-block-button is-style-primary o-typing-delay-200ms\"><a class=\"wp-block-button__link has-neve-link-color-color has-text-color has-background has-link-color wp-element-button\" href=\"https:\/\/www.trugemtech.com\/fr\/contact\/\" style=\"border-radius:30px;background-color:#ffffff\"><o-anim-typing>Commencer<\/o-anim-typing><\/a><\/div>\n<\/div>\n<\/div><\/div>\n\n\n\n<div class=\"wp-block-columns is-layout-flex wp-container-core-columns-is-layout-9d6595d7 wp-block-columns-is-layout-flex\">\n<div class=\"wp-block-column is-layout-flow wp-block-column-is-layout-flow\"><\/div>\n<\/div>\n<\/div>\n\n\n\n<div class=\"wp-block-column is-layout-flow wp-block-column-is-layout-flow\" style=\"flex-basis:20%\"><\/div>\n<\/div>\n<\/div><\/div>","protected":false},"excerpt":{"rendered":"<p>5G IP67 IoT Gateway N506-5GW is built to perform at challenging outdoor environments with IP67-rated rugged housing. This IP67 IoT gateway equipped with M12 Ethernet, RS232, and RS485 ports. It offers flexible IoT&#8217;s sensor &amp; device connectivity options and allows data to be uploaded for processing, it enables real-time analytics, which is essential for rapid&hellip;&nbsp;<a href=\"https:\/\/www.trugemtech.com\/fr\/passerelle-iot-ip67\/\" class=\"\" rel=\"bookmark\">Lire la suite \"<span class=\"screen-reader-text\">Passerelle IoT 5G IP67 N506-5GW<\/span><\/a><\/p>","protected":false},"author":1,"featured_media":0,"parent":0,"menu_order":0,"comment_status":"closed","ping_status":"closed","template":"","meta":{"neve_meta_sidebar":"","neve_meta_container":"","neve_meta_enable_content_width":"","neve_meta_content_width":0,"neve_meta_title_alignment":"","neve_meta_author_avatar":"","neve_post_elements_order":"","neve_meta_disable_header":"","neve_meta_disable_footer":"","neve_meta_disable_title":"","_themeisle_gutenberg_block_has_review":false,"_ti_tpc_template_sync":false,"_ti_tpc_template_id":"","footnotes":""},"class_list":["post-1793","page","type-page","status-publish","hentry"],"yoast_head":"<!-- This site is optimized with the Yoast SEO Premium plugin v23.6 (Yoast SEO v23.8) - https:\/\/yoast.com\/wordpress\/plugins\/seo\/ -->\n<title>5G IP67 IoT Gateway N506-5GW<\/title>\n<meta name=\"description\" content=\"5G IP67 IoT Gateway N506-5GW offers IP67 rugged housing, M12 Ethernet and RS232\/RS485 for IoT sensors connectivity\" \/>\n<meta name=\"robots\" content=\"index, follow, max-snippet:-1, max-image-preview:large, max-video-preview:-1\" \/>\n<link rel=\"canonical\" href=\"https:\/\/www.trugemtech.com\/fr\/passerelle-iot-ip67\/\" \/>\n<meta property=\"og:locale\" content=\"fr_FR\" \/>\n<meta property=\"og:type\" content=\"article\" \/>\n<meta property=\"og:title\" content=\"5G IP67 IoT Gateway N506-5GW\" \/>\n<meta property=\"og:description\" content=\"5G IP67 IoT Gateway N506-5GW offers IP67 rugged housing, M12 Ethernet and RS232\/RS485 for IoT sensors connectivity\" \/>\n<meta property=\"og:url\" content=\"https:\/\/www.trugemtech.com\/fr\/passerelle-iot-ip67\/\" \/>\n<meta property=\"og:site_name\" content=\"IoT Solutions- AIoT-Vehicle Gateway - Edge Computing Gateway\" \/>\n<meta property=\"article:publisher\" content=\"https:\/\/www.facebook.com\/TruGemTech\" \/>\n<meta property=\"article:modified_time\" content=\"2025-08-08T10:38:53+00:00\" \/>\n<meta property=\"og:image\" content=\"https:\/\/www.trugemtech.com\/wp-content\/uploads\/2024\/08\/NV06-1.png\" \/>\n\t<meta property=\"og:image:width\" content=\"800\" \/>\n\t<meta property=\"og:image:height\" content=\"800\" \/>\n\t<meta property=\"og:image:type\" content=\"image\/png\" \/>\n<meta name=\"twitter:card\" content=\"summary_large_image\" \/>\n<meta name=\"twitter:label1\" content=\"Dur\u00e9e de lecture estim\u00e9e\" \/>\n\t<meta name=\"twitter:data1\" content=\"3 minutes\" \/>\n<script type=\"application\/ld+json\" class=\"yoast-schema-graph\">{\"@context\":\"https:\/\/schema.org\",\"@graph\":[{\"@type\":\"WebPage\",\"@id\":\"https:\/\/www.trugemtech.com\/ip67-iot-gateway\/\",\"url\":\"https:\/\/www.trugemtech.com\/ip67-iot-gateway\/\",\"name\":\"5G IP67 IoT Gateway N506-5GW\",\"isPartOf\":{\"@id\":\"https:\/\/www.trugemtech.com\/#website\"},\"primaryImageOfPage\":{\"@id\":\"https:\/\/www.trugemtech.com\/ip67-iot-gateway\/#primaryimage\"},\"image\":{\"@id\":\"https:\/\/www.trugemtech.com\/ip67-iot-gateway\/#primaryimage\"},\"thumbnailUrl\":\"https:\/\/www.trugemtech.com\/wp-content\/uploads\/2024\/08\/NV06-1.png\",\"datePublished\":\"2024-10-12T06:06:32+00:00\",\"dateModified\":\"2025-08-08T10:38:53+00:00\",\"description\":\"5G IP67 IoT Gateway N506-5GW offers IP67 rugged housing, M12 Ethernet and RS232\/RS485 for IoT sensors connectivity\",\"breadcrumb\":{\"@id\":\"https:\/\/www.trugemtech.com\/ip67-iot-gateway\/#breadcrumb\"},\"inLanguage\":\"fr-FR\",\"potentialAction\":[{\"@type\":\"ReadAction\",\"target\":[\"https:\/\/www.trugemtech.com\/ip67-iot-gateway\/\"]}]},{\"@type\":\"ImageObject\",\"inLanguage\":\"fr-FR\",\"@id\":\"https:\/\/www.trugemtech.com\/ip67-iot-gateway\/#primaryimage\",\"url\":\"https:\/\/www.trugemtech.com\/wp-content\/uploads\/2024\/08\/NV06-1.png\",\"contentUrl\":\"https:\/\/www.trugemtech.com\/wp-content\/uploads\/2024\/08\/NV06-1.png\"},{\"@type\":\"BreadcrumbList\",\"@id\":\"https:\/\/www.trugemtech.com\/ip67-iot-gateway\/#breadcrumb\",\"itemListElement\":[{\"@type\":\"ListItem\",\"position\":1,\"name\":\"Home\",\"item\":\"https:\/\/www.trugemtech.com\/\"},{\"@type\":\"ListItem\",\"position\":2,\"name\":\"5G IP67 IoT Gateway N506-5GW\"}]},{\"@type\":\"WebSite\",\"@id\":\"https:\/\/www.trugemtech.com\/#website\",\"url\":\"https:\/\/www.trugemtech.com\/\",\"name\":\"IoT Solutions- Vehicle Gateway - IoT Gateway - Industrial Router\",\"description\":\"Empower Digital Transformation\",\"alternateName\":\"IoT Solutions- AIoT - Vehicle Gateway - Edge Computing Gateway\",\"potentialAction\":[{\"@type\":\"SearchAction\",\"target\":{\"@type\":\"EntryPoint\",\"urlTemplate\":\"https:\/\/www.trugemtech.com\/?s={search_term_string}\"},\"query-input\":{\"@type\":\"PropertyValueSpecification\",\"valueRequired\":true,\"valueName\":\"search_term_string\"}}],\"inLanguage\":\"fr-FR\"}]}<\/script>\n<!-- \/ Yoast SEO Premium plugin. -->","yoast_head_json":{"title":"Passerelle IoT 5G IP67 N506-5GW","description":"La passerelle 5G IP67 IoT Gateway N506-5GW offre un bo\u00eetier robuste IP67, M12 Ethernet et RS232\/RS485 pour la connectivit\u00e9 des capteurs IoT.","robots":{"index":"index","follow":"follow","max-snippet":"max-snippet:-1","max-image-preview":"max-image-preview:large","max-video-preview":"max-video-preview:-1"},"canonical":"https:\/\/www.trugemtech.com\/fr\/passerelle-iot-ip67\/","og_locale":"fr_FR","og_type":"article","og_title":"5G IP67 IoT Gateway N506-5GW","og_description":"5G IP67 IoT Gateway N506-5GW offers IP67 rugged housing, M12 Ethernet and RS232\/RS485 for IoT sensors connectivity","og_url":"https:\/\/www.trugemtech.com\/fr\/passerelle-iot-ip67\/","og_site_name":"IoT Solutions- AIoT-Vehicle Gateway - Edge Computing Gateway","article_publisher":"https:\/\/www.facebook.com\/TruGemTech","article_modified_time":"2025-08-08T10:38:53+00:00","og_image":[{"width":800,"height":800,"url":"https:\/\/www.trugemtech.com\/wp-content\/uploads\/2024\/08\/NV06-1.png","type":"image\/png"}],"twitter_card":"summary_large_image","twitter_misc":{"Dur\u00e9e de lecture estim\u00e9e":"3 minutes"},"schema":{"@context":"https:\/\/schema.org","@graph":[{"@type":"WebPage","@id":"https:\/\/www.trugemtech.com\/ip67-iot-gateway\/","url":"https:\/\/www.trugemtech.com\/ip67-iot-gateway\/","name":"Passerelle IoT 5G IP67 N506-5GW","isPartOf":{"@id":"https:\/\/www.trugemtech.com\/#website"},"primaryImageOfPage":{"@id":"https:\/\/www.trugemtech.com\/ip67-iot-gateway\/#primaryimage"},"image":{"@id":"https:\/\/www.trugemtech.com\/ip67-iot-gateway\/#primaryimage"},"thumbnailUrl":"https:\/\/www.trugemtech.com\/wp-content\/uploads\/2024\/08\/NV06-1.png","datePublished":"2024-10-12T06:06:32+00:00","dateModified":"2025-08-08T10:38:53+00:00","description":"La passerelle 5G IP67 IoT Gateway N506-5GW offre un bo\u00eetier robuste IP67, M12 Ethernet et RS232\/RS485 pour la connectivit\u00e9 des capteurs IoT.","breadcrumb":{"@id":"https:\/\/www.trugemtech.com\/ip67-iot-gateway\/#breadcrumb"},"inLanguage":"fr-FR","potentialAction":[{"@type":"ReadAction","target":["https:\/\/www.trugemtech.com\/ip67-iot-gateway\/"]}]},{"@type":"ImageObject","inLanguage":"fr-FR","@id":"https:\/\/www.trugemtech.com\/ip67-iot-gateway\/#primaryimage","url":"https:\/\/www.trugemtech.com\/wp-content\/uploads\/2024\/08\/NV06-1.png","contentUrl":"https:\/\/www.trugemtech.com\/wp-content\/uploads\/2024\/08\/NV06-1.png"},{"@type":"BreadcrumbList","@id":"https:\/\/www.trugemtech.com\/ip67-iot-gateway\/#breadcrumb","itemListElement":[{"@type":"ListItem","position":1,"name":"Home","item":"https:\/\/www.trugemtech.com\/"},{"@type":"ListItem","position":2,"name":"5G IP67 IoT Gateway N506-5GW"}]},{"@type":"WebSite","@id":"https:\/\/www.trugemtech.com\/#website","url":"https:\/\/www.trugemtech.com\/","name":"Solutions IoT - Passerelle pour v\u00e9hicules - Passerelle IoT - Routeur industriel","description":"Favoriser la transformation num\u00e9rique","alternateName":"IoT Solutions- AIoT - Vehicle Gateway - Edge Computing Gateway","potentialAction":[{"@type":"SearchAction","target":{"@type":"EntryPoint","urlTemplate":"https:\/\/www.trugemtech.com\/?s={search_term_string}"},"query-input":{"@type":"PropertyValueSpecification","valueRequired":true,"valueName":"search_term_string"}}],"inLanguage":"fr-FR"}]}},"_links":{"self":[{"href":"https:\/\/www.trugemtech.com\/fr\/wp-json\/wp\/v2\/pages\/1793","targetHints":{"allow":["GET"]}}],"collection":[{"href":"https:\/\/www.trugemtech.com\/fr\/wp-json\/wp\/v2\/pages"}],"about":[{"href":"https:\/\/www.trugemtech.com\/fr\/wp-json\/wp\/v2\/types\/page"}],"author":[{"embeddable":true,"href":"https:\/\/www.trugemtech.com\/fr\/wp-json\/wp\/v2\/users\/1"}],"replies":[{"embeddable":true,"href":"https:\/\/www.trugemtech.com\/fr\/wp-json\/wp\/v2\/comments?post=1793"}],"version-history":[{"count":3,"href":"https:\/\/www.trugemtech.com\/fr\/wp-json\/wp\/v2\/pages\/1793\/revisions"}],"predecessor-version":[{"id":3591,"href":"https:\/\/www.trugemtech.com\/fr\/wp-json\/wp\/v2\/pages\/1793\/revisions\/3591"}],"wp:attachment":[{"href":"https:\/\/www.trugemtech.com\/fr\/wp-json\/wp\/v2\/media?parent=1793"}],"curies":[{"name":"wp","href":"https:\/\/api.w.org\/{rel}","templated":true}]}}