{"id":2580,"date":"2024-11-15T18:33:35","date_gmt":"2024-11-15T10:33:35","guid":{"rendered":"https:\/\/www.trugemtech.com\/?page_id=2580"},"modified":"2024-11-16T08:15:46","modified_gmt":"2024-11-16T00:15:46","slug":"gestion-de-flotte-par-gps","status":"publish","type":"page","link":"https:\/\/www.trugemtech.com\/fr\/gestion-de-flotte-par-gps\/","title":{"rendered":"Gestion du parc de v\u00e9hicules par GPS pour l'industrie mini\u00e8re"},"content":{"rendered":"<div class=\"wp-block-columns is-layout-flex wp-container-core-columns-is-layout-9d6595d7 wp-block-columns-is-layout-flex\">\n<div class=\"wp-block-column is-layout-flow wp-block-column-is-layout-flow\">\n<div class=\"wp-block-cover is-light\" style=\"min-height:398px;aspect-ratio:unset;\"><span aria-hidden=\"true\" class=\"wp-block-cover__background has-background-dim\" style=\"background-color:#938d91\"><\/span><img fetchpriority=\"high\" decoding=\"async\" width=\"2000\" height=\"1228\" class=\"wp-block-cover__image-background wp-image-2581\" alt=\"gestion de flotte par gps\" src=\"https:\/\/www.trugemtech.com\/wp-content\/uploads\/2024\/11\/\u77ff\u5c71-3.jpeg\" data-object-fit=\"cover\" srcset=\"https:\/\/www.trugemtech.com\/wp-content\/uploads\/2024\/11\/\u77ff\u5c71-3.jpeg 2000w, https:\/\/www.trugemtech.com\/wp-content\/uploads\/2024\/11\/\u77ff\u5c71-3-300x184.jpeg 300w, https:\/\/www.trugemtech.com\/wp-content\/uploads\/2024\/11\/\u77ff\u5c71-3-1024x629.jpeg 1024w, https:\/\/www.trugemtech.com\/wp-content\/uploads\/2024\/11\/\u77ff\u5c71-3-768x472.jpeg 768w, https:\/\/www.trugemtech.com\/wp-content\/uploads\/2024\/11\/\u77ff\u5c71-3-1536x943.jpeg 1536w, https:\/\/www.trugemtech.com\/wp-content\/uploads\/2024\/11\/\u77ff\u5c71-3-18x12.jpeg 18w\" sizes=\"(max-width: 2000px) 100vw, 2000px\" \/><div class=\"wp-block-cover__inner-container is-layout-constrained wp-block-cover-is-layout-constrained\">\n<p class=\"has-text-align-center has-large-font-size\"><\/p>\n\n\n\n<div class=\"wp-block-columns is-layout-flex wp-container-core-columns-is-layout-9d6595d7 wp-block-columns-is-layout-flex\">\n<div class=\"wp-block-column is-layout-flow wp-block-column-is-layout-flow\" style=\"flex-basis:60%\"><\/div>\n\n\n\n<div class=\"wp-block-column is-layout-flow wp-block-column-is-layout-flow\" style=\"padding-right:var(--wp--preset--spacing--60);padding-left:var(--wp--preset--spacing--60);flex-basis:55%\">\n<p class=\"has-nv-site-bg-color has-text-color has-link-color wp-elements-d0e52204c02750f515155c509ff1ce5e\"><strong>S'appuyant sur la technologie RTK, la passerelle v\u00e9hicule AIoT-5G-NV06 assure un positionnement de haute pr\u00e9cision, une surveillance et un statut en temps r\u00e9el, ce qui permet d'obtenir des informations plus approfondies et des performances optimis\u00e9es pour la gestion des flottes par GPS. Sa connectivit\u00e9 \u00e0 de multiples p\u00e9riph\u00e9riques sur le v\u00e9hicule garantit un processus complet de collecte et d'analyse des donn\u00e9es pour la prise de d\u00e9cision.<\/strong><\/p>\n<\/div>\n<\/div>\n<\/div><\/div>\n<\/div>\n<\/div>\n\n\n\n<div style=\"height:50px\" aria-hidden=\"true\" class=\"wp-block-spacer\"><\/div>\n\n\n\n<h2 class=\"wp-block-heading translation-block\" id=\"h-challenges\"><strong><strong>D\u00e9fi<\/strong><\/strong>s<\/h2>\n\n\n\n<div class=\"wp-block-columns is-layout-flex wp-container-core-columns-is-layout-9d6595d7 wp-block-columns-is-layout-flex\">\n<div class=\"wp-block-column is-layout-flow wp-block-column-is-layout-flow\" style=\"flex-basis:100%\">\n<ul class=\"wp-block-list\">\n<li><strong>Collecte d'informations insuffisante<\/strong><\/li>\n<\/ul>\n\n\n\n<p>Le syst\u00e8me actuel de gestion des transports auxiliaires miniers souffre d'une collecte, d'un traitement et d'une analyse inad\u00e9quats des donn\u00e9es. Il en r\u00e9sulte une visibilit\u00e9 limit\u00e9e et des processus d\u00e9cisionnels inefficaces.<\/p>\n\n\n\n<ul class=\"wp-block-list\">\n<li><strong>Obstacles critiques \u00e0 l'acquisition de donn\u00e9es<\/strong><\/li>\n<\/ul>\n\n\n\n<p>La plupart des v\u00e9hicules de transport auxiliaire sont d\u00e9pourvus de terminaux embarqu\u00e9s, ce qui rend impossible la collecte de donn\u00e9es cruciales telles que la localisation du v\u00e9hicule, sa vitesse et la puissance restante. Cette absence d'informations vitales affecte directement l'efficacit\u00e9 du syst\u00e8me de suivi de la gestion de la flotte.<\/p>\n\n\n\n<ul class=\"wp-block-list\">\n<li><strong>Absence d'analyse intelligente<\/strong><\/li>\n<\/ul>\n\n\n\n<p>Actuellement, les r\u00e9partiteurs doivent v\u00e9rifier ou calculer manuellement la position et le kilom\u00e9trage des v\u00e9hicules de transport auxiliaires. Ce processus \u00e0 forte intensit\u00e9 de main-d'\u0153uvre consomme non seulement un temps pr\u00e9cieux, mais il est \u00e9galement source de litiges et d'erreurs, ce qui complique le suivi en temps r\u00e9el de la flotte.<\/p>\n\n\n\n<ul class=\"wp-block-list\">\n<li><strong>Sous-utilisation de la capacit\u00e9 des v\u00e9hicules<\/strong><\/li>\n<\/ul>\n\n\n\n<p>Sans v\u00e9rification en temps utile du statut du v\u00e9hicule et sans un syst\u00e8me de covoiturage efficace, la capacit\u00e9 de transport des v\u00e9hicules reste sous-utilis\u00e9e. Le v\u00e9hicule est donc parfois vide, ce qui entra\u00eene un gaspillage de la capacit\u00e9 de transport du v\u00e9hicule.<\/p>\n\n\n\n<ul class=\"wp-block-list\">\n<li><strong>Processus non standardis\u00e9s<\/strong><\/li>\n<\/ul>\n\n\n\n<p>Le processus actuel de demande de v\u00e9hicules manque de pr\u00e9voyance et de normalisation, ce qui entra\u00eene de fr\u00e9quentes demandes de v\u00e9hicules temporaires. Il en r\u00e9sulte souvent des conflits de calendrier qui retardent les op\u00e9rations critiques.<\/p>\n<\/div>\n<\/div>\n\n\n\n<div class=\"wp-block-columns is-layout-flex wp-container-core-columns-is-layout-9d6595d7 wp-block-columns-is-layout-flex\">\n<div class=\"wp-block-column is-layout-flow wp-block-column-is-layout-flow\"><div class=\"wp-block-image\">\n<figure class=\"aligncenter size-large is-resized\"><img decoding=\"async\" width=\"1024\" height=\"683\" src=\"https:\/\/www.trugemtech.com\/wp-content\/uploads\/2024\/10\/mining-1024x683.jpg\" alt=\"l&#039;exploitation mini\u00e8re\" class=\"wp-image-2215\" style=\"width:auto;height:400px\" srcset=\"https:\/\/www.trugemtech.com\/wp-content\/uploads\/2024\/10\/mining-1024x683.jpg 1024w, https:\/\/www.trugemtech.com\/wp-content\/uploads\/2024\/10\/mining-300x200.jpg 300w, https:\/\/www.trugemtech.com\/wp-content\/uploads\/2024\/10\/mining-768x512.jpg 768w, https:\/\/www.trugemtech.com\/wp-content\/uploads\/2024\/10\/mining-1536x1024.jpg 1536w, https:\/\/www.trugemtech.com\/wp-content\/uploads\/2024\/10\/mining-930x620.jpg 930w, https:\/\/www.trugemtech.com\/wp-content\/uploads\/2024\/10\/mining.jpg 1920w\" sizes=\"(max-width: 1024px) 100vw, 1024px\" \/><\/figure>\n<\/div>\n\n\n<h2 class=\"wp-block-heading\" id=\"h-customer-requirements\">Exigences des clients<\/h2>\n\n\n\n<div class=\"wp-block-columns is-layout-flex wp-container-core-columns-is-layout-9d6595d7 wp-block-columns-is-layout-flex\">\n<div class=\"wp-block-column has-border-color has-neve-text-color-border-color has-nv-light-bg-background-color has-background is-layout-flow wp-block-column-is-layout-flow\" style=\"border-width:1px\">\n<hr class=\"wp-block-separator has-text-color has-neve-link-color-color has-alpha-channel-opacity has-neve-link-color-background-color has-background is-style-wide\"\/>\n\n\n\n<h3 class=\"wp-block-heading has-text-align-center has-medium-font-size\" id=\"h-digitalization\">Num\u00e9risation<\/h3>\n\n\n\n<p>L'objectif de la solution de gestion de flotte GPS est de num\u00e9riser les \u00e9l\u00e9ments cl\u00e9s du syst\u00e8me de transport auxiliaire, en transformant les processus commerciaux et les activit\u00e9s de transport r\u00e9elles en formats num\u00e9riques efficaces.<\/p>\n<\/div>\n\n\n\n<div class=\"wp-block-column has-border-color has-neve-text-color-border-color has-nv-light-bg-background-color has-background is-layout-flow wp-block-column-is-layout-flow\" style=\"border-width:1px\">\n<hr class=\"wp-block-separator has-text-color has-neve-link-color-color has-alpha-channel-opacity has-neve-link-color-background-color has-background is-style-wide\"\/>\n\n\n\n<h3 class=\"wp-block-heading has-text-align-center has-medium-font-size\" id=\"h-real-time-monitoring-management\">Gestion de la surveillance en temps r\u00e9el<\/h3>\n\n\n\n<p>Nous visons \u00e0 am\u00e9liorer la programmation des v\u00e9hicules, la planification des itin\u00e9raires, le contr\u00f4le des feux de circulation et l'attribution des t\u00e2ches, en les rendant plus intelligents et plus efficaces.<\/p>\n<\/div>\n\n\n\n<div class=\"wp-block-column has-border-color has-neve-text-color-border-color has-nv-light-bg-background-color has-background is-layout-flow wp-block-column-is-layout-flow\" style=\"border-width:1px\">\n<hr class=\"wp-block-separator has-text-color has-neve-link-color-color has-alpha-channel-opacity has-neve-link-color-background-color has-background is-style-wide\"\/>\n\n\n\n<h3 class=\"wp-block-heading has-text-align-center has-medium-font-size\" id=\"h-workforce-optimization\">Optimisation de la main-d'\u0153uvre<\/h3>\n\n\n\n<p>La solution de gestion de flotte GPS vise \u00e0 simplifier la nature complexe et polyvalente du syst\u00e8me de transport auxiliaire minier, en r\u00e9duisant les besoins en personnel tout en augmentant l'efficacit\u00e9 et la s\u00e9curit\u00e9.<\/p>\n<\/div>\n<\/div>\n<\/div>\n<\/div>\n\n\n\n<div style=\"height:50px\" aria-hidden=\"true\" class=\"wp-block-spacer\"><\/div>\n\n\n\n<div class=\"wp-block-columns is-layout-flex wp-container-core-columns-is-layout-9d6595d7 wp-block-columns-is-layout-flex\">\n<div class=\"wp-block-column is-layout-flow wp-block-column-is-layout-flow\">\n<h2 class=\"wp-block-heading\" id=\"h-solution\">Solution<\/h2>\n\n\n\n<ul class=\"wp-block-list\">\n<li><strong>Gestion globale des \u00e9l\u00e9ments<\/strong><\/li>\n<\/ul>\n\n\n\n<p>Mettre en \u0153uvre une gestion compl\u00e8te du syst\u00e8me de transport auxiliaire de l'exploitation mini\u00e8re, y compris le personnel, les v\u00e9hicules, les mat\u00e9riaux et les feux de signalisation, en s'appuyant sur une analyse solide des donn\u00e9es.<\/p>\n<\/div>\n<\/div>\n\n\n\n<ul class=\"wp-block-list\">\n<li><strong>Programmation intelligente des v\u00e9hicules<\/strong><\/li>\n<\/ul>\n\n\n\n<p>Le syst\u00e8me de gestion de flotte par GPS permettra une programmation intelligente des v\u00e9hicules en fonction des conditions en temps r\u00e9el sur le site minier, am\u00e9liorant ainsi l'efficacit\u00e9 du transport et de l'utilisation.<\/p>\n\n\n\n<ul class=\"wp-block-list\">\n<li><strong>Planification intelligente des itin\u00e9raires<\/strong><\/li>\n<\/ul>\n\n\n\n<p>Utilisez les avantages de la technologie de positionnement GNSS RTK de haute pr\u00e9cision, combin\u00e9e aux informations de suivi en temps r\u00e9el des v\u00e9hicules et \u00e0 l'analyse des big data, pour cr\u00e9er des itin\u00e9raires optimaux pour la flotte.<\/p>\n\n\n\n<ul class=\"wp-block-list\">\n<li><strong>Gestion intelligente des comportements<\/strong><\/li>\n<\/ul>\n\n\n\n<p>Employer la technologie visuelle d'IA de TruGem au sein de la solution 5G AIoT pour une gestion compl\u00e8te du personnel, des v\u00e9hicules et des \u00e9v\u00e9nements, garantissant ainsi la s\u00e9curit\u00e9 et la conformit\u00e9.<\/p>\n\n\n\n<div style=\"height:50px\" aria-hidden=\"true\" class=\"wp-block-spacer\"><\/div>\n\n\n\n<div class=\"wp-block-columns is-layout-flex wp-container-core-columns-is-layout-9d6595d7 wp-block-columns-is-layout-flex\">\n<div class=\"wp-block-column is-layout-flow wp-block-column-is-layout-flow\">\n<h2 class=\"wp-block-heading\" id=\"h-benefits\">Avantages<\/h2>\n\n\n\n<div class=\"wp-block-columns is-layout-flex wp-container-core-columns-is-layout-9d6595d7 wp-block-columns-is-layout-flex\">\n<div class=\"wp-block-column has-border-color has-neve-link-color-border-color has-nv-light-bg-background-color has-background is-layout-flow wp-block-column-is-layout-flow\" style=\"border-width:1px;border-radius:25px;padding-top:var(--wp--preset--spacing--40);padding-right:var(--wp--preset--spacing--40);padding-bottom:var(--wp--preset--spacing--40);padding-left:var(--wp--preset--spacing--40)\">\n<h3 class=\"wp-block-heading has-text-align-center\" id=\"h-intelligent-platform\">Plate-forme intelligente<\/h3>\n\n\n\n<p>Int\u00e9grer les fonctionnalit\u00e9s des donn\u00e9es afin d'obtenir une interconnexion transparente et d'am\u00e9liorer les capacit\u00e9s op\u00e9rationnelles globales.<\/p>\n<\/div>\n\n\n\n<div class=\"wp-block-column has-border-color has-neve-link-color-border-color has-nv-light-bg-background-color has-background is-layout-flow wp-block-column-is-layout-flow\" style=\"border-width:1px;border-radius:25px;padding-top:var(--wp--preset--spacing--40);padding-right:var(--wp--preset--spacing--40);padding-bottom:var(--wp--preset--spacing--40);padding-left:var(--wp--preset--spacing--40)\">\n<h3 class=\"wp-block-heading has-text-align-center\" id=\"h-optimized-operational-methods\">M\u00e9thodes op\u00e9rationnelles optimis\u00e9es<\/h3>\n\n\n\n<p>Affiner les strat\u00e9gies d'affectation des ressources afin d'am\u00e9liorer l'efficacit\u00e9 op\u00e9rationnelle globale, en veillant \u00e0 ce que chaque v\u00e9hicule soit utilis\u00e9 de mani\u00e8re efficace. <\/p>\n<\/div>\n<\/div>\n\n\n\n<div class=\"wp-block-columns is-layout-flex wp-container-core-columns-is-layout-9d6595d7 wp-block-columns-is-layout-flex\">\n<div class=\"wp-block-column has-border-color has-neve-link-color-border-color has-nv-light-bg-background-color has-background is-layout-flow wp-block-column-is-layout-flow\" style=\"border-width:1px;border-radius:25px;padding-top:var(--wp--preset--spacing--40);padding-right:var(--wp--preset--spacing--40);padding-bottom:var(--wp--preset--spacing--40);padding-left:var(--wp--preset--spacing--40)\">\n<h3 class=\"wp-block-heading has-text-align-center\" id=\"h-rich-transportation-management-features\">Fonctionnalit\u00e9s de gestion des transports<\/h3>\n\n\n\n<p>Am\u00e9liorer les capacit\u00e9s de visualisation des donn\u00e9es gr\u00e2ce au syst\u00e8me auxiliaire de gestion de flotte par GPS, en fournissant des outils d'analyse de donn\u00e9es puissants et complets.<\/p>\n<\/div>\n\n\n\n<div class=\"wp-block-column has-border-color has-neve-link-color-border-color has-nv-light-bg-background-color has-background is-layout-flow wp-block-column-is-layout-flow\" style=\"border-width:1px;border-radius:25px;padding-top:var(--wp--preset--spacing--40);padding-right:var(--wp--preset--spacing--40);padding-bottom:var(--wp--preset--spacing--40);padding-left:var(--wp--preset--spacing--40)\">\n<h3 class=\"wp-block-heading has-text-align-center\" id=\"h-efficiency-boost-through-smart-algorithms-0\">Am\u00e9lioration de l'efficacit\u00e9 gr\u00e2ce \u00e0 des algorithmes intelligents<\/h3>\n\n\n\n<p>Utiliser divers algorithmes intelligents pour optimiser la programmation des v\u00e9hicules et rationaliser les processus, ce qui permet de r\u00e9duire consid\u00e9rablement les d\u00e9lais et d'augmenter le rendement.<\/p>\n<\/div>\n<\/div>\n<\/div>\n<\/div>\n\n\n\n<h2 class=\"wp-block-heading\" id=\"h-products\">Produits<\/h2>\n\n\n\n<div class=\"wp-block-columns is-layout-flex wp-container-core-columns-is-layout-9d6595d7 wp-block-columns-is-layout-flex\">\n<div class=\"wp-block-column is-vertically-aligned-center is-layout-flow wp-block-column-is-layout-flow\" style=\"flex-basis:30%\"><div class=\"wp-block-image\">\n<figure class=\"aligncenter size-full\"><a href=\"https:\/\/www.trugemtech.com\/fr\/passerelle-informatique-peripherique-ip67\/\"><img decoding=\"async\" width=\"800\" height=\"800\" src=\"https:\/\/www.trugemtech.com\/wp-content\/uploads\/2024\/09\/\u8f66\u8f7d2-2.png\" alt=\"Passerelle de calcul en p\u00e9riph\u00e9rie TruGem AIoT-5G-NV06\" class=\"wp-image-1321\" srcset=\"https:\/\/www.trugemtech.com\/wp-content\/uploads\/2024\/09\/\u8f66\u8f7d2-2.png 800w, https:\/\/www.trugemtech.com\/wp-content\/uploads\/2024\/09\/\u8f66\u8f7d2-2-300x300.png 300w, https:\/\/www.trugemtech.com\/wp-content\/uploads\/2024\/09\/\u8f66\u8f7d2-2-150x150.png 150w, https:\/\/www.trugemtech.com\/wp-content\/uploads\/2024\/09\/\u8f66\u8f7d2-2-768x768.png 768w, https:\/\/www.trugemtech.com\/wp-content\/uploads\/2024\/09\/elementor\/thumbs\/2-2-qvyyzgwqg710npxxebqhysxgw4u1xfjf6pwen7zrew.png 500w, https:\/\/www.trugemtech.com\/wp-content\/uploads\/2024\/09\/elementor\/thumbs\/2-2-qvyyzgwq7f9qc4b6ijk9jl5sonzq72wa0czdexwbeo.png 480w, https:\/\/www.trugemtech.com\/wp-content\/uploads\/2024\/09\/elementor\/thumbs\/2-2-qvyyzgwpynig0iofmre14de4h75egq94u02c6nsveg.png 460w, https:\/\/www.trugemtech.com\/wp-content\/uploads\/2024\/09\/elementor\/thumbs\/2-2-qvyyzgwpu9msupv26vawwriadgq8ljxk8tltkir5ec.png 450w, https:\/\/www.trugemtech.com\/wp-content\/uploads\/2024\/09\/elementor\/thumbs\/2-2-qvyyzgwppvr5ox1oqz7sp5mg9qb2qdlznn5aydpfe8.png 440w\" sizes=\"(max-width: 800px) 100vw, 800px\" \/><\/a><\/figure>\n<\/div>\n\n\n<h3 class=\"wp-block-heading has-text-align-center ticss-8bd3e6a0\" id=\"h-aiot-5g-nv06\"><strong><a href=\"https:\/\/www.trugemtech.com\/fr\/passerelle-informatique-peripherique-ip67\/\">AIoT-5G-NV06<\/a><\/strong><\/h3>\n<\/div>\n<\/div>\n\n\n\n<p><\/p>","protected":false},"excerpt":{"rendered":"<p>D\u00e9fis Le syst\u00e8me actuel de gestion des transports auxiliaires miniers souffre d'une collecte, d'un traitement et d'une analyse inad\u00e9quats des donn\u00e9es. Il en r\u00e9sulte une visibilit\u00e9 limit\u00e9e et des processus d\u00e9cisionnels inefficaces. La plupart des v\u00e9hicules de transport auxiliaire sont d\u00e9pourvus de terminaux embarqu\u00e9s, ce qui rend impossible la collecte de donn\u00e9es cruciales telles que l'emplacement du v\u00e9hicule, sa vitesse et la puissance restante. Cette absence d'informations vitales affecte directement la...&nbsp;<a href=\"https:\/\/www.trugemtech.com\/fr\/gestion-de-flotte-par-gps\/\" class=\"\" rel=\"bookmark\">Lire la suite \"<span class=\"screen-reader-text\">Gestion du parc de v\u00e9hicules par GPS pour l'industrie mini\u00e8re<\/span><\/a><\/p>","protected":false},"author":1,"featured_media":0,"parent":0,"menu_order":0,"comment_status":"closed","ping_status":"closed","template":"","meta":{"neve_meta_sidebar":"","neve_meta_container":"","neve_meta_enable_content_width":"","neve_meta_content_width":0,"neve_meta_title_alignment":"","neve_meta_author_avatar":"","neve_post_elements_order":"","neve_meta_disable_header":"","neve_meta_disable_footer":"","neve_meta_disable_title":"","_themeisle_gutenberg_block_has_review":false,"_ti_tpc_template_sync":false,"_ti_tpc_template_id":"","footnotes":""},"class_list":["post-2580","page","type-page","status-publish","hentry"],"yoast_head":"<!-- This site is optimized with the Yoast SEO Premium plugin v23.6 (Yoast SEO v23.8) - https:\/\/yoast.com\/wordpress\/plugins\/seo\/ -->\n<title>GPS Fleet Management of Mining<\/title>\n<meta name=\"description\" content=\"vehicle gateway IoT-5G-NV06 provides high precision positioning, real-time monitoring and status for gps fleet management.\" \/>\n<meta name=\"robots\" content=\"index, follow, max-snippet:-1, max-image-preview:large, max-video-preview:-1\" \/>\n<link rel=\"canonical\" href=\"https:\/\/www.trugemtech.com\/fr\/gestion-de-flotte-par-gps\/\" \/>\n<meta property=\"og:locale\" content=\"fr_FR\" \/>\n<meta property=\"og:type\" content=\"article\" \/>\n<meta property=\"og:title\" content=\"GPS Fleet Management of Mining\" \/>\n<meta property=\"og:description\" content=\"vehicle gateway IoT-5G-NV06 provides high precision positioning, real-time monitoring and status for gps fleet management.\" \/>\n<meta property=\"og:url\" content=\"https:\/\/www.trugemtech.com\/fr\/gestion-de-flotte-par-gps\/\" \/>\n<meta property=\"og:site_name\" content=\"IoT Solutions- AIoT-Vehicle Gateway - Edge Computing Gateway\" \/>\n<meta property=\"article:publisher\" content=\"https:\/\/www.facebook.com\/TruGemTech\" \/>\n<meta property=\"article:modified_time\" content=\"2024-11-16T00:15:46+00:00\" \/>\n<meta property=\"og:image\" content=\"https:\/\/www.trugemtech.com\/wp-content\/uploads\/2024\/10\/mining-1024x683.jpg\" \/>\n<meta name=\"twitter:card\" content=\"summary_large_image\" \/>\n<meta name=\"twitter:label1\" content=\"Dur\u00e9e de lecture estim\u00e9e\" \/>\n\t<meta name=\"twitter:data1\" content=\"3 minutes\" \/>\n<script type=\"application\/ld+json\" class=\"yoast-schema-graph\">{\"@context\":\"https:\/\/schema.org\",\"@graph\":[{\"@type\":\"WebPage\",\"@id\":\"https:\/\/www.trugemtech.com\/gps-fleet-management\/\",\"url\":\"https:\/\/www.trugemtech.com\/gps-fleet-management\/\",\"name\":\"GPS Fleet Management of Mining\",\"isPartOf\":{\"@id\":\"https:\/\/www.trugemtech.com\/#website\"},\"primaryImageOfPage\":{\"@id\":\"https:\/\/www.trugemtech.com\/gps-fleet-management\/#primaryimage\"},\"image\":{\"@id\":\"https:\/\/www.trugemtech.com\/gps-fleet-management\/#primaryimage\"},\"thumbnailUrl\":\"https:\/\/www.trugemtech.com\/wp-content\/uploads\/2024\/10\/mining-1024x683.jpg\",\"datePublished\":\"2024-11-15T10:33:35+00:00\",\"dateModified\":\"2024-11-16T00:15:46+00:00\",\"description\":\"vehicle gateway IoT-5G-NV06 provides high precision positioning, real-time monitoring and status for gps fleet management.\",\"breadcrumb\":{\"@id\":\"https:\/\/www.trugemtech.com\/gps-fleet-management\/#breadcrumb\"},\"inLanguage\":\"fr-FR\",\"potentialAction\":[{\"@type\":\"ReadAction\",\"target\":[\"https:\/\/www.trugemtech.com\/gps-fleet-management\/\"]}]},{\"@type\":\"ImageObject\",\"inLanguage\":\"fr-FR\",\"@id\":\"https:\/\/www.trugemtech.com\/gps-fleet-management\/#primaryimage\",\"url\":\"https:\/\/www.trugemtech.com\/wp-content\/uploads\/2024\/10\/mining-1024x683.jpg\",\"contentUrl\":\"https:\/\/www.trugemtech.com\/wp-content\/uploads\/2024\/10\/mining-1024x683.jpg\"},{\"@type\":\"BreadcrumbList\",\"@id\":\"https:\/\/www.trugemtech.com\/gps-fleet-management\/#breadcrumb\",\"itemListElement\":[{\"@type\":\"ListItem\",\"position\":1,\"name\":\"Home\",\"item\":\"https:\/\/www.trugemtech.com\/\"},{\"@type\":\"ListItem\",\"position\":2,\"name\":\"GPS Fleet Management of Mining\"}]},{\"@type\":\"WebSite\",\"@id\":\"https:\/\/www.trugemtech.com\/#website\",\"url\":\"https:\/\/www.trugemtech.com\/\",\"name\":\"IoT Solutions- Vehicle Gateway - IoT Gateway - Industrial Router\",\"description\":\"Empower Digital Transformation\",\"alternateName\":\"IoT Solutions- AIoT - Vehicle Gateway - Edge Computing Gateway\",\"potentialAction\":[{\"@type\":\"SearchAction\",\"target\":{\"@type\":\"EntryPoint\",\"urlTemplate\":\"https:\/\/www.trugemtech.com\/?s={search_term_string}\"},\"query-input\":{\"@type\":\"PropertyValueSpecification\",\"valueRequired\":true,\"valueName\":\"search_term_string\"}}],\"inLanguage\":\"fr-FR\"}]}<\/script>\n<!-- \/ Yoast SEO Premium plugin. -->","yoast_head_json":{"title":"Gestion du parc de v\u00e9hicules par GPS pour l'industrie mini\u00e8re","description":"La passerelle pour v\u00e9hicules IoT-5G-NV06 permet un positionnement de haute pr\u00e9cision, une surveillance en temps r\u00e9el et un statut pour la gestion de flotte par GPS.","robots":{"index":"index","follow":"follow","max-snippet":"max-snippet:-1","max-image-preview":"max-image-preview:large","max-video-preview":"max-video-preview:-1"},"canonical":"https:\/\/www.trugemtech.com\/fr\/gestion-de-flotte-par-gps\/","og_locale":"fr_FR","og_type":"article","og_title":"GPS Fleet Management of Mining","og_description":"vehicle gateway IoT-5G-NV06 provides high precision positioning, real-time monitoring and status for gps fleet management.","og_url":"https:\/\/www.trugemtech.com\/fr\/gestion-de-flotte-par-gps\/","og_site_name":"IoT Solutions- AIoT-Vehicle Gateway - Edge Computing Gateway","article_publisher":"https:\/\/www.facebook.com\/TruGemTech","article_modified_time":"2024-11-16T00:15:46+00:00","og_image":[{"url":"https:\/\/www.trugemtech.com\/wp-content\/uploads\/2024\/10\/mining-1024x683.jpg"}],"twitter_card":"summary_large_image","twitter_misc":{"Dur\u00e9e de lecture estim\u00e9e":"3 minutes"},"schema":{"@context":"https:\/\/schema.org","@graph":[{"@type":"WebPage","@id":"https:\/\/www.trugemtech.com\/gps-fleet-management\/","url":"https:\/\/www.trugemtech.com\/gps-fleet-management\/","name":"Gestion du parc de v\u00e9hicules par GPS pour l'industrie mini\u00e8re","isPartOf":{"@id":"https:\/\/www.trugemtech.com\/#website"},"primaryImageOfPage":{"@id":"https:\/\/www.trugemtech.com\/gps-fleet-management\/#primaryimage"},"image":{"@id":"https:\/\/www.trugemtech.com\/gps-fleet-management\/#primaryimage"},"thumbnailUrl":"https:\/\/www.trugemtech.com\/wp-content\/uploads\/2024\/10\/mining-1024x683.jpg","datePublished":"2024-11-15T10:33:35+00:00","dateModified":"2024-11-16T00:15:46+00:00","description":"La passerelle pour v\u00e9hicules IoT-5G-NV06 permet un positionnement de haute pr\u00e9cision, une surveillance en temps r\u00e9el et un statut pour la gestion de flotte par GPS.","breadcrumb":{"@id":"https:\/\/www.trugemtech.com\/gps-fleet-management\/#breadcrumb"},"inLanguage":"fr-FR","potentialAction":[{"@type":"ReadAction","target":["https:\/\/www.trugemtech.com\/gps-fleet-management\/"]}]},{"@type":"ImageObject","inLanguage":"fr-FR","@id":"https:\/\/www.trugemtech.com\/gps-fleet-management\/#primaryimage","url":"https:\/\/www.trugemtech.com\/wp-content\/uploads\/2024\/10\/mining-1024x683.jpg","contentUrl":"https:\/\/www.trugemtech.com\/wp-content\/uploads\/2024\/10\/mining-1024x683.jpg"},{"@type":"BreadcrumbList","@id":"https:\/\/www.trugemtech.com\/gps-fleet-management\/#breadcrumb","itemListElement":[{"@type":"ListItem","position":1,"name":"Home","item":"https:\/\/www.trugemtech.com\/"},{"@type":"ListItem","position":2,"name":"GPS Fleet Management of Mining"}]},{"@type":"WebSite","@id":"https:\/\/www.trugemtech.com\/#website","url":"https:\/\/www.trugemtech.com\/","name":"Solutions IoT - Passerelle pour v\u00e9hicules - Passerelle IoT - Routeur industriel","description":"Favoriser la transformation num\u00e9rique","alternateName":"IoT Solutions- AIoT - Vehicle Gateway - Edge Computing Gateway","potentialAction":[{"@type":"SearchAction","target":{"@type":"EntryPoint","urlTemplate":"https:\/\/www.trugemtech.com\/?s={search_term_string}"},"query-input":{"@type":"PropertyValueSpecification","valueRequired":true,"valueName":"search_term_string"}}],"inLanguage":"fr-FR"}]}},"_links":{"self":[{"href":"https:\/\/www.trugemtech.com\/fr\/wp-json\/wp\/v2\/pages\/2580","targetHints":{"allow":["GET"]}}],"collection":[{"href":"https:\/\/www.trugemtech.com\/fr\/wp-json\/wp\/v2\/pages"}],"about":[{"href":"https:\/\/www.trugemtech.com\/fr\/wp-json\/wp\/v2\/types\/page"}],"author":[{"embeddable":true,"href":"https:\/\/www.trugemtech.com\/fr\/wp-json\/wp\/v2\/users\/1"}],"replies":[{"embeddable":true,"href":"https:\/\/www.trugemtech.com\/fr\/wp-json\/wp\/v2\/comments?post=2580"}],"version-history":[{"count":5,"href":"https:\/\/www.trugemtech.com\/fr\/wp-json\/wp\/v2\/pages\/2580\/revisions"}],"predecessor-version":[{"id":2587,"href":"https:\/\/www.trugemtech.com\/fr\/wp-json\/wp\/v2\/pages\/2580\/revisions\/2587"}],"wp:attachment":[{"href":"https:\/\/www.trugemtech.com\/fr\/wp-json\/wp\/v2\/media?parent=2580"}],"curies":[{"name":"wp","href":"https:\/\/api.w.org\/{rel}","templated":true}]}}