{"id":2645,"date":"2024-11-20T18:40:22","date_gmt":"2024-11-20T10:40:22","guid":{"rendered":"https:\/\/www.trugemtech.com\/?page_id=2645"},"modified":"2024-11-20T18:41:09","modified_gmt":"2024-11-20T10:41:09","slug":"passerelle-iot-industrielle","status":"publish","type":"page","link":"https:\/\/www.trugemtech.com\/fr\/passerelle-iot-industrielle\/","title":{"rendered":"Passerelle IoT industrielle 5G C505-5SW"},"content":{"rendered":"<div class=\"wp-block-columns alignwide has-nv-light-bg-background-color has-background is-layout-flex wp-container-core-columns-is-layout-fe847a89 wp-block-columns-is-layout-flex\" style=\"border-radius:30px;padding-top:var(--wp--preset--spacing--50);padding-right:var(--wp--preset--spacing--50);padding-bottom:var(--wp--preset--spacing--50);padding-left:var(--wp--preset--spacing--50)\">\n<div class=\"wp-block-column is-vertically-aligned-center is-layout-flow wp-block-column-is-layout-flow\">\n<p style=\"font-size:18px\"><strong>5G<\/strong> <strong><strong>Passerelle IoT industrielle<\/strong> C505-5SW<\/strong> <strong>excelle dans la connectivit\u00e9 des capteurs IoT, reliant de mani\u00e8re transparente divers appareils pour une acquisition et un contr\u00f4le efficaces des donn\u00e9es. Avec <strong>4 RS485<\/strong> il permet l'int\u00e9gration de multiples capteurs industriels et de syst\u00e8mes existants. Compatibilit\u00e9 des protocoles, y compris <strong>MQTT<\/strong> et <strong>Modbus<\/strong>Cette passerelle, qui s'appuie sur une technologie de pointe, assure une communication fluide entre les diff\u00e9rentes plates-formes IoT. Con\u00e7ue pour r\u00e9sister aux environnements difficiles, la passerelle offre des performances stables et un traitement des donn\u00e9es en temps r\u00e9el, ce qui la rend id\u00e9ale pour les applications dans les secteurs de la fabrication, des services publics, de la gestion de l'\u00e9nergie et de l'industrie.<\/strong> <strong>et des infrastructures intelligentes. Cette passerelle IoT de p\u00e9riph\u00e9rie<\/strong> <strong>comble le foss\u00e9 entre les capteurs et les r\u00e9seaux IoT, ce qui permet de r\u00e9aliser des op\u00e9rations plus intelligentes et d'am\u00e9liorer l'efficacit\u00e9.<\/strong><\/p>\n<\/div>\n\n\n\n<div class=\"wp-block-column is-vertically-aligned-top is-layout-flow wp-block-column-is-layout-flow\">\n<figure class=\"wp-block-image size-full is-resized is-style-default wp-duotone-unset-1\"><img fetchpriority=\"high\" decoding=\"async\" width=\"800\" height=\"800\" src=\"http:\/\/www.trugemtech.com\/wp-content\/uploads\/2024\/08\/C505-4.png\" alt=\"Passerelle IoT industrielle\" class=\"wp-image-970\" style=\"width:581px;height:auto\" srcset=\"https:\/\/www.trugemtech.com\/wp-content\/uploads\/2024\/08\/C505-4.png 800w, https:\/\/www.trugemtech.com\/wp-content\/uploads\/2024\/08\/C505-4-300x300.png 300w, https:\/\/www.trugemtech.com\/wp-content\/uploads\/2024\/08\/C505-4-150x150.png 150w, https:\/\/www.trugemtech.com\/wp-content\/uploads\/2024\/08\/C505-4-768x768.png 768w\" sizes=\"(max-width: 800px) 100vw, 800px\" \/><\/figure>\n\n\n\n<div class=\"wp-block-buttons bounce is-content-justification-center is-layout-flex wp-container-core-buttons-is-layout-16018d1d wp-block-buttons-is-layout-flex\">\n<div class=\"wp-block-button is-style-primary\"><a class=\"wp-block-button__link wp-element-button\" href=\"https:\/\/www.trugemtech.com\/fr\/contact\/\">cONTACT US<\/a><\/div>\n<\/div>\n<\/div>\n<\/div>\n\n\n\n<div style=\"height:50px\" aria-hidden=\"true\" class=\"wp-block-spacer\"><\/div>\n\n\n\n<div id=\"wp-block-themeisle-blocks-tabs-efce046c\" class=\"wp-block-themeisle-blocks-tabs  is-style-boxed\"><div class=\"wp-block-themeisle-blocks-tabs__content\">\n<div data-title=\"<strong&gt; Key Features<\/strong&gt;\" class=\"wp-block-themeisle-blocks-tabs-item\"><div class=\"wp-block-themeisle-blocks-tabs-item__header\" tabindex=\"0\"><strong> Caract\u00e9ristiques principales<\/strong><\/div><div class=\"wp-block-themeisle-blocks-tabs-item__content\">\n<ul class=\"wp-block-list\">\n<li>\u00c9quip\u00e9 de 4 Ethernet +RS485 + USB<\/li>\n\n\n\n<li>Connexions cellulaires mondiales 5G\/4G\/3G<\/li>\n\n\n\n<li>S\u00e9curit\u00e9 renforc\u00e9e gr\u00e2ce au VPN avanc\u00e9<\/li>\n\n\n\n<li>Double basculement Sim et chien de garde int\u00e9gr\u00e9, l'appareil fonctionne en autod\u00e9tection et se r\u00e9tablit automatiquement en cas de d\u00e9faillance.<\/li>\n\n\n\n<li>Acc\u00e8s \u00e0 de multiples capteurs IoT<\/li>\n\n\n\n<li>Prise en charge des protocoles Modbus RTU, Modbus TCP, MQTT et HTTPS<\/li>\n\n\n\n<li>La plateforme de gestion CYCloud prend en charge les plateformes de cloud industriel<\/li>\n\n\n\n<li>Support TR069 pour la mise \u00e0 jour et la gestion \u00e0 distance.<\/li>\n\n\n\n<li>TruGem ACS pour la gestion des appareils<\/li>\n<\/ul>\n<\/div><\/div>\n\n\n\n<div data-title=\"<strong&gt;Specification<\/strong&gt;\" class=\"wp-block-themeisle-blocks-tabs-item\"><div class=\"wp-block-themeisle-blocks-tabs-item__header\" tabindex=\"0\"><strong>Sp\u00e9cifications<\/strong><\/div><div class=\"wp-block-themeisle-blocks-tabs-item__content\">\n<figure class=\"wp-block-table is-style-regular\" style=\"font-size:18px\"><table class=\"has-border-color has-nv-site-bg-border-color has-fixed-layout\" style=\"border-width:10px\"><tbody><tr><td colspan=\"2\"><strong>Cellulaire<\/strong><\/td><\/tr><tr><td><strong>Fr\u00e9quence<\/strong><strong>Bandes<\/strong><strong><\/strong><\/td><td><strong>SKU1&nbsp;<\/strong><br>5G NR:n1\/3\/5\/7\/8\/20\/28\/38\/40\/41\/66\/77\/78;<br>LTE-FDD: B1\/2\/3\/4\/5\/7\/8\/20\/28\/66;<br>LTE-TDD : B38\/40\/41 ;<br>WCDMA : B1\/2\/5\/8<br><br><strong>SKU2 <\/strong><br>5G NR:n1\/3\/5\/\/7\/8\/20\/28\/38\/40\/41\/75\/76\/77\/78<br>LTE FDD : B1\/3\/5\/7\/8\/20\/28\/32<br>LTE TDD : B38\/40\/41\/42\/43<br>WCDMA : B1\/5\/8<br>*plus de bandes peuvent \u00eatre prises en charge avec diff\u00e9rentes UGS<\/td><\/tr><tr><td colspan=\"2\" class=\"translation-block\"><strong>Dans<\/strong> <strong>les interfaces<\/strong><\/td><\/tr><tr><td><strong>Interface Ethernet<\/strong><\/td><td>4*10\/100\/1000 Mbps, (d\u00e9tection automatique)4 LAN par d\u00e9faut, peut \u00eatre configur\u00e9 comme 1 WAN + 3 LAN<\/td><\/tr><tr><td><strong>Interface s\u00e9rie<\/strong><\/td><td>4*RS485<\/td><\/tr><tr><td><strong>USB<\/strong><strong><\/strong><strong>Interface<\/strong><\/td><td>1 *Type-A\uff0cUSB2.0, pour expansion<\/td><\/tr><tr><td><strong>Connecteur d'antenne<\/strong><\/td><td>8 *SMA\uff0c(4*5G,2*WIFI,1*4G,1*GNSS)<\/td><\/tr><tr><td><strong>Fente SIM<\/strong><\/td><td>2*Mini SIM, double sim en veille simple<\/td><\/tr><tr><td><strong>Fente TF<\/strong><\/td><td>1, pour l'expansion<\/td><\/tr><tr><td colspan=\"2\"><strong>Puissance<\/strong><\/td><\/tr><tr><td><strong>Alimentation \u00e9lectrique<\/strong><\/td><td>DC 9-36V<\/td><\/tr><tr><td><strong>Consommation<\/strong><\/td><td>\uff1c20W<\/td><\/tr><tr><td colspan=\"2\"><strong>WiFi<\/strong><\/td><\/tr><tr><td><strong>WIFI<\/strong><\/td><td>2.4GHz et 5Ghz, IEEE 802.11b\/g\/n\/ac\uff0csupporte l'acc\u00e8s de 32 utilisateurs<\/td><\/tr><\/tbody><\/table><\/figure>\n\n\n\n<figure style=\"font-size:18px\" class=\"wp-block-table\"><table class=\"has-border-color has-nv-site-bg-border-color has-fixed-layout\" style=\"border-width:10px\"><tbody><tr><td colspan=\"2\"><strong>Autres<\/strong><\/td><\/tr><tr><td><strong>Chien de garde mat\u00e9riel<\/strong><\/td><td>Int\u00e9gr\u00e9<\/td><\/tr><tr><td><strong>Capteur<\/strong><\/td><td>Le capteur de temp\u00e9rature int\u00e9gr\u00e9 permet de surveiller la temp\u00e9rature de fonctionnement de la carte m\u00e8re en temps r\u00e9el.<\/td><\/tr><tr><td><strong>GNSS<\/strong><\/td><td>En option<\/td><\/tr><tr><td colspan=\"2\"><strong>Caract\u00e9ristiques m\u00e9caniques<\/strong><\/td><\/tr><tr><td><strong>Indice de protection<\/strong><\/td><td>IP30<\/td><\/tr><tr><td><strong>Logement<\/strong><\/td><td>M\u00e9tal<\/td><\/tr><tr><td><strong>Installation<\/strong><\/td><td>Panneau, rail Din<\/td><\/tr><tr><td><strong>Dimension<\/strong><\/td><td>190mm*132mm*44<\/td><\/tr><tr><td colspan=\"2\"><strong>EMC<\/strong><\/td><\/tr><tr><td><strong>Statique<\/strong><\/td><td>EN61000-4-2, niveau 3<\/td><\/tr><tr><td><strong>Rayonnement Champ \u00e9lectrique<\/strong><\/td><td>EN61000-4-3, niveau 3<\/td><\/tr><tr><td><strong>Champ \u00e9lectrique puls\u00e9<\/strong><\/td><td>EN61000-4-4, niveau 3<\/td><\/tr><tr><td><strong>Surtension<\/strong><\/td><td>EN61000-4-5, niveau 3<\/td><\/tr><tr><td><strong>Immunit\u00e9 aux perturbations conduites<\/strong><\/td><td>EN61000-4-6 ,niveau 3<\/td><\/tr><tr><td><strong>R\u00e9sistance aux ondes de choc<\/strong><\/td><td>EN61000-4-12, niveau 3<\/td><\/tr><tr><td><strong>Puissance Fr\u00e9quence Champ magn\u00e9tique R\u00e9sistance<\/strong><\/td><td>EN61000-4-8, horizontal \/ vertical 400A\/m (&gt;niveau 2)<\/td><\/tr><tr><td colspan=\"2\"><strong>Temp\u00e9rature et humidit\u00e9 ambiantes<\/strong><\/td><\/tr><tr><td><strong>Temp\u00e9rature de fonctionnement<\/strong><\/td><td>-30\u2103 ~ +70\u2103<\/td><\/tr><tr><td><strong>Humidit\u00e9 relative<\/strong><\/td><td>10%~100%<\/td><\/tr><tr><td><strong>Temp\u00e9rature de stockage<\/strong><\/td><td>-45\u2103~ +85\u2103<\/td><\/tr><\/tbody><\/table><\/figure>\n\n\n\n<figure style=\"font-size:18px\" class=\"wp-block-table\"><table class=\"has-border-color has-nv-site-bg-border-color has-fixed-layout\" style=\"border-width:10px\"><tbody><tr><td colspan=\"2\"><strong>R\u00e9seau<\/strong><\/td><\/tr><tr><td><strong>WAN<\/strong><\/td><td>Prend en charge les fonctions NAT, routeur, pont, passage d'IP, etc.<\/td><\/tr><tr><td><strong>LAN<\/strong><\/td><td>Prise en charge de l'attribution dynamique d'adresses IP et de l'acc\u00e8s en mode d'adresse IP statique<\/td><\/tr><tr><td colspan=\"2\"><strong>Protocole<\/strong><\/td><\/tr><tr><td><strong>Protocole industriel<\/strong><\/td><td>Modbus RTU, Modbus TCP, MQTT, HTTPS, UDP, NTRIP, etc.<\/td><\/tr><tr><td colspan=\"2\"><strong>Securit<\/strong><strong>y<\/strong><\/td><\/tr><tr><td><strong>Utilisateur \u00e0 plusieurs niveaux<\/strong><\/td><td>Droits de gestion \u00e0 plusieurs niveaux<\/td><\/tr><tr><td><strong>S\u00e9curit\u00e9 des donn\u00e9es<\/strong><\/td><td>Pare-feu L2\/L3<\/td><\/tr><tr><td rowspan=\"4\"><strong>Pare-feu<\/strong><\/td><td>Supporte DMZ, Port Mirror et ALG\uff1b.<\/td><\/tr><tr><td>Prise en charge de la gestion de la configuration du pare-feu<\/td><\/tr><tr><td>Transfert de port<\/td><\/tr><tr><td>Bascule de port<\/td><\/tr><tr><td colspan=\"2\"><strong>Fiabilit\u00e9<\/strong><\/td><\/tr><tr><td><strong>Basculement<\/strong><\/td><td>Double basculement de la carte SIM<\/td><\/tr><tr><td><strong>Wa<\/strong><strong>t<\/strong><strong>chdog<\/strong><\/td><td>L'appareil s'autod\u00e9tecte et se r\u00e9tablit automatiquement en cas de dysfonctionnement.<\/td><\/tr><tr><td colspan=\"2\"><strong>Gestion<\/strong><\/td><\/tr><tr><td><strong>Gestion \u00e0 distance<\/strong><\/td><td>TR069, Web<\/td><\/tr><tr><td><strong>Gestion des microprogrammes<\/strong><\/td><td>Double sauvegarde du micrologiciel<\/td><\/tr><tr><td><strong>Mise \u00e0 jour \u00e0 distance<\/strong><\/td><td>TR069, HTTP\/HTTPS, FTP, Telnet, SSH, etc.<\/td><\/tr><tr><td><strong>Gestion des appareils<\/strong><\/td><td>ACS (Auto-Configuration Server) de TruGem Surveillance p\u00e9riodique : Les terminaux peuvent rapporter des param\u00e8tres p\u00e9riodiquement selon les instructions du serveur, y compris diverses performances du terminal\uff08Data rate in downlink and uplink, DL Packet Error Rate (PER), MCS, MIMO mode, etc\uff09and Radio-frequency parameter\uff08PCI, RSRP, RSRQ, SINR, Transmit power, etc.\uff09<\/td><\/tr><tr><td><strong>Journal<\/strong><\/td><td>SSH<\/td><\/tr><\/tbody><\/table><\/figure>\n<\/div><\/div>\n\n\n\n<div data-title=\"<strong&gt;Application<\/strong&gt;\" class=\"wp-block-themeisle-blocks-tabs-item\"><div class=\"wp-block-themeisle-blocks-tabs-item__header\" tabindex=\"0\"><strong>Application<\/strong><\/div><div class=\"wp-block-themeisle-blocks-tabs-item__content\">\n<p>5G Industrial IoT Gateway C505-5SW, l'excellente conception mat\u00e9rielle et les puissantes fonctionnalit\u00e9s logicielles permettent aux applications de plusieurs industries d'am\u00e9liorer l'efficacit\u00e9 des entreprises des clients, telles que :<\/p>\n\n\n\n<p><\/p>\n\n\n\n<ul class=\"wp-block-list\">\n<li>Soins de sant\u00e9 intelligents<\/li>\n\n\n\n<li>R\u00e9seau intelligent<\/li>\n\n\n\n<li>Vente au d\u00e9tail<\/li>\n\n\n\n<li>Fabrication intelligente<\/li>\n\n\n\n<li>\u00c9nergie intelligente<\/li>\n\n\n\n<li>Automatisation industrielle<\/li>\n\n\n\n<li>B\u00e2timent intelligent<\/li>\n\n\n\n<li>Logistique intelligente<\/li>\n<\/ul>\n<\/div><\/div>\n<\/div><\/div>","protected":false},"excerpt":{"rendered":"<p>La passerelle 5G Industrial IoT Gateway C505-5SW excelle dans la connectivit\u00e9 des capteurs IoT, reliant de mani\u00e8re transparente divers appareils pour une acquisition et un contr\u00f4le efficaces des donn\u00e9es. Avec 4 interfaces RS485, elle prend en charge l'int\u00e9gration avec de multiples capteurs industriels et syst\u00e8mes existants. La compatibilit\u00e9 des protocoles, notamment MQTT et Modbus, garantit une communication fluide sur diverses plateformes IoT. Con\u00e7ue pour r\u00e9sister aux environnements difficiles, la passerelle...&nbsp;<a href=\"https:\/\/www.trugemtech.com\/fr\/passerelle-iot-industrielle\/\" class=\"\" rel=\"bookmark\">Lire la suite \"<span class=\"screen-reader-text\">Passerelle IoT industrielle 5G C505-5SW<\/span><\/a><\/p>","protected":false},"author":1,"featured_media":0,"parent":0,"menu_order":0,"comment_status":"closed","ping_status":"closed","template":"","meta":{"neve_meta_sidebar":"","neve_meta_container":"","neve_meta_enable_content_width":"","neve_meta_content_width":0,"neve_meta_title_alignment":"","neve_meta_author_avatar":"","neve_post_elements_order":"","neve_meta_disable_header":"","neve_meta_disable_footer":"","neve_meta_disable_title":"","_themeisle_gutenberg_block_has_review":false,"_ti_tpc_template_sync":false,"_ti_tpc_template_id":"","footnotes":""},"class_list":["post-2645","page","type-page","status-publish","hentry"],"yoast_head":"<!-- This site is optimized with the Yoast SEO Premium plugin v23.6 (Yoast SEO v23.8) - https:\/\/yoast.com\/wordpress\/plugins\/seo\/ -->\n<title>5G Industrial IoT Gateway C505-5SW<\/title>\n<meta name=\"description\" content=\"Industrial IoT Gateway C505-5SW excels in IoT sensor connectivity, seamlessly linking diverse devices for efficient data acquisition&amp;control\" \/>\n<meta name=\"robots\" content=\"index, follow, max-snippet:-1, max-image-preview:large, max-video-preview:-1\" \/>\n<link rel=\"canonical\" href=\"https:\/\/www.trugemtech.com\/fr\/passerelle-iot-industrielle\/\" \/>\n<meta property=\"og:locale\" content=\"fr_FR\" \/>\n<meta property=\"og:type\" content=\"article\" \/>\n<meta property=\"og:title\" content=\"5G Industrial IoT Gateway C505-5SW\" \/>\n<meta property=\"og:description\" content=\"Industrial IoT Gateway C505-5SW excels in IoT sensor connectivity, seamlessly linking diverse devices for efficient data acquisition&amp;control\" \/>\n<meta property=\"og:url\" content=\"https:\/\/www.trugemtech.com\/fr\/passerelle-iot-industrielle\/\" \/>\n<meta property=\"og:site_name\" content=\"IoT Solutions- AIoT-Vehicle Gateway - Edge Computing Gateway\" \/>\n<meta property=\"article:publisher\" content=\"https:\/\/www.facebook.com\/TruGemTech\" \/>\n<meta property=\"article:modified_time\" content=\"2024-11-20T10:41:09+00:00\" \/>\n<meta property=\"og:image\" content=\"http:\/\/www.trugemtech.com\/wp-content\/uploads\/2024\/08\/C505-4.png\" \/>\n<meta name=\"twitter:card\" content=\"summary_large_image\" \/>\n<meta name=\"twitter:label1\" content=\"Dur\u00e9e de lecture estim\u00e9e\" \/>\n\t<meta name=\"twitter:data1\" content=\"3 minutes\" \/>\n<script type=\"application\/ld+json\" class=\"yoast-schema-graph\">{\"@context\":\"https:\/\/schema.org\",\"@graph\":[{\"@type\":\"WebPage\",\"@id\":\"https:\/\/www.trugemtech.com\/industrial-iot-gateway\/\",\"url\":\"https:\/\/www.trugemtech.com\/industrial-iot-gateway\/\",\"name\":\"5G Industrial IoT Gateway C505-5SW\",\"isPartOf\":{\"@id\":\"https:\/\/www.trugemtech.com\/#website\"},\"primaryImageOfPage\":{\"@id\":\"https:\/\/www.trugemtech.com\/industrial-iot-gateway\/#primaryimage\"},\"image\":{\"@id\":\"https:\/\/www.trugemtech.com\/industrial-iot-gateway\/#primaryimage\"},\"thumbnailUrl\":\"http:\/\/www.trugemtech.com\/wp-content\/uploads\/2024\/08\/C505-4.png\",\"datePublished\":\"2024-11-20T10:40:22+00:00\",\"dateModified\":\"2024-11-20T10:41:09+00:00\",\"description\":\"Industrial IoT Gateway C505-5SW excels in IoT sensor connectivity, seamlessly linking diverse devices for efficient data acquisition&control\",\"breadcrumb\":{\"@id\":\"https:\/\/www.trugemtech.com\/industrial-iot-gateway\/#breadcrumb\"},\"inLanguage\":\"fr-FR\",\"potentialAction\":[{\"@type\":\"ReadAction\",\"target\":[\"https:\/\/www.trugemtech.com\/industrial-iot-gateway\/\"]}]},{\"@type\":\"ImageObject\",\"inLanguage\":\"fr-FR\",\"@id\":\"https:\/\/www.trugemtech.com\/industrial-iot-gateway\/#primaryimage\",\"url\":\"http:\/\/www.trugemtech.com\/wp-content\/uploads\/2024\/08\/C505-4.png\",\"contentUrl\":\"http:\/\/www.trugemtech.com\/wp-content\/uploads\/2024\/08\/C505-4.png\"},{\"@type\":\"BreadcrumbList\",\"@id\":\"https:\/\/www.trugemtech.com\/industrial-iot-gateway\/#breadcrumb\",\"itemListElement\":[{\"@type\":\"ListItem\",\"position\":1,\"name\":\"Home\",\"item\":\"https:\/\/www.trugemtech.com\/\"},{\"@type\":\"ListItem\",\"position\":2,\"name\":\"5G Industrial IoT Gateway C505-5SW\"}]},{\"@type\":\"WebSite\",\"@id\":\"https:\/\/www.trugemtech.com\/#website\",\"url\":\"https:\/\/www.trugemtech.com\/\",\"name\":\"IoT Solutions- Vehicle Gateway - IoT Gateway - Industrial Router\",\"description\":\"Empower Digital Transformation\",\"alternateName\":\"IoT Solutions- AIoT - Vehicle Gateway - Edge Computing Gateway\",\"potentialAction\":[{\"@type\":\"SearchAction\",\"target\":{\"@type\":\"EntryPoint\",\"urlTemplate\":\"https:\/\/www.trugemtech.com\/?s={search_term_string}\"},\"query-input\":{\"@type\":\"PropertyValueSpecification\",\"valueRequired\":true,\"valueName\":\"search_term_string\"}}],\"inLanguage\":\"fr-FR\"}]}<\/script>\n<!-- \/ Yoast SEO Premium plugin. -->","yoast_head_json":{"title":"Passerelle IoT industrielle 5G C505-5SW","description":"La passerelle Industrial IoT Gateway C505-5SW excelle dans la connectivit\u00e9 des capteurs IoT, reliant de mani\u00e8re transparente divers appareils pour une acquisition et un contr\u00f4le efficaces des donn\u00e9es.","robots":{"index":"index","follow":"follow","max-snippet":"max-snippet:-1","max-image-preview":"max-image-preview:large","max-video-preview":"max-video-preview:-1"},"canonical":"https:\/\/www.trugemtech.com\/fr\/passerelle-iot-industrielle\/","og_locale":"fr_FR","og_type":"article","og_title":"5G Industrial IoT Gateway C505-5SW","og_description":"Industrial IoT Gateway C505-5SW excels in IoT sensor connectivity, seamlessly linking diverse devices for efficient data acquisition&control","og_url":"https:\/\/www.trugemtech.com\/fr\/passerelle-iot-industrielle\/","og_site_name":"IoT Solutions- AIoT-Vehicle Gateway - Edge Computing Gateway","article_publisher":"https:\/\/www.facebook.com\/TruGemTech","article_modified_time":"2024-11-20T10:41:09+00:00","og_image":[{"url":"http:\/\/www.trugemtech.com\/wp-content\/uploads\/2024\/08\/C505-4.png"}],"twitter_card":"summary_large_image","twitter_misc":{"Dur\u00e9e de lecture estim\u00e9e":"3 minutes"},"schema":{"@context":"https:\/\/schema.org","@graph":[{"@type":"WebPage","@id":"https:\/\/www.trugemtech.com\/industrial-iot-gateway\/","url":"https:\/\/www.trugemtech.com\/industrial-iot-gateway\/","name":"Passerelle IoT industrielle 5G C505-5SW","isPartOf":{"@id":"https:\/\/www.trugemtech.com\/#website"},"primaryImageOfPage":{"@id":"https:\/\/www.trugemtech.com\/industrial-iot-gateway\/#primaryimage"},"image":{"@id":"https:\/\/www.trugemtech.com\/industrial-iot-gateway\/#primaryimage"},"thumbnailUrl":"http:\/\/www.trugemtech.com\/wp-content\/uploads\/2024\/08\/C505-4.png","datePublished":"2024-11-20T10:40:22+00:00","dateModified":"2024-11-20T10:41:09+00:00","description":"La passerelle Industrial IoT Gateway C505-5SW excelle dans la connectivit\u00e9 des capteurs IoT, reliant de mani\u00e8re transparente divers appareils pour une acquisition et un contr\u00f4le efficaces des donn\u00e9es.","breadcrumb":{"@id":"https:\/\/www.trugemtech.com\/industrial-iot-gateway\/#breadcrumb"},"inLanguage":"fr-FR","potentialAction":[{"@type":"ReadAction","target":["https:\/\/www.trugemtech.com\/industrial-iot-gateway\/"]}]},{"@type":"ImageObject","inLanguage":"fr-FR","@id":"https:\/\/www.trugemtech.com\/industrial-iot-gateway\/#primaryimage","url":"http:\/\/www.trugemtech.com\/wp-content\/uploads\/2024\/08\/C505-4.png","contentUrl":"http:\/\/www.trugemtech.com\/wp-content\/uploads\/2024\/08\/C505-4.png"},{"@type":"BreadcrumbList","@id":"https:\/\/www.trugemtech.com\/industrial-iot-gateway\/#breadcrumb","itemListElement":[{"@type":"ListItem","position":1,"name":"Home","item":"https:\/\/www.trugemtech.com\/"},{"@type":"ListItem","position":2,"name":"5G Industrial IoT Gateway C505-5SW"}]},{"@type":"WebSite","@id":"https:\/\/www.trugemtech.com\/#website","url":"https:\/\/www.trugemtech.com\/","name":"Solutions IoT - Passerelle pour v\u00e9hicules - Passerelle IoT - Routeur industriel","description":"Favoriser la transformation num\u00e9rique","alternateName":"IoT Solutions- AIoT - Vehicle Gateway - Edge Computing Gateway","potentialAction":[{"@type":"SearchAction","target":{"@type":"EntryPoint","urlTemplate":"https:\/\/www.trugemtech.com\/?s={search_term_string}"},"query-input":{"@type":"PropertyValueSpecification","valueRequired":true,"valueName":"search_term_string"}}],"inLanguage":"fr-FR"}]}},"_links":{"self":[{"href":"https:\/\/www.trugemtech.com\/fr\/wp-json\/wp\/v2\/pages\/2645","targetHints":{"allow":["GET"]}}],"collection":[{"href":"https:\/\/www.trugemtech.com\/fr\/wp-json\/wp\/v2\/pages"}],"about":[{"href":"https:\/\/www.trugemtech.com\/fr\/wp-json\/wp\/v2\/types\/page"}],"author":[{"embeddable":true,"href":"https:\/\/www.trugemtech.com\/fr\/wp-json\/wp\/v2\/users\/1"}],"replies":[{"embeddable":true,"href":"https:\/\/www.trugemtech.com\/fr\/wp-json\/wp\/v2\/comments?post=2645"}],"version-history":[{"count":1,"href":"https:\/\/www.trugemtech.com\/fr\/wp-json\/wp\/v2\/pages\/2645\/revisions"}],"predecessor-version":[{"id":2646,"href":"https:\/\/www.trugemtech.com\/fr\/wp-json\/wp\/v2\/pages\/2645\/revisions\/2646"}],"wp:attachment":[{"href":"https:\/\/www.trugemtech.com\/fr\/wp-json\/wp\/v2\/media?parent=2645"}],"curies":[{"name":"wp","href":"https:\/\/api.w.org\/{rel}","templated":true}]}}