{"id":3924,"date":"2026-03-03T17:26:12","date_gmt":"2026-03-03T09:26:12","guid":{"rendered":"https:\/\/www.trugemtech.com\/?page_id=3924"},"modified":"2026-03-03T17:26:13","modified_gmt":"2026-03-03T09:26:13","slug":"detecteur-de-signal-reseau-5g-jcy03","status":"publish","type":"page","link":"https:\/\/www.trugemtech.com\/fr\/detecteur-de-signal-reseau-5g-jcy03\/","title":{"rendered":"D\u00e9tecteur de signal r\u00e9seau 5G JCY03"},"content":{"rendered":"<div class=\"wp-block-columns alignwide are-vertically-aligned-center is-layout-flex wp-container-core-columns-is-layout-9d6595d7 wp-block-columns-is-layout-flex\">\n<div class=\"wp-block-column is-vertically-aligned-center is-layout-flow wp-block-column-is-layout-flow\">\n<div class=\"wp-block-columns alignwide has-border-color has-nv-light-bg-border-color has-nv-site-bg-background-color has-background is-layout-flex wp-container-core-columns-is-layout-fe847a89 wp-block-columns-is-layout-flex\" style=\"border-radius:30px;padding-top:var(--wp--preset--spacing--50);padding-right:var(--wp--preset--spacing--50);padding-bottom:var(--wp--preset--spacing--50);padding-left:var(--wp--preset--spacing--50)\">\n<div class=\"wp-block-column is-layout-flow wp-block-column-is-layout-flow\">\n<p style=\"font-size:18px\">Le d\u00e9tecteur de signaux r\u00e9seau 5G JCY03 est un appareil de test de signaux professionnel con\u00e7u pour la construction et l&#039;optimisation des r\u00e9seaux sans fil. Il prend en charge trois modes de r\u00e9seau\u00a0: le r\u00e9seau public 5G NR, le r\u00e9seau 5G RedCap et le r\u00e9seau priv\u00e9 sans fil chinois de 1,8\u00a0GHz, permettant ainsi une commutation flexible pour r\u00e9pondre aux divers besoins de test sur le terrain.<\/p>\n\n\n\n<p style=\"font-size:18px\">Lors du d\u00e9ploiement d&#039;un r\u00e9seau sans fil, le JCY03 effectue une d\u00e9tection de signal et des tests de routage en temps r\u00e9el, tout en enregistrant et en stockant les conditions de signal sur chaque site de construction. Ces donn\u00e9es constituent une base solide pour la planification ult\u00e9rieure du r\u00e9seau, l&#039;optimisation des performances et le comblement des zones blanches, permettant ainsi aux ing\u00e9nieurs d&#039;am\u00e9liorer la qualit\u00e9 et la fiabilit\u00e9 globales du r\u00e9seau.<\/p>\n\n\n\n<p style=\"font-size:18px\">Dot\u00e9 d&#039;une m\u00e9moire interne, d&#039;un port pour carte microSD et d&#039;une connectivit\u00e9 Bluetooth, l&#039;appareil fonctionne parfaitement avec une application Android de d\u00e9tection de signal. Les ing\u00e9nieurs peuvent ainsi consulter les donn\u00e9es, prendre des captures d&#039;\u00e9cran, exporter les r\u00e9sultats des tests ou les transf\u00e9rer vers les plateformes cloud des clients via leurs appareils mobiles. Gr\u00e2ce \u00e0 l&#039;int\u00e9gration du positionnement BeiDou haute pr\u00e9cision, le JCY03 garantit un \u00e9tiquetage pr\u00e9cis de la localisation, rendant la construction et l&#039;optimisation des r\u00e9seaux sans fil plus efficaces, tra\u00e7ables et bas\u00e9es sur les donn\u00e9es.<\/p>\n\n\n\n<div class=\"wp-block-columns is-layout-flex wp-container-core-columns-is-layout-9d6595d7 wp-block-columns-is-layout-flex\">\n<div class=\"wp-block-column is-vertically-aligned-center is-layout-flow wp-block-column-is-layout-flow\"><div class=\"wp-block-image\">\n<figure class=\"aligncenter size-full is-resized\"><img decoding=\"async\" width=\"100\" height=\"156\" src=\"https:\/\/www.trugemtech.com\/wp-content\/uploads\/2026\/03\/5G-RedCap-Detector-JCY03-.png\" alt=\"D\u00e9tecteur 5G RedCap JCY03\" class=\"wp-image-3927\" style=\"width:auto;height:200px\" srcset=\"https:\/\/www.trugemtech.com\/wp-content\/uploads\/2026\/03\/5G-RedCap-Detector-JCY03-.png 100w, https:\/\/www.trugemtech.com\/wp-content\/uploads\/2026\/03\/5G-RedCap-Detector-JCY03--8x12.png 8w\" sizes=\"(max-width: 100px) 100vw, 100px\" \/><\/figure>\n<\/div><\/div>\n\n\n\n<div class=\"wp-block-column is-vertically-aligned-center is-layout-flow wp-block-column-is-layout-flow\"><div class=\"wp-block-image\">\n<figure class=\"aligncenter size-full is-resized\"><img fetchpriority=\"high\" decoding=\"async\" width=\"418\" height=\"184\" src=\"https:\/\/www.trugemtech.com\/wp-content\/uploads\/2026\/03\/5G-Wireless-Signal-Dector.png\" alt=\"D\u00e9tecteur de signal sans fil 5G\" class=\"wp-image-3928\" style=\"width:250px\" srcset=\"https:\/\/www.trugemtech.com\/wp-content\/uploads\/2026\/03\/5G-Wireless-Signal-Dector.png 418w, https:\/\/www.trugemtech.com\/wp-content\/uploads\/2026\/03\/5G-Wireless-Signal-Dector-300x132.png 300w, https:\/\/www.trugemtech.com\/wp-content\/uploads\/2026\/03\/5G-Wireless-Signal-Dector-18x8.png 18w\" sizes=\"(max-width: 418px) 100vw, 418px\" \/><\/figure>\n<\/div><\/div>\n<\/div>\n\n\n\n<div class=\"wp-block-buttons bounce is-content-justification-center is-layout-flex wp-container-core-buttons-is-layout-16018d1d wp-block-buttons-is-layout-flex\">\n<div class=\"wp-block-button is-style-primary\"><a class=\"wp-block-button__link wp-element-button\" href=\"https:\/\/www.trugemtech.com\/fr\/contact\/\">cONTACT US<\/a><\/div>\n<\/div>\n<\/div>\n<\/div>\n<\/div>\n<\/div>\n\n\n\n<div id=\"wp-block-themeisle-blocks-tabs-f4e5dc5d\" class=\"wp-block-themeisle-blocks-tabs is-style-boxed is-align-left\"><div class=\"wp-block-themeisle-blocks-tabs__content\">\n<div data-title=\" <strong&gt;Key Features<\/strong&gt;\" class=\"wp-block-themeisle-blocks-tabs-item\"><div class=\"wp-block-themeisle-blocks-tabs-item__header\" tabindex=\"0\"> <strong>Caract\u00e9ristiques principales<\/strong><\/div><div class=\"wp-block-themeisle-blocks-tabs-item__content\">\n<ul class=\"wp-block-list\">\n<li style=\"padding-top:var(--wp--preset--spacing--40);padding-right:var(--wp--preset--spacing--40);padding-bottom:var(--wp--preset--spacing--40);padding-left:var(--wp--preset--spacing--40);font-size:18px\">Personnalisation exclusive, pr\u00e9cis\u00e9ment adapt\u00e9e aux sc\u00e9narios de construction ;<\/li>\n\n\n\n<li style=\"padding-top:var(--wp--preset--spacing--40);padding-right:var(--wp--preset--spacing--40);padding-bottom:var(--wp--preset--spacing--40);padding-left:var(--wp--preset--spacing--40);font-size:18px\">Enti\u00e8rement compatible avec trois modes, couvrant les principaux r\u00e9seaux\u00a0;<\/li>\n\n\n\n<li style=\"padding-top:var(--wp--preset--spacing--40);padding-right:var(--wp--preset--spacing--40);padding-bottom:var(--wp--preset--spacing--40);padding-left:var(--wp--preset--spacing--40);font-size:18px\">Gestion compl\u00e8te du cycle de vie des donn\u00e9es, \u00e0 l&#039;aide de la planification du r\u00e9seau \u00e9lectrique\u00a0;<\/li>\n\n\n\n<li style=\"padding-top:var(--wp--preset--spacing--40);padding-right:var(--wp--preset--spacing--40);padding-bottom:var(--wp--preset--spacing--40);padding-left:var(--wp--preset--spacing--40);font-size:18px\">Double stockage local et distant, garantissant la s\u00e9curit\u00e9 des donn\u00e9es et pr\u00e9venant les pertes.<\/li>\n\n\n\n<li style=\"padding-top:var(--wp--preset--spacing--40);padding-right:var(--wp--preset--spacing--40);padding-bottom:var(--wp--preset--spacing--40);padding-left:var(--wp--preset--spacing--40);font-size:18px\">Interaction de donn\u00e9es multimodale, avec un fonctionnement flexible et pratique\u00a0;<\/li>\n\n\n\n<li style=\"padding-top:var(--wp--preset--spacing--40);padding-right:var(--wp--preset--spacing--40);padding-bottom:var(--wp--preset--spacing--40);padding-left:var(--wp--preset--spacing--40);font-size:18px\">Portable et pratique, adapt\u00e9 aux op\u00e9rations d&#039;ing\u00e9nierie sur site\u00a0;<\/li>\n<\/ul>\n<\/div><\/div>\n\n\n\n<div data-title=\"<strong&gt;Specification<\/strong&gt;\" class=\"wp-block-themeisle-blocks-tabs-item\"><div class=\"wp-block-themeisle-blocks-tabs-item__header\" tabindex=\"0\"><strong>Sp\u00e9cifications<\/strong><\/div><div class=\"wp-block-themeisle-blocks-tabs-item__content\">\n<figure class=\"wp-block-table\"><table class=\"has-border-color has-nv-site-bg-border-color has-fixed-layout\" style=\"border-width:5px\"><tbody><tr><td><strong>Normes techniques<\/strong><\/td><td>3GPP R17 RedCap Sub-6 GHz TD-LTE\u00a0: 3GPP Release 9<\/td><\/tr><tr><td><strong>Fr\u00e9quence<\/strong> <strong>Bandes<\/strong><\/td><td>5G : N1\/N3\/N5\/N8\/N28A\/N41\/N78\/N79 LTE-FDD : bande B1\/B3\/B5\/B8 LTE-TDD bande B34\/B38\/B39\/B40\/B41\/B59\/62.<\/td><\/tr><tr><td><strong>Largeur de bande<\/strong><\/td><td>3 MHz\/5 MHz\/10 MHz\/15 MHz\/20 MHz<\/td><\/tr><tr><td><strong>Canal<\/strong><\/td><td>Prend en charge la commutation monocanal entre le r\u00e9seau public 5G, le r\u00e9seau 5G Redcap et le r\u00e9seau priv\u00e9 sans fil 1,8 GHz.<\/td><\/tr><tr><td><strong>Puissance d&#039;\u00e9mission maximale<\/strong><\/td><td>TD-LTE : 23 dBm \u00b1 2 dB<\/td><\/tr><tr><td><strong>Indicateur<\/strong><\/td><td>Alimentation\/Fonctionnement\/Bluetooth\/Sans fil<\/td><\/tr><tr><td><strong>Pr\u00e9cision du positionnement<\/strong><\/td><td>Pr\u00e9cision de positionnement au millim\u00e8tre pr\u00e8s (avec module de positionnement BeiDou)<\/td><\/tr><tr><td><strong>Bluetooth<\/strong><\/td><td>BLE 5.1<\/td><\/tr><tr><td><strong>Interface d&#039;antenne externe<\/strong><\/td><td>4 interfaces SAM externes, 2 5G, 1 BeiDou, 1 Bluetooth<\/td><\/tr><tr><td><strong>carte TF<\/strong><\/td><td>1 emplacement, capacit\u00e9 maximale de 32 Go<\/td><\/tr><tr><td><strong>Port s\u00e9rie de d\u00e9bogage<\/strong><\/td><td>Interface TYPE-C<\/td><\/tr><tr><td><strong>carte SIM&nbsp;<\/strong><\/td><td>Carte SIM physique\u00a0: deux emplacements disponibles. La carte\u00a01 est compatible avec les r\u00e9seaux 5G et Redcap, la carte\u00a02 avec le r\u00e9seau priv\u00e9 sans fil 1,8\u00a0GHz. Il est possible de changer de r\u00e9seau via l\u2019application.<\/td><\/tr><tr><td><strong>\u00c9cran<\/strong><\/td><td>\u00c9cran LCD TFT de 3,5 pouces, r\u00e9solution 240*320<\/td><\/tr><tr><td><strong>Temp\u00e9rature de fonctionnement<\/strong><\/td><td>-30\u2103 ~ +70\u2103<\/td><\/tr><tr><td class=\"translation-block\"><strong>Humidit\u00e9<\/strong> <strong>de<\/strong> <strong>fonctionnement<\/strong><\/td><td>5%~100% sans condensation<\/td><\/tr><tr><td class=\"translation-block\"><strong>Temp\u00e9rature<\/strong> <strong>de<\/strong> <strong>stockage<\/strong><\/td><td>-45\u2103~ + 85\u2103<\/td><\/tr><tr><td><strong>Batterie<\/strong><\/td><td>3600 mAh<\/td><\/tr><tr><td><strong>Dimension<\/strong><\/td><td>120 mm x 82 mm x 24 mm<\/td><\/tr><tr><td><strong>Poids<\/strong><\/td><td>350 g (sans antenne)<\/td><\/tr><\/tbody><\/table><\/figure>\n<\/div><\/div>\n\n\n\n<div data-title=\"<strong&gt;Application<\/strong&gt;\" class=\"wp-block-themeisle-blocks-tabs-item\"><div class=\"wp-block-themeisle-blocks-tabs-item__header\" tabindex=\"0\"><strong>Application<\/strong><\/div><div class=\"wp-block-themeisle-blocks-tabs-item__content\">\n<p style=\"font-size:18px\">D\u00e9tecteur de signal r\u00e9seau 5G JCY03, compatible avec la d\u00e9tection trimodale 5G\/RedCap\/1,8 GHz, positionnement millim\u00e9trique, stockage local et t\u00e9l\u00e9chargement via application Bluetooth. Sp\u00e9cialement con\u00e7u pour les chantiers et l&#039;optimisation des r\u00e9seaux, il peut \u00eatre utilis\u00e9 pour\u00a0: <\/p>\n\n\n\n<ul class=\"wp-block-list\">\n<li style=\"padding-top:var(--wp--preset--spacing--40);padding-right:var(--wp--preset--spacing--40);padding-bottom:var(--wp--preset--spacing--40);padding-left:var(--wp--preset--spacing--40);font-size:18px\">R\u00e9seau intelligent<\/li>\n\n\n\n<li style=\"padding-top:var(--wp--preset--spacing--40);padding-right:var(--wp--preset--spacing--40);padding-bottom:var(--wp--preset--spacing--40);padding-left:var(--wp--preset--spacing--40);font-size:18px\">P\u00e9trole et gaz<\/li>\n\n\n\n<li style=\"padding-top:var(--wp--preset--spacing--40);padding-right:var(--wp--preset--spacing--40);padding-bottom:var(--wp--preset--spacing--40);padding-left:var(--wp--preset--spacing--40);font-size:18px\">Exploitation mini\u00e8re<\/li>\n\n\n\n<li style=\"padding-top:var(--wp--preset--spacing--40);padding-right:var(--wp--preset--spacing--40);padding-bottom:var(--wp--preset--spacing--40);padding-left:var(--wp--preset--spacing--40);font-size:18px\">Transport<\/li>\n\n\n\n<li style=\"padding-top:var(--wp--preset--spacing--40);padding-right:var(--wp--preset--spacing--40);padding-bottom:var(--wp--preset--spacing--40);padding-left:var(--wp--preset--spacing--40);font-size:18px\">Automatisation industrielle<\/li>\n\n\n\n<li style=\"padding-top:var(--wp--preset--spacing--40);padding-right:var(--wp--preset--spacing--40);padding-bottom:var(--wp--preset--spacing--40);padding-left:var(--wp--preset--spacing--40);font-size:18px\">Utilit\u00e9<\/li>\n\n\n\n<li style=\"padding-top:var(--wp--preset--spacing--40);padding-right:var(--wp--preset--spacing--40);padding-bottom:var(--wp--preset--spacing--40);padding-left:var(--wp--preset--spacing--40);font-size:18px\">Port intelligent<\/li>\n\n\n\n<li style=\"padding-top:var(--wp--preset--spacing--40);padding-right:var(--wp--preset--spacing--40);padding-bottom:var(--wp--preset--spacing--40);padding-left:var(--wp--preset--spacing--40);font-size:18px\">T\u00e9l\u00e9communications<\/li>\n<\/ul>\n<\/div><\/div>\n<\/div><\/div>\n\n\n\n<p><\/p>\n\n\n\n<div class=\"wp-block-cover alignfull\" style=\"min-height:300px;aspect-ratio:unset;\"><span aria-hidden=\"true\" class=\"wp-block-cover__background has-neve-link-color-background-color has-background-dim-100 has-background-dim\"><\/span><div class=\"wp-block-cover__inner-container is-layout-flow wp-block-cover-is-layout-flow\">\n<div class=\"wp-block-columns is-layout-flex wp-container-core-columns-is-layout-9d6595d7 wp-block-columns-is-layout-flex\">\n<div class=\"wp-block-column is-layout-flow wp-block-column-is-layout-flow\"><\/div>\n<\/div>\n\n\n\n<div class=\"wp-block-columns is-layout-flex wp-container-core-columns-is-layout-9d6595d7 wp-block-columns-is-layout-flex\">\n<div class=\"wp-block-column is-layout-flow wp-block-column-is-layout-flow\" style=\"flex-basis:20%\"><\/div>\n\n\n\n<div class=\"wp-block-column is-layout-flow wp-block-column-is-layout-flow\" style=\"flex-basis:60%\">\n<div class=\"wp-block-group\"><div class=\"wp-block-group__inner-container is-layout-constrained wp-block-group-is-layout-constrained\">\n<h3 class=\"wp-block-heading has-text-align-center has-nv-text-dark-bg-color has-text-color\" id=\"h-discover-the-power-of-iot-and-aiot-explore-our-solutions\">D\u00e9couvrez la puissance de l'IoT et de l'AIoT, Explorez nos solutions.<\/h3>\n\n\n\n<p class=\"has-text-align-center has-nv-text-dark-bg-color has-text-color has-link-color wp-elements-9eb90f3981bd21a2233971736814b7fd\">Commencez avec TruGem et faites l'exp\u00e9rience du meilleur service \u00e0 la client\u00e8le.<\/p>\n\n\n\n<div class=\"wp-block-buttons is-horizontal is-content-justification-center is-layout-flex wp-container-core-buttons-is-layout-499968f5 wp-block-buttons-is-layout-flex\">\n<div class=\"wp-block-button is-style-primary o-typing-delay-200ms\"><a class=\"wp-block-button__link has-neve-link-color-color has-text-color has-background has-link-color wp-element-button\" href=\"https:\/\/www.trugemtech.com\/fr\/contact\/\" style=\"border-radius:30px;background-color:#ffffff\"><o-anim-typing>Commencer<\/o-anim-typing><\/a><\/div>\n<\/div>\n<\/div><\/div>\n\n\n\n<div class=\"wp-block-columns is-layout-flex wp-container-core-columns-is-layout-9d6595d7 wp-block-columns-is-layout-flex\">\n<div class=\"wp-block-column is-layout-flow wp-block-column-is-layout-flow\"><\/div>\n<\/div>\n<\/div>\n\n\n\n<div class=\"wp-block-column is-layout-flow wp-block-column-is-layout-flow\" style=\"flex-basis:20%\"><\/div>\n<\/div>\n<\/div><\/div>","protected":false},"excerpt":{"rendered":"<p>The JCY03 5G Network Signal Detector is a professional signal testing device designed for wireless network construction and optimization scenarios. It supports three network modes \u2014 5G NR public network, 5G RedCap network, and China\u2019s 1.8 GHz wireless private network \u2014 enabling flexible switching to meet diverse testing requirements in the field. During wireless network&hellip;&nbsp;<a href=\"https:\/\/www.trugemtech.com\/fr\/detecteur-de-signal-reseau-5g-jcy03\/\" class=\"\" rel=\"bookmark\">Lire la suite \"<span class=\"screen-reader-text\">D\u00e9tecteur de signal r\u00e9seau 5G JCY03<\/span><\/a><\/p>","protected":false},"author":1,"featured_media":0,"parent":0,"menu_order":0,"comment_status":"closed","ping_status":"closed","template":"","meta":{"neve_meta_sidebar":"","neve_meta_container":"","neve_meta_enable_content_width":"","neve_meta_content_width":0,"neve_meta_title_alignment":"","neve_meta_author_avatar":"","neve_post_elements_order":"","neve_meta_disable_header":"","neve_meta_disable_footer":"","neve_meta_disable_title":"","_themeisle_gutenberg_block_has_review":false,"_ti_tpc_template_sync":false,"_ti_tpc_template_id":"","footnotes":""},"class_list":["post-3924","page","type-page","status-publish","hentry"],"yoast_head":"<!-- This site is optimized with the Yoast SEO Premium plugin v23.6 (Yoast SEO v23.8) - https:\/\/yoast.com\/wordpress\/plugins\/seo\/ -->\n<title>5G Network Signal Detector JCY03<\/title>\n<meta name=\"description\" content=\"5G Network Signal DetectorJCY03 delivers real-time signal detection and route testing to improve wireless network construction efficiency.\" \/>\n<meta name=\"robots\" content=\"index, follow, max-snippet:-1, max-image-preview:large, max-video-preview:-1\" \/>\n<link rel=\"canonical\" href=\"https:\/\/www.trugemtech.com\/fr\/detecteur-de-signal-reseau-5g-jcy03\/\" \/>\n<meta property=\"og:locale\" content=\"fr_FR\" \/>\n<meta property=\"og:type\" content=\"article\" \/>\n<meta property=\"og:title\" content=\"5G Network Signal Detector JCY03\" \/>\n<meta property=\"og:description\" content=\"5G Network Signal DetectorJCY03 delivers real-time signal detection and route testing to improve wireless network construction efficiency.\" \/>\n<meta property=\"og:url\" content=\"https:\/\/www.trugemtech.com\/fr\/detecteur-de-signal-reseau-5g-jcy03\/\" \/>\n<meta property=\"og:site_name\" content=\"IoT Solutions- AIoT-Vehicle Gateway - Edge Computing Gateway\" \/>\n<meta property=\"article:publisher\" content=\"https:\/\/www.facebook.com\/TruGemTech\" \/>\n<meta property=\"article:modified_time\" content=\"2026-03-03T09:26:13+00:00\" \/>\n<meta property=\"og:image\" content=\"https:\/\/www.trugemtech.com\/wp-content\/uploads\/2026\/03\/5G-RedCap-Detector-JCY03-.png\" \/>\n\t<meta property=\"og:image:width\" content=\"100\" \/>\n\t<meta property=\"og:image:height\" content=\"156\" \/>\n\t<meta property=\"og:image:type\" content=\"image\/png\" \/>\n<meta name=\"twitter:card\" content=\"summary_large_image\" \/>\n<meta name=\"twitter:label1\" content=\"Dur\u00e9e de lecture estim\u00e9e\" \/>\n\t<meta name=\"twitter:data1\" content=\"3 minutes\" \/>\n<script type=\"application\/ld+json\" class=\"yoast-schema-graph\">{\"@context\":\"https:\/\/schema.org\",\"@graph\":[{\"@type\":\"WebPage\",\"@id\":\"https:\/\/www.trugemtech.com\/5g-network-signal-detector-jcy03\/\",\"url\":\"https:\/\/www.trugemtech.com\/5g-network-signal-detector-jcy03\/\",\"name\":\"5G Network Signal Detector JCY03\",\"isPartOf\":{\"@id\":\"https:\/\/www.trugemtech.com\/#website\"},\"primaryImageOfPage\":{\"@id\":\"https:\/\/www.trugemtech.com\/5g-network-signal-detector-jcy03\/#primaryimage\"},\"image\":{\"@id\":\"https:\/\/www.trugemtech.com\/5g-network-signal-detector-jcy03\/#primaryimage\"},\"thumbnailUrl\":\"https:\/\/www.trugemtech.com\/wp-content\/uploads\/2026\/03\/5G-RedCap-Detector-JCY03-.png\",\"datePublished\":\"2026-03-03T09:26:12+00:00\",\"dateModified\":\"2026-03-03T09:26:13+00:00\",\"description\":\"5G Network Signal DetectorJCY03 delivers real-time signal detection and route testing to improve wireless network construction efficiency.\",\"breadcrumb\":{\"@id\":\"https:\/\/www.trugemtech.com\/5g-network-signal-detector-jcy03\/#breadcrumb\"},\"inLanguage\":\"fr-FR\",\"potentialAction\":[{\"@type\":\"ReadAction\",\"target\":[\"https:\/\/www.trugemtech.com\/5g-network-signal-detector-jcy03\/\"]}]},{\"@type\":\"ImageObject\",\"inLanguage\":\"fr-FR\",\"@id\":\"https:\/\/www.trugemtech.com\/5g-network-signal-detector-jcy03\/#primaryimage\",\"url\":\"https:\/\/www.trugemtech.com\/wp-content\/uploads\/2026\/03\/5G-RedCap-Detector-JCY03-.png\",\"contentUrl\":\"https:\/\/www.trugemtech.com\/wp-content\/uploads\/2026\/03\/5G-RedCap-Detector-JCY03-.png\"},{\"@type\":\"BreadcrumbList\",\"@id\":\"https:\/\/www.trugemtech.com\/5g-network-signal-detector-jcy03\/#breadcrumb\",\"itemListElement\":[{\"@type\":\"ListItem\",\"position\":1,\"name\":\"Home\",\"item\":\"https:\/\/www.trugemtech.com\/\"},{\"@type\":\"ListItem\",\"position\":2,\"name\":\"5G Network Signal Detector JCY03\"}]},{\"@type\":\"WebSite\",\"@id\":\"https:\/\/www.trugemtech.com\/#website\",\"url\":\"https:\/\/www.trugemtech.com\/\",\"name\":\"IoT Solutions- Vehicle Gateway - IoT Gateway - Industrial Router\",\"description\":\"Empower Digital Transformation\",\"alternateName\":\"IoT Solutions- AIoT - Vehicle Gateway - Edge Computing Gateway\",\"potentialAction\":[{\"@type\":\"SearchAction\",\"target\":{\"@type\":\"EntryPoint\",\"urlTemplate\":\"https:\/\/www.trugemtech.com\/?s={search_term_string}\"},\"query-input\":{\"@type\":\"PropertyValueSpecification\",\"valueRequired\":true,\"valueName\":\"search_term_string\"}}],\"inLanguage\":\"fr-FR\"}]}<\/script>\n<!-- \/ Yoast SEO Premium plugin. -->","yoast_head_json":{"title":"D\u00e9tecteur de signal r\u00e9seau 5G JCY03","description":"Le d\u00e9tecteur de signal r\u00e9seau 5G JCY03 assure la d\u00e9tection du signal en temps r\u00e9el et le test de routage afin d&#039;am\u00e9liorer l&#039;efficacit\u00e9 de la construction des r\u00e9seaux sans fil.","robots":{"index":"index","follow":"follow","max-snippet":"max-snippet:-1","max-image-preview":"max-image-preview:large","max-video-preview":"max-video-preview:-1"},"canonical":"https:\/\/www.trugemtech.com\/fr\/detecteur-de-signal-reseau-5g-jcy03\/","og_locale":"fr_FR","og_type":"article","og_title":"5G Network Signal Detector JCY03","og_description":"5G Network Signal DetectorJCY03 delivers real-time signal detection and route testing to improve wireless network construction efficiency.","og_url":"https:\/\/www.trugemtech.com\/fr\/detecteur-de-signal-reseau-5g-jcy03\/","og_site_name":"IoT Solutions- AIoT-Vehicle Gateway - Edge Computing Gateway","article_publisher":"https:\/\/www.facebook.com\/TruGemTech","article_modified_time":"2026-03-03T09:26:13+00:00","og_image":[{"width":100,"height":156,"url":"https:\/\/www.trugemtech.com\/wp-content\/uploads\/2026\/03\/5G-RedCap-Detector-JCY03-.png","type":"image\/png"}],"twitter_card":"summary_large_image","twitter_misc":{"Dur\u00e9e de lecture estim\u00e9e":"3 minutes"},"schema":{"@context":"https:\/\/schema.org","@graph":[{"@type":"WebPage","@id":"https:\/\/www.trugemtech.com\/5g-network-signal-detector-jcy03\/","url":"https:\/\/www.trugemtech.com\/5g-network-signal-detector-jcy03\/","name":"D\u00e9tecteur de signal r\u00e9seau 5G JCY03","isPartOf":{"@id":"https:\/\/www.trugemtech.com\/#website"},"primaryImageOfPage":{"@id":"https:\/\/www.trugemtech.com\/5g-network-signal-detector-jcy03\/#primaryimage"},"image":{"@id":"https:\/\/www.trugemtech.com\/5g-network-signal-detector-jcy03\/#primaryimage"},"thumbnailUrl":"https:\/\/www.trugemtech.com\/wp-content\/uploads\/2026\/03\/5G-RedCap-Detector-JCY03-.png","datePublished":"2026-03-03T09:26:12+00:00","dateModified":"2026-03-03T09:26:13+00:00","description":"Le d\u00e9tecteur de signal r\u00e9seau 5G JCY03 assure la d\u00e9tection du signal en temps r\u00e9el et le test de routage afin d&#039;am\u00e9liorer l&#039;efficacit\u00e9 de la construction des r\u00e9seaux sans fil.","breadcrumb":{"@id":"https:\/\/www.trugemtech.com\/5g-network-signal-detector-jcy03\/#breadcrumb"},"inLanguage":"fr-FR","potentialAction":[{"@type":"ReadAction","target":["https:\/\/www.trugemtech.com\/5g-network-signal-detector-jcy03\/"]}]},{"@type":"ImageObject","inLanguage":"fr-FR","@id":"https:\/\/www.trugemtech.com\/5g-network-signal-detector-jcy03\/#primaryimage","url":"https:\/\/www.trugemtech.com\/wp-content\/uploads\/2026\/03\/5G-RedCap-Detector-JCY03-.png","contentUrl":"https:\/\/www.trugemtech.com\/wp-content\/uploads\/2026\/03\/5G-RedCap-Detector-JCY03-.png"},{"@type":"BreadcrumbList","@id":"https:\/\/www.trugemtech.com\/5g-network-signal-detector-jcy03\/#breadcrumb","itemListElement":[{"@type":"ListItem","position":1,"name":"Home","item":"https:\/\/www.trugemtech.com\/"},{"@type":"ListItem","position":2,"name":"5G Network Signal Detector JCY03"}]},{"@type":"WebSite","@id":"https:\/\/www.trugemtech.com\/#website","url":"https:\/\/www.trugemtech.com\/","name":"Solutions IoT - Passerelle pour v\u00e9hicules - Passerelle IoT - Routeur industriel","description":"Favoriser la transformation num\u00e9rique","alternateName":"IoT Solutions- AIoT - Vehicle Gateway - Edge Computing Gateway","potentialAction":[{"@type":"SearchAction","target":{"@type":"EntryPoint","urlTemplate":"https:\/\/www.trugemtech.com\/?s={search_term_string}"},"query-input":{"@type":"PropertyValueSpecification","valueRequired":true,"valueName":"search_term_string"}}],"inLanguage":"fr-FR"}]}},"_links":{"self":[{"href":"https:\/\/www.trugemtech.com\/fr\/wp-json\/wp\/v2\/pages\/3924","targetHints":{"allow":["GET"]}}],"collection":[{"href":"https:\/\/www.trugemtech.com\/fr\/wp-json\/wp\/v2\/pages"}],"about":[{"href":"https:\/\/www.trugemtech.com\/fr\/wp-json\/wp\/v2\/types\/page"}],"author":[{"embeddable":true,"href":"https:\/\/www.trugemtech.com\/fr\/wp-json\/wp\/v2\/users\/1"}],"replies":[{"embeddable":true,"href":"https:\/\/www.trugemtech.com\/fr\/wp-json\/wp\/v2\/comments?post=3924"}],"version-history":[{"count":1,"href":"https:\/\/www.trugemtech.com\/fr\/wp-json\/wp\/v2\/pages\/3924\/revisions"}],"predecessor-version":[{"id":3930,"href":"https:\/\/www.trugemtech.com\/fr\/wp-json\/wp\/v2\/pages\/3924\/revisions\/3930"}],"wp:attachment":[{"href":"https:\/\/www.trugemtech.com\/fr\/wp-json\/wp\/v2\/media?parent=3924"}],"curies":[{"name":"wp","href":"https:\/\/api.w.org\/{rel}","templated":true}]}}