{"id":948,"date":"2020-01-23T18:21:52","date_gmt":"2020-01-23T18:21:52","guid":{"rendered":"https:\/\/demosites.io\/marketing-agency-gb\/?page_id=61"},"modified":"2024-11-14T11:27:10","modified_gmt":"2024-11-14T03:27:10","slug":"a-propos-de-nous","status":"publish","type":"page","link":"https:\/\/www.trugemtech.com\/fr\/a-propos-de-nous\/","title":{"rendered":"\u00c0 propos de nous"},"content":{"rendered":"<div class=\"wp-block-cover alignfull\" style=\"min-height:320px;aspect-ratio:unset;\"><span aria-hidden=\"true\" class=\"wp-block-cover__background has-nv-site-bg-background-color has-background-dim-100 has-background-dim\"><\/span><div class=\"wp-block-cover__inner-container is-layout-flow wp-block-cover-is-layout-flow\">\n<div class=\"wp-block-group\" style=\"padding-right:var(--wp--preset--spacing--30);padding-left:var(--wp--preset--spacing--30)\"><div class=\"wp-block-group__inner-container is-layout-flow wp-block-group-is-layout-flow\">\n<h1 class=\"wp-block-heading has-text-align-left has-neve-text-color-color has-text-color\" id=\"h-about-trugem\">\u00c0 propos de TruGem<\/h1>\n<\/div><\/div>\n<\/div><\/div>\n\n\n\n<div class=\"wp-block-cover alignfull\" style=\"min-height:600px;aspect-ratio:unset;\"><span aria-hidden=\"true\" class=\"wp-block-cover__background has-nv-light-bg-background-color has-background-dim-100 has-background-dim\"><\/span><div class=\"wp-block-cover__inner-container is-layout-flow wp-block-cover-is-layout-flow\">\n<div class=\"wp-block-group\"><div class=\"wp-block-group__inner-container is-layout-flow wp-block-group-is-layout-flow\">\n<div class=\"wp-block-columns are-vertically-aligned-center has-neve-text-color-color has-text-color is-layout-flex wp-container-core-columns-is-layout-9d6595d7 wp-block-columns-is-layout-flex\">\n<div class=\"wp-block-column is-vertically-aligned-center is-layout-flow wp-block-column-is-layout-flow\" style=\"padding-right:var(--wp--preset--spacing--30);padding-left:var(--wp--preset--spacing--30);flex-basis:50%\">\n<figure class=\"wp-block-image size-full has-custom-border\"><img fetchpriority=\"high\" decoding=\"async\" width=\"600\" height=\"600\" src=\"http:\/\/47.236.48.28\/wp-content\/uploads\/2024\/05\/neve-marketing-agency-10.png\" alt=\"\u00e0 propos de nous\" class=\"wp-image-703\" style=\"border-radius:16px\" srcset=\"https:\/\/www.trugemtech.com\/wp-content\/uploads\/2024\/05\/neve-marketing-agency-10.png 600w, https:\/\/www.trugemtech.com\/wp-content\/uploads\/2024\/05\/neve-marketing-agency-10-300x300.png 300w, https:\/\/www.trugemtech.com\/wp-content\/uploads\/2024\/05\/neve-marketing-agency-10-150x150.png 150w\" sizes=\"(max-width: 600px) 100vw, 600px\" \/><\/figure>\n<\/div>\n\n\n\n<div class=\"wp-block-column is-vertically-aligned-center is-layout-flow wp-block-column-is-layout-flow\" style=\"padding-top:0;padding-right:var(--wp--preset--spacing--30);padding-bottom:0;padding-left:var(--wp--preset--spacing--30);flex-basis:50%\">\n<h2 class=\"wp-block-heading has-neve-text-color-color has-text-color\" id=\"h-who-we-are\">Qui sommes-nous ?<\/h2>\n\n\n\n<p class=\"has-neve-text-color-color has-text-color\">TruGem est un fournisseur de solutions IoT &amp; AIoT de premier plan fond\u00e9 en 2014, Engag\u00e9 \u00e0 favoriser l'innovation num\u00e9rique dans tous les secteurs et \u00e0 aider les clients \u00e0 r\u00e9aliser leur potentiel maximal pour une croissance rapide.<\/p>\n\n\n\n<p><\/p>\n<\/div>\n<\/div>\n\n\n\n<div style=\"height:40px\" aria-hidden=\"true\" class=\"wp-block-spacer\"><\/div>\n<\/div><\/div>\n<\/div><\/div>\n\n\n\n<div class=\"wp-block-cover alignfull\" style=\"min-height:600px;aspect-ratio:unset;\"><span aria-hidden=\"true\" class=\"wp-block-cover__background has-nv-light-bg-background-color has-background-dim-100 has-background-dim\"><\/span><div class=\"wp-block-cover__inner-container is-layout-flow wp-block-cover-is-layout-flow\">\n<div class=\"wp-block-group\"><div class=\"wp-block-group__inner-container is-layout-flow wp-block-group-is-layout-flow\">\n<div class=\"wp-block-columns are-vertically-aligned-center is-layout-flex wp-container-core-columns-is-layout-9d6595d7 wp-block-columns-is-layout-flex\">\n<div class=\"wp-block-column is-vertically-aligned-center is-layout-flow wp-block-column-is-layout-flow\" style=\"padding-right:var(--wp--preset--spacing--30);padding-left:var(--wp--preset--spacing--30);flex-basis:50%\">\n<h2 class=\"wp-block-heading has-neve-text-color-color has-text-color\" id=\"h-what-we-do\">Ce que nous faisons<\/h2>\n\n\n\n<p class=\"ticss-09a459e3 has-neve-text-color-color has-text-color\">TruGem con\u00e7oit et fabrique des passerelles sans fil de qualit\u00e9 industrielle pour v\u00e9hicules, des passerelles Edge Computing, des \u00e9quipements RTK et des passerelles IoT pour les r\u00e9seaux cellulaires (3G\/4G\/LTE\/5G), Lora et WiFi. Nous fournissons \u00e9galement une gamme compl\u00e8te de solutions, y compris une cam\u00e9ra \u00e0 vision nocturne, un ordinateur EDGE, un logiciel en nuage, une solution IoT et AIoT.<\/p>\n\n\n\n<p class=\"has-text-align-left has-neve-text-color-color has-text-color\"><\/p>\n\n\n\n<div class=\"wp-block-buttons has-custom-font-size has-small-font-size is-content-justification-left is-layout-flex wp-container-core-buttons-is-layout-fdcfc74e wp-block-buttons-is-layout-flex\"><\/div>\n\n\n\n<div style=\"height:20px\" aria-hidden=\"true\" class=\"wp-block-spacer\"><\/div>\n<\/div>\n\n\n\n<div class=\"wp-block-column is-vertically-aligned-center is-layout-flow wp-block-column-is-layout-flow\" style=\"padding-right:var(--wp--preset--spacing--30);padding-left:var(--wp--preset--spacing--30);flex-basis:50%\">\n<figure class=\"wp-block-image size-full has-custom-border\"><img decoding=\"async\" width=\"600\" height=\"600\" src=\"http:\/\/47.236.48.28\/wp-content\/uploads\/2024\/05\/neve-marketing-agency-16.png\" alt=\"ce que nous faisons\" class=\"wp-image-709\" style=\"border-radius:16px\" srcset=\"https:\/\/www.trugemtech.com\/wp-content\/uploads\/2024\/05\/neve-marketing-agency-16.png 600w, https:\/\/www.trugemtech.com\/wp-content\/uploads\/2024\/05\/neve-marketing-agency-16-300x300.png 300w, https:\/\/www.trugemtech.com\/wp-content\/uploads\/2024\/05\/neve-marketing-agency-16-150x150.png 150w\" sizes=\"(max-width: 600px) 100vw, 600px\" \/><\/figure>\n<\/div>\n<\/div>\n\n\n\n<div style=\"height:40px\" aria-hidden=\"true\" class=\"wp-block-spacer\"><\/div>\n<\/div><\/div>\n<\/div><\/div>\n\n\n\n<div class=\"wp-block-cover alignwide has-small-font-size\" style=\"padding-top:var(--wp--preset--spacing--70);padding-bottom:var(--wp--preset--spacing--70);min-height:420px;aspect-ratio:unset;\"><span aria-hidden=\"true\" class=\"wp-block-cover__background has-nv-site-bg-background-color has-background-dim-100 has-background-dim\"><\/span><div class=\"wp-block-cover__inner-container is-layout-flow wp-block-cover-is-layout-flow\">\n<div class=\"wp-block-columns is-layout-flex wp-container-core-columns-is-layout-9d6595d7 wp-block-columns-is-layout-flex\">\n<div class=\"wp-block-column is-layout-flow wp-block-column-is-layout-flow\">\n<p><\/p>\n\n\n\n<h3 class=\"wp-block-heading has-neve-text-color-color has-text-color has-link-color wp-elements-f9134d547db4b14bb9eac4cf354a2411\" id=\"h-trugem-offers-innovative-iot-amp-aiot-solution-to-help-businesses-and-industries-across-the-world\">TruGem propose une solution IoT &amp; AIoT innovante pour aider les entreprises et les industries \u00e0 travers le monde.<\/h3>\n<\/div>\n<\/div>\n\n\n\n<div class=\"wp-block-columns is-layout-flex wp-container-core-columns-is-layout-9d6595d7 wp-block-columns-is-layout-flex\">\n<div class=\"wp-block-column is-layout-flow wp-block-column-is-layout-flow\">\n<div class=\"wp-block-cover has-neve-text-color-color has-text-color has-link-color has-small-font-size wp-elements-4bc0a6a96b1bbeaa29a42ea19c68e43d\" style=\"border-style:none;border-width:0px\"><span aria-hidden=\"true\" class=\"wp-block-cover__background has-background-dim\"><\/span><img decoding=\"async\" width=\"400\" height=\"400\" class=\"wp-block-cover__image-background wp-image-1036\" alt=\"r\u00e9seau intelligent\" src=\"http:\/\/47.236.48.28\/wp-content\/uploads\/2024\/08\/smart-grid.png\" data-object-fit=\"cover\" srcset=\"https:\/\/www.trugemtech.com\/wp-content\/uploads\/2024\/08\/smart-grid.png 400w, https:\/\/www.trugemtech.com\/wp-content\/uploads\/2024\/08\/smart-grid-300x300.png 300w, https:\/\/www.trugemtech.com\/wp-content\/uploads\/2024\/08\/smart-grid-150x150.png 150w\" sizes=\"(max-width: 400px) 100vw, 400px\" \/><div class=\"wp-block-cover__inner-container is-layout-flow wp-block-cover-is-layout-flow\">\n<p class=\"has-text-align-center has-nv-light-bg-color has-text-color has-link-color has-large-font-size wp-elements-79d5edda408e0c22be65d0ba1af1c83d\"><a href=\"https:\/\/www.trugemtech.com\/fr\/solution-de-reseau-intelligent\/\"><mark style=\"background-color:rgba(0, 0, 0, 0)\" class=\"has-inline-color has-nv-site-bg-color\">R\u00e9seau intelligent<\/mark><\/a><\/p>\n<\/div><\/div>\n<\/div>\n\n\n\n<div class=\"wp-block-column is-layout-flow wp-block-column-is-layout-flow\">\n<div class=\"wp-block-cover\"><span aria-hidden=\"true\" class=\"wp-block-cover__background has-background-dim\"><\/span><img loading=\"lazy\" decoding=\"async\" width=\"400\" height=\"400\" class=\"wp-block-cover__image-background wp-image-1034\" alt=\"exploitation mini\u00e8re intelligente\" src=\"http:\/\/47.236.48.28\/wp-content\/uploads\/2024\/08\/mining.png\" data-object-fit=\"cover\" srcset=\"https:\/\/www.trugemtech.com\/wp-content\/uploads\/2024\/08\/mining.png 400w, https:\/\/www.trugemtech.com\/wp-content\/uploads\/2024\/08\/mining-300x300.png 300w, https:\/\/www.trugemtech.com\/wp-content\/uploads\/2024\/08\/mining-150x150.png 150w\" sizes=\"(max-width: 400px) 100vw, 400px\" \/><div class=\"wp-block-cover__inner-container is-layout-flow wp-block-cover-is-layout-flow\">\n<p class=\"has-text-align-center has-nv-light-bg-color has-text-color has-link-color has-large-font-size wp-elements-451072d05c4120e10a9ea16e8cd6cd26\"><a href=\"https:\/\/www.trugemtech.com\/fr\/exploitation-miniere-intelligente\/\"><mark style=\"background-color:rgba(0, 0, 0, 0)\" class=\"has-inline-color has-nv-site-bg-color\">Exploitation mini\u00e8re<\/mark><\/a><\/p>\n<\/div><\/div>\n<\/div>\n\n\n\n<div class=\"wp-block-column is-layout-flow wp-block-column-is-layout-flow\" style=\"padding-top:0;padding-bottom:0\">\n<div class=\"wp-block-cover\"><span aria-hidden=\"true\" class=\"wp-block-cover__background has-background-dim\"><\/span><img loading=\"lazy\" decoding=\"async\" width=\"400\" height=\"400\" class=\"wp-block-cover__image-background wp-image-1038\" alt=\"transformation num\u00e9rique du transport et de la logistique\" src=\"http:\/\/47.236.48.28\/wp-content\/uploads\/2024\/08\/transportation-logistic.png\" data-object-fit=\"cover\" srcset=\"https:\/\/www.trugemtech.com\/wp-content\/uploads\/2024\/08\/transportation-logistic.png 400w, https:\/\/www.trugemtech.com\/wp-content\/uploads\/2024\/08\/transportation-logistic-300x300.png 300w, https:\/\/www.trugemtech.com\/wp-content\/uploads\/2024\/08\/transportation-logistic-150x150.png 150w\" sizes=\"(max-width: 400px) 100vw, 400px\" \/><div class=\"wp-block-cover__inner-container is-layout-flow wp-block-cover-is-layout-flow\">\n<p class=\"has-text-align-center has-nv-light-bg-color has-text-color has-link-color has-large-font-size wp-elements-5cbfe7cf3fe1a83cc10b99741745ad1b\"><a href=\"https:\/\/www.trugemtech.com\/fr\/solutions-de-transport\/\"><mark style=\"background-color:rgba(0, 0, 0, 0)\" class=\"has-inline-color has-nv-site-bg-color\">Transport et logistique<\/mark><\/a><\/p>\n<\/div><\/div>\n<\/div>\n<\/div>\n\n\n\n<div class=\"wp-block-columns is-layout-flex wp-container-core-columns-is-layout-9d6595d7 wp-block-columns-is-layout-flex\">\n<div class=\"wp-block-column is-layout-flow wp-block-column-is-layout-flow\">\n<div class=\"wp-block-cover\"><span aria-hidden=\"true\" class=\"wp-block-cover__background has-background-dim\"><\/span><img loading=\"lazy\" decoding=\"async\" width=\"400\" height=\"400\" class=\"wp-block-cover__image-background wp-image-1035\" alt=\"la transformation num\u00e9rique du p\u00e9trole et du gaz\" src=\"http:\/\/47.236.48.28\/wp-content\/uploads\/2024\/08\/oil-gas.png\" data-object-fit=\"cover\" srcset=\"https:\/\/www.trugemtech.com\/wp-content\/uploads\/2024\/08\/oil-gas.png 400w, https:\/\/www.trugemtech.com\/wp-content\/uploads\/2024\/08\/oil-gas-300x300.png 300w, https:\/\/www.trugemtech.com\/wp-content\/uploads\/2024\/08\/oil-gas-150x150.png 150w\" sizes=\"(max-width: 400px) 100vw, 400px\" \/><div class=\"wp-block-cover__inner-container is-layout-flow wp-block-cover-is-layout-flow\">\n<p class=\"has-text-align-center has-nv-light-bg-color has-text-color has-link-color has-large-font-size wp-elements-d37a9fe2740fb4def930fe0b3a45c4b7\">P\u00e9trole et gaz<\/p>\n<\/div><\/div>\n<\/div>\n\n\n\n<div class=\"wp-block-column is-layout-flow wp-block-column-is-layout-flow\">\n<div class=\"wp-block-cover\"><span aria-hidden=\"true\" class=\"wp-block-cover__background has-background-dim\"><\/span><img loading=\"lazy\" decoding=\"async\" width=\"400\" height=\"400\" class=\"wp-block-cover__image-background wp-image-1033\" alt=\"agriculture intelligente\" src=\"http:\/\/47.236.48.28\/wp-content\/uploads\/2024\/08\/agriculture.png\" data-object-fit=\"cover\" srcset=\"https:\/\/www.trugemtech.com\/wp-content\/uploads\/2024\/08\/agriculture.png 400w, https:\/\/www.trugemtech.com\/wp-content\/uploads\/2024\/08\/agriculture-300x300.png 300w, https:\/\/www.trugemtech.com\/wp-content\/uploads\/2024\/08\/agriculture-150x150.png 150w\" sizes=\"(max-width: 400px) 100vw, 400px\" \/><div class=\"wp-block-cover__inner-container is-layout-flow wp-block-cover-is-layout-flow\">\n<p class=\"has-text-align-center has-nv-light-bg-color has-text-color has-link-color has-large-font-size wp-elements-a420f292f5c7e1631a0fd5752e2c0aea\">Agriculture intelligente<\/p>\n<\/div><\/div>\n<\/div>\n\n\n\n<div class=\"wp-block-column is-layout-flow wp-block-column-is-layout-flow\">\n<div class=\"wp-block-cover\"><span aria-hidden=\"true\" class=\"wp-block-cover__background has-background-dim\"><\/span><img loading=\"lazy\" decoding=\"async\" width=\"400\" height=\"400\" class=\"wp-block-cover__image-background wp-image-1037\" alt=\"d\u00e9fense surveillance s\u00e9curit\u00e9\" src=\"http:\/\/47.236.48.28\/wp-content\/uploads\/2024\/08\/surveillance-security.png\" data-object-fit=\"cover\" srcset=\"https:\/\/www.trugemtech.com\/wp-content\/uploads\/2024\/08\/surveillance-security.png 400w, https:\/\/www.trugemtech.com\/wp-content\/uploads\/2024\/08\/surveillance-security-300x300.png 300w, https:\/\/www.trugemtech.com\/wp-content\/uploads\/2024\/08\/surveillance-security-150x150.png 150w\" sizes=\"(max-width: 400px) 100vw, 400px\" \/><div class=\"wp-block-cover__inner-container is-layout-flow wp-block-cover-is-layout-flow\">\n<p class=\"has-text-align-center has-nv-light-bg-color has-text-color has-link-color has-large-font-size wp-elements-4961149ddc9cb17fb97f7bb09fecc1ec\">Surveillance S\u00e9curit\u00e9<\/p>\n<\/div><\/div>\n<\/div>\n<\/div>\n<\/div><\/div>\n\n\n\n<div class=\"wp-block-columns alignfull are-vertically-aligned-center has-neve-link-color-background-color has-background is-layout-flex wp-container-core-columns-is-layout-48e9cc5b wp-block-columns-is-layout-flex\" style=\"padding-top:var(--wp--preset--spacing--70);padding-bottom:var(--wp--preset--spacing--70)\">\n<div class=\"wp-block-column is-vertically-aligned-center has-neve-link-color-background-color has-background has-large-font-size is-layout-flow wp-block-column-is-layout-flow\" style=\"flex-basis:1800px\">\n<h3 class=\"wp-block-heading alignfull has-text-align-center has-nv-light-bg-color has-text-color has-link-color has-large-font-size wp-elements-546ce9182680f8c24000c678290185fd\" id=\"h-join-us\">Rejoignez-nous<\/h3>\n\n\n\n<p class=\"has-text-align-center has-nv-light-bg-color has-text-color has-link-color has-medium-font-size wp-elements-05e83a09d9b473cb74fb328ada6afb7c\"><strong>Nous favorisons une culture de la cr\u00e9ativit\u00e9 et de l'innovation, o\u00f9 vos id\u00e9es sont valoris\u00e9es et encourag\u00e9es.<\/strong>.<\/p>\n\n\n\n<div class=\"wp-block-buttons alignfull is-content-justification-center is-layout-flex wp-container-core-buttons-is-layout-16018d1d wp-block-buttons-is-layout-flex\">\n<div class=\"wp-block-button has-custom-font-size is-style-secondary o-typing-delay-200ms has-medium-font-size\"><a class=\"wp-block-button__link has-neve-link-color-color has-nv-light-bg-background-color has-text-color has-background has-link-color has-text-align-center wp-element-button\" href=\"https:\/\/www.trugemtech.com\/fr\/contact\/\" style=\"border-radius:50px\"><strong><o-anim-typing>CONTACTEZ-NOUS<\/o-anim-typing><\/strong><\/a><\/div>\n<\/div>\n<\/div>\n<\/div>\n\n\n\n<p><\/p>","protected":false},"excerpt":{"rendered":"<p>Rejoignez-nous Nous favorisons une culture de la cr\u00e9ativit\u00e9 et de l'innovation, o\u00f9 vos id\u00e9es sont valoris\u00e9es et encourag\u00e9es.<\/p>","protected":false},"author":1,"featured_media":0,"parent":0,"menu_order":0,"comment_status":"closed","ping_status":"closed","template":"","meta":{"neve_meta_sidebar":"default","neve_meta_container":"default","neve_meta_enable_content_width":"on","neve_meta_content_width":100,"neve_meta_title_alignment":"","neve_meta_author_avatar":"","neve_post_elements_order":"","neve_meta_disable_header":"","neve_meta_disable_footer":"","neve_meta_disable_title":"on","_themeisle_gutenberg_block_has_review":false,"_ti_tpc_template_sync":false,"_ti_tpc_template_id":"eex7gnweb2m8vo93cr1g","footnotes":""},"class_list":["post-948","page","type-page","status-publish","hentry"],"yoast_head":"<!-- This site is optimized with the Yoast SEO Premium plugin v23.6 (Yoast SEO v23.8) - https:\/\/yoast.com\/wordpress\/plugins\/seo\/ -->\n<title>About TruGem<\/title>\n<meta name=\"description\" content=\"TruGem offers innovative Vehicle Gateway, Edge Computing Gateway, RTK Equipment and 5G AIoT solution to help enterprise and industries.\" \/>\n<meta name=\"robots\" content=\"index, follow, max-snippet:-1, max-image-preview:large, max-video-preview:-1\" \/>\n<link rel=\"canonical\" href=\"https:\/\/www.trugemtech.com\/fr\/a-propos-de-nous\/\" \/>\n<meta property=\"og:locale\" content=\"fr_FR\" \/>\n<meta property=\"og:type\" content=\"article\" \/>\n<meta property=\"og:title\" content=\"About Us\" \/>\n<meta property=\"og:description\" content=\"TruGem offers innovative Vehicle Gateway, Edge Computing Gateway, RTK Equipment and 5G AIoT solution to help enterprise and industries.\" \/>\n<meta property=\"og:url\" content=\"https:\/\/www.trugemtech.com\/fr\/a-propos-de-nous\/\" \/>\n<meta property=\"og:site_name\" content=\"IoT Solutions- AIoT-Vehicle Gateway - Edge Computing Gateway\" \/>\n<meta property=\"article:publisher\" content=\"https:\/\/www.facebook.com\/TruGemTech\" \/>\n<meta property=\"article:modified_time\" content=\"2024-11-14T03:27:10+00:00\" \/>\n<meta property=\"og:image\" content=\"https:\/\/www.trugemtech.com\/wp-content\/uploads\/2024\/05\/neve-marketing-agency-10.png\" \/>\n\t<meta property=\"og:image:width\" content=\"600\" \/>\n\t<meta property=\"og:image:height\" content=\"600\" \/>\n\t<meta property=\"og:image:type\" content=\"image\/png\" \/>\n<meta name=\"twitter:card\" content=\"summary_large_image\" \/>\n<meta name=\"twitter:label1\" content=\"Dur\u00e9e de lecture estim\u00e9e\" \/>\n\t<meta name=\"twitter:data1\" content=\"3 minutes\" \/>\n<script type=\"application\/ld+json\" class=\"yoast-schema-graph\">{\"@context\":\"https:\/\/schema.org\",\"@graph\":[{\"@type\":\"WebPage\",\"@id\":\"https:\/\/www.trugemtech.com\/about-us\/\",\"url\":\"https:\/\/www.trugemtech.com\/about-us\/\",\"name\":\"About TruGem\",\"isPartOf\":{\"@id\":\"https:\/\/www.trugemtech.com\/#website\"},\"primaryImageOfPage\":{\"@id\":\"https:\/\/www.trugemtech.com\/about-us\/#primaryimage\"},\"image\":{\"@id\":\"https:\/\/www.trugemtech.com\/about-us\/#primaryimage\"},\"thumbnailUrl\":\"http:\/\/47.236.48.28\/wp-content\/uploads\/2024\/05\/neve-marketing-agency-10.png\",\"datePublished\":\"2020-01-23T18:21:52+00:00\",\"dateModified\":\"2024-11-14T03:27:10+00:00\",\"description\":\"TruGem offers innovative Vehicle Gateway, Edge Computing Gateway, RTK Equipment and 5G AIoT solution to help enterprise and industries.\",\"breadcrumb\":{\"@id\":\"https:\/\/www.trugemtech.com\/about-us\/#breadcrumb\"},\"inLanguage\":\"fr-FR\",\"potentialAction\":[{\"@type\":\"ReadAction\",\"target\":[\"https:\/\/www.trugemtech.com\/about-us\/\"]}]},{\"@type\":\"ImageObject\",\"inLanguage\":\"fr-FR\",\"@id\":\"https:\/\/www.trugemtech.com\/about-us\/#primaryimage\",\"url\":\"http:\/\/47.236.48.28\/wp-content\/uploads\/2024\/05\/neve-marketing-agency-10.png\",\"contentUrl\":\"http:\/\/47.236.48.28\/wp-content\/uploads\/2024\/05\/neve-marketing-agency-10.png\"},{\"@type\":\"BreadcrumbList\",\"@id\":\"https:\/\/www.trugemtech.com\/about-us\/#breadcrumb\",\"itemListElement\":[{\"@type\":\"ListItem\",\"position\":1,\"name\":\"Home\",\"item\":\"https:\/\/www.trugemtech.com\/\"},{\"@type\":\"ListItem\",\"position\":2,\"name\":\"About TruGem\"}]},{\"@type\":\"WebSite\",\"@id\":\"https:\/\/www.trugemtech.com\/#website\",\"url\":\"https:\/\/www.trugemtech.com\/\",\"name\":\"IoT Solutions- Vehicle Gateway - IoT Gateway - Industrial Router\",\"description\":\"Empower Digital Transformation\",\"alternateName\":\"IoT Solutions- AIoT - Vehicle Gateway - Edge Computing Gateway\",\"potentialAction\":[{\"@type\":\"SearchAction\",\"target\":{\"@type\":\"EntryPoint\",\"urlTemplate\":\"https:\/\/www.trugemtech.com\/?s={search_term_string}\"},\"query-input\":{\"@type\":\"PropertyValueSpecification\",\"valueRequired\":true,\"valueName\":\"search_term_string\"}}],\"inLanguage\":\"fr-FR\"}]}<\/script>\n<!-- \/ Yoast SEO Premium plugin. -->","yoast_head_json":{"title":"\u00c0 propos de TruGem","description":"TruGem propose des passerelles innovantes pour les v\u00e9hicules, des passerelles pour l'informatique de pointe, des \u00e9quipements RTK et des solutions 5G AIoT pour aider les entreprises et les industries.","robots":{"index":"index","follow":"follow","max-snippet":"max-snippet:-1","max-image-preview":"max-image-preview:large","max-video-preview":"max-video-preview:-1"},"canonical":"https:\/\/www.trugemtech.com\/fr\/a-propos-de-nous\/","og_locale":"fr_FR","og_type":"article","og_title":"About Us","og_description":"TruGem offers innovative Vehicle Gateway, Edge Computing Gateway, RTK Equipment and 5G AIoT solution to help enterprise and industries.","og_url":"https:\/\/www.trugemtech.com\/fr\/a-propos-de-nous\/","og_site_name":"IoT Solutions- AIoT-Vehicle Gateway - Edge Computing Gateway","article_publisher":"https:\/\/www.facebook.com\/TruGemTech","article_modified_time":"2024-11-14T03:27:10+00:00","og_image":[{"width":600,"height":600,"url":"https:\/\/www.trugemtech.com\/wp-content\/uploads\/2024\/05\/neve-marketing-agency-10.png","type":"image\/png"}],"twitter_card":"summary_large_image","twitter_misc":{"Dur\u00e9e de lecture estim\u00e9e":"3 minutes"},"schema":{"@context":"https:\/\/schema.org","@graph":[{"@type":"WebPage","@id":"https:\/\/www.trugemtech.com\/about-us\/","url":"https:\/\/www.trugemtech.com\/about-us\/","name":"\u00c0 propos de TruGem","isPartOf":{"@id":"https:\/\/www.trugemtech.com\/#website"},"primaryImageOfPage":{"@id":"https:\/\/www.trugemtech.com\/about-us\/#primaryimage"},"image":{"@id":"https:\/\/www.trugemtech.com\/about-us\/#primaryimage"},"thumbnailUrl":"http:\/\/47.236.48.28\/wp-content\/uploads\/2024\/05\/neve-marketing-agency-10.png","datePublished":"2020-01-23T18:21:52+00:00","dateModified":"2024-11-14T03:27:10+00:00","description":"TruGem propose des passerelles innovantes pour les v\u00e9hicules, des passerelles pour l'informatique de pointe, des \u00e9quipements RTK et des solutions 5G AIoT pour aider les entreprises et les industries.","breadcrumb":{"@id":"https:\/\/www.trugemtech.com\/about-us\/#breadcrumb"},"inLanguage":"fr-FR","potentialAction":[{"@type":"ReadAction","target":["https:\/\/www.trugemtech.com\/about-us\/"]}]},{"@type":"ImageObject","inLanguage":"fr-FR","@id":"https:\/\/www.trugemtech.com\/about-us\/#primaryimage","url":"http:\/\/47.236.48.28\/wp-content\/uploads\/2024\/05\/neve-marketing-agency-10.png","contentUrl":"http:\/\/47.236.48.28\/wp-content\/uploads\/2024\/05\/neve-marketing-agency-10.png"},{"@type":"BreadcrumbList","@id":"https:\/\/www.trugemtech.com\/about-us\/#breadcrumb","itemListElement":[{"@type":"ListItem","position":1,"name":"Home","item":"https:\/\/www.trugemtech.com\/"},{"@type":"ListItem","position":2,"name":"About TruGem"}]},{"@type":"WebSite","@id":"https:\/\/www.trugemtech.com\/#website","url":"https:\/\/www.trugemtech.com\/","name":"Solutions IoT - Passerelle pour v\u00e9hicules - Passerelle IoT - Routeur industriel","description":"Favoriser la transformation num\u00e9rique","alternateName":"IoT Solutions- AIoT - Vehicle Gateway - Edge Computing Gateway","potentialAction":[{"@type":"SearchAction","target":{"@type":"EntryPoint","urlTemplate":"https:\/\/www.trugemtech.com\/?s={search_term_string}"},"query-input":{"@type":"PropertyValueSpecification","valueRequired":true,"valueName":"search_term_string"}}],"inLanguage":"fr-FR"}]}},"_links":{"self":[{"href":"https:\/\/www.trugemtech.com\/fr\/wp-json\/wp\/v2\/pages\/948","targetHints":{"allow":["GET"]}}],"collection":[{"href":"https:\/\/www.trugemtech.com\/fr\/wp-json\/wp\/v2\/pages"}],"about":[{"href":"https:\/\/www.trugemtech.com\/fr\/wp-json\/wp\/v2\/types\/page"}],"author":[{"embeddable":true,"href":"https:\/\/www.trugemtech.com\/fr\/wp-json\/wp\/v2\/users\/1"}],"replies":[{"embeddable":true,"href":"https:\/\/www.trugemtech.com\/fr\/wp-json\/wp\/v2\/comments?post=948"}],"version-history":[{"count":6,"href":"https:\/\/www.trugemtech.com\/fr\/wp-json\/wp\/v2\/pages\/948\/revisions"}],"predecessor-version":[{"id":2544,"href":"https:\/\/www.trugemtech.com\/fr\/wp-json\/wp\/v2\/pages\/948\/revisions\/2544"}],"wp:attachment":[{"href":"https:\/\/www.trugemtech.com\/fr\/wp-json\/wp\/v2\/media?parent=948"}],"curies":[{"name":"wp","href":"https:\/\/api.w.org\/{rel}","templated":true}]}}